{"id":1164,"date":"2023-08-01T15:10:01","date_gmt":"2023-08-01T13:10:01","guid":{"rendered":"http:\/\/orisha-ossain.com\/?post_type=product&#038;p=1164"},"modified":"2026-04-15T00:08:04","modified_gmt":"2026-04-14T22:08:04","slug":"rape-sample-pack","status":"publish","type":"product","link":"https:\/\/orisha-ossain.com\/fr\/product\/rape-sample-pack\/","title":{"rendered":"Pack d'\u00e9chantillons Rap\u00e9"},"content":{"rendered":"<h2>\u00c9chantillon de 5 grammes de Rap\u00e9.<\/h2>\n<p>Apr\u00e8s avoir ajout\u00e9 votre (vos) \u00e9chantillon(s) \u00e0 votre panier, vous arrivez \u00e0 la page d'accueil du site. <strong>champ de caisse<\/strong>. Il y a deux choses que vous pouvez faire.<\/p>\n<ol>\n<li>Compl\u00e9tez votre commande et <strong>Je s\u00e9lectionnerai pour vous une vari\u00e9t\u00e9 de types.<\/strong><\/li>\n<li><strong>utilisez le champ \"note de commande\" pour m'indiquer ce que vous recherchez<\/strong> <strong>pour<\/strong>Vous pouvez ainsi d\u00e9terminer si vous souhaitez explorer des types plus lumineux ou plus r\u00e9sistants, ou dans quelles directions vous souhaitez explorer et tester.<\/li>\n<\/ol>\n<p>Le champ \"note de commande\" se trouve au bas de la page de paiement.<\/p>","protected":false},"excerpt":{"rendered":"<p>C'est ici que vous pouvez commander un paquet d'\u00e9chantillons (test) de rap\u00e9. Un paquet d'\u00e9chantillons contient 5 grammes de rap\u00e9.<\/p>\n<p>Vous pouvez choisir soit un \u00e9chantillon s\u00e9lectionn\u00e9 par mes soins, soit un \u00e9chantillon personnalis\u00e9 en fonction de vos pr\u00e9f\u00e9rences.<\/p>","protected":false},"featured_media":34576,"template":"","meta":{"_seopress_robots_primary_cat":"none","_seopress_titles_title":"Rap\u00e9 Sample Pack - Test Before Ordering Large Quantities","_seopress_titles_desc":"This is the place to order a rap\u00e9 sample pack. One sample pack holds 5 grams of rap\u00e9. I will send you these packs according to your desire.","_seopress_robots_index":"","_kad_blocks_custom_css":"","_kad_blocks_head_custom_js":"","_kad_blocks_body_custom_js":"","_kad_blocks_footer_custom_js":"","_kad_post_transparent":"default","_kad_post_title":"","_kad_post_layout":"default","_kad_post_sidebar_id":"","_kad_post_content_style":"default","_kad_post_vertical_padding":"default","_kad_post_feature":"","_kad_post_feature_position":"","_kad_post_header":false,"_kad_post_footer":false,"_kad_post_classname":""},"product_brand":[],"product_cat":[50],"product_tag":[],"class_list":{"0":"post-1164","1":"product","2":"type-product","3":"status-publish","4":"has-post-thumbnail","6":"product_cat-rape","8":"first","9":"instock","10":"taxable","11":"shipping-taxable","12":"purchasable","13":"product-type-simple","14":"entry","15":"content-bg","16":"loop-entry"},"taxonomy_info":{"product_cat":[{"value":50,"label":"Rap\u00e9"}]},"featured_image_src_large":["https:\/\/orisha-ossain.com\/wp-content\/uploads\/2024\/11\/20241106_173539-e1730936333152-1024x1024.jpg",1024,1024,true],"author_info":[],"comment_info":"","_links":{"self":[{"href":"https:\/\/orisha-ossain.com\/fr\/wp-json\/wp\/v2\/product\/1164","targetHints":{"allow":["GET"]}}],"collection":[{"href":"https:\/\/orisha-ossain.com\/fr\/wp-json\/wp\/v2\/product"}],"about":[{"href":"https:\/\/orisha-ossain.com\/fr\/wp-json\/wp\/v2\/types\/product"}],"wp:featuredmedia":[{"embeddable":true,"href":"https:\/\/orisha-ossain.com\/fr\/wp-json\/wp\/v2\/media\/34576"}],"wp:attachment":[{"href":"https:\/\/orisha-ossain.com\/fr\/wp-json\/wp\/v2\/media?parent=1164"}],"wp:term":[{"taxonomy":"product_brand","embeddable":true,"href":"https:\/\/orisha-ossain.com\/fr\/wp-json\/wp\/v2\/product_brand?post=1164"},{"taxonomy":"product_cat","embeddable":true,"href":"https:\/\/orisha-ossain.com\/fr\/wp-json\/wp\/v2\/product_cat?post=1164"},{"taxonomy":"product_tag","embeddable":true,"href":"https:\/\/orisha-ossain.com\/fr\/wp-json\/wp\/v2\/product_tag?post=1164"}],"curies":[{"name":"wp","href":"https:\/\/api.w.org\/{rel}","templated":true}]}}