{"id":372,"date":"2023-06-29T16:23:52","date_gmt":"2023-06-29T14:23:52","guid":{"rendered":"http:\/\/orisha-ossain.com\/?page_id=372"},"modified":"2025-01-15T19:32:59","modified_gmt":"2025-01-15T18:32:59","slug":"shipping-policy","status":"publish","type":"page","link":"https:\/\/orisha-ossain.com\/fr\/shipping-policy\/","title":{"rendered":"Politique d'exp\u00e9dition"},"content":{"rendered":"<p>Les prix sont indiqu\u00e9s en (\u20ac) euros. Pour la conversion, je recommande d'utiliser un convertisseur de devises. Les droits d'importation, les taxes ou les frais de courtage dus au moment de la livraison sont \u00e0 la charge exclusive du client destinataire. Les bordereaux d'exp\u00e9dition pour les envois internationaux ne peuvent pas \u00eatre marqu\u00e9s comme \"cadeau\" ou avec des prix modifi\u00e9s.<\/p>\n\n\n\n<p>Certains articles ne peuvent \u00eatre exp\u00e9di\u00e9s vers certaines destinations en raison de restrictions. Il est de la responsabilit\u00e9 du client de v\u00e9rifier s'il y a des restrictions dans son pays. Tout article exp\u00e9di\u00e9 contre remboursement ou comportant des frais de courtage suppl\u00e9mentaires factur\u00e9s \u00e0 Orisha Ossain lors de la livraison sera refus\u00e9.<\/p>\n\n\n\n<p>Pour passer une commande, veuillez ajouter les articles qui vous int\u00e9ressent dans votre panier et utiliser notre syst\u00e8me de paiement standard pour passer votre commande. Les frais d'exp\u00e9dition et les d\u00e9lais seront calcul\u00e9s pour que vous puissiez en prendre connaissance avant de saisir vos informations de paiement. Les clients qui ont des questions peuvent me contacter par e-mail.<\/p>","protected":false},"excerpt":{"rendered":"<p>Les prix sont indiqu\u00e9s en (\u20ac) euros. Pour la conversion, je recommande d'utiliser un convertisseur de devises. Les droits d'importation, les taxes ou les frais de courtage dus au moment de la livraison sont \u00e0 la charge exclusive du client destinataire. Les bordereaux d'emballage pour les envois internationaux ne peuvent pas \u00eatre marqu\u00e9s comme \"cadeau\" ou avec des prix modifi\u00e9s. Certains articles peuvent ne pas \u00eatre...<\/p>","protected":false},"author":1,"featured_media":0,"parent":0,"menu_order":0,"comment_status":"closed","ping_status":"closed","template":"","meta":{"_seopress_robots_primary_cat":"","_seopress_titles_title":"","_seopress_titles_desc":"","_seopress_robots_index":"","_kad_blocks_custom_css":"","_kad_blocks_head_custom_js":"","_kad_blocks_body_custom_js":"","_kad_blocks_footer_custom_js":"","_kad_post_transparent":"","_kad_post_title":"","_kad_post_layout":"right","_kad_post_sidebar_id":"","_kad_post_content_style":"","_kad_post_vertical_padding":"","_kad_post_feature":"","_kad_post_feature_position":"","_kad_post_header":false,"_kad_post_footer":false,"_kad_post_classname":"","footnotes":""},"class_list":["post-372","page","type-page","status-publish"],"taxonomy_info":[],"featured_image_src_large":false,"author_info":{"display_name":"admin","author_link":"https:\/\/orisha-ossain.com\/fr\/author\/admin\/"},"comment_info":0,"_links":{"self":[{"href":"https:\/\/orisha-ossain.com\/fr\/wp-json\/wp\/v2\/pages\/372","targetHints":{"allow":["GET"]}}],"collection":[{"href":"https:\/\/orisha-ossain.com\/fr\/wp-json\/wp\/v2\/pages"}],"about":[{"href":"https:\/\/orisha-ossain.com\/fr\/wp-json\/wp\/v2\/types\/page"}],"author":[{"embeddable":true,"href":"https:\/\/orisha-ossain.com\/fr\/wp-json\/wp\/v2\/users\/1"}],"replies":[{"embeddable":true,"href":"https:\/\/orisha-ossain.com\/fr\/wp-json\/wp\/v2\/comments?post=372"}],"version-history":[{"count":0,"href":"https:\/\/orisha-ossain.com\/fr\/wp-json\/wp\/v2\/pages\/372\/revisions"}],"wp:attachment":[{"href":"https:\/\/orisha-ossain.com\/fr\/wp-json\/wp\/v2\/media?parent=372"}],"curies":[{"name":"wp","href":"https:\/\/api.w.org\/{rel}","templated":true}]}}