{"id":368,"date":"2023-06-29T16:21:12","date_gmt":"2023-06-29T14:21:12","guid":{"rendered":"http:\/\/orisha-ossain.com\/?page_id=368"},"modified":"2025-01-15T19:32:04","modified_gmt":"2025-01-15T18:32:04","slug":"terms-conditions","status":"publish","type":"page","link":"https:\/\/orisha-ossain.com\/fr\/terms-conditions\/","title":{"rendered":"Conditions g\u00e9n\u00e9rales d'utilisation"},"content":{"rendered":"<h6 class=\"wp-block-heading\"><strong>Accord<\/strong><\/h6>\n\n\n\n<p>L'utilisation de ce site web est soumise aux conditions \u00e9nonc\u00e9es ci-dessous, que ce soit \u00e0 des fins historiques, scientifiques et\/ou \u00e9ducatives ou pour commander des produits. Cela signifie que lorsque vous visitez ou faites des achats sur le site d'Orisha Ossain, vous acceptez ces conditions. Nous vous invitons \u00e0 les lire attentivement.<\/p>\n\n\n\n<h6 class=\"wp-block-heading\"><strong>Droit<\/strong><\/h6>\n\n\n\n<p>Je ne pr\u00e9sume ni n'affirme que les produits ou les informations mentionn\u00e9s sur ce site web sont disponibles, appropri\u00e9s ou l\u00e9gaux en dehors des Pays-Bas. Toute personne choisissant d'acc\u00e9der \u00e0 ce site web est enti\u00e8rement responsable de s'assurer que lesdits produits et informations sont l\u00e9gaux dans son propre pays. L'utilisation de ce site web se fait aux risques et p\u00e9rils du client.<\/p>\n\n\n\n<h6 class=\"wp-block-heading\"><strong>Informations<\/strong><\/h6>\n\n\n\n<p>Les informations fournies par Orisha Ossain, par le biais de ce site web, d'e-mails ou d'autres formes de transmission, y compris tout lien vers ou depuis ce site, le sont uniquement \u00e0 des fins historiques, scientifiques et \u00e9ducatives et ne doivent jamais \u00eatre interpr\u00e9t\u00e9es comme une recommandation pour une utilisation sp\u00e9cifique de nos produits. Je ne peux accepter aucune responsabilit\u00e9 pour les informations fournies. L'utilisation, l'application, l'emballage, l'\u00e9tiquetage, la commercialisation et la revente de nos produits rel\u00e8vent exclusivement de la d\u00e9cision, de la responsabilit\u00e9 et du risque du client.<\/p>\n\n\n\n<h6 class=\"wp-block-heading\"><strong>L'\u00e2ge<\/strong><\/h6>\n\n\n\n<p>Pour passer une commande, le client doit \u00eatre \u00e2g\u00e9 de 18 ans ou plus. Toute commande est donc r\u00e9put\u00e9e \u00eatre pass\u00e9e dans le respect de cette condition.<\/p>\n\n\n\n<h6 class=\"wp-block-heading\"><strong>Compte<\/strong><\/h6>\n\n\n\n<p>Lors de la cr\u00e9ation d'un compte client, vous devez indiquer votre nom complet et exact. Lorsque vous passez une commande, vous devez indiquer l'adresse de livraison et le num\u00e9ro de t\u00e9l\u00e9phone corrects. Si vous ne le faites pas, votre envoi risque d'\u00eatre retard\u00e9 ou renvoy\u00e9. Je ne suis pas responsable des probl\u00e8mes de livraison dus \u00e0 des donn\u00e9es incorrectes.<\/p>\n\n\n\n<h6 class=\"wp-block-heading\"><strong>Objectif du produit<\/strong><\/h6>\n\n\n\n<p>Aucun de nos produits n'est vendu ou destin\u00e9 \u00e0 la consommation. Nos produits sont des sp\u00e9cimens botaniques d'une valeur et d'un int\u00e9r\u00eat ethnographiques uniquement et sont livr\u00e9s sans aptitude expresse ou implicite \u00e0 quelque usage que ce soit.<\/p>\n\n\n\n<h6 class=\"wp-block-heading\"><strong>Soutien aux produits<\/strong><\/h6>\n\n\n\n<p>Je ne fournis pas d'informations ni ne communique sur l'utilisation de nos produits.<\/p>\n\n\n\n<h6 class=\"wp-block-heading\"><strong>Politique d'exp\u00e9dition<\/strong><\/h6>\n\n\n\n<p>Les produits que je vends \u00e9tant naturels et \u00e0 base de plantes, certains peuvent faire l'objet de restrictions dans votre pays. Les produits dont je sais qu'ils sont ill\u00e9gaux dans votre pays ne peuvent pas \u00eatre command\u00e9s. Cependant, il est de votre responsabilit\u00e9 finale de vous assurer que tous les articles de votre commande sont autoris\u00e9s dans votre pays. Je ne suis pas responsable des colis perdus par l'exp\u00e9diteur ou des produits retourn\u00e9s, saisis ou d\u00e9truits en raison de r\u00e9glementations douani\u00e8res et d'\u00e9v\u00e9nements mondiaux impr\u00e9vus.<\/p>\n\n\n\n<h6 class=\"wp-block-heading\"><strong>Politique de retour et de remboursement<\/strong><\/h6>\n\n\n\n<p>Pour la plupart des produits, la politique de non-retour et de non-remboursement s'applique. Pour les Tepis, Kuripes et encens divers, il y a \u00e9galement une politique de non-retour et de remboursement. Bien que ces politiques soient fermes pour des raisons \u00e9videntes, je ferai tout ce qui est en mon pouvoir pour travailler avec vous et faire en sorte que votre exp\u00e9rience soit positive.<\/p>\n\n\n\n<h6 class=\"wp-block-heading\"><strong>Commandes retourn\u00e9es<\/strong><\/h6>\n\n\n\n<p>Si un envoi est retourn\u00e9 pour une raison ind\u00e9pendante de notre volont\u00e9, je devrai facturer la r\u00e9exp\u00e9dition de la commande.<\/p>\n\n\n\n<h6 class=\"wp-block-heading\"><strong>Remboursement des commandes retourn\u00e9es<\/strong><\/h6>\n\n\n\n<p>Les remboursements sont \u00e9valu\u00e9s au cas par cas. Je ne rembourse pas les frais d'exp\u00e9dition.<\/p>\n\n\n\n<h6 class=\"wp-block-heading\"><strong>D\u00e9lai de livraison<\/strong><\/h6>\n\n\n\n<p>Je ne peux pas garantir les d\u00e9lais de livraison et ne peux pas \u00eatre tenu responsable du retard. Les autorit\u00e9s douani\u00e8res ou d'inspection des v\u00e9g\u00e9taux peuvent examiner votre colis et retarder la livraison,<br>ce qui est ind\u00e9pendant de ma volont\u00e9.<\/p>\n\n\n\n<h6 class=\"wp-block-heading\"><strong>Droit d'auteur<\/strong><\/h6>\n\n\n\n<p>Tous les contenus de ce site web sont prot\u00e9g\u00e9s par des droits d'auteur. La redistribution, la retransmission, la republication ou l'utilisation commerciale du contenu ou des images de ce site sont express\u00e9ment interdites sans l'accord d'Orisha Ossain. Tous les droits sont r\u00e9serv\u00e9s.<\/p>\n\n\n\n<h6 class=\"wp-block-heading\"><strong>Responsabilit\u00e9 limit\u00e9e<\/strong><\/h6>\n\n\n\n<p>Orisha Ossain n'est pas responsable des dommages de quelque nature que ce soit r\u00e9sultant de l'utilisation de ce site ou de ces produits. L'utilisation de ce site et les pr\u00e9sentes conditions d'utilisation sont r\u00e9gies par le droit n\u00e9erlandais.<\/p>\n\n\n\n<h6 class=\"wp-block-heading\">Clause de non-responsabilit\u00e9<\/h6>\n\n\n\n<p>Ce site, ainsi que le mat\u00e9riel et les produits qu'il contient, sont fournis en l'\u00e9tat et sans garantie d'aucune sorte, qu'elle soit expresse ou implicite. Dans toute la mesure permise par la loi applicable, nous d\u00e9clinons toute garantie, expresse ou implicite, y compris, mais sans s'y limiter, les garanties implicites de qualit\u00e9 marchande, d'ad\u00e9quation \u00e0 un usage particulier et d'absence de contrefa\u00e7on.<\/p>","protected":false},"excerpt":{"rendered":"<p>Agreement The use of this website is subject to the conditions laid down below, be it for historical, scientific and\/or educational purposes or the ordering of products. This means that when you visit or shop at Orisha Ossain you are agreeing to these conditions. Please make sure you read them carefully. Law I make no&#8230;<\/p>","protected":false},"author":1,"featured_media":0,"parent":0,"menu_order":0,"comment_status":"closed","ping_status":"closed","template":"","meta":{"_seopress_robots_primary_cat":"","_seopress_titles_title":"Terms &amp; Conditions","_seopress_titles_desc":"","_seopress_robots_index":"","_kad_blocks_custom_css":"","_kad_blocks_head_custom_js":"","_kad_blocks_body_custom_js":"","_kad_blocks_footer_custom_js":"","_kad_post_transparent":"","_kad_post_title":"","_kad_post_layout":"right","_kad_post_sidebar_id":"","_kad_post_content_style":"","_kad_post_vertical_padding":"","_kad_post_feature":"","_kad_post_feature_position":"","_kad_post_header":false,"_kad_post_footer":false,"_kad_post_classname":"","footnotes":""},"class_list":["post-368","page","type-page","status-publish"],"taxonomy_info":[],"featured_image_src_large":false,"author_info":{"display_name":"admin","author_link":"https:\/\/orisha-ossain.com\/fr\/author\/admin\/"},"comment_info":0,"_links":{"self":[{"href":"https:\/\/orisha-ossain.com\/fr\/wp-json\/wp\/v2\/pages\/368","targetHints":{"allow":["GET"]}}],"collection":[{"href":"https:\/\/orisha-ossain.com\/fr\/wp-json\/wp\/v2\/pages"}],"about":[{"href":"https:\/\/orisha-ossain.com\/fr\/wp-json\/wp\/v2\/types\/page"}],"author":[{"embeddable":true,"href":"https:\/\/orisha-ossain.com\/fr\/wp-json\/wp\/v2\/users\/1"}],"replies":[{"embeddable":true,"href":"https:\/\/orisha-ossain.com\/fr\/wp-json\/wp\/v2\/comments?post=368"}],"version-history":[{"count":0,"href":"https:\/\/orisha-ossain.com\/fr\/wp-json\/wp\/v2\/pages\/368\/revisions"}],"wp:attachment":[{"href":"https:\/\/orisha-ossain.com\/fr\/wp-json\/wp\/v2\/media?parent=368"}],"curies":[{"name":"wp","href":"https:\/\/api.w.org\/{rel}","templated":true}]}}