{"id":2721,"date":"2024-01-27T13:04:53","date_gmt":"2024-01-27T12:04:53","guid":{"rendered":"http:\/\/orisha-ossain.com\/?page_id=2721"},"modified":"2025-01-15T19:26:55","modified_gmt":"2025-01-15T18:26:55","slug":"privacy-policy","status":"publish","type":"page","link":"https:\/\/orisha-ossain.com\/fr\/privacy-policy\/","title":{"rendered":"Politique de confidentialit\u00e9"},"content":{"rendered":"<p>D\u00e8s que vous visitez mon site web ou que vous me contactez, je re\u00e7ois des informations vous concernant. Dans la pr\u00e9sente d\u00e9claration de confidentialit\u00e9, j'explique ce que je fais de ces informations. Je traite toujours vos informations avec soin et les conserve en toute s\u00e9curit\u00e9. Si vous avez des questions ou si vous voulez savoir quelles sont les informations dont je dispose \u00e0 votre sujet, n'h\u00e9sitez pas \u00e0 me contacter. Je peux modifier cette d\u00e9claration de confidentialit\u00e9 si n\u00e9cessaire. Je vous recommande de consulter r\u00e9guli\u00e8rement cette d\u00e9claration de confidentialit\u00e9 afin de prendre connaissance de ces modifications. Cette d\u00e9claration de confidentialit\u00e9 a \u00e9t\u00e9 modifi\u00e9e pour la derni\u00e8re fois le 27-01-2024.<\/p>\n\n\n\n<p><strong>Contenu<\/strong><strong>&nbsp;<\/strong><strong><\/strong><\/p>\n\n\n\n<p>1. <strong>Quand appliquez-vous cette d\u00e9claration de confidentialit\u00e9 ?<\/strong><\/p>\n\n\n\n<p>2. <strong>Qui utilise vos donn\u00e9es ?<\/strong><\/p>\n\n\n\n<p>3. <strong>Les donn\u00e9es de qui <\/strong><strong>I <\/strong><strong>l'utilisation ?<\/strong><\/p>\n\n\n\n<p>4. <strong>Comment <\/strong><strong>I <\/strong><strong>obtenir vos donn\u00e9es ?<\/strong><\/p>\n\n\n\n<p>5. <strong>Quelles sont les donn\u00e9es dont vous disposez ? <\/strong><strong>I<\/strong><strong>&nbsp;l'utilisation ?<\/strong><\/p>\n\n\n\n<p>6. <strong>Qu'est-ce que <\/strong><strong>I<\/strong><strong>&nbsp;utiliser vos donn\u00e9es ?<\/strong><\/p>\n\n\n\n<p>7. <strong>Combien de temps <\/strong><strong>I<\/strong><strong>&nbsp;stocker vos donn\u00e9es ?<\/strong><\/p>\n\n\n\n<p>8. <strong>Qui fait <\/strong><strong>I<\/strong><strong>&nbsp;partager vos donn\u00e9es ?<\/strong><\/p>\n\n\n\n<p>9. <strong>O\u00f9 se trouvent <\/strong><strong>I<\/strong><strong>&nbsp;stocker vos donn\u00e9es ?<\/strong><\/p>\n\n\n\n<p>10. <strong>Quelle est la s\u00e9curit\u00e9 de vos donn\u00e9es avec <\/strong><strong>moi<\/strong><strong>?<\/strong><\/p>\n\n\n\n<p>11. <strong>Quels sont vos droits ?<\/strong><\/p>\n\n\n\n<p>12. <strong>Quelles sont les r\u00e8gles applicables \u00e0 cette d\u00e9claration de confidentialit\u00e9 ?<\/strong><\/p>\n\n\n\n<p>13. <strong>Quels sont les cookies <\/strong><strong>I<\/strong><strong>&nbsp;l'utilisation ?<\/strong><\/p>\n\n\n\n<p>14. <strong>Qu'est-ce que <\/strong><strong>I<\/strong><strong>&nbsp;avec les donn\u00e9es des mineurs ?<\/strong><\/p>\n\n\n\n<p>15. <strong>Vous avez une question concernant cette politique de confidentialit\u00e9 ?<\/strong><\/p>\n\n\n\n<p><strong>1. Quand appliquez-vous cette d\u00e9claration de confidentialit\u00e9 ?<\/strong><\/p>\n\n\n\n<p><strong>&nbsp;<\/strong>La pr\u00e9sente d\u00e9claration de confidentialit\u00e9 s'applique \u00e0 toutes les donn\u00e9es personnelles que je traite et \u00e0 tous les domaines qui me sont li\u00e9s. Elle concerne les donn\u00e9es \u00e0 caract\u00e8re personnel de toutes les personnes qui ont eu un contact avec moi ou qui ont visit\u00e9 mon site web, comme les visiteurs, les clients et les relations d'affaires. Les donn\u00e9es \u00e0 caract\u00e8re personnel sont toutes les donn\u00e9es qui permettent de vous identifier en tant que personne, comme votre nom, votre num\u00e9ro de t\u00e9l\u00e9phone, votre adresse IP, votre num\u00e9ro de client ou votre comportement de navigation. Si vous souhaitez en savoir plus sur les donn\u00e9es personnelles, veuillez consulter le site web de l'Autorit\u00e9 n\u00e9erlandaise de protection des donn\u00e9es.<\/p>\n\n\n\n<p><strong>2. Qui utilise vos donn\u00e9es ? <\/strong><strong><\/strong><\/p>\n\n\n\n<p>BTS Trading est responsable du site web orisha-ossain et donc l'organisation responsable de l'utilisation de vos donn\u00e9es telle que d\u00e9crite dans cette d\u00e9claration de confidentialit\u00e9. Les coordonn\u00e9es compl\u00e8tes sont les suivantes :<\/p>\n\n\n\n<p>BTS Trading<br>Nieuwstraat 1b<br>5911 JS Venlo<br>14115593<\/p>\n\n\n\n<p><strong>3. Les donn\u00e9es de qui <\/strong><strong>I<\/strong><strong>&nbsp;l'utilisation ?<\/strong><\/p>\n\n\n\n<p>Je traite les donn\u00e9es personnelles de toutes les personnes qui ont pris contact avec moi ou qui ont visit\u00e9 mon site web. Il s'agit des visiteurs, des clients priv\u00e9s, des clients professionnels et des personnes de contact de mes partenaires.<\/p>\n\n\n\n<p><strong>4. Comment puis-je obtenir vos donn\u00e9es ?<\/strong><\/p>\n\n\n\n<p>Je re\u00e7ois les donn\u00e9es directement de votre part d\u00e8s que possible :<\/p>\n\n\n\n<p>Passer une commande sur le site web<\/p>\n\n\n\n<p><strong>5. Quelles sont les donn\u00e9es vous concernant que j'utilise ?<\/strong><\/p>\n\n\n\n<p>J'utilise les donn\u00e9es suivantes :<\/p>\n\n\n\n<p>nom<br>adresse ou adresse professionnelle<br>adresse de livraison<br>adresse \u00e9lectronique<br>num\u00e9ro de t\u00e9l\u00e9phone<\/p>\n\n\n\n<p><strong>6. \u00c0 quoi servent vos donn\u00e9es ?<\/strong><\/p>\n\n\n\n<p>Je n'utilise vos donn\u00e9es qu'aux fins pour lesquelles je suis autoris\u00e9 \u00e0 les utiliser :<\/p>\n\n\n\n<p>J'utilise vos donn\u00e9es pour vous offrir le meilleur service en tant que client, ce qui n'est pas possible sans ces donn\u00e9es.<\/p>\n\n\n\n<p><strong>7. Combien de temps <\/strong><strong>I<\/strong><strong>&nbsp;conserver vos donn\u00e9es ? <\/strong><strong><\/strong><\/p>\n\n\n\n<p>Je conserve vos donn\u00e9es aussi longtemps que la loi me l'impose et aussi longtemps que cela est n\u00e9cessaire pour la finalit\u00e9 pour laquelle j'utilise vos donn\u00e9es. Par exemple, tant que vous \u00eates client chez moi, je conserve vos donn\u00e9es conform\u00e9ment \u00e0 la p\u00e9riode de conservation l\u00e9gale de sept ans. Ensuite, je ne conserve vos donn\u00e9es qu'\u00e0 des fins statistiques et pour traiter d'\u00e9ventuelles plaintes ou questions juridiques. Si vous souhaitez en savoir plus sur la dur\u00e9e de conservation de donn\u00e9es sp\u00e9cifiques vous concernant, n'h\u00e9sitez pas \u00e0 me contacter.<\/p>\n\n\n\n<p><strong>8. Qui fait <\/strong><strong>I<\/strong><strong>&nbsp;partager vos donn\u00e9es ? <\/strong><\/p>\n\n\n\n<p>Je ne traite vos donn\u00e9es que moi-m\u00eame. Je ne partage pas vos donn\u00e9es avec d'autres personnes.<\/p>\n\n\n\n<p><strong>9. O\u00f9 puis-je stocker vos donn\u00e9es ?&nbsp;<\/strong><\/p>\n\n\n\n<p>Je traite vos donn\u00e9es au sein de l'Espace \u00e9conomique europ\u00e9en. Cela signifie que je stocke \u00e9galement vos donn\u00e9es au sein de l'EEE. Si vous avez des questions \u00e0 ce sujet, n'h\u00e9sitez pas \u00e0 me contacter.<\/p>\n\n\n\n<p><strong>10. Vos donn\u00e9es sont-elles en s\u00e9curit\u00e9 chez moi ?<\/strong> <\/p>\n\n\n\n<p>J'ai fait beaucoup pour prot\u00e9ger au mieux vos donn\u00e9es, tant sur le plan organisationnel que technique. J'ai s\u00e9curis\u00e9 mes syst\u00e8mes et mes diff\u00e9rents moyens de communication afin que vos donn\u00e9es ne tombent pas entre les mains d'autres personnes. Vos donn\u00e9es sont donc en s\u00e9curit\u00e9 chez moi. Je veille \u00e9galement \u00e0 ce que vos donn\u00e9es ne soient utilis\u00e9es que par des personnes qui en ont re\u00e7u l'autorisation.<\/p>\n\n\n\n<p><strong>11. Quels sont vos droits ? <\/strong><\/p>\n\n\n\n<p>Parce que j'utilise vos donn\u00e9es, vous disposez de plusieurs droits. J'ai \u00e9num\u00e9r\u00e9 ces droits pour vous ci-dessous.<\/p>\n\n\n\n<p><strong>Droit \u00e0 l'information <\/strong><strong><\/strong><\/p>\n\n\n\n<p>Je dois vous expliquer clairement et de mani\u00e8re compr\u00e9hensible ce que je fais de vos donn\u00e9es et quel contr\u00f4le vous avez sur celles-ci. C'est pourquoi j'explique en d\u00e9tail dans la pr\u00e9sente d\u00e9claration de confidentialit\u00e9 les donn\u00e9es que je recueille aupr\u00e8s de vous et la mani\u00e8re dont je les traite.<\/p>\n\n\n\n<p><strong>Droit d'acc\u00e8s<\/strong><strong><\/strong><\/p>\n\n\n\n<p>Vous pouvez toujours me demander de consulter les donn\u00e9es que je d\u00e9tiens \u00e0 votre sujet.<\/p>\n\n\n\n<p><strong>Droit de rectification <\/strong><strong><\/strong><\/p>\n\n\n\n<p>Vous pouvez me demander de rectifier vos donn\u00e9es si elles sont incorrectes ou incompl\u00e8tes.<\/p>\n\n\n\n<p><strong>Droit d'opposition <\/strong><strong><\/strong><\/p>\n\n\n\n<p>Vous pouvez vous opposer au traitement de vos donn\u00e9es si vous n'\u00eates pas d'accord avec la mani\u00e8re dont je traite vos donn\u00e9es personnelles. Ce droit s'applique aux donn\u00e9es que j'utilise \u00e0 des fins de marketing direct. Vous pouvez m'indiquer que vous ne souhaitez plus recevoir d'e-mails de ma part. Ceci s'applique \u00e9galement aux recommandations personnalis\u00e9es sur mon site web.<\/p>\n\n\n\n<p><strong>Droit \u00e0 la portabilit\u00e9 des donn\u00e9es<\/strong><\/p>\n\n\n\n<p>Si vous \u00eates un de mes clients ou si vous avez donn\u00e9 votre accord pour l'utilisation de vos donn\u00e9es, vous pouvez me demander de vous envoyer les donn\u00e9es num\u00e9riques dont je dispose \u00e0 votre sujet. Vous pourrez ainsi transf\u00e9rer ces donn\u00e9es \u00e0 une autre organisation si vous le souhaitez.<br>&nbsp;<\/p>\n\n\n\n<p><strong>Droit \u00e0 la restriction <\/strong><\/p>\n\n\n\n<p>Vous pouvez demander \u00e0 limiter l'utilisation de vos donn\u00e9es. Cela signifie que, dans certains cas, je peux seulement stocker vos donn\u00e9es mais pas les utiliser.<\/p>\n\n\n\n<p><strong>Droit \u00e0 l'oubli <\/strong><strong><\/strong><\/p>\n\n\n\n<p>Vous pouvez me demander de supprimer toutes les donn\u00e9es que je poss\u00e8de \u00e0 votre sujet. Je supprimerai alors toutes les donn\u00e9es permettant de remonter jusqu'\u00e0 vous. Dans certains cas, je ne peux pas ou ne peux pas encore effacer vos donn\u00e9es. Par exemple, je dois conserver certaines donn\u00e9es pendant 7 ans pour les autorit\u00e9s fiscales.<\/p>\n\n\n\n<p><strong>Droit de d\u00e9poser une plainte <\/strong><strong><\/strong><\/p>\n\n\n\n<p>Vous pouvez d\u00e9poser une plainte sur la mani\u00e8re dont je traite vos donn\u00e9es. Si vous avez une plainte \u00e0 formuler, je serai heureux de la r\u00e9soudre pour vous. Pour ce faire, veuillez me contacter. Vous pouvez \u00e9galement d\u00e9poser une plainte aupr\u00e8s de l'autorit\u00e9 n\u00e9erlandaise de protection des donn\u00e9es. Bien entendu, j'esp\u00e8re que nous n'en arriverons pas l\u00e0, mais si cela s'av\u00e8re n\u00e9cessaire, vous pouvez \u00e9galement saisir la justice. Dans ce cas, c'est le tribunal du lieu d'\u00e9tablissement de BTS Trading qui traitera votre plainte.<\/p>\n\n\n\n<p><strong>Comment soumettre une demande ou une plainte ? <\/strong><strong><\/strong><\/p>\n\n\n\n<p>Vous pouvez me soumettre votre demande ou votre plainte en envoyant un courriel \u00e0 info@orsiha-ossain.com . Je traite chaque demande ou plainte dans un d\u00e9lai de 30 jours. Si vous soumettez plusieurs demandes ou plaintes ou si vous soumettez une demande ou une plainte complexe, cela peut prendre plus de temps. Dans ce cas, je vous contacterai dans les 60 jours au plus tard. Je peux vous demander de vous identifier. Dans ce cas, je vous demanderai de fournir certaines informations afin de m'assurer que vous \u00eates bien la personne dont les donn\u00e9es personnelles sont concern\u00e9es.<\/p>\n\n\n\n<p><strong>12. Quelles sont les r\u00e8gles applicables \u00e0 cette d\u00e9claration de confidentialit\u00e9 ?<\/strong><\/p>\n\n\n\n<p>Ma d\u00e9claration de confidentialit\u00e9 doit r\u00e9pondre \u00e0 plusieurs conditions. Ces conditions figurent notamment dans le r\u00e8glement g\u00e9n\u00e9ral n\u00e9erlandais sur la protection des donn\u00e9es. En outre, les r\u00e8gles g\u00e9n\u00e9rales du droit n\u00e9erlandais s'appliquent \u00e0 ma d\u00e9claration de confidentialit\u00e9.<\/p>\n\n\n\n<p><strong>13. Quels sont les cookies que j'utilise ?<\/strong><\/p>\n\n\n\n<p>Vous pouvez indiquer quelles donn\u00e9es vous concernant je peux utiliser. Si vous m'avez autoris\u00e9 \u00e0 personnaliser votre profil en fonction de votre comportement de navigation et de recherche,<\/p>\n\n\n\n<p>Je peux configurer mon site web sp\u00e9cifiquement pour vous afin que son utilisation soit plus facile et plus personnelle. Pour ce faire, j'utilise des cookies. Un cookie est un petit fichier texte qui est plac\u00e9 sur votre mat\u00e9riel lorsque vous visitez mon site web.<\/p>\n\n\n\n<p>J'utilise les types de cookies suivants sur mon site web :<\/p>\n\n\n\n<p>Cookies fonctionnels : comme les cookies de session et de connexion pour collecter les informations de session et de connexion.<\/p>\n\n\n\n<p><strong>14. Que dois-je faire des donn\u00e9es des mineurs ?<\/strong><\/p>\n\n\n\n<p>Mon site web et mon organisation ne s'adressent pas aux mineurs. Cela signifie que si vous avez moins de 18 ans, vous devez obtenir l'autorisation d'un parent ou d'un tuteur pour utiliser mon site web. Si vous \u00eates mineur et que vous visitez mon site web ou ma boutique en ligne, je suppose que vous avez re\u00e7u cette autorisation avant votre visite.<\/p>\n\n\n\n<p><strong>15. Vous avez une question concernant cette politique de confidentialit\u00e9 ?<\/strong><\/p>\n\n\n\n<p>Si vous avez des questions concernant ma politique de confidentialit\u00e9, n'h\u00e9sitez pas \u00e0 me contacter \u00e0 l'adresse suivante.<\/p>\n\n\n\n<p>info@orsisha-ossain.com. <\/p>\n\n\n\n<p>Je suis heureux de vous aider.<\/p>","protected":false},"excerpt":{"rendered":"<p>As soon as you visit my&nbsp;website or contact me, I&nbsp;receive information about you. In this privacy statement, I explain what I do with that information. I&nbsp;always handle your information with care and store it securely. If you have any questions or want to know what information&nbsp;I&nbsp;have on you, please contact me. I&nbsp;may amend this privacy&#8230;<\/p>","protected":false},"author":1,"featured_media":0,"parent":0,"menu_order":0,"comment_status":"closed","ping_status":"closed","template":"","meta":{"_seopress_robots_primary_cat":"","_seopress_titles_title":"Privacy Policy","_seopress_titles_desc":"","_seopress_robots_index":"yes","_kad_blocks_custom_css":"","_kad_blocks_head_custom_js":"","_kad_blocks_body_custom_js":"","_kad_blocks_footer_custom_js":"","_kad_post_transparent":"","_kad_post_title":"","_kad_post_layout":"right","_kad_post_sidebar_id":"","_kad_post_content_style":"","_kad_post_vertical_padding":"","_kad_post_feature":"","_kad_post_feature_position":"","_kad_post_header":false,"_kad_post_footer":false,"_kad_post_classname":"","footnotes":""},"class_list":["post-2721","page","type-page","status-publish"],"taxonomy_info":[],"featured_image_src_large":false,"author_info":{"display_name":"admin","author_link":"https:\/\/orisha-ossain.com\/fr\/author\/admin\/"},"comment_info":0,"_links":{"self":[{"href":"https:\/\/orisha-ossain.com\/fr\/wp-json\/wp\/v2\/pages\/2721","targetHints":{"allow":["GET"]}}],"collection":[{"href":"https:\/\/orisha-ossain.com\/fr\/wp-json\/wp\/v2\/pages"}],"about":[{"href":"https:\/\/orisha-ossain.com\/fr\/wp-json\/wp\/v2\/types\/page"}],"author":[{"embeddable":true,"href":"https:\/\/orisha-ossain.com\/fr\/wp-json\/wp\/v2\/users\/1"}],"replies":[{"embeddable":true,"href":"https:\/\/orisha-ossain.com\/fr\/wp-json\/wp\/v2\/comments?post=2721"}],"version-history":[{"count":0,"href":"https:\/\/orisha-ossain.com\/fr\/wp-json\/wp\/v2\/pages\/2721\/revisions"}],"wp:attachment":[{"href":"https:\/\/orisha-ossain.com\/fr\/wp-json\/wp\/v2\/media?parent=2721"}],"curies":[{"name":"wp","href":"https:\/\/api.w.org\/{rel}","templated":true}]}}