{"id":83,"date":"2023-06-21T19:24:33","date_gmt":"2023-06-21T17:24:33","guid":{"rendered":"http:\/\/orisha-ossain.com\/?post_type=product&#038;p=83"},"modified":"2026-04-10T21:03:08","modified_gmt":"2026-04-10T19:03:08","slug":"ceniza-de-jatoba","status":"publish","type":"product","link":"https:\/\/orisha-ossain.com\/es\/product\/jatoba-ash\/","title":{"rendered":"Ceniza de Jatob\u00e1"},"content":{"rendered":"<div id=\"attachment_3474\" class=\"wp-caption aligncenter\">\n<div id=\"attachment_3475\" class=\"wp-caption alignright\">\n<figure id=\"attachment_196\" aria-describedby=\"caption-attachment-196\" style=\"width: 300px\" class=\"wp-caption alignright\"><a href=\"http:\/\/orisha-ossain.com\/wp-content\/uploads\/2023\/06\/Rape-jatoba-Hymenaea-courbaril.png\"><img decoding=\"async\" class=\"wp-image-196 size-medium\" src=\"http:\/\/orisha-ossain.com\/wp-content\/uploads\/2023\/06\/Rape-jatoba-Hymenaea-courbaril-300x226.png\" alt=\"mirando el tallo de un \u00e1rbol Hymenaea courbaril. La corteza se quema para hacer ceniza de Jatob\u00e1\" width=\"300\" height=\"226\" srcset=\"https:\/\/orisha-ossain.com\/wp-content\/uploads\/2023\/06\/Rape-jatoba-Hymenaea-courbaril-300x226.png 300w, https:\/\/orisha-ossain.com\/wp-content\/uploads\/2023\/06\/Rape-jatoba-Hymenaea-courbaril-768x579.png 768w, https:\/\/orisha-ossain.com\/wp-content\/uploads\/2023\/06\/Rape-jatoba-Hymenaea-courbaril.png 1018w\" sizes=\"(max-width: 300px) 100vw, 300px\" \/><\/a><figcaption id=\"caption-attachment-196\" class=\"wp-caption-text\">El \u00e1rbol Hymenaea courbaril. La ceniza de corteza se utiliza para la ceniza de Jatob\u00e1<\/figcaption><\/figure>\n<p id=\"caption-attachment-3475\" class=\"wp-caption-text\">\n<\/div>\n<p>&nbsp;<\/p>\n<h5>Acerca de Jatob\u00e1\/ Hymenaea courbaril<\/h5>\n<p>Jatob\u00e1, conocido oficialmente como Hymenaea courbaril. Es un \u00e1rbol alto de la selva tropical. Algunos alcanzan los 30 metros de altura.  Pertenece a la familia de las fab\u00e1ceas. La Hymenaea courbaril crece en Brasil desde el norte hasta el sureste del territorio nacional.<br \/>\nDesde la antig\u00fcedad, el Jatob\u00e1 se ha utilizado en remedios naturales para dolencias como la tos y la bronquitis y muchas otras. Tambi\u00e9n es un gran potenciador de la energ\u00eda natural sin cafe\u00edna ni otros estimulantes nocivos. Muchos pueblos amaz\u00f3nicos utilizan el Jatob\u00e1 de diversas maneras. El uso de la resina de Jatob\u00e1 como parte de pociones de amor.<br \/>\nes un ejemplo. Esta resina tambi\u00e9n se quema como incienso en las ceremonias nupciales.<\/p>\n<p>El an\u00e1lisis qu\u00edmico del jatob\u00e1 demuestra que es rico en compuestos biol\u00f3gicamente activos, como diterpenos, sesquiterpenos, flavonoides y oligosac\u00e1ridos. El jatob\u00e1 tambi\u00e9n tiene notables propiedades antibacterianas y antiinflamatorias. A\u00a0<a href=\"https:\/\/www.ncbi.nlm.nih.gov\/pubmed\/19353365\" target=\"_blank\" rel=\"noopener noreferrer\">estudiar<\/a>\u00a0realizado en la Universidad de Brasilia (Brasil) descubri\u00f3 que los fitoqu\u00edmicos, incluido el \u00e1cido f\u00edtico, de la jatoba podr\u00edan ayudar a reducir la hinchaz\u00f3n y la irritaci\u00f3n. Tambi\u00e9n puede ser beneficiosa para combatir una amplia gama de organismos nocivos, como bacterias y virus.<\/p>\n<p>Beneficios medicinales: El jatob\u00e1 es una excelente fuente de vitamina C y minerales como hierro, f\u00f3sforo, potasio, magnesio y calcio. Fortalece el sistema inmunol\u00f3gico, regula la presi\u00f3n sangu\u00ednea, ayuda al rendimiento cerebral debido a la presencia de magnesio. Gran descongestionante y expectorante.<\/p>\n<figure id=\"attachment_198\" aria-describedby=\"caption-attachment-198\" style=\"width: 224px\" class=\"wp-caption aligncenter\"><a href=\"http:\/\/orisha-ossain.com\/wp-content\/uploads\/2023\/06\/Rape-jatoba-Hymenaea-courbaril-1.png\"><img decoding=\"async\" class=\"wp-image-198 size-medium\" src=\"http:\/\/orisha-ossain.com\/wp-content\/uploads\/2023\/06\/Rape-jatoba-Hymenaea-courbaril-1-224x300.png\" alt=\"2 personas junto a un \u00e1rbol de Jatob\u00e1. La corteza se utiliza para hacer ceniza de Jatob\u00e1.\" width=\"224\" height=\"300\" srcset=\"https:\/\/orisha-ossain.com\/wp-content\/uploads\/2023\/06\/Rape-jatoba-Hymenaea-courbaril-1-224x300.png 224w, https:\/\/orisha-ossain.com\/wp-content\/uploads\/2023\/06\/Rape-jatoba-Hymenaea-courbaril-1.png 574w\" sizes=\"(max-width: 224px) 100vw, 224px\" \/><\/a><figcaption id=\"caption-attachment-198\" class=\"wp-caption-text\">\u00c1rbol adulto de Hymenaea courbaril<\/figcaption><\/figure>\n<div id=\"attachment_3474\" class=\"wp-caption aligncenter\"><\/div>\n<\/div>\n<h2><a href=\"http:\/\/orisha-ossain.com\/wp-content\/uploads\/2023\/06\/fire-and-work-space-in-bature.jpeg\"><img decoding=\"async\" class=\"alignright wp-image-54 size-medium\" src=\"http:\/\/orisha-ossain.com\/wp-content\/uploads\/2023\/06\/fire-and-work-space-in-bature-300x231.jpeg\" alt=\"lugar en la naturaleza con un fuego en primer plano y herramientas al fondo, quemando corteza para obtener ceniza de Jatoba\" width=\"300\" height=\"231\" srcset=\"https:\/\/orisha-ossain.com\/wp-content\/uploads\/2023\/06\/fire-and-work-space-in-bature-300x231.jpeg 300w, https:\/\/orisha-ossain.com\/wp-content\/uploads\/2023\/06\/fire-and-work-space-in-bature-1024x789.jpeg 1024w, https:\/\/orisha-ossain.com\/wp-content\/uploads\/2023\/06\/fire-and-work-space-in-bature-768x592.jpeg 768w, https:\/\/orisha-ossain.com\/wp-content\/uploads\/2023\/06\/fire-and-work-space-in-bature.jpeg 1059w\" sizes=\"(max-width: 300px) 100vw, 300px\" \/><\/a><span style=\"font-size: 12pt;\">El fuego ardiente\u00a0<\/span><\/h2>\n<p>Las cenizas de tres cortezas son una parte fundamental de la mayor\u00eda de los tipos de Rap\u00e9 brasile\u00f1os. La corteza proviene de diversos \u00e1rboles medicinales. Muchas veces se encuentran en la regi\u00f3n donde viven las tribus ind\u00edgenas y otras veces tipos de corteza de otros \u00e1rboles de otras regiones de Brasil.<\/p>\n<p>La producci\u00f3n de ceniza es un proceso del que he sido testigo y en el que he participado. La forma de quemar la corteza para obtener un buen resultado requiere experiencia. El fuego que quema la corteza no debe arder demasiado fuerte, pero tampoco demasiado suave.<br \/>\nUn fuego de corteza de madera puede arder durante muchas horas y requiere cierta atenci\u00f3n. En una buena sesi\u00f3n de combusti\u00f3n, se desea reducir a cenizas todo lo posible. Dejando el menor carb\u00f3n posible en el foso.<\/p>\n<p><a href=\"http:\/\/orisha-ossain.com\/wp-content\/uploads\/2023\/06\/working-on-the-fire-tsunu-bark-burning.jpeg\"><img decoding=\"async\" class=\"aligncenter wp-image-56 size-medium\" src=\"http:\/\/orisha-ossain.com\/wp-content\/uploads\/2023\/06\/working-on-the-fire-tsunu-bark-burning-225x300.jpeg\" alt=\"hombre poniendo su palo de fuego en el pozo donde se quema la corteza para la producci\u00f3n de ceniza de Jatoba\" width=\"225\" height=\"300\" srcset=\"https:\/\/orisha-ossain.com\/wp-content\/uploads\/2023\/06\/working-on-the-fire-tsunu-bark-burning-225x300.jpeg 225w, https:\/\/orisha-ossain.com\/wp-content\/uploads\/2023\/06\/working-on-the-fire-tsunu-bark-burning-768x1024.jpeg 768w, https:\/\/orisha-ossain.com\/wp-content\/uploads\/2023\/06\/working-on-the-fire-tsunu-bark-burning.jpeg 960w\" sizes=\"(max-width: 225px) 100vw, 225px\" \/><\/a><\/p>\n<h2><span style=\"font-size: 12pt;\">Tamizado y limpieza<\/span><\/h2>\n<p>Tras recoger la ceniza al d\u00eda siguiente, se procede a una serie de tamizados. El proceso de tamizado elimina varias impurezas, como arena y peque\u00f1os trozos de madera carbonizada sin quemar. Ahora las cenizas limpias est\u00e1n listas. Para que las cenizas queden bien secas, hay que calentarlas al fuego.<\/p>\n<h2><span style=\"font-size: 12pt;\">Reducci\u00f3n de la masa<\/span><\/h2>\n<p>Quemar corteza para obtener cenizas de forma natural conlleva una gran p\u00e9rdida de masa. En general, con un buen conocimiento de la fabricaci\u00f3n de cenizas, se pueden obtener unos 500 gramos de ceniza a partir de 10 kilos de corteza. As\u00ed pues, tras quemar 10 kilos de corteza y procesar los restos, 20% del peso inicial son cenizas limpias y utilizables.<br \/>\nEste n\u00famero puede variar en funci\u00f3n del tipo de corteza, el estilo de quemado, la humedad de la corteza y otros factores.<\/p>\n<h2><span style=\"font-size: 12pt;\">El cuerpo alqu\u00edmico, la sal<\/span><\/h2>\n<p>Desde un punto de vista alqu\u00edmico, las cenizas representan el cuerpo de la corteza en forma concentrada. Estas cenizas contienen la sal mineral de la corteza. El uso de cenizas medicinales tiene una larga historia. Ya en la antigua tradici\u00f3n alqu\u00edmica india se tiene constancia del trabajo con cenizas.<br \/>\nEsto se remonta al menos al a\u00f1o 4000 a.C. (<a href=\"https:\/\/www.google.nl\/url?sa=t&amp;rct=j&amp;q=&amp;esrc=s&amp;source=web&amp;cd=7&amp;cad=rja&amp;uact=8&amp;ved=2ahUKEwi29oKQ6srhAhXFbFAKHTmRABAQFjAGegQIDBAC&amp;url=http%3A%2F%2Fwww.ccras.nic.in%2Fsites%2Fdefault%2Ffiles%2Fviewpdf%2Fjimh%2FBIIHM_1996%2F11%2520to%252038.pdf&amp;usg=AOvVaw2i8Vq-xMI8RnpjblcMZ5Ab\">fuente<\/a>). Es interesante saber que durante nuestra historia terrenal, el conocimiento del trabajo con cenizas lleg\u00f3 de alguna manera a los indios del Amazonas. Un interesante art\u00edculo sobre el uso de la ceniza por los indios amaz\u00f3nicos Witoto se puede leer <a href=\"https:\/\/www.ncbi.nlm.nih.gov\/pubmed\/21986228\">aqu\u00ed<\/a>. En la tradici\u00f3n neoalquimista de\u00a0<a href=\"https:\/\/www.evolvedalchemy.com\/what-is-spagyrics\">Espag\u00edricos<\/a>Las sales alqu\u00edmicas tambi\u00e9n tienen una funci\u00f3n importante.<\/p>\n<p><strong>Extracto del libro; The Alchemical Body: Siddha Traditions in Medieval India.<\/strong><\/p>\n<p style=\"text-align: center;\">Visnu crea la tierra con cenizas del dhuni de Gorakh.<\/p>\n<p style=\"text-align: center;\">Sin embargo, tambi\u00e9n son cenizas a las que volver\u00e1 el universo, y \u00e9stas son las cenizas que forman el cuerpo de la serpiente c\u00f3smica Sesa. Pero Sesa es tambi\u00e9n una serpiente venenosa, cuyo aliento ardiente reduce toda la materia a cenizas.<\/p>\n<p style=\"text-align: center;\">Como tal, es como Siva que, poseyendo un cuerpo ceniciento y llevando cenizas en su cuerpo y\u00f3guico, tambi\u00e9n reduce toda la materia a cenizas en la disoluci\u00f3n universal. Una disoluci\u00f3n dramatizada en su incineraci\u00f3n de Kama con el fuego y\u00f3guico que emit\u00eda de su tercer ojo. El semen creador de Siva se convierte en destructor cuando se ha transformado, y\u00f3guicamente, a trav\u00e9s de la elevaci\u00f3n de la serpiente kundalini interna, en fuego; sin embargo, es tambi\u00e9n en virtud de su pr\u00e1ctica y\u00f3guica que es inmune al veneno calcinante escupido por la gran serpiente Vasuki, que, cuando lo bebe en el mito de la agitaci\u00f3n del Oc\u00e9ano de Leche, vuelve azul su garganta.<\/p>\n<h2><span style=\"font-size: 12pt;\">C\u00f3mo utilizarlo<\/span><\/h2>\n<p>Puedes utilizar esta ceniza para mezclarla con hierbas pulverizadas y crear tu propia variedad de Rap\u00e9. Si te gusta estudiar y aprender sobre la energ\u00eda y el poder de s\u00f3lo la ceniza, entonces \u00fasala de la misma manera que lo har\u00edas con el Rap\u00e9.<br \/>\nMojando el dedo y poniendo un poco de ceniza del dedo a la lengua se puede sentir una breve sensaci\u00f3n de adormecimiento punzante que dura unos segundos.<br \/>\nAlgunas cenizas te dan estas sensaciones y otras no (esto no significa que una sea menos fuerte que la otra). Es s\u00f3lo otra forma sencilla de aprender m\u00e1s sobre la ceniza y conectar con su energ\u00eda. Las cenizas alcalinas ayudan a basificar la mezcla.<\/p>\n<h2><span style=\"font-size: 12pt;\">Almacenamiento<\/span><\/h2>\n<p>Las cenizas son higrosc\u00f3picas. Esto significa que tienen tendencia a atraer hacia s\u00ed el agua del aire. Cuando haga sus propias mezclas de Rap\u00e9, limite el tiempo de exposici\u00f3n al aire libre. Despu\u00e9s de la mezcla, es aconsejable guardar el rap\u00e9 reci\u00e9n hecho en cualquier tipo de recipiente herm\u00e9tico. Todas las cenizas rap\u00e9 que encontrar\u00e1 aqu\u00ed han sido deshumidificadas antes de ser almacenadas.<\/p>\n<h2 style=\"text-align: center;\"><span style=\"font-size: 12pt;\"><a href=\"http:\/\/orisha-ossain.com\/es\/product-category\/tepi\/\">Tepi <\/a>y <a href=\"http:\/\/orisha-ossain.com\/es\/product-category\/kuripe\/\">Kuripe<\/a><\/span><\/h2>\n<p style=\"text-align: center;\">Echa un vistazo a la colecci\u00f3n de Tepi y Kuripe. Hay disponibles varios estilos de diferentes artistas. <a style=\"font-weight: bold; font-family: var(--global-body-font-family);\" href=\"http:\/\/orisha-ossain.com\/wp-content\/uploads\/2023\/06\/Tepi-Blessings.jpg\"><img decoding=\"async\" class=\"wp-image-55 size-medium aligncenter\" src=\"http:\/\/orisha-ossain.com\/wp-content\/uploads\/2023\/06\/Tepi-Blessings-300x199.jpg\" alt=\"Tepis reciben la bendici\u00f3n de sus creadores\" width=\"300\" height=\"199\" srcset=\"https:\/\/orisha-ossain.com\/wp-content\/uploads\/2023\/06\/Tepi-Blessings-300x199.jpg 300w, https:\/\/orisha-ossain.com\/wp-content\/uploads\/2023\/06\/Tepi-Blessings.jpg 640w\" sizes=\"(max-width: 300px) 100vw, 300px\" \/><\/a><span style=\"font-size: 14px; font-family: var(--global-body-font-family);\">Tepis reciben la bendici\u00f3n de sus creadores<\/span><\/p>\n<h2><span style=\"font-size: 12pt;\">Manipulaci\u00f3n y almacenamiento<\/span><\/h2>\n<p>Deshidrato esta ceniza de Murici y todas las dem\u00e1s cenizas procedentes de mi taller. A continuaci\u00f3n, tamizo la ceniza a trav\u00e9s de una malla de acero inoxidable de alta calidad de 35 micras. Tambi\u00e9n almaceno las existencias de ceniza en seco y en recipientes al vac\u00edo para prolongar su frescura y calidad.<\/p>\n<p>Esto resulta en.<\/p>\n<ul>\n<li>un polvo extremadamente fino.<\/li>\n<li>una finura constante garantizada<\/li>\n<li>absorci\u00f3n \u00f3ptima del tabaco<\/li>\n<\/ul>","protected":false},"excerpt":{"rendered":"<p>La ceniza de Jatoba hace un gran rap\u00e9. Tal vez deber\u00edas probar el <a href=\"http:\/\/orisha-ossain.com\/es\/product\/rape-jatoba\/\">Jatob\u00e1 tabaco<\/a> primero en conocer su energ\u00eda.<\/p>","protected":false},"featured_media":35743,"template":"","meta":{"_seopress_robots_primary_cat":"none","_seopress_titles_title":"Jatob\u00e1 Ash- Pure & Dry for Blending Rap\u00e9 - Orisha Ossain","_seopress_titles_desc":"Jatoba ash makes a great rap\u00e9. Maybe you should try the Jatob\u00e1 snuff first to know about its energy.","_seopress_robots_index":"","_kad_blocks_custom_css":"","_kad_blocks_head_custom_js":"","_kad_blocks_body_custom_js":"","_kad_blocks_footer_custom_js":"","_kad_post_transparent":"default","_kad_post_title":"","_kad_post_layout":"default","_kad_post_sidebar_id":"","_kad_post_content_style":"default","_kad_post_vertical_padding":"default","_kad_post_feature":"","_kad_post_feature_position":"","_kad_post_header":false,"_kad_post_footer":false,"_kad_post_classname":""},"product_brand":[],"product_cat":[16],"product_tag":[147],"class_list":{"0":"post-83","1":"product","2":"type-product","3":"status-publish","4":"has-post-thumbnail","6":"product_cat-ashes","7":"product_tag-contemporary-ash","9":"first","10":"instock","11":"taxable","12":"shipping-taxable","13":"purchasable","14":"product-type-variable","15":"entry","16":"content-bg","17":"loop-entry"},"taxonomy_info":{"product_cat":[{"value":16,"label":"Ashes"}],"product_tag":[{"value":147,"label":"Contemporary Ash"}]},"featured_image_src_large":["https:\/\/orisha-ossain.com\/wp-content\/uploads\/2024\/11\/Jatoba-Ash_Orisha_Ossain.png",736,736,false],"author_info":[],"comment_info":"","_links":{"self":[{"href":"https:\/\/orisha-ossain.com\/es\/wp-json\/wp\/v2\/product\/83","targetHints":{"allow":["GET"]}}],"collection":[{"href":"https:\/\/orisha-ossain.com\/es\/wp-json\/wp\/v2\/product"}],"about":[{"href":"https:\/\/orisha-ossain.com\/es\/wp-json\/wp\/v2\/types\/product"}],"wp:featuredmedia":[{"embeddable":true,"href":"https:\/\/orisha-ossain.com\/es\/wp-json\/wp\/v2\/media\/35743"}],"wp:attachment":[{"href":"https:\/\/orisha-ossain.com\/es\/wp-json\/wp\/v2\/media?parent=83"}],"wp:term":[{"taxonomy":"product_brand","embeddable":true,"href":"https:\/\/orisha-ossain.com\/es\/wp-json\/wp\/v2\/product_brand?post=83"},{"taxonomy":"product_cat","embeddable":true,"href":"https:\/\/orisha-ossain.com\/es\/wp-json\/wp\/v2\/product_cat?post=83"},{"taxonomy":"product_tag","embeddable":true,"href":"https:\/\/orisha-ossain.com\/es\/wp-json\/wp\/v2\/product_tag?post=83"}],"curies":[{"name":"wp","href":"https:\/\/api.w.org\/{rel}","templated":true}]}}