{"id":820,"date":"2023-08-08T15:07:27","date_gmt":"2023-08-08T13:07:27","guid":{"rendered":"http:\/\/orisha-ossain.com\/?post_type=product&#038;p=820"},"modified":"2023-10-04T14:12:58","modified_gmt":"2023-10-04T12:12:58","slug":"resina-de-mirra-yemen","status":"publish","type":"product","link":"https:\/\/orisha-ossain.com\/es\/product\/myrrh-resin-yemen\/","title":{"rendered":"Resina de mirra Yemen"},"content":{"rendered":"<h2>Resina de mirra de Yemen.<\/h2>\n<p>La resina de Mirra que ofrezco procede de Yemen. Es com\u00fanmente aceptado que la Mirra de mayor calidad proviene de Yemen. Los trozos de resina son de color marr\u00f3n rojizo y el aroma es muy intenso y limpio.<\/p>\n<p><a href=\"http:\/\/orisha-ossain.com\/wp-content\/uploads\/2023\/08\/mhyr001.jpg\"><img decoding=\"async\" class=\"aligncenter wp-image-1282 size-medium\" src=\"http:\/\/orisha-ossain.com\/wp-content\/uploads\/2023\/08\/mhyr001-300x296.jpg\" alt=\"Mirra de Yemen\" width=\"300\" height=\"296\" srcset=\"https:\/\/orisha-ossain.com\/wp-content\/uploads\/2023\/08\/mhyr001-300x296.jpg 300w, https:\/\/orisha-ossain.com\/wp-content\/uploads\/2023\/08\/mhyr001-1024x1009.jpg 1024w, https:\/\/orisha-ossain.com\/wp-content\/uploads\/2023\/08\/mhyr001-768x757.jpg 768w, https:\/\/orisha-ossain.com\/wp-content\/uploads\/2023\/08\/mhyr001-1536x1514.jpg 1536w, https:\/\/orisha-ossain.com\/wp-content\/uploads\/2023\/08\/mhyr001-2048x2019.jpg 2048w, https:\/\/orisha-ossain.com\/wp-content\/uploads\/2023\/08\/mhyr001-100x100.jpg 100w\" sizes=\"(max-width: 300px) 100vw, 300px\" \/><\/a><\/p>\n<h2>Resina de mirra<\/h2>\n<p>La resina de mirra se extrae del \u00e1rbol Commiphora myrrha. La resina rojiza se forma dentro de la corteza de la planta. El proceso de extracci\u00f3n consiste en cortar la planta longitudinalmente en sus cortezas, de las que rezuma la goma. El l\u00edquido gotea y se seca formando una sustancia dura parecida a una gota. El proceso dura al menos 14 d\u00edas. Sin embargo, el \u00e1rbol se golpea tres veces consecutivas con un intervalo de dos semanas. El golpeteo constante aumenta la cantidad de resina producida, ya que el \u00e1rbol intenta combatir las infecciones que se producen por las heridas infligidas.<\/p>\n<p><a href=\"http:\/\/orisha-ossain.com\/wp-content\/uploads\/2023\/07\/Weihrauch.jpg\"><img decoding=\"async\" class=\"alignright wp-image-814 size-medium\" src=\"http:\/\/orisha-ossain.com\/wp-content\/uploads\/2023\/07\/Weihrauch-279x300.jpg\" alt=\"Mirra ardiendo en un carb\u00f3n\" width=\"279\" height=\"300\" srcset=\"https:\/\/orisha-ossain.com\/wp-content\/uploads\/2023\/07\/Weihrauch-279x300.jpg 279w, https:\/\/orisha-ossain.com\/wp-content\/uploads\/2023\/07\/Weihrauch-952x1024.jpg 952w, https:\/\/orisha-ossain.com\/wp-content\/uploads\/2023\/07\/Weihrauch-768x827.jpg 768w, https:\/\/orisha-ossain.com\/wp-content\/uploads\/2023\/07\/Weihrauch-1427x1536.jpg 1427w, https:\/\/orisha-ossain.com\/wp-content\/uploads\/2023\/07\/Weihrauch.jpg 1536w\" sizes=\"(max-width: 279px) 100vw, 279px\" \/><\/a><\/p>\n<h2>Utiliza<\/h2>\n<p>El uso de la mirra est\u00e1 profundamente ligado a la religi\u00f3n. Desde el punto de vista b\u00edblico, es uno de los regalos que los Reyes Magos hicieron al Ni\u00f1o Jes\u00fas al nacer. Esto pone de relieve lo preciado que ha sido este producto desde la antig\u00fcedad.<br \/>\nOtro uso de este producto es en la fabricaci\u00f3n de perfumes y otros cosm\u00e9ticos. El producto tiene un aroma dulce, y es esencial en la producci\u00f3n de sabores complejos.<\/p>\n<h2>\u00bfA qu\u00e9 huele la mirra?<\/h2>\n<p>El olor amaderado de la mirra es muy marcado<strong>.<\/strong>\u00a0Se trata de una madera muy arom\u00e1tica (similar a otras maderas arom\u00e1ticas como el s\u00e1ndalo). Su aroma es complejo y suele asociarse a ritos religiosos. Por ello, la mirra tambi\u00e9n se utiliza en aromaterapia en velas o en perfumer\u00eda para aromatizar las esencias. Su aroma se utiliza a veces para aromatizar diversos platos tradicionales.<\/p>\n<p><a href=\"http:\/\/orisha-ossain.com\/wp-content\/uploads\/2023\/07\/2dc0f668588aed54a0b5af00d70e8d48-the-tree-wellness-resort.jpg\"><img decoding=\"async\" class=\"aligncenter wp-image-1062 size-medium\" src=\"http:\/\/orisha-ossain.com\/wp-content\/uploads\/2023\/07\/2dc0f668588aed54a0b5af00d70e8d48-the-tree-wellness-resort-300x282.jpg\" alt=\"\u00c1rbol Commiphora Myrrha\" width=\"300\" height=\"282\" srcset=\"https:\/\/orisha-ossain.com\/wp-content\/uploads\/2023\/07\/2dc0f668588aed54a0b5af00d70e8d48-the-tree-wellness-resort-300x282.jpg 300w, https:\/\/orisha-ossain.com\/wp-content\/uploads\/2023\/07\/2dc0f668588aed54a0b5af00d70e8d48-the-tree-wellness-resort.jpg 735w\" sizes=\"(max-width: 300px) 100vw, 300px\" \/><\/a><\/p>\n<h2 id=\"firstHeading\" class=\"firstHeading mw-first-heading\">El \u00e1rbol Commiphora Myrrha<\/h2>\n<p>La Commiphora Myrrha es originaria de Somalia, Om\u00e1n, Yemen, Eritrea, la regi\u00f3n somal\u00ed de Etiop\u00eda y partes de Arabia Saud\u00ed.<\/p>\n<p>La mirra es una goma resinosa que se extrae de varias especies de \u00e1rboles peque\u00f1os y espinosos del g\u00e9nero Commiphora, m\u00e1s concretamente de Commiphora myrrha. Es un \u00e1rbol muy espinoso y alcanza una altura de unos 5 m. Su tronco, corto, lampi\u00f1o, grueso y escamoso, tiene dos capas de corteza. La capa superior es plateada, blanquecina, rojiza o gris azulada y tiene textura de papel.<\/p>\n<p><a href=\"http:\/\/orisha-ossain.com\/wp-content\/uploads\/2023\/07\/frankincense.harvesting.jpg\"><img decoding=\"async\" class=\"aligncenter wp-image-1063 size-full\" src=\"http:\/\/orisha-ossain.com\/wp-content\/uploads\/2023\/07\/frankincense.harvesting.jpg\" alt=\"MAn cosechando mirra\" width=\"939\" height=\"532\" srcset=\"https:\/\/orisha-ossain.com\/wp-content\/uploads\/2023\/07\/frankincense.harvesting.jpg 939w, https:\/\/orisha-ossain.com\/wp-content\/uploads\/2023\/07\/frankincense.harvesting-300x170.jpg 300w, https:\/\/orisha-ossain.com\/wp-content\/uploads\/2023\/07\/frankincense.harvesting-768x435.jpg 768w\" sizes=\"(max-width: 939px) 100vw, 939px\" \/><\/a><\/p>\n<h2>Grados de calidad Myhhr<\/h2>\n<p>La mirra de mejor calidad procede de Commiphora myrrha. No obstante, existen otros \u00e1rboles productores de mirra como Commiphora kua, Commiphora serrulata,Commiphora payfairii,Commiphora foliacea,Commiphora erythraea, Commiphora guidotti, Commiphora holiziana, Commiphora habessinica, entre otros.<\/p>\n<p>La resina de mirra que se obtiene del \u00e1rbol est\u00e1 libre de hojas, trozos de corteza y part\u00edculas de tierra. La calidad del producto se mide por el color y el olor. La mejor calidad es la roja o marr\u00f3n, definida como grado A++. La mirra (muy) oscura, en cambio, es impura con part\u00edculas extra\u00f1as.<\/p>","protected":false},"excerpt":{"rendered":"<p>Incienso Sagrado de Resina de Mirra<\/p>\n<p><strong>Grado: <\/strong>1, \u00a1Excelente!<br \/>\n<strong>Origen:<\/strong> Sudeste de Yemen<br \/>\n<strong>Nombre de la especie:<\/strong>\u00a0Commiphora mirra<br \/>\n<strong>Color:<\/strong> Marr\u00f3n rojizo<\/p>\n<p>&nbsp;<\/p>","protected":false},"featured_media":1283,"template":"","meta":{"_seopress_robots_primary_cat":"none","_seopress_titles_title":"","_seopress_titles_desc":"Sacred Myrrh Resin Incense. The Myrrh resin I offer comes from Yemen. It&#039;s commonly accepted that the highest quality Myrrh comes from Yemen.","_seopress_robots_index":"","_kad_blocks_custom_css":"","_kad_blocks_head_custom_js":"","_kad_blocks_body_custom_js":"","_kad_blocks_footer_custom_js":"","_kad_post_transparent":"default","_kad_post_title":"","_kad_post_layout":"default","_kad_post_sidebar_id":"","_kad_post_content_style":"default","_kad_post_vertical_padding":"default","_kad_post_feature":"","_kad_post_feature_position":"","_kad_post_header":false,"_kad_post_footer":false,"_kad_post_classname":""},"product_brand":[],"product_cat":[101],"product_tag":[115,79,81],"class_list":{"0":"post-820","1":"product","2":"type-product","3":"status-publish","4":"has-post-thumbnail","6":"product_cat-frankincense","7":"product_tag-frankinsence","8":"product_tag-incense","9":"product_tag-yemen","11":"first","12":"instock","13":"taxable","14":"shipping-taxable","15":"purchasable","16":"product-type-variable","17":"entry","18":"content-bg","19":"loop-entry"},"taxonomy_info":{"product_cat":[{"value":101,"label":"Frankincense"}],"product_tag":[{"value":115,"label":"Frankinsence"},{"value":79,"label":"Incense"},{"value":81,"label":"Yemen"}]},"featured_image_src_large":["https:\/\/orisha-ossain.com\/wp-content\/uploads\/2023\/08\/mhyr01-1024x753.jpg",1024,753,true],"author_info":[],"comment_info":"","_links":{"self":[{"href":"https:\/\/orisha-ossain.com\/es\/wp-json\/wp\/v2\/product\/820","targetHints":{"allow":["GET"]}}],"collection":[{"href":"https:\/\/orisha-ossain.com\/es\/wp-json\/wp\/v2\/product"}],"about":[{"href":"https:\/\/orisha-ossain.com\/es\/wp-json\/wp\/v2\/types\/product"}],"wp:featuredmedia":[{"embeddable":true,"href":"https:\/\/orisha-ossain.com\/es\/wp-json\/wp\/v2\/media\/1283"}],"wp:attachment":[{"href":"https:\/\/orisha-ossain.com\/es\/wp-json\/wp\/v2\/media?parent=820"}],"wp:term":[{"taxonomy":"product_brand","embeddable":true,"href":"https:\/\/orisha-ossain.com\/es\/wp-json\/wp\/v2\/product_brand?post=820"},{"taxonomy":"product_cat","embeddable":true,"href":"https:\/\/orisha-ossain.com\/es\/wp-json\/wp\/v2\/product_cat?post=820"},{"taxonomy":"product_tag","embeddable":true,"href":"https:\/\/orisha-ossain.com\/es\/wp-json\/wp\/v2\/product_tag?post=820"}],"curies":[{"name":"wp","href":"https:\/\/api.w.org\/{rel}","templated":true}]}}