{"id":806,"date":"2023-09-30T12:17:33","date_gmt":"2023-09-30T10:17:33","guid":{"rendered":"http:\/\/orisha-ossain.com\/?post_type=product&#038;p=806"},"modified":"2025-07-30T14:29:41","modified_gmt":"2025-07-30T12:29:41","slug":"royal-hojari-frankincense","status":"publish","type":"product","link":"https:\/\/orisha-ossain.com\/es\/product\/royal-hojari-frankincense\/","title":{"rendered":"Incienso Real Hojari"},"content":{"rendered":"<h2>Incienso Royal Hojari<\/h2>\n<p>Desde la antig\u00fcedad, el mejor incienso del mundo procede del sur de Om\u00e1n, en la frontera con Yemen. De aqu\u00ed part\u00eda la famosa ruta del incienso. Este fin\u00edsimo y tradicional incienso de aroma bals\u00e1mico de las monta\u00f1as de Dhofar desprende intensos aromas gracias a su alto contenido en aceites esenciales.<\/p>\n<p>Este incienso de alta calidad Royal Hojari se produce en las mejores condiciones de cultivo de incienso del mundo. Este incienso de alta calidad se presenta en varios grados de calidad. Sus colores var\u00edan entre el blanquecino, el amarillo, el \u00e1mbar y varios tonos de marr\u00f3n.<\/p>\n<p><a href=\"http:\/\/orisha-ossain.com\/wp-content\/uploads\/2023\/07\/hojari-on-table.png\"><img decoding=\"async\" class=\"size-medium wp-image-1020 alignright\" src=\"http:\/\/orisha-ossain.com\/wp-content\/uploads\/2023\/07\/hojari-on-table-300x227.png\" alt=\"\" width=\"300\" height=\"227\" srcset=\"https:\/\/orisha-ossain.com\/wp-content\/uploads\/2023\/07\/hojari-on-table-300x227.png 300w, https:\/\/orisha-ossain.com\/wp-content\/uploads\/2023\/07\/hojari-on-table-1024x776.png 1024w, https:\/\/orisha-ossain.com\/wp-content\/uploads\/2023\/07\/hojari-on-table-768x582.png 768w, https:\/\/orisha-ossain.com\/wp-content\/uploads\/2023\/07\/hojari-on-table-1536x1164.png 1536w, https:\/\/orisha-ossain.com\/wp-content\/uploads\/2023\/07\/hojari-on-table-2048x1552.png 2048w\" sizes=\"(max-width: 300px) 100vw, 300px\" \/><\/a><\/p>\n<p>Las piezas de color blanco-verde-gris\u00e1ceo o blanco puro, a\u00fan m\u00e1s ex\u00f3ticas y raras, suelen ser completamente compradas por los comerciantes \u00e1rabes, por lo que disponer de estas calidades superiores de incienso en Occidente es bastante raro. Tengo la suerte de contar con un contacto que me lo exporta directamente desde Om\u00e1n.<\/p>\n<p>Durante siglos, el incienso se ha utilizado para consagrar, bendecir, limpiar y proteger. La fragancia del Hojari Real es dulce y pesada y crea una atm\u00f3sfera de claridad, pureza y tranquilidad. Es estimulante y relajante a la vez. El humo tambi\u00e9n disipa la energ\u00eda negativa entre las personas de una habitaci\u00f3n.<\/p>\n<h2>Historia y usos del Royal Hojari<\/h2>\n<p>El incienso Hojari est\u00e1 considerado el mejor incienso del mundo y su uso hist\u00f3rico se remonta a milenios. Se dice que uno de los tres reyes de la historia cristiana de la Navidad vino de Om\u00e1n a Bel\u00e9n y trajo incienso como precioso regalo.<\/p>\n<p>El incienso Hojari se utiliza en ocasiones sociales, en la fabricaci\u00f3n de medicinas, fragancias, polvos, perfumes y velas, as\u00ed como en salones de culto de todo el mundo. En Om\u00e1n, el humo se utiliza para perfumar la ropa, al tiempo que desinfecta. Se mastica para refrescar el aliento y prevenir los resfriados, y es bueno para la digesti\u00f3n.<\/p>\n<p><span lang=\"en-US\">F<\/span><span lang=\"en-US\">El incienso conecta las ciudades de Om\u00e1n\u00a0<\/span><span lang=\"en-US\">vida<\/span><span lang=\"en-US\">\u00a0a su patrimonio, a la naturaleza y a la vida espiritual. En el\u00a0<em>Sult\u00e1n Qaboos<\/em> Gran Mezquita, el incienso de alta calidad arde en el\u00a0<\/span><span lang=\"en-US\">Su aroma flota sobre las estanter\u00edas que contienen coranes y llega hasta la sala de los hombres, con capacidad para seis mil fieles.<\/span><\/p>\n<p>\"Oler bien en la mezquita es se\u00f1al de respeto a tu religi\u00f3n y a tus semejantes\".<br \/>\n<span lang=\"en-US\">\"Es<\/span><span lang=\"en-US\">\u00a0prepara tu peque\u00f1a alma para encontrarse con la grande\".\u00a0<\/span><\/p>\n<p><a href=\"http:\/\/orisha-ossain.com\/wp-content\/uploads\/2023\/07\/incense-01.png\"><img decoding=\"async\" class=\"aligncenter wp-image-819 size-full\" src=\"http:\/\/orisha-ossain.com\/wp-content\/uploads\/2023\/07\/incense-01.png\" alt=\"\" width=\"800\" height=\"554\" srcset=\"https:\/\/orisha-ossain.com\/wp-content\/uploads\/2023\/07\/incense-01.png 800w, https:\/\/orisha-ossain.com\/wp-content\/uploads\/2023\/07\/incense-01-300x208.png 300w, https:\/\/orisha-ossain.com\/wp-content\/uploads\/2023\/07\/incense-01-768x532.png 768w\" sizes=\"(max-width: 800px) 100vw, 800px\" \/><\/a><\/p>\n<p>Su fino aroma bals\u00e1mico y ligeramente alimonado cuando se inciensa es realmente una experiencia y difiere significativamente de lo que se conoce generalmente de la liturgia cristiana actual. Tambi\u00e9n se le atribuye un efecto relajante que favorece la concentraci\u00f3n.<\/p>\n<h2>El \u00e1rbol Boswellia Sacra<\/h2>\n<p>Boswellia sacra (tambi\u00e9n \u00e1rbol del incienso y ol\u00edbano) es un \u00e1rbol de la familia Burseraceae, que es el principal \u00e1rbol del g\u00e9nero\u00a0<i>Boswellia<\/i> de donde se extrae el incienso (una savia resinosa seca).<\/p>\n<p>El resistente \u00e1rbol Boswellia sacra crece en el inh\u00f3spito terreno de Dhofar, provincia meridional de Om\u00e1n. El valor de la resina de incienso depende de su color, tama\u00f1o y concentraci\u00f3n de aceite. La calidad m\u00e1s valiosa, conocida como Hojari real, procede de un estrecho y seco cintur\u00f3n microclim\u00e1tico de las monta\u00f1as de Dhofar, justo fuera del alcance del monz\u00f3n de verano que cubre de niebla el extremo de la pen\u00ednsula ar\u00e1biga.<\/p>\n<p><span lang=\"en-US\">En <\/span><span lang=\"en-US\">\u00c1rbol de Boswellia<i>,<\/i><\/span><span lang=\"en-US\">\u00a0que produce el\u00a0<\/span><span lang=\"en-US\">resina de incienso\u00a0<\/span><span lang=\"en-US\">goma de mascar, se encuentra no s\u00f3lo en el sur\u00a0<\/span><span lang=\"en-US\">Arabia, sino tambi\u00e9n en Somalia y la India. Pero de las cerca de 25 especies de <\/span><span lang=\"en-US\"><i>Boswellia,<\/i><\/span><span lang=\"en-US\">\u00a0la que generalmente se considera que produce el mejor incienso es\u00a0<\/span><span lang=\"en-US\"><i>Boswellia sacra,<\/i><\/span><span lang=\"en-US\">\u00a0que crece exclusivamente en Dhofar y, en menor medida, en las regiones yemen\u00edes de al-Mahrah y Hadhramaut.<\/span><span lang=\"en-US\"><a href=\"http:\/\/orisha-ossain.com\/wp-content\/uploads\/2023\/07\/436498Image1.jpg\"><img decoding=\"async\" class=\"aligncenter wp-image-1018 size-large\" src=\"http:\/\/orisha-ossain.com\/wp-content\/uploads\/2023\/07\/436498Image1-1024x459.jpg\" alt=\"\" width=\"1024\" height=\"459\" srcset=\"https:\/\/orisha-ossain.com\/wp-content\/uploads\/2023\/07\/436498Image1-1024x459.jpg 1024w, https:\/\/orisha-ossain.com\/wp-content\/uploads\/2023\/07\/436498Image1-300x134.jpg 300w, https:\/\/orisha-ossain.com\/wp-content\/uploads\/2023\/07\/436498Image1-768x344.jpg 768w, https:\/\/orisha-ossain.com\/wp-content\/uploads\/2023\/07\/436498Image1.jpg 1500w\" sizes=\"(max-width: 1024px) 100vw, 1024px\" \/><\/a><\/span><\/p>\n<h2>Recolecci\u00f3n de resina<\/h2>\n<p>La recolecci\u00f3n, de los \u00e1rboles situados en la llanura costera se realiza de finales de marzo a junio, aproximadamente. En los situados detr\u00e1s de la monta\u00f1a de Dhofar (zona des\u00e9rtica), la resina se recoge de abril a septiembre. En cuanto empiezan a subir las temperaturas, los recolectores de incienso cortan los \u00e1rboles de Boswellia utilizando una\u00a0<em>manqaf<\/em>\u00a0(una herramienta tradicional \u00e1rabe parecida a una guada\u00f1a en miniatura).<\/p>\n<p><a href=\"http:\/\/orisha-ossain.com\/wp-content\/uploads\/2023\/07\/manqaf-ae861e26.jpeg\"><img decoding=\"async\" class=\"size-medium wp-image-1015 aligncenter\" src=\"http:\/\/orisha-ossain.com\/wp-content\/uploads\/2023\/07\/manqaf-ae861e26-300x110.jpeg\" alt=\"\" width=\"300\" height=\"110\" srcset=\"https:\/\/orisha-ossain.com\/wp-content\/uploads\/2023\/07\/manqaf-ae861e26-300x110.jpeg 300w, https:\/\/orisha-ossain.com\/wp-content\/uploads\/2023\/07\/manqaf-ae861e26.jpeg 381w\" sizes=\"(max-width: 300px) 100vw, 300px\" \/><\/a><\/p>\n<p>El primer \"corte\" se denomina\u00a0<em>tawqii<\/em> y consiste en cortar la corteza exterior de las ramas y el tronco. Esto hace que del \u00e1rbol rezume un l\u00edquido blanco lechoso que se solidifica r\u00e1pidamente y se deja en este estado durante 14 d\u00edas aproximadamente. El segundo \"corte\", llamado \"incienso blanco\", que sigue a este periodo, produce resina de calidad inferior y la verdadera cosecha comienza dos semanas despu\u00e9s del segundo \"corte\". Con este tercer \"corte\" el \u00e1rbol produce resina de incienso de color amarillento. El \"incienso marr\u00f3n\" s\u00f3lo se cosecha en la llanura costera tras las incisiones invernales.<\/p>\n<p>Tambi\u00e9n se forman distintos tipos de resina en un mismo \u00e1rbol y a\u00fan m\u00e1s en \u00e1rboles diferentes.<br \/>\nEso depende:<\/p>\n<p><a href=\"http:\/\/orisha-ossain.com\/wp-content\/uploads\/2023\/07\/frank-ooze-01.jpg\"><img decoding=\"async\" class=\"alignright wp-image-1016\" src=\"http:\/\/orisha-ossain.com\/wp-content\/uploads\/2023\/07\/frank-ooze-01-1024x685.jpg\" alt=\"\" width=\"500\" height=\"334\" srcset=\"https:\/\/orisha-ossain.com\/wp-content\/uploads\/2023\/07\/frank-ooze-01-1024x685.jpg 1024w, https:\/\/orisha-ossain.com\/wp-content\/uploads\/2023\/07\/frank-ooze-01-300x201.jpg 300w, https:\/\/orisha-ossain.com\/wp-content\/uploads\/2023\/07\/frank-ooze-01-768x514.jpg 768w, https:\/\/orisha-ossain.com\/wp-content\/uploads\/2023\/07\/frank-ooze-01.jpg 1500w\" sizes=\"(max-width: 500px) 100vw, 500px\" \/><\/a><\/p>\n<ul>\n<li>\u00a0Localizaci\u00f3n de la herida en el \u00e1rbol<\/li>\n<li><span style=\"font-family: var(--global-body-font-family);\">\u00a0exposici\u00f3n al sol<\/span><\/li>\n<li><span style=\"font-family: var(--global-body-font-family);\">\u00a0Edad del \u00e1rbol<\/span><\/li>\n<li><span style=\"font-family: var(--global-body-font-family);\">\u00a0Nutrientes en el emplazamiento<\/span><\/li>\n<li><span style=\"font-family: var(--global-body-font-family);\">\u00a0Microclima del emplazamiento<\/span><\/li>\n<li><span style=\"font-family: var(--global-body-font-family);\">\u00a0Clima estacional, como humedad y temperatura<\/span><\/li>\n<li><span style=\"font-family: var(--global-body-font-family);\">\u00a0Inclusiones en la resina de arena, corteza<\/span><\/li>\n<li><span style=\"font-family: var(--global-body-font-family);\">\u00a0Tama\u00f1o de las piezas de resina debido al diferente flujo de resina<\/span><\/li>\n<li><span style=\"font-family: var(--global-body-font-family);\">\u00a0Algunas de las piezas de resina tambi\u00e9n pueden caer al suelo y se siguen recogiendo<\/span><\/li>\n<\/ul>\n<p>&nbsp;<\/p>\n<p>&nbsp;<\/p>\n<h2>Composici\u00f3n qu\u00edmica<\/h2>\n<p>Estos son algunos de los compuestos qu\u00edmicos presentes en el incienso:<\/p>\n<ul>\n<li lang=\"en-US\">Resina \u00e1cida (6%), soluble en alcohol y de f\u00f3rmula C20H32O4<\/li>\n<li lang=\"en-US\">Goma (similar a la goma ar\u00e1biga) 30-36%<\/li>\n<li lang=\"en-US\">\u00c1cido 3-acetil-beta-bosw\u00e9lico<\/li>\n<li lang=\"en-US\">\u00c1cido alfa-bosw\u00e9lico<\/li>\n<li lang=\"en-US\">Acetato de incensol, C21H34O3<\/li>\n<li lang=\"en-US\">Felandreno<\/li>\n<\/ul>\n<h2>Psicoactividad del incienso<\/h2>\n<p>No hace mucho (2008), la Federaci\u00f3n de Sociedades Americanas de Biolog\u00eda Experimental hizo p\u00fablicos sus hallazgos preliminares de que la inhalaci\u00f3n de incienso encendido tiene propiedades antidepresivas.<\/p>\n<p>Esta publicaci\u00f3n se encuentra en <a href=\"https:\/\/www.sciencedaily.com\/releases\/2008\/05\/080520110415.htm\">aqu\u00ed<\/a>.<\/p>\n<p>Encontrar\u00e1 un blog muy detallado sobre el incienso Hojai <a href=\"https:\/\/www.earthstoriez.com\/oman-myth-history-folklore-use-of-frankincense-hojari\/\">aqu\u00ed<\/a>.<\/p>\n<h2 style=\"text-align: center;\">Patrimonio Mundial de la UNESCO<\/h2>\n<p>El incienso sigue siendo un producto importante en Om\u00e1n y es Patrimonio de la Humanidad de la UNESCO desde el a\u00f1o 2000. M\u00e1s informaci\u00f3n sobre este tema <em><a href=\"https:\/\/whc.unesco.org\/en\/list\/1010\">aqu\u00ed<\/a><\/em><\/p>\n<p><b>El incienso ofrecido s\u00f3lo debe utilizarse para quemarlo. Hay que se\u00f1alar que la informaci\u00f3n de la descripci\u00f3n que aborda los efectos del humo no est\u00e1 respaldada cient\u00edficamente. Estas notas proceden de las costumbres tradicionales de los oman\u00edes.<\/b><\/p>\n<p><strong>Debe pedirse consejo a un m\u00e9dico antes de utilizarlo con fines medicinales. El comprador es responsable del uso y la dosificaci\u00f3n adecuados.<\/strong><\/p>","protected":false},"excerpt":{"rendered":"<p>Incienso Real Hojari de alta calidad procedente de Om\u00e1n. Se trata de un lote con diferentes colores y tama\u00f1os. Considerado de grado III.<br \/>\nDisponible en dos tama\u00f1os.<br \/>\n1 <span style=\"font-family: var(--global-body-font-family);\">Piezas medianas<br \/>\n<\/span><span style=\"font-family: var(--global-body-font-family);\">2 Piezas grandes<\/span><\/p>","protected":false},"featured_media":1726,"template":"","meta":{"_seopress_robots_primary_cat":"none","_seopress_titles_title":"Royal Hojari Franknincense - Grade III - Available in two Sizes","_seopress_titles_desc":"High-Quality Royal Hojari Frankeninsence from Oman. This is a batch with different colors and sizes. Considered grade III.","_seopress_robots_index":"","_kad_blocks_custom_css":"","_kad_blocks_head_custom_js":"","_kad_blocks_body_custom_js":"","_kad_blocks_footer_custom_js":"","_kad_post_transparent":"default","_kad_post_title":"","_kad_post_layout":"default","_kad_post_sidebar_id":"","_kad_post_content_style":"default","_kad_post_vertical_padding":"default","_kad_post_feature":"","_kad_post_feature_position":"","_kad_post_header":false,"_kad_post_footer":false,"_kad_post_classname":""},"product_brand":[],"product_cat":[101],"product_tag":[115,80],"class_list":{"0":"post-806","1":"product","2":"type-product","3":"status-publish","4":"has-post-thumbnail","6":"product_cat-frankincense","7":"product_tag-frankinsence","8":"product_tag-oman","10":"first","11":"instock","12":"taxable","13":"shipping-taxable","14":"purchasable","15":"product-type-variable","16":"entry","17":"content-bg","18":"loop-entry"},"taxonomy_info":{"product_cat":[{"value":101,"label":"Frankincense"}],"product_tag":[{"value":115,"label":"Frankinsence"},{"value":80,"label":"Oman"}]},"featured_image_src_large":["https:\/\/orisha-ossain.com\/wp-content\/uploads\/2023\/08\/hj-mb-1024x853.jpg",1024,853,true],"author_info":[],"comment_info":"","_links":{"self":[{"href":"https:\/\/orisha-ossain.com\/es\/wp-json\/wp\/v2\/product\/806","targetHints":{"allow":["GET"]}}],"collection":[{"href":"https:\/\/orisha-ossain.com\/es\/wp-json\/wp\/v2\/product"}],"about":[{"href":"https:\/\/orisha-ossain.com\/es\/wp-json\/wp\/v2\/types\/product"}],"wp:featuredmedia":[{"embeddable":true,"href":"https:\/\/orisha-ossain.com\/es\/wp-json\/wp\/v2\/media\/1726"}],"wp:attachment":[{"href":"https:\/\/orisha-ossain.com\/es\/wp-json\/wp\/v2\/media?parent=806"}],"wp:term":[{"taxonomy":"product_brand","embeddable":true,"href":"https:\/\/orisha-ossain.com\/es\/wp-json\/wp\/v2\/product_brand?post=806"},{"taxonomy":"product_cat","embeddable":true,"href":"https:\/\/orisha-ossain.com\/es\/wp-json\/wp\/v2\/product_cat?post=806"},{"taxonomy":"product_tag","embeddable":true,"href":"https:\/\/orisha-ossain.com\/es\/wp-json\/wp\/v2\/product_tag?post=806"}],"curies":[{"name":"wp","href":"https:\/\/api.w.org\/{rel}","templated":true}]}}