{"id":782,"date":"2023-07-06T20:50:46","date_gmt":"2023-07-06T18:50:46","guid":{"rendered":"http:\/\/orisha-ossain.com\/?post_type=product&#038;p=782"},"modified":"2025-04-28T04:06:41","modified_gmt":"2025-04-28T02:06:41","slug":"hilos-de-colores-kuripe","status":"publish","type":"product","link":"https:\/\/orisha-ossain.com\/es\/product\/kuripe-colored-threads\/","title":{"rendered":"kuripe - Hilos de colores"},"content":{"rendered":"<p>Los fabricantes de este estilo de Kuripe han introducido algunos cambios en su construcci\u00f3n. Estos Kuripes tienen un \u00e1ngulo m\u00e1s pronunciado y tambi\u00e9n son mucho m\u00e1s largos. De este modo, la trayectoria de soplado se ampl\u00eda y crea m\u00e1s presi\u00f3n, lo que garantiza un mejor suministro del rap\u00e9.<\/p>\n<p><a href=\"http:\/\/orisha-ossain.com\/wp-content\/uploads\/2023\/07\/20210518_151549-257x300-1.jpg\"><img decoding=\"async\" class=\"aligncenter wp-image-785 size-full\" src=\"http:\/\/orisha-ossain.com\/wp-content\/uploads\/2023\/07\/20210518_151549-257x300-1.jpg\" alt=\"kuripe - hilos de colores\" width=\"257\" height=\"300\" \/><br \/>\n<\/a><\/p>\n<p>Otro cambio es un aspecto interno del dise\u00f1o del Kuripe. En la parte inferior de estos Kuripes en forma de V, cada pieza de bamb\u00fa se rellena con material org\u00e1nico pegajoso. Una vez secas, las piezas se encajan entre s\u00ed. Este detalle evitar\u00e1 la acumulaci\u00f3n de rap\u00e9 que normalmente no podr\u00e1 soplar. La parte inferior de estos Kuripes tiene ahora una forma redondeada y mejora su rendimiento<\/p>\n<p><a href=\"http:\/\/orisha-ossain.com\/wp-content\/uploads\/2023\/07\/KURTR.jpg\"><img decoding=\"async\" class=\"size-medium wp-image-983 aligncenter\" src=\"http:\/\/orisha-ossain.com\/wp-content\/uploads\/2023\/07\/KURTR-300x204.jpg\" alt=\"\" width=\"300\" height=\"204\" srcset=\"https:\/\/orisha-ossain.com\/wp-content\/uploads\/2023\/07\/KURTR-300x204.jpg 300w, https:\/\/orisha-ossain.com\/wp-content\/uploads\/2023\/07\/KURTR-768x522.jpg 768w, https:\/\/orisha-ossain.com\/wp-content\/uploads\/2023\/07\/KURTR.jpg 800w\" sizes=\"(max-width: 300px) 100vw, 300px\" \/><\/a><\/p>\n<h2 style=\"text-align: center;\"><a href=\"http:\/\/orisha-ossain.com\/es\/product-category\/tepi\/\">Tepi<\/a> y Kuripe<span style=\"font-size: 16px;\">\u00a0<\/span><\/h2>\n<p style=\"text-align: center;\">Echa un vistazo a la colecci\u00f3n de Tepi y Kuripe. Hay disponibles varios estilos de diferentes artistas. <a style=\"font-weight: bold; font-family: var(--global-body-font-family);\" href=\"http:\/\/orisha-ossain.com\/wp-content\/uploads\/2023\/06\/Tepi-Blessings.jpg\"><img decoding=\"async\" class=\"wp-image-55 size-medium aligncenter\" src=\"http:\/\/orisha-ossain.com\/wp-content\/uploads\/2023\/06\/Tepi-Blessings-300x199.jpg\" alt=\"Tepis reciben la bendici\u00f3n de sus creadores\" width=\"300\" height=\"199\" srcset=\"https:\/\/orisha-ossain.com\/wp-content\/uploads\/2023\/06\/Tepi-Blessings-300x199.jpg 300w, https:\/\/orisha-ossain.com\/wp-content\/uploads\/2023\/06\/Tepi-Blessings.jpg 640w\" sizes=\"(max-width: 300px) 100vw, 300px\" \/><\/a><span style=\"font-size: 14px; font-family: var(--global-body-font-family);\">Tepis reciben la bendici\u00f3n de sus creadores<\/span><\/p>","protected":false},"excerpt":{"rendered":"<p>Nuevo dise\u00f1o mejorado<\/p>\n<p>Kuripe de bamb\u00fa.<br \/>\nMuy buena calidad. las roscas est\u00e1n muy bien sujetas. Con energizador de cobre.<\/p>","protected":false},"featured_media":988,"template":"","meta":{"_seopress_robots_primary_cat":"none","_seopress_titles_title":"","_seopress_titles_desc":"New improved design!\r\n\r\nBamboo Kuripe colored threads.\r\nVery nice quality. the threads are very securely attached. With copper energizer.","_seopress_robots_index":"","_kad_blocks_custom_css":"","_kad_blocks_head_custom_js":"","_kad_blocks_body_custom_js":"","_kad_blocks_footer_custom_js":"","_kad_post_transparent":"default","_kad_post_title":"","_kad_post_layout":"default","_kad_post_sidebar_id":"","_kad_post_content_style":"default","_kad_post_vertical_padding":"default","_kad_post_feature":"","_kad_post_feature_position":"","_kad_post_header":false,"_kad_post_footer":false,"_kad_post_classname":""},"product_brand":[],"product_cat":[67],"product_tag":[75],"class_list":{"0":"post-782","1":"product","2":"type-product","3":"status-publish","4":"has-post-thumbnail","6":"product_cat-kuripe","7":"product_tag-kuripe","9":"first","10":"outofstock","11":"taxable","12":"shipping-taxable","13":"purchasable","14":"product-type-variable","15":"entry","16":"content-bg","17":"loop-entry"},"taxonomy_info":{"product_cat":[{"value":67,"label":"Kuripe"}],"product_tag":[{"value":75,"label":"Kuripe"}]},"featured_image_src_large":["https:\/\/orisha-ossain.com\/wp-content\/uploads\/2023\/07\/20210518_151456.jpg",600,379,false],"author_info":[],"comment_info":"","_links":{"self":[{"href":"https:\/\/orisha-ossain.com\/es\/wp-json\/wp\/v2\/product\/782","targetHints":{"allow":["GET"]}}],"collection":[{"href":"https:\/\/orisha-ossain.com\/es\/wp-json\/wp\/v2\/product"}],"about":[{"href":"https:\/\/orisha-ossain.com\/es\/wp-json\/wp\/v2\/types\/product"}],"wp:featuredmedia":[{"embeddable":true,"href":"https:\/\/orisha-ossain.com\/es\/wp-json\/wp\/v2\/media\/988"}],"wp:attachment":[{"href":"https:\/\/orisha-ossain.com\/es\/wp-json\/wp\/v2\/media?parent=782"}],"wp:term":[{"taxonomy":"product_brand","embeddable":true,"href":"https:\/\/orisha-ossain.com\/es\/wp-json\/wp\/v2\/product_brand?post=782"},{"taxonomy":"product_cat","embeddable":true,"href":"https:\/\/orisha-ossain.com\/es\/wp-json\/wp\/v2\/product_cat?post=782"},{"taxonomy":"product_tag","embeddable":true,"href":"https:\/\/orisha-ossain.com\/es\/wp-json\/wp\/v2\/product_tag?post=782"}],"curies":[{"name":"wp","href":"https:\/\/api.w.org\/{rel}","templated":true}]}}