{"id":752,"date":"2023-08-19T12:00:30","date_gmt":"2023-08-19T10:00:30","guid":{"rendered":"http:\/\/orisha-ossain.com\/?post_type=product&#038;p=752"},"modified":"2026-04-20T10:04:52","modified_gmt":"2026-04-20T08:04:52","slug":"kuripe-simple-de-bambu","status":"publish","type":"product","link":"https:\/\/orisha-ossain.com\/es\/product\/simple-bamboo-kuripe\/","title":{"rendered":"Kuripe de bamb\u00fa simple"},"content":{"rendered":"<p>Estos kuripe de bamb\u00fa vienen en 2 tama\u00f1os, peque\u00f1o y mediano. Independientemente de eso tienen varios di\u00e1metros.<\/p>\n<p><a href=\"http:\/\/orisha-ossain.com\/wp-content\/uploads\/2024\/08\/s0111.jpg\"><img decoding=\"async\" class=\"aligncenter wp-image-3819 size-full\" src=\"http:\/\/orisha-ossain.com\/wp-content\/uploads\/2024\/08\/s0111.jpg\" alt=\"\" width=\"1705\" height=\"1825\" srcset=\"https:\/\/orisha-ossain.com\/wp-content\/uploads\/2024\/08\/s0111.jpg 1705w, https:\/\/orisha-ossain.com\/wp-content\/uploads\/2024\/08\/s0111-280x300.jpg 280w, https:\/\/orisha-ossain.com\/wp-content\/uploads\/2024\/08\/s0111-957x1024.jpg 957w, https:\/\/orisha-ossain.com\/wp-content\/uploads\/2024\/08\/s0111-768x822.jpg 768w, https:\/\/orisha-ossain.com\/wp-content\/uploads\/2024\/08\/s0111-1435x1536.jpg 1435w\" sizes=\"(max-width: 1705px) 100vw, 1705px\" \/><\/a><\/p>\n<h2 style=\"text-align: center;\"><a href=\"http:\/\/orisha-ossain.com\/es\/product-category\/tepi\/\">Tepi<\/a> y Kuripe<span style=\"font-size: 16px;\">\u00a0<\/span><\/h2>\n<p style=\"text-align: center;\">Echa un vistazo a la colecci\u00f3n de Tepi y Kuripe. Hay disponibles varios estilos de diferentes artistas. <a style=\"font-weight: bold; font-family: var(--global-body-font-family);\" href=\"http:\/\/orisha-ossain.com\/wp-content\/uploads\/2023\/06\/Tepi-Blessings.jpg\"><img decoding=\"async\" class=\"wp-image-55 size-medium aligncenter\" src=\"http:\/\/orisha-ossain.com\/wp-content\/uploads\/2023\/06\/Tepi-Blessings-300x199.jpg\" alt=\"Tepis reciben la bendici\u00f3n de sus creadores\" width=\"300\" height=\"199\" srcset=\"https:\/\/orisha-ossain.com\/wp-content\/uploads\/2023\/06\/Tepi-Blessings-300x199.jpg 300w, https:\/\/orisha-ossain.com\/wp-content\/uploads\/2023\/06\/Tepi-Blessings.jpg 640w\" sizes=\"(max-width: 300px) 100vw, 300px\" \/><\/a><span style=\"font-size: 14px; font-family: var(--global-body-font-family);\">Tepis reciben la bendici\u00f3n de sus creadores<\/span><\/p>","protected":false},"excerpt":{"rendered":"<p>Kuripe de bamb\u00fa.<\/p>\n<p>Estos kuripes vienen en 2 tama\u00f1os.  Peque\u00f1o y mediano.<br \/>\nTodos tienen diversos di\u00e1metros.<br \/>\nKuripe de bamb\u00fa ligero con varios motivos.<br \/>\nSimple y eficaz.<\/p>","protected":false},"featured_media":3818,"template":"","meta":{"_seopress_robots_primary_cat":"none","_seopress_titles_title":"Lightweight Bamboo Kuripe with various patterns -","_seopress_titles_desc":"These kuripes come in 2 sizes.\u00a0 Small and medium.\r\nAll have various diameters.\r\nLightweight Bamboo Kuripe with various patterns.","_seopress_robots_index":"","_kad_blocks_custom_css":"","_kad_blocks_head_custom_js":"","_kad_blocks_body_custom_js":"","_kad_blocks_footer_custom_js":"","_kad_post_transparent":"default","_kad_post_title":"","_kad_post_layout":"default","_kad_post_sidebar_id":"","_kad_post_content_style":"default","_kad_post_vertical_padding":"default","_kad_post_feature":"","_kad_post_feature_position":"","_kad_post_header":false,"_kad_post_footer":false,"_kad_post_classname":""},"product_brand":[],"product_cat":[67],"product_tag":[75],"class_list":{"0":"post-752","1":"product","2":"type-product","3":"status-publish","4":"has-post-thumbnail","6":"product_cat-kuripe","7":"product_tag-kuripe","9":"first","10":"instock","11":"taxable","12":"shipping-taxable","13":"purchasable","14":"product-type-variable","15":"entry","16":"content-bg","17":"loop-entry"},"taxonomy_info":{"product_cat":[{"value":67,"label":"Kuripe"}],"product_tag":[{"value":75,"label":"Kuripe"}]},"featured_image_src_large":["https:\/\/orisha-ossain.com\/wp-content\/uploads\/2024\/08\/s011-1024x928.jpg",1024,928,true],"author_info":[],"comment_info":"","_links":{"self":[{"href":"https:\/\/orisha-ossain.com\/es\/wp-json\/wp\/v2\/product\/752","targetHints":{"allow":["GET"]}}],"collection":[{"href":"https:\/\/orisha-ossain.com\/es\/wp-json\/wp\/v2\/product"}],"about":[{"href":"https:\/\/orisha-ossain.com\/es\/wp-json\/wp\/v2\/types\/product"}],"wp:featuredmedia":[{"embeddable":true,"href":"https:\/\/orisha-ossain.com\/es\/wp-json\/wp\/v2\/media\/3818"}],"wp:attachment":[{"href":"https:\/\/orisha-ossain.com\/es\/wp-json\/wp\/v2\/media?parent=752"}],"wp:term":[{"taxonomy":"product_brand","embeddable":true,"href":"https:\/\/orisha-ossain.com\/es\/wp-json\/wp\/v2\/product_brand?post=752"},{"taxonomy":"product_cat","embeddable":true,"href":"https:\/\/orisha-ossain.com\/es\/wp-json\/wp\/v2\/product_cat?post=752"},{"taxonomy":"product_tag","embeddable":true,"href":"https:\/\/orisha-ossain.com\/es\/wp-json\/wp\/v2\/product_tag?post=752"}],"curies":[{"name":"wp","href":"https:\/\/api.w.org\/{rel}","templated":true}]}}