{"id":748,"date":"2023-07-06T15:35:32","date_gmt":"2023-07-06T13:35:32","guid":{"rendered":"http:\/\/orisha-ossain.com\/?post_type=product&#038;p=748"},"modified":"2026-04-10T10:35:38","modified_gmt":"2026-04-10T08:35:38","slug":"rape-caneleiro-shanenawa","status":"publish","type":"product","link":"https:\/\/orisha-ossain.com\/es\/product\/rape-caneleiro-shanenawa\/","title":{"rendered":"Rap\u00e9 Caneleiro Shanenawa"},"content":{"rendered":"<h2>Rap\u00e9 Caneleiro Shanenawa<\/h2>\n<ul>\n<li>Rap\u00e9 Caneleiro Shanenawa, un prestigioso rap\u00e9 de la tribu Shanenawa, ofrece un agradable equilibrio energ\u00e9tico. Proporciona efectos iniciales fuertes pero estables, con agradables tonos dulces y una producci\u00f3n m\u00ednima de flema.<\/li>\n<li>Los Shanenawa s\u00f3lo fabrican unos pocos tipos de rap\u00e9. El jefe ha designado a dos miembros de la tribu para que contin\u00faen la tradici\u00f3n de fabricar rap\u00e9.<\/li>\n<li>La corteza de Caneleiro (Cenostigma macrophyllum) produce excelentes cenizas. Aunque es menos com\u00fan que el Tsunu, produce grandes efectos. Los indios de Acre tratan el Caneleiro y la Canela de Velho de la misma manera, ya que ambas plantas comparten propiedades similares. Sin embargo, son \u00e1rboles distintos. El Caneleiro es m\u00e1s peque\u00f1o, mientras que la Canela de Velho es m\u00e1s grande, aunque ambos pertenecen a la misma familia y comparten propiedades medicinales similares.<\/li>\n<li>Esta planta reduce el dolor y la inflamaci\u00f3n, sobre todo en las articulaciones, la espalda y afecciones como la artrosis, la artritis reumatoide, la bursitis y el reumatismo, adem\u00e1s de ayudar a purificar la sangre.<\/li>\n<\/ul>\n<h2>Acerca de Cenostigma Macrophyllum<\/h2>\n<ul>\n<li>El primer avistamiento registrado de esta especie brasile\u00f1a se produjo en Mato Grosso hace m\u00e1s de 150 a\u00f1os.<\/li>\n<li>Este \u00e1rbol prospera en las regiones norte, nordeste, centro-oeste y sudeste de Brasil. De septiembre a diciembre y de nuevo de febrero a julio, el \u00e1rbol se cubre de racimos de flores amarillas, que recuerdan a las orqu\u00eddeas. Estas flores atraen a varios insectos y p\u00e1jaros con su fragante aroma.<\/li>\n<li>El \u00e1rbol de Caneleiro suele crecer entre 10 y 20 metros de altura.<\/li>\n<\/ul>\n<figure id=\"attachment_169\" aria-describedby=\"caption-attachment-169\" style=\"width: 700px\" class=\"wp-caption aligncenter\"><a href=\"http:\/\/orisha-ossain.com\/wp-content\/uploads\/2023\/06\/Cenostigma-Macrophyllum-used-for-Caneleiro-Rape.jpg\"><img decoding=\"async\" class=\"wp-image-169 size-full\" src=\"http:\/\/orisha-ossain.com\/wp-content\/uploads\/2023\/06\/Cenostigma-Macrophyllum-used-for-Caneleiro-Rape.jpg\" alt=\"Varios \u00e1rboles grandes de Cenostigma Macrophyllum, las cenizas de la corteza se utilizan para rap\u00e9 Caneleiro Shanenawa\" width=\"700\" height=\"434\" srcset=\"https:\/\/orisha-ossain.com\/wp-content\/uploads\/2023\/06\/Cenostigma-Macrophyllum-used-for-Caneleiro-Rape.jpg 700w, https:\/\/orisha-ossain.com\/wp-content\/uploads\/2023\/06\/Cenostigma-Macrophyllum-used-for-Caneleiro-Rape-300x186.jpg 300w\" sizes=\"(max-width: 700px) 100vw, 700px\" \/><\/a><figcaption id=\"caption-attachment-169\" class=\"wp-caption-text\">El \u00e1rbol Cenostigma Macrophyllum<\/figcaption><\/figure>","protected":false},"excerpt":{"rendered":"<p>Despu\u00e9s de mucha paciencia y de hablar con varios amigos en Brasil ahora estoy feliz de ofrecer esta variante Caneleiro de la tribu Shanenewa. Me siento bendecido de ofrecer este rap\u00e9 de una tribu muy peque\u00f1a que hace s\u00f3lo unos pocos tipos de rap\u00e9 tribales tradicionales de alta calidad.<\/p>","protected":false},"featured_media":35620,"template":"","meta":{"_seopress_robots_primary_cat":"none","_seopress_titles_title":"Rap\u00e9 Caneleiro Shanenawa - A Prestigious Rap\u00e9 - %%sitetitle%%","_seopress_titles_desc":"Discover the prestigious Rap\u00e9 Caneleiro Shanenawa. Its known for its strong and stable effects, sweet after-tones, and medicinal properties.","_seopress_robots_index":"","_kad_blocks_custom_css":"","_kad_blocks_head_custom_js":"","_kad_blocks_body_custom_js":"","_kad_blocks_footer_custom_js":"","_kad_post_transparent":"default","_kad_post_title":"","_kad_post_layout":"default","_kad_post_sidebar_id":"","_kad_post_content_style":"default","_kad_post_vertical_padding":"default","_kad_post_feature":"","_kad_post_feature_position":"","_kad_post_header":false,"_kad_post_footer":false,"_kad_post_classname":""},"product_brand":[],"product_cat":[50],"product_tag":[60],"class_list":{"0":"post-748","1":"product","2":"type-product","3":"status-publish","4":"has-post-thumbnail","6":"product_cat-rape","7":"product_tag-shanenawa","9":"first","10":"instock","11":"taxable","12":"shipping-taxable","13":"purchasable","14":"product-type-variable","15":"entry","16":"content-bg","17":"loop-entry"},"taxonomy_info":{"product_cat":[{"value":50,"label":"Rap\u00e9"}],"product_tag":[{"value":60,"label":"Shanenawa"}]},"featured_image_src_large":["https:\/\/orisha-ossain.com\/wp-content\/uploads\/2024\/11\/Caneleiro-Shanenawa_Orisha_Ossain.png",736,736,false],"author_info":[],"comment_info":"","_links":{"self":[{"href":"https:\/\/orisha-ossain.com\/es\/wp-json\/wp\/v2\/product\/748","targetHints":{"allow":["GET"]}}],"collection":[{"href":"https:\/\/orisha-ossain.com\/es\/wp-json\/wp\/v2\/product"}],"about":[{"href":"https:\/\/orisha-ossain.com\/es\/wp-json\/wp\/v2\/types\/product"}],"wp:featuredmedia":[{"embeddable":true,"href":"https:\/\/orisha-ossain.com\/es\/wp-json\/wp\/v2\/media\/35620"}],"wp:attachment":[{"href":"https:\/\/orisha-ossain.com\/es\/wp-json\/wp\/v2\/media?parent=748"}],"wp:term":[{"taxonomy":"product_brand","embeddable":true,"href":"https:\/\/orisha-ossain.com\/es\/wp-json\/wp\/v2\/product_brand?post=748"},{"taxonomy":"product_cat","embeddable":true,"href":"https:\/\/orisha-ossain.com\/es\/wp-json\/wp\/v2\/product_cat?post=748"},{"taxonomy":"product_tag","embeddable":true,"href":"https:\/\/orisha-ossain.com\/es\/wp-json\/wp\/v2\/product_tag?post=748"}],"curies":[{"name":"wp","href":"https:\/\/api.w.org\/{rel}","templated":true}]}}