{"id":744,"date":"2023-07-06T15:21:50","date_gmt":"2023-07-06T13:21:50","guid":{"rendered":"http:\/\/orisha-ossain.com\/?post_type=product&#038;p=744"},"modified":"2026-04-12T19:21:06","modified_gmt":"2026-04-12T17:21:06","slug":"rape-canela-de-velho","status":"publish","type":"product","link":"https:\/\/orisha-ossain.com\/es\/product\/rape-canela-de-velho\/","title":{"rendered":"Rap\u00e9 Canela de Velho"},"content":{"rendered":"<h2>Rap\u00e9 Canela de Velho<\/h2>\n<ul>\n<li>Rap\u00e9 Canela de Velho procede de la peque\u00f1a tribu de indios Shanenawa de la regi\u00f3n de Feijo. Este rap\u00e9 se adapta a las personas m\u00e1s experimentadas, ya que accede a las capas m\u00e1s profundas de nuestro ser.<\/li>\n<li>Se dirige a tres centros: mental, emocional y f\u00edsico, llevando la energ\u00eda de la tierra desde la cabeza hasta la ra\u00edz.<\/li>\n<li>Hace maravillas en los chakras ra\u00edz, plexo solar y sacro.<\/li>\n<\/ul>\n<h2>Valores medicinales<\/h2>\n<ul>\n<li>La Miconia albicans, especie arbustiva de la familia de las Melastomataceae, prospera tanto en Norteam\u00e9rica como en Sudam\u00e9rica.<\/li>\n<li>Durante siglos, la gente ha utilizado la Canela de Velho como remedio sagrado para los dolores cr\u00f3nicos de rodillas, columna vertebral y articulaciones.<\/li>\n<li>Esta planta sigue siendo un recurso maravilloso y sagrado.<\/li>\n<\/ul>\n<p><a href=\"http:\/\/orisha-ossain.com\/wp-content\/uploads\/2023\/06\/Miconia-albicans.png\"><img decoding=\"async\" class=\"aligncenter wp-image-189 size-medium\" src=\"http:\/\/orisha-ossain.com\/wp-content\/uploads\/2023\/06\/Miconia-albicans-300x297.png\" alt=\"Primer plano de una hoja de cepillo de Miconia albicans. Se utiliza en rap\u00e9 Canela de velho\" width=\"300\" height=\"297\" srcset=\"https:\/\/orisha-ossain.com\/wp-content\/uploads\/2023\/06\/Miconia-albicans-300x297.png 300w, https:\/\/orisha-ossain.com\/wp-content\/uploads\/2023\/06\/Miconia-albicans-100x100.png 100w, https:\/\/orisha-ossain.com\/wp-content\/uploads\/2023\/06\/Miconia-albicans-1024x1015.png 1024w, https:\/\/orisha-ossain.com\/wp-content\/uploads\/2023\/06\/Miconia-albicans-150x150.png 150w, https:\/\/orisha-ossain.com\/wp-content\/uploads\/2023\/06\/Miconia-albicans-768x761.png 768w, https:\/\/orisha-ossain.com\/wp-content\/uploads\/2023\/06\/Miconia-albicans.png 1211w\" sizes=\"(max-width: 300px) 100vw, 300px\" \/><\/a><\/p>\n<h2>Acerca de la Canela de Velho (Miconia albicans)<\/h2>\n<p>La Miconia albicans, com\u00fanmente conocida como Canela de Velho, es un arbusto originario de Am\u00e9rica del Norte y del Sur, especialmente frecuente en la selva amaz\u00f3nica. Tradicionalmente, las comunidades ind\u00edgenas han utilizado diversas partes de esta planta con fines medicinales. En el contexto del rap\u00e9 de tabaco, la ceniza de Canela de Velho se incorpora a ciertas mezclas rap\u00e9, potenciando sus propiedades terap\u00e9uticas.<\/p>\n<p>El rap\u00e9 es un rap\u00e9 sagrado utilizado por varias tribus ind\u00edgenas de la cuenca del Amazonas. Normalmente consiste en tabaco finamente molido mezclado con cenizas de plantas espec\u00edficas, creando una potente mezcla con efectos tanto f\u00edsicos como espirituales. La inclusi\u00f3n de Canela de Velho en rap\u00e9 se valora por sus propiedades antiinflamatorias, antioxidantes y analg\u00e9sicas, que contribuyen a los efectos curativos y enraizantes generales del rap\u00e9.<\/p>\n<p>La tribu Huni Kuin crea un potente rap\u00e9 llamado Canela de Velho, que mezcla Miconia albicans (Canela de Velho) con Sabi\u00e1 mapacho. Esta combinaci\u00f3n ofrece potentes beneficios curativos, como la reducci\u00f3n de la inflamaci\u00f3n y el alivio del dolor articular. La Miconia albicans y el tabaco Sabi\u00e1 trabajan juntos en este rap\u00e9, no s\u00f3lo como remedio medicinal, sino tambi\u00e9n como herramienta de purificaci\u00f3n espiritual y conexi\u00f3n m\u00e1s profunda. Muchas comunidades ind\u00edgenas del Amazonas incorporan este rap\u00e9 sagrado a sus rituales, convirti\u00e9ndolo en una parte esencial de sus pr\u00e1cticas culturales y espirituales.<\/p>\n<p>En resumen, Miconia albicans desempe\u00f1a un papel importante en la preparaci\u00f3n de los rap\u00e9s de tabaco tradicionales, en particular el rap\u00e9, al potenciar sus propiedades medicinales y espirituales.<\/p>","protected":false},"excerpt":{"rendered":"<p>Experimente los poderosos efectos del Rap\u00e9 Canela de Velho, un rap\u00e9 sagrado que produce la tribu Shanenawa.<\/p>","protected":false},"featured_media":35618,"template":"","meta":{"_seopress_robots_primary_cat":"none","_seopress_titles_title":"Rap\u00e9 Canela de Velho -Sacred - Rated Strong - Shanenawa","_seopress_titles_desc":"Experience the powerful effects of Rap\u00e9 Canela de Velho, a sacred snuff that the Shanenawa tribe produces. This type is rated strong!","_seopress_robots_index":"","_kad_blocks_custom_css":"","_kad_blocks_head_custom_js":"","_kad_blocks_body_custom_js":"","_kad_blocks_footer_custom_js":"","_kad_post_transparent":"default","_kad_post_title":"","_kad_post_layout":"default","_kad_post_sidebar_id":"","_kad_post_content_style":"default","_kad_post_vertical_padding":"default","_kad_post_feature":"","_kad_post_feature_position":"","_kad_post_header":false,"_kad_post_footer":false,"_kad_post_classname":""},"product_brand":[],"product_cat":[50],"product_tag":[60],"class_list":{"0":"post-744","1":"product","2":"type-product","3":"status-publish","4":"has-post-thumbnail","6":"product_cat-rape","7":"product_tag-shanenawa","9":"first","10":"instock","11":"taxable","12":"shipping-taxable","13":"purchasable","14":"product-type-variable","15":"entry","16":"content-bg","17":"loop-entry"},"taxonomy_info":{"product_cat":[{"value":50,"label":"Rap\u00e9"}],"product_tag":[{"value":60,"label":"Shanenawa"}]},"featured_image_src_large":["https:\/\/orisha-ossain.com\/wp-content\/uploads\/2024\/11\/Canela-de-Velho-paars_Orisha_Ossain.png",736,736,false],"author_info":[],"comment_info":"","_links":{"self":[{"href":"https:\/\/orisha-ossain.com\/es\/wp-json\/wp\/v2\/product\/744","targetHints":{"allow":["GET"]}}],"collection":[{"href":"https:\/\/orisha-ossain.com\/es\/wp-json\/wp\/v2\/product"}],"about":[{"href":"https:\/\/orisha-ossain.com\/es\/wp-json\/wp\/v2\/types\/product"}],"wp:featuredmedia":[{"embeddable":true,"href":"https:\/\/orisha-ossain.com\/es\/wp-json\/wp\/v2\/media\/35618"}],"wp:attachment":[{"href":"https:\/\/orisha-ossain.com\/es\/wp-json\/wp\/v2\/media?parent=744"}],"wp:term":[{"taxonomy":"product_brand","embeddable":true,"href":"https:\/\/orisha-ossain.com\/es\/wp-json\/wp\/v2\/product_brand?post=744"},{"taxonomy":"product_cat","embeddable":true,"href":"https:\/\/orisha-ossain.com\/es\/wp-json\/wp\/v2\/product_cat?post=744"},{"taxonomy":"product_tag","embeddable":true,"href":"https:\/\/orisha-ossain.com\/es\/wp-json\/wp\/v2\/product_tag?post=744"}],"curies":[{"name":"wp","href":"https:\/\/api.w.org\/{rel}","templated":true}]}}