{"id":734,"date":"2023-07-05T19:30:48","date_gmt":"2023-07-05T17:30:48","guid":{"rendered":"http:\/\/orisha-ossain.com\/?post_type=product&#038;p=734"},"modified":"2026-04-19T13:30:47","modified_gmt":"2026-04-19T11:30:47","slug":"rape-veia-de-paje","status":"publish","type":"product","link":"https:\/\/orisha-ossain.com\/es\/product\/rape-veia-de-paje\/","title":{"rendered":"Rap\u00e9 Veia de Paj\u00e9"},"content":{"rendered":"<h2>Rap\u00e9 Veia de Paj\u00e9<\/h2>\n<p>El Rap\u00e9 Veia de Paj\u00e9 tiene sus ra\u00edces en la cuenca del Amazonas. La Veia de Paj\u00e9 (\"Vena de Cham\u00e1n\") es una fina liana de la selva amaz\u00f3nica. La tribu Kuntanawa le dio su nombre y la utiliza para diferentes tipos de magia en la selva. La vid mantiene a raya las energ\u00edas negativas y atrae las positivas, como un atractor energ\u00e9tico.<br \/>\nVeia de Paj\u00e9 atrae cosas buenas, pero es bueno mantener nuestra mente firme y enfocada en lo que queremos llamar y no atraer las cosas equivocadas.<\/p>\n<p><a href=\"http:\/\/orisha-ossain.com\/wp-content\/uploads\/2023\/07\/v04.jpg\"><img decoding=\"async\" class=\"aligncenter wp-image-738 size-full\" src=\"http:\/\/orisha-ossain.com\/wp-content\/uploads\/2023\/07\/v04.jpg\" alt=\"close up rap\u00e9 veia de paj\u00e9\" width=\"600\" height=\"487\" srcset=\"https:\/\/orisha-ossain.com\/wp-content\/uploads\/2023\/07\/v04.jpg 600w, https:\/\/orisha-ossain.com\/wp-content\/uploads\/2023\/07\/v04-300x244.jpg 300w\" sizes=\"(max-width: 600px) 100vw, 600px\" \/><\/a><\/p>\n<p>En el esp\u00edritu Rap\u00e9 Veia de Paj\u00e9 ayuda en la protecci\u00f3n contra los celos y la persecuci\u00f3n espiritual, d\u00e1ndonos siempre una buena direcci\u00f3n de conducta adecuada y pensamientos de alquimia espiritual. F\u00edsicamente Veia de Paj\u00e9 ayuda a prevenir problemas card\u00edacos, regula el ritmo card\u00edaco, ayuda a la circulaci\u00f3n y alivia el cansancio y el dolor. Es muy utilizada por los jefes de las tribus indias y por los Paj\u00e9s (Chamanes).<\/p>\n<p><a href=\"http:\/\/orisha-ossain.com\/wp-content\/uploads\/2023\/07\/kuntanawa-tribe.jpg\"><img decoding=\"async\" class=\"aligncenter wp-image-739 size-medium\" src=\"http:\/\/orisha-ossain.com\/wp-content\/uploads\/2023\/07\/kuntanawa-tribe-300x200.jpg\" alt=\"Tribu Kuntanawa en un d\u00eda de siembra, rap\u00e9 Veia de Paj\u00e9\" width=\"300\" height=\"200\" srcset=\"https:\/\/orisha-ossain.com\/wp-content\/uploads\/2023\/07\/kuntanawa-tribe-300x200.jpg 300w, https:\/\/orisha-ossain.com\/wp-content\/uploads\/2023\/07\/kuntanawa-tribe-1024x683.jpg 1024w, https:\/\/orisha-ossain.com\/wp-content\/uploads\/2023\/07\/kuntanawa-tribe-768x512.jpg 768w, https:\/\/orisha-ossain.com\/wp-content\/uploads\/2023\/07\/kuntanawa-tribe.jpg 1152w\" sizes=\"(max-width: 300px) 100vw, 300px\" \/><\/a><\/p>","protected":false},"excerpt":{"rendered":"<p>El Rap\u00e9 Veia de Paj\u00e9 tiene sus ra\u00edces en la cuenca del Amazonas. Veia de Paj\u00e9 (Vena de Cham\u00e1n). Un rap\u00e9 especial de Kuntanawa.<\/p>\n<p>Nombre: Veia de Paj\u00e9.<br \/>\nTribu: Kuntanawa<br \/>\nOrigen: Cerca de Cruzeiro de Sul, Arce Brasil<br \/>\nComposici\u00f3n: cenizas de sanu p\u00farpura y la vid \"Veia de Paj\u00e9\".<\/p>\n<p>&nbsp;<\/p>","protected":false},"featured_media":35681,"template":"","meta":{"_seopress_robots_primary_cat":"none","_seopress_titles_title":"Rap\u00e9 Veia de Paj\u00e9 - From the Amazon - Pure Power -","_seopress_titles_desc":"Rap\u00e9 Veia de Paj\u00e9 has its roots in the Amazon\u00a0basin.\u00a0Veia de Paj\u00e9 (Shamans Vein).\u00a0A special Kuntanawa Snuff.","_seopress_robots_index":"","_kad_blocks_custom_css":"","_kad_blocks_head_custom_js":"","_kad_blocks_body_custom_js":"","_kad_blocks_footer_custom_js":"","_kad_post_transparent":"default","_kad_post_title":"","_kad_post_layout":"default","_kad_post_sidebar_id":"","_kad_post_content_style":"default","_kad_post_vertical_padding":"default","_kad_post_feature":"","_kad_post_feature_position":"","_kad_post_header":false,"_kad_post_footer":false,"_kad_post_classname":""},"product_brand":[],"product_cat":[50],"product_tag":[57],"class_list":{"0":"post-734","1":"product","2":"type-product","3":"status-publish","4":"has-post-thumbnail","6":"product_cat-rape","7":"product_tag-kuntanawa","9":"first","10":"instock","11":"featured","12":"taxable","13":"shipping-taxable","14":"purchasable","15":"product-type-variable","16":"entry","17":"content-bg","18":"loop-entry"},"taxonomy_info":{"product_cat":[{"value":50,"label":"Rap\u00e9"}],"product_tag":[{"value":57,"label":"Kuntanawa"}]},"featured_image_src_large":["https:\/\/orisha-ossain.com\/wp-content\/uploads\/2024\/11\/Veia-de-Paje_Orisha_Ossain.png",736,736,false],"author_info":[],"comment_info":"","_links":{"self":[{"href":"https:\/\/orisha-ossain.com\/es\/wp-json\/wp\/v2\/product\/734","targetHints":{"allow":["GET"]}}],"collection":[{"href":"https:\/\/orisha-ossain.com\/es\/wp-json\/wp\/v2\/product"}],"about":[{"href":"https:\/\/orisha-ossain.com\/es\/wp-json\/wp\/v2\/types\/product"}],"wp:featuredmedia":[{"embeddable":true,"href":"https:\/\/orisha-ossain.com\/es\/wp-json\/wp\/v2\/media\/35681"}],"wp:attachment":[{"href":"https:\/\/orisha-ossain.com\/es\/wp-json\/wp\/v2\/media?parent=734"}],"wp:term":[{"taxonomy":"product_brand","embeddable":true,"href":"https:\/\/orisha-ossain.com\/es\/wp-json\/wp\/v2\/product_brand?post=734"},{"taxonomy":"product_cat","embeddable":true,"href":"https:\/\/orisha-ossain.com\/es\/wp-json\/wp\/v2\/product_cat?post=734"},{"taxonomy":"product_tag","embeddable":true,"href":"https:\/\/orisha-ossain.com\/es\/wp-json\/wp\/v2\/product_tag?post=734"}],"curies":[{"name":"wp","href":"https:\/\/api.w.org\/{rel}","templated":true}]}}