{"id":730,"date":"2023-07-05T19:26:31","date_gmt":"2023-07-05T17:26:31","guid":{"rendered":"http:\/\/orisha-ossain.com\/?post_type=product&#038;p=730"},"modified":"2026-04-12T12:05:18","modified_gmt":"2026-04-12T10:05:18","slug":"rape-yunu","status":"publish","type":"product","link":"https:\/\/orisha-ossain.com\/es\/product\/rape-yunu\/","title":{"rendered":"Rap\u00e9 Yunu"},"content":{"rendered":"<h2>Rap\u00e9 Yunu<\/h2>\n<p>Rap\u00e9 Yunu es un tipo de rap\u00e9 bastante desconocido de la tribu Kuntanawa. El Yunu es un \u00e1rbol que crece en el h\u00e1bitat de los Kuntanawa. El nombre cient\u00edfico de Yunu sigue siendo desconocido y, de este modo, sigue guardando un poco de los secretos de la tribu.<\/p>\n<p>La hoja seca y pulverizada de Yunu Moi y la ceniza de Tsunu forman la composici\u00f3n de este Rap\u00e9. Los Kuntanawa dicen que el Yunu ayuda contra la depresi\u00f3n y tambi\u00e9n ayuda a limpiar las energ\u00edas negativas. El Rap\u00e9 Yunu tiene una energ\u00eda fresca. Tiene algunas similitudes con la menta, pero sigue siendo completamente diferente.<\/p>\n<h2>Kuntanawa Rap\u00e9<\/h2>\n<p>El Rap\u00e9 producido por Kuntanawa tiene una vibraci\u00f3n \u00fanica.  Una fuerte conexi\u00f3n espiritual que aporta presencia y calma. A veces, a\u00f1aden otras plantas con fuerzas cosmol\u00f3gicas que nos traen suerte, tranquilidad y otros beneficios. Se suelen utilizar de otras formas para proporcionar protecci\u00f3n o bendiciones.<\/p>\n<p>Dicen que estas plantas nos aportan fuerza y claridad para tener actitudes correctas y tomar las decisiones adecuadas. Lo interesante es que el Kuntanwa Rap\u00e9 parece ser m\u00e1s activo en la regi\u00f3n del pecho y el coraz\u00f3n que en la cabeza. Al ser t\u00edpicamente suave, quema menos.<br \/>\nMucha gente considera este Rap\u00e9 un abridor del coraz\u00f3n. Contiene arapiraca y ceniza \"Tsunu\" (Platycyamus regnellii). Otras recetas pueden contener Sama\u00fama, Nissural, Eric, Sanssara y otras plantas.<\/p>","protected":false},"excerpt":{"rendered":"<p>El nombre cient\u00edfico de Yunu a\u00fan se desconoce y, de este modo, sigue guardando un poco de los secretos de la tribu. Rap\u00e9 Yunu tiene una energ\u00eda fresca. Tiene algunas similitudes con la menta, pero sigue siendo completamente diferente.<\/p>\n<p>Nombre: Yunu<br \/>\nTribu: Kuntanawa<br \/>\nOrigen:  Acre, Brasil<br \/>\nComposici\u00f3n: Moi org\u00e1nico, cenizas de Tsunu y hoja de Yunu.<\/p>\n<p>&nbsp;<\/p>","protected":false},"featured_media":35680,"template":"","meta":{"_seopress_robots_primary_cat":"none","_seopress_titles_title":"Rap\u00e9 Yunu - Direct from the Amazon Forest - %%sitetitle%%","_seopress_titles_desc":"Rap\u00e9 Yunu is a rather unknown type of Snuff from the Kuntanawa tribe. Yunu is a tree that grows in the Kuntanawa's habitat.","_seopress_robots_index":"","_kad_blocks_custom_css":"","_kad_blocks_head_custom_js":"","_kad_blocks_body_custom_js":"","_kad_blocks_footer_custom_js":"","_kad_post_transparent":"default","_kad_post_title":"","_kad_post_layout":"default","_kad_post_sidebar_id":"","_kad_post_content_style":"default","_kad_post_vertical_padding":"default","_kad_post_feature":"","_kad_post_feature_position":"","_kad_post_header":false,"_kad_post_footer":false,"_kad_post_classname":""},"product_brand":[],"product_cat":[50],"product_tag":[57],"class_list":{"0":"post-730","1":"product","2":"type-product","3":"status-publish","4":"has-post-thumbnail","6":"product_cat-rape","7":"product_tag-kuntanawa","9":"first","10":"instock","11":"taxable","12":"shipping-taxable","13":"purchasable","14":"product-type-variable","15":"entry","16":"content-bg","17":"loop-entry"},"taxonomy_info":{"product_cat":[{"value":50,"label":"Rap\u00e9"}],"product_tag":[{"value":57,"label":"Kuntanawa"}]},"featured_image_src_large":["https:\/\/orisha-ossain.com\/wp-content\/uploads\/2024\/11\/Yunu_Orisha_Ossain.png",736,736,false],"author_info":[],"comment_info":"","_links":{"self":[{"href":"https:\/\/orisha-ossain.com\/es\/wp-json\/wp\/v2\/product\/730","targetHints":{"allow":["GET"]}}],"collection":[{"href":"https:\/\/orisha-ossain.com\/es\/wp-json\/wp\/v2\/product"}],"about":[{"href":"https:\/\/orisha-ossain.com\/es\/wp-json\/wp\/v2\/types\/product"}],"wp:featuredmedia":[{"embeddable":true,"href":"https:\/\/orisha-ossain.com\/es\/wp-json\/wp\/v2\/media\/35680"}],"wp:attachment":[{"href":"https:\/\/orisha-ossain.com\/es\/wp-json\/wp\/v2\/media?parent=730"}],"wp:term":[{"taxonomy":"product_brand","embeddable":true,"href":"https:\/\/orisha-ossain.com\/es\/wp-json\/wp\/v2\/product_brand?post=730"},{"taxonomy":"product_cat","embeddable":true,"href":"https:\/\/orisha-ossain.com\/es\/wp-json\/wp\/v2\/product_cat?post=730"},{"taxonomy":"product_tag","embeddable":true,"href":"https:\/\/orisha-ossain.com\/es\/wp-json\/wp\/v2\/product_tag?post=730"}],"curies":[{"name":"wp","href":"https:\/\/api.w.org\/{rel}","templated":true}]}}