{"id":726,"date":"2023-07-05T19:13:13","date_gmt":"2023-07-05T17:13:13","guid":{"rendered":"http:\/\/orisha-ossain.com\/?post_type=product&#038;p=726"},"modified":"2026-04-08T18:25:39","modified_gmt":"2026-04-08T16:25:39","slug":"rape-jarina","status":"publish","type":"product","link":"https:\/\/orisha-ossain.com\/es\/product\/rape-jarina\/","title":{"rendered":"Rap\u00e9 Jarina"},"content":{"rendered":"<h2>Rap\u00e9 Jarina<\/h2>\n<p>Esta Jarina rap\u00e9 procede de la tradici\u00f3n de la tribu Kuntanawa. Lo elaboran con mapacho Sabi\u00e1 brasile\u00f1o de cultivo ecol\u00f3gico y cenizas de un \u00e1rbol llamado Sapota. Lo que da nombre a este rap\u00e9 especial es la edici\u00f3n extra de las flores secas y pulverizadas de la palmera Jarina. Esta palmera (Phytelephas macrocarpa) est\u00e1 muy arraigada en la tradici\u00f3n Kuntanawa.<\/p>\n<p>La palmera Jarina se encuentra muchas veces creciendo muy cerca de las plantas de hoja de Rainha (reina) que se utilizan en la infusi\u00f3n de Ayahuasca. No es raro que se utilicen diferentes partes de la palma de Jarina en el brebaje sagrado.<\/p>\n<p>Las flores pulverizadas de Jarina de este rap\u00e9 act\u00faan principalmente sobre el chakra del tercer ojo y el chakra de la coronilla.<\/p>\n<figure id=\"attachment_179\" aria-describedby=\"caption-attachment-179\" style=\"width: 201px\" class=\"wp-caption aligncenter\"><a href=\"http:\/\/orisha-ossain.com\/wp-content\/uploads\/2023\/06\/Jarina-palm-tree-Phytelephas-macrocarpa.jpg\"><img decoding=\"async\" class=\"size-medium wp-image-179\" src=\"http:\/\/orisha-ossain.com\/wp-content\/uploads\/2023\/06\/Jarina-palm-tree-Phytelephas-macrocarpa-201x300.jpg\" alt=\"para el Rap\u00e9 Jarina se utilizan las flores de la palmera Jarina\" width=\"201\" height=\"300\" srcset=\"https:\/\/orisha-ossain.com\/wp-content\/uploads\/2023\/06\/Jarina-palm-tree-Phytelephas-macrocarpa-201x300.jpg 201w, https:\/\/orisha-ossain.com\/wp-content\/uploads\/2023\/06\/Jarina-palm-tree-Phytelephas-macrocarpa.jpg 535w\" sizes=\"(max-width: 201px) 100vw, 201px\" \/><\/a><figcaption id=\"caption-attachment-179\" class=\"wp-caption-text\">Palmera jarina (Phytelephas macrocarpa)<\/figcaption><\/figure>\n<h2>Aspectos espirituales<\/h2>\n<p>Un rap\u00e9 popular, potente y \"florido\" de la tribu Kuntanaw\u00e1. Muy limpiador y en\u00e9rgicamente enraizante. Ideal para equilibrar energ\u00edas y obtener paz mental. El rap\u00e9 Jarina es un rap\u00e9 muy apreciado entre los Kuntanaw\u00e1. Dicen que las flores de Jarina les hacen invisibles a los enemigos, espirituales y f\u00edsicos, y que las flores mantienen a los enemigos lejos.<\/p>\n<p>En palabras del fabricante. \"Jarina es una medicina llena de secretos con la que s\u00f3lo unos pocos saben trabajar. Esta medicina se utiliza para alejar las energ\u00edas negativas. Aporta equilibrio y una buena direcci\u00f3n, paz y tranquilidad en nuestro camino\".<\/p>\n<p><a href=\"http:\/\/orisha-ossain.com\/wp-content\/uploads\/2023\/06\/Phytelephas-macrocarpa-flower.jpg\"><img decoding=\"async\" class=\"wp-image-193 size-medium aligncenter\" src=\"http:\/\/orisha-ossain.com\/wp-content\/uploads\/2023\/06\/Phytelephas-macrocarpa-flower-225x300.jpg\" alt=\"La flor de Phytelephas macrocarpa, rap\u00e9 jarina\" width=\"225\" height=\"300\" srcset=\"https:\/\/orisha-ossain.com\/wp-content\/uploads\/2023\/06\/Phytelephas-macrocarpa-flower-225x300.jpg 225w, https:\/\/orisha-ossain.com\/wp-content\/uploads\/2023\/06\/Phytelephas-macrocarpa-flower.jpg 496w\" sizes=\"(max-width: 225px) 100vw, 225px\" \/><\/a><\/p>\n<h2>Aspectos espirituales sobre Flor de Jarina<\/h2>\n<p>Oro blanco del bosque, una riqueza misteriosa que se traduce en claridad de visi\u00f3n. Visi\u00f3n superior, alimentada por la confianza en la vida, hoy y ma\u00f1ana. Firmeza en el reino, pilares de la residencia oculta de la gran madre divina.<br \/>\nMe muevo por el bosque en las cuatro direcciones. Estoy segura del don del que soy protectora. Aquellos que me encuentran conocen un tressure. La luz de la conciencia en el blanco de mi oro.<\/p>\n<h2>Otro uso de Jarina<\/h2>\n<p>En muchas formas de artesan\u00eda, los ind\u00edgenas utilizan las semillas de la palmera Jarina. Muchos comparan las semillas con el marfil animal. Tienen un color y un brillo similares. La principal diferencia es su menor dureza y densidad. Las semillas de jarina se conocen com\u00fanmente como marfil vegetal y se utilizan mucho en la fabricaci\u00f3n de biojoyas y artefactos.<\/p>\n<figure id=\"attachment_180\" aria-describedby=\"caption-attachment-180\" style=\"width: 300px\" class=\"wp-caption aligncenter\"><a href=\"http:\/\/orisha-ossain.com\/wp-content\/uploads\/2023\/06\/Jarina-semente1.jpg\"><img decoding=\"async\" class=\"size-medium wp-image-180\" src=\"http:\/\/orisha-ossain.com\/wp-content\/uploads\/2023\/06\/Jarina-semente1-300x225.jpg\" alt=\"Semillas Phytelephas macrocarpa, marfil vegetal, rap\u00e9 Jarina\" width=\"300\" height=\"225\" srcset=\"https:\/\/orisha-ossain.com\/wp-content\/uploads\/2023\/06\/Jarina-semente1-300x225.jpg 300w, https:\/\/orisha-ossain.com\/wp-content\/uploads\/2023\/06\/Jarina-semente1.jpg 600w\" sizes=\"(max-width: 300px) 100vw, 300px\" \/><\/a><figcaption id=\"caption-attachment-180\" class=\"wp-caption-text\">Semillas de Phytelephas macrocarpa, marfil vegetal<\/figcaption><\/figure>\n<h2>General Kuntanawa Rap\u00e9 Propiedades<\/h2>\n<p>Los tipos de Rap\u00e9 producidos por Kuntanawa tienen una vibraci\u00f3n \u00fanica.  Una fuerte conexi\u00f3n espiritual que aporta presencia y calma. Muchas veces, a\u00f1aden otras plantas con fuerzas cosmol\u00f3gicas que nos traen suerte, tranquilidad y otros beneficios. Se utilizan com\u00fanmente para proporcionar protecci\u00f3n o bendiciones.<\/p>","protected":false},"excerpt":{"rendered":"<p>Un rap\u00e9 popular, potente y \"florido\" de la tribu Kuntanaw\u00e1. Muy limpiador y en\u00e9rgicamente enraizante. Ideal para equilibrar energ\u00edas y obtener paz mental. El rap\u00e9 Jarina es un rap\u00e9 muy apreciado entre los Kuntanaw\u00e1.<\/p>\n<ul>\n<li>Sabi\u00e1 mapach<\/li>\n<li>Sopata ceniza<\/li>\n<li>Flores de Jarina<\/li>\n<\/ul>","protected":false},"featured_media":35634,"template":"","meta":{"_seopress_robots_primary_cat":"none","_seopress_titles_title":"Rap\u00e9 Jarina - Very Cleansing & Forcefully Grounding","_seopress_titles_desc":"Rap\u00e9 Jarina is A popular, powerful, and \"flowery\" rap\u00e9 from the Kuntanaw\u00e1 tribe. Very cleansing and forcefully grounding.","_seopress_robots_index":"","_kad_blocks_custom_css":"","_kad_blocks_head_custom_js":"","_kad_blocks_body_custom_js":"","_kad_blocks_footer_custom_js":"","_kad_post_transparent":"default","_kad_post_title":"","_kad_post_layout":"default","_kad_post_sidebar_id":"","_kad_post_content_style":"default","_kad_post_vertical_padding":"default","_kad_post_feature":"","_kad_post_feature_position":"","_kad_post_header":false,"_kad_post_footer":false,"_kad_post_classname":""},"product_brand":[],"product_cat":[50],"product_tag":[57],"class_list":{"0":"post-726","1":"product","2":"type-product","3":"status-publish","4":"has-post-thumbnail","6":"product_cat-rape","7":"product_tag-kuntanawa","9":"first","10":"instock","11":"taxable","12":"shipping-taxable","13":"purchasable","14":"product-type-variable","15":"entry","16":"content-bg","17":"loop-entry"},"taxonomy_info":{"product_cat":[{"value":50,"label":"Rap\u00e9"}],"product_tag":[{"value":57,"label":"Kuntanawa"}]},"featured_image_src_large":["https:\/\/orisha-ossain.com\/wp-content\/uploads\/2024\/11\/Jarina_Orisha_Ossain.png",736,736,false],"author_info":[],"comment_info":"","_links":{"self":[{"href":"https:\/\/orisha-ossain.com\/es\/wp-json\/wp\/v2\/product\/726","targetHints":{"allow":["GET"]}}],"collection":[{"href":"https:\/\/orisha-ossain.com\/es\/wp-json\/wp\/v2\/product"}],"about":[{"href":"https:\/\/orisha-ossain.com\/es\/wp-json\/wp\/v2\/types\/product"}],"wp:featuredmedia":[{"embeddable":true,"href":"https:\/\/orisha-ossain.com\/es\/wp-json\/wp\/v2\/media\/35634"}],"wp:attachment":[{"href":"https:\/\/orisha-ossain.com\/es\/wp-json\/wp\/v2\/media?parent=726"}],"wp:term":[{"taxonomy":"product_brand","embeddable":true,"href":"https:\/\/orisha-ossain.com\/es\/wp-json\/wp\/v2\/product_brand?post=726"},{"taxonomy":"product_cat","embeddable":true,"href":"https:\/\/orisha-ossain.com\/es\/wp-json\/wp\/v2\/product_cat?post=726"},{"taxonomy":"product_tag","embeddable":true,"href":"https:\/\/orisha-ossain.com\/es\/wp-json\/wp\/v2\/product_tag?post=726"}],"curies":[{"name":"wp","href":"https:\/\/api.w.org\/{rel}","templated":true}]}}