{"id":721,"date":"2023-07-05T18:52:01","date_gmt":"2023-07-05T16:52:01","guid":{"rendered":"http:\/\/orisha-ossain.com\/?post_type=product&#038;p=721"},"modified":"2026-04-20T05:53:04","modified_gmt":"2026-04-20T03:53:04","slug":"rape-tete-pawa","status":"publish","type":"product","link":"https:\/\/orisha-ossain.com\/es\/product\/rape-tete-pawa\/","title":{"rendered":"Rap\u00e9 Tete Paw\u00e3"},"content":{"rendered":"<h2>Rap\u00e9 Tete Paw\u00e3<\/h2>\n<p>Rap\u00e9 Tete Paw\u00e3 Kuntanawa es un rap\u00e9 muy bien elaborado que combina una potente Arapiraca, cenizas Tsunu con las aut\u00e9nticas medicinas tribales Kawa Xin\u00e3 y Kum\u00e3. Este rap\u00e9 es una mezcla especial elaborada por uno de los mejores fabricantes de Kuntanawa rap\u00e9 y artesanos de la regi\u00f3n del alto Jurua.<br \/>\nMuy recomendable.<\/p>\n<p>En palabras del fabricante:<br \/>\n\"Kawa Xin\u00e3 es una medicina que limpia nuestros pensamientos y aporta tranquilidad. Kum\u00e3 trae fuerza y firmeza d\u00e1ndonos direcci\u00f3n en nuestros estudios espirituales. Rap\u00e9 Tete Paw\u00e3 es para la elevaci\u00f3n espiritual, y la calma en nuestro viaje, y da concentraci\u00f3n. Nos aporta el poder del renacimiento.<\/p>\n<h2>Atributos de Rap\u00e9 Tete Paw\u00e3<\/h2>\n<p>Rap\u00e9 Tete Paw\u00e3 purifica y enra\u00edza, ayudando a las personas a estar presentes y a tomar decisiones importantes. Ayuda a descubrir el camino espiritual y vital revelando la verdad y la realidad.<\/p>\n<p>El \u00c1guila Arp\u00eda, que simboliza el liderazgo en la tribu Kuntanawa, gu\u00eda esta mezcla. Aporta concentraci\u00f3n mental, claridad en la toma de decisiones y equilibrio emocional. Rap\u00e9 Tete Paw\u00e3 trabaja con el chakra del tercer ojo para la intuici\u00f3n, y con los chakras base y coronario, armonizando las energ\u00edas terrenales y espirituales. Esta mezcla promueve un flujo unificado de paz interior y fuerza.<\/p>\n<h2>Tete Paw\u00e3<\/h2>\n<p>Tete Paw\u00e3 es el nombre ind\u00edgena de la Arp\u00eda, una de las aves m\u00e1s sagradas de la Amazonia. El \u00e1guila arp\u00eda es un gu\u00eda espiritual para varias tribus amaz\u00f3nicas. El nombre brasile\u00f1o de la arp\u00eda es gavi\u00e3o real, que se traduce como \u00e1guila real.<\/p>\n<p><a href=\"http:\/\/orisha-ossain.com\/wp-content\/uploads\/2023\/06\/tete-pawa.jpg\"><img decoding=\"async\" class=\"aligncenter wp-image-280 size-full\" src=\"http:\/\/orisha-ossain.com\/wp-content\/uploads\/2023\/06\/tete-pawa.jpg\" alt=\"Ave arp\u00eda a punto de aterrizar (gavi\u00e3o real) rap\u00e9 Tete Paw\u00e3\" width=\"600\" height=\"384\" srcset=\"https:\/\/orisha-ossain.com\/wp-content\/uploads\/2023\/06\/tete-pawa.jpg 600w, https:\/\/orisha-ossain.com\/wp-content\/uploads\/2023\/06\/tete-pawa-300x192.jpg 300w\" sizes=\"(max-width: 600px) 100vw, 600px\" \/><\/a><\/p>\n<h2>General Kuntanawa Rap\u00e9 Propiedades<\/h2>\n<p>Los tipos de Rap\u00e9 producidos por Kuntanawa tienen una vibraci\u00f3n \u00fanica.  Una fuerte conexi\u00f3n espiritual que aporta presencia y calma. Muchas veces a\u00f1aden otras plantas con fuerzas cosmol\u00f3gicas que nos traen suerte, tranquilidad y otros beneficios. Com\u00fanmente se utilizan de manera de brindar protecci\u00f3n o bendiciones.<\/p>\n<figure id=\"attachment_725\" aria-describedby=\"caption-attachment-725\" style=\"width: 300px\" class=\"wp-caption aligncenter\"><a href=\"http:\/\/orisha-ossain.com\/wp-content\/uploads\/2023\/07\/Kuntanawa-rape-tete-pawa-circle-300x169-1.jpg\"><img decoding=\"async\" class=\"wp-image-725 size-full\" src=\"http:\/\/orisha-ossain.com\/wp-content\/uploads\/2023\/07\/Kuntanawa-rape-tete-pawa-circle-300x169-1.jpg\" alt=\"Kuntanawa rap\u00e9 c\u00edrculo tete pawa, rap\u00e9 Tete Paw\u00e3\" width=\"300\" height=\"169\" \/><\/a><figcaption id=\"caption-attachment-725\" class=\"wp-caption-text\">C\u00edrculo Kuntanawa rap\u00e9<\/figcaption><\/figure>","protected":false},"excerpt":{"rendered":"<p><span style=\"font-size: 12pt;\">Rap\u00e9 Tete Paw\u00e3 Kuntanawa es un rap\u00e9 muy bien elaborado que combina una agradable y potente Arapiraca, cenizas de Tsunu con las aut\u00e9nticas medicinas tribales Kawa Xin\u00e3 y Kum\u00e3.<\/span><\/p>\n<p>En palabras del fabricante:<br \/>\n\"Kawa Xin\u00e3 es una medicina que limpia nuestros pensamientos y aporta tranquilidad. Kum\u00e3 aporta fuerza y firmeza orient\u00e1ndonos en nuestros estudios espirituales\".<\/p>","protected":false},"featured_media":35668,"template":"","meta":{"_seopress_robots_primary_cat":"none","_seopress_titles_title":"Rap\u00e9 Tete Paw\u00e3 - Kuntanawa - Kawa Xin\u00e3 & Kum\u00e3 - Orisha Ossain","_seopress_titles_desc":"Rap\u00e9 Tete Paw\u00e3 Kuntanawa combines a nice potent tobacco, Tsunu ashes with the authentic tribal medicines Kawa Xin\u00e3 and Kum\u00e3.","_seopress_robots_index":"","_kad_blocks_custom_css":"","_kad_blocks_head_custom_js":"","_kad_blocks_body_custom_js":"","_kad_blocks_footer_custom_js":"","_kad_post_transparent":"default","_kad_post_title":"","_kad_post_layout":"default","_kad_post_sidebar_id":"","_kad_post_content_style":"default","_kad_post_vertical_padding":"default","_kad_post_feature":"","_kad_post_feature_position":"","_kad_post_header":false,"_kad_post_footer":false,"_kad_post_classname":""},"product_brand":[],"product_cat":[50],"product_tag":[57],"class_list":{"0":"post-721","1":"product","2":"type-product","3":"status-publish","4":"has-post-thumbnail","6":"product_cat-rape","7":"product_tag-kuntanawa","9":"first","10":"instock","11":"taxable","12":"shipping-taxable","13":"purchasable","14":"product-type-variable","15":"entry","16":"content-bg","17":"loop-entry"},"taxonomy_info":{"product_cat":[{"value":50,"label":"Rap\u00e9"}],"product_tag":[{"value":57,"label":"Kuntanawa"}]},"featured_image_src_large":["https:\/\/orisha-ossain.com\/wp-content\/uploads\/2024\/11\/Tete-Pawa_Orisha_Ossain.png",736,736,false],"author_info":[],"comment_info":"","_links":{"self":[{"href":"https:\/\/orisha-ossain.com\/es\/wp-json\/wp\/v2\/product\/721","targetHints":{"allow":["GET"]}}],"collection":[{"href":"https:\/\/orisha-ossain.com\/es\/wp-json\/wp\/v2\/product"}],"about":[{"href":"https:\/\/orisha-ossain.com\/es\/wp-json\/wp\/v2\/types\/product"}],"wp:featuredmedia":[{"embeddable":true,"href":"https:\/\/orisha-ossain.com\/es\/wp-json\/wp\/v2\/media\/35668"}],"wp:attachment":[{"href":"https:\/\/orisha-ossain.com\/es\/wp-json\/wp\/v2\/media?parent=721"}],"wp:term":[{"taxonomy":"product_brand","embeddable":true,"href":"https:\/\/orisha-ossain.com\/es\/wp-json\/wp\/v2\/product_brand?post=721"},{"taxonomy":"product_cat","embeddable":true,"href":"https:\/\/orisha-ossain.com\/es\/wp-json\/wp\/v2\/product_cat?post=721"},{"taxonomy":"product_tag","embeddable":true,"href":"https:\/\/orisha-ossain.com\/es\/wp-json\/wp\/v2\/product_tag?post=721"}],"curies":[{"name":"wp","href":"https:\/\/api.w.org\/{rel}","templated":true}]}}