{"id":717,"date":"2023-07-05T18:46:10","date_gmt":"2023-07-05T16:46:10","guid":{"rendered":"http:\/\/orisha-ossain.com\/?post_type=product&#038;p=717"},"modified":"2026-03-21T14:37:19","modified_gmt":"2026-03-21T13:37:19","slug":"rape-kuntanawa","status":"publish","type":"product","link":"https:\/\/orisha-ossain.com\/es\/product\/rape-kuntanawa\/","title":{"rendered":"Rap\u00e9 Kuntanawa"},"content":{"rendered":"<h2>Rap\u00e9 Kuntanawa<\/h2>\n<p>Rap\u00e9 Kuntanawa tiene el nombre tribal tradicional de \"Nixpu\". Nixpu es el nombre nativo de la Pimenta longa (pimienta larga). Es una variedad de pimienta originaria de la regi\u00f3n amaz\u00f3nica del estado de Acre. Sus hojas secas y pulverizadas junto con la fuerte ceniza de sabi\u00e1 y tsunu son los ingredientes de este rap\u00e9 Kuntanawa.<br \/>\nNixpu mejora la digesti\u00f3n y tambi\u00e9n sirve como medicina fortalecedora general. Nixpu es bueno para usar en climas fr\u00edos, ya que calienta el cuerpo.<\/p>\n<h2>Nixpu-Piper\/Hispidinervum<\/h2>\n<p>El nixpu es una vid con flores de la familia de las piper\u00e1ceas. Normalmente se cultiva por sus frutos, los pimientos. El Nixpu es la variedad brasile\u00f1a de la planta m\u00e1s conocida en la India e Indonesia. El Nixpu tambi\u00e9n es una buena fuente de aceite de safrol. La pimienta larga tiene un sabor similar, pero es m\u00e1s picante que su pariente cercano Piper nigrum.<br \/>\nLa pimienta larga es un ingrediente poco frecuente en la cocina europea. Las ra\u00edces son una buena fuente de aceite esencial de safrol. Tiene diversos usos terap\u00e9uticos e industriales.<\/p>\n<p>Las culturas tribales ind\u00edgenas del Amazonas y Brasil utilizan principalmente las hojas de esta planta. Las hojas de Nixpu son un ingrediente bienvenido en varios ba\u00f1os de hierbas que ayudan a limpiar las energ\u00edas negativas\/atrapadas del cuerpo.<\/p>\n<p><a href=\"http:\/\/orisha-ossain.com\/wp-content\/uploads\/2023\/06\/Piper_longum_plant.jpg\"><img decoding=\"async\" class=\"wp-image-194 size-medium aligncenter\" src=\"http:\/\/orisha-ossain.com\/wp-content\/uploads\/2023\/06\/Piper_longum_plant-225x300.jpg\" alt=\"Primer plano de hojas de pipe longum, planta utilizada en kantanawa nixpu rap\u00e9 kuntanawa\" width=\"225\" height=\"300\" srcset=\"https:\/\/orisha-ossain.com\/wp-content\/uploads\/2023\/06\/Piper_longum_plant-225x300.jpg 225w, https:\/\/orisha-ossain.com\/wp-content\/uploads\/2023\/06\/Piper_longum_plant.jpg 576w\" sizes=\"(max-width: 225px) 100vw, 225px\" \/><\/a><\/p>","protected":false},"excerpt":{"rendered":"<p>Este nuevo rap\u00e9 Kuntanawa tiene el nombre tribal tradicional \"Nixpu\". Nixpu es el nombre nativo de la Pimenta longa (pimienta larga).<\/p>\n<ul>\n<li>Tsunu ceniza<\/li>\n<li>Sabi\u00e1<\/li>\n<li>Nixpu se va<\/li>\n<\/ul>","protected":false},"featured_media":35638,"template":"","meta":{"_seopress_robots_primary_cat":"none","_seopress_titles_title":"Rap\u00e9 Kuntanawa - Nixpu- Aiding Digestion & Strengthening","_seopress_titles_desc":"This new rap\u00e9 Kuntanawa has the traditional tribal name \"Nixpu\". Nixpu is the native name for Pimenta longa (long pepper).","_seopress_robots_index":"","_kad_blocks_custom_css":"","_kad_blocks_head_custom_js":"","_kad_blocks_body_custom_js":"","_kad_blocks_footer_custom_js":"","_kad_post_transparent":"default","_kad_post_title":"","_kad_post_layout":"default","_kad_post_sidebar_id":"","_kad_post_content_style":"default","_kad_post_vertical_padding":"default","_kad_post_feature":"","_kad_post_feature_position":"","_kad_post_header":false,"_kad_post_footer":false,"_kad_post_classname":""},"product_brand":[],"product_cat":[50],"product_tag":[57],"class_list":{"0":"post-717","1":"product","2":"type-product","3":"status-publish","4":"has-post-thumbnail","6":"product_cat-rape","7":"product_tag-kuntanawa","9":"first","10":"instock","11":"featured","12":"taxable","13":"shipping-taxable","14":"purchasable","15":"product-type-variable","16":"entry","17":"content-bg","18":"loop-entry"},"taxonomy_info":{"product_cat":[{"value":50,"label":"Rap\u00e9"}],"product_tag":[{"value":57,"label":"Kuntanawa"}]},"featured_image_src_large":["https:\/\/orisha-ossain.com\/wp-content\/uploads\/2024\/11\/Kuntanawa_Orisha_Ossain.png",736,736,false],"author_info":[],"comment_info":"","_links":{"self":[{"href":"https:\/\/orisha-ossain.com\/es\/wp-json\/wp\/v2\/product\/717","targetHints":{"allow":["GET"]}}],"collection":[{"href":"https:\/\/orisha-ossain.com\/es\/wp-json\/wp\/v2\/product"}],"about":[{"href":"https:\/\/orisha-ossain.com\/es\/wp-json\/wp\/v2\/types\/product"}],"wp:featuredmedia":[{"embeddable":true,"href":"https:\/\/orisha-ossain.com\/es\/wp-json\/wp\/v2\/media\/35638"}],"wp:attachment":[{"href":"https:\/\/orisha-ossain.com\/es\/wp-json\/wp\/v2\/media?parent=717"}],"wp:term":[{"taxonomy":"product_brand","embeddable":true,"href":"https:\/\/orisha-ossain.com\/es\/wp-json\/wp\/v2\/product_brand?post=717"},{"taxonomy":"product_cat","embeddable":true,"href":"https:\/\/orisha-ossain.com\/es\/wp-json\/wp\/v2\/product_cat?post=717"},{"taxonomy":"product_tag","embeddable":true,"href":"https:\/\/orisha-ossain.com\/es\/wp-json\/wp\/v2\/product_tag?post=717"}],"curies":[{"name":"wp","href":"https:\/\/api.w.org\/{rel}","templated":true}]}}