{"id":709,"date":"2023-07-05T18:22:01","date_gmt":"2023-07-05T16:22:01","guid":{"rendered":"http:\/\/orisha-ossain.com\/?post_type=product&#038;p=709"},"modified":"2026-04-17T13:20:14","modified_gmt":"2026-04-17T11:20:14","slug":"rape-murici-cactus","status":"publish","type":"product","link":"https:\/\/orisha-ossain.com\/es\/product\/rape-murici-cactus\/","title":{"rendered":"Cactus Rap\u00e9 Murici"},"content":{"rendered":"<h2>Cactus Rap\u00e9 Murici<\/h2>\n<p>Rap\u00e9 Murici Cactus es un rap\u00e9 \u00fanico en su clase con una fortaleza media a fuerte. Una mezcla de moi mapacho y ceniza de Murici. Lo que hace especial a este rap\u00e9 de Katukini es la adici\u00f3n del cactus pulverizado \"Selenicereus grandiflorus\". tambi\u00e9n conocido como \"Reina de la Noche\".<\/p>\n<p>Chakras: Card\u00edaco y Coronario.<\/p>\n<h2>Reina de la noche<\/h2>\n<p>Nombre cient\u00edfico: Cactus Selenicereus grandiflorus<\/p>\n<p>El cactus es muy conocido, sobre todo por sus enormes flores. Por la noche, las flores del cactus s\u00f3lo permanecen abiertas unas horas.<a href=\"http:\/\/orisha-ossain.com\/wp-content\/uploads\/2023\/06\/selenicereusgrandiflorusvirgingordabvi21.jpg\"><img decoding=\"async\" class=\"alignright wp-image-203 size-thumbnail\" src=\"http:\/\/orisha-ossain.com\/wp-content\/uploads\/2023\/06\/selenicereusgrandiflorusvirgingordabvi21-150x150.jpg\" alt=\"Primer plano de una flor del cactus Selenicereus grandiflorus. El cactus se utiliza para la fabricaci\u00f3n de rap\u00e9 murici cactus\" width=\"150\" height=\"150\" srcset=\"https:\/\/orisha-ossain.com\/wp-content\/uploads\/2023\/06\/selenicereusgrandiflorusvirgingordabvi21-150x150.jpg 150w, https:\/\/orisha-ossain.com\/wp-content\/uploads\/2023\/06\/selenicereusgrandiflorusvirgingordabvi21-300x300.jpg 300w, https:\/\/orisha-ossain.com\/wp-content\/uploads\/2023\/06\/selenicereusgrandiflorusvirgingordabvi21-100x100.jpg 100w, https:\/\/orisha-ossain.com\/wp-content\/uploads\/2023\/06\/selenicereusgrandiflorusvirgingordabvi21-465x465.jpg 465w\" sizes=\"(max-width: 150px) 100vw, 150px\" \/><\/a>\u00a0Nombres populares: flor nocturna; flor del baile de graduaci\u00f3n; flor fragante; cactus de flor grande; mandacaru; M\u00e9xico-vela; flor de seda; antorcha espinosa; cactus espinal, card\u00f3n, gigante y reina de las flores.<\/p>\n<p>Indicaciones: La planta ofrece beneficios mentales y emocionales. Su consumo aumenta la circulaci\u00f3n sangu\u00ednea en el cerebro y, en consecuencia, el funcionamiento de los neurotransmisores.<br \/>\nTrastornos card\u00edacos y circulatorios, reumatismo, congesti\u00f3n e irritaci\u00f3n del coraz\u00f3n, palpitaciones, sobreexcitaci\u00f3n, neumon\u00eda; asma congestiva, disnea cr\u00f3nica y dolores de cabeza. Excelente en trastornos card\u00edacos debidos al abuso de caf\u00e9, t\u00e9 y bebidas alcoh\u00f3licas. Alivia la irritaci\u00f3n del coraz\u00f3n sin da\u00f1ar el sistema nervioso.<\/p>\n<p><a href=\"http:\/\/orisha-ossain.com\/wp-content\/uploads\/2023\/06\/selenicereusgrandiflorusvirgingordabvi20.jpg\"><img decoding=\"async\" class=\"aligncenter wp-image-202 size-medium\" src=\"http:\/\/orisha-ossain.com\/wp-content\/uploads\/2023\/06\/selenicereusgrandiflorusvirgingordabvi20-300x225.jpg\" alt=\"Cactus floreciente Selenicereus grandiflorus con mano humana en la foto para mostrar el tama\u00f1o, Rap\u00e9 murici cactus\" width=\"300\" height=\"225\" srcset=\"https:\/\/orisha-ossain.com\/wp-content\/uploads\/2023\/06\/selenicereusgrandiflorusvirgingordabvi20-300x225.jpg 300w, https:\/\/orisha-ossain.com\/wp-content\/uploads\/2023\/06\/selenicereusgrandiflorusvirgingordabvi20.jpg 640w\" sizes=\"(max-width: 300px) 100vw, 300px\" \/><\/a><\/p>\n<p>La reina de la noche (Selenicereus grandiflorus) es un cactus trepador, rastrero, semiep\u00edfito y desgarrado. Los tallos, delgados, de hasta 1 m de longitud, con cinco a ocho nervaduras y secci\u00f3n triangular o cuadrada, trepan por los troncos de los \u00e1rboles o por las paredes en altura y forman un denso tejido de ramitas. En los nudos y extremos suelen formarse ra\u00edces con las que la planta se fija al sustrato.<\/p>\n<figure id=\"attachment_204\" aria-describedby=\"caption-attachment-204\" style=\"width: 640px\" class=\"wp-caption aligncenter\"><a href=\"http:\/\/orisha-ossain.com\/wp-content\/uploads\/2023\/06\/selenicereusgrandiflorusvirgingordabvi23.jpg\"><img decoding=\"async\" class=\"wp-image-204 size-full\" src=\"http:\/\/orisha-ossain.com\/wp-content\/uploads\/2023\/06\/selenicereusgrandiflorusvirgingordabvi23.jpg\" alt=\"los katukina utilizan el catus seco en su cactus murici rap\u00e9 \" width=\"640\" height=\"480\" srcset=\"https:\/\/orisha-ossain.com\/wp-content\/uploads\/2023\/06\/selenicereusgrandiflorusvirgingordabvi23.jpg 640w, https:\/\/orisha-ossain.com\/wp-content\/uploads\/2023\/06\/selenicereusgrandiflorusvirgingordabvi23-300x225.jpg 300w\" sizes=\"(max-width: 640px) 100vw, 640px\" \/><\/a><figcaption id=\"caption-attachment-204\" class=\"wp-caption-text\">El cactus forma flores muy grandes que se abren por la noche y suelen permanecer abiertas s\u00f3lo unas horas. La flor alcanza una longitud de 25 cm y un di\u00e1metro de 30 cm en la parte superior.<\/figcaption><\/figure>\n<blockquote class=\"wp-embedded-content\" data-secret=\"YrqiWdHfqL\"><p><a href=\"https:\/\/orisha-ossain.com\/es\/la-katukina\/\">Los Katukina<\/a><\/p><\/blockquote>\n<p><iframe class=\"wp-embedded-content\" sandbox=\"allow-scripts\" security=\"restricted\" style=\"position: absolute; visibility: hidden;\" title=\"&quot;La Katukina&quot; - Orisha Ossain\" src=\"https:\/\/orisha-ossain.com\/the-katukina\/embed\/#?secret=Vt4KJszWqT#?secret=YrqiWdHfqL\" data-secret=\"YrqiWdHfqL\" width=\"600\" height=\"338\" frameborder=\"0\" marginwidth=\"0\" marginheight=\"0\" scrolling=\"no\"><\/iframe><\/p>\n<h2 style=\"text-align: center;\"><a href=\"http:\/\/orisha-ossain.com\/es\/product-category\/tepi\/\">Tepi<\/a> y <a href=\"http:\/\/orisha-ossain.com\/es\/product-category\/tepi\/\">Kuripe<span style=\"font-size: 16px;\">\u00a0<\/span><\/a><\/h2>\n<p style=\"text-align: center;\">Echa un vistazo a la colecci\u00f3n de Tepi y Kuripe. Hay disponibles varios estilos de diferentes artistas. <a style=\"font-weight: bold; font-family: var(--global-body-font-family);\" href=\"http:\/\/orisha-ossain.com\/wp-content\/uploads\/2023\/06\/Tepi-Blessings.jpg\"><img decoding=\"async\" class=\"wp-image-55 size-medium aligncenter\" src=\"http:\/\/orisha-ossain.com\/wp-content\/uploads\/2023\/06\/Tepi-Blessings-300x199.jpg\" alt=\"Tepis reciben la bendici\u00f3n de sus creadores\" width=\"300\" height=\"199\" srcset=\"https:\/\/orisha-ossain.com\/wp-content\/uploads\/2023\/06\/Tepi-Blessings-300x199.jpg 300w, https:\/\/orisha-ossain.com\/wp-content\/uploads\/2023\/06\/Tepi-Blessings.jpg 640w\" sizes=\"(max-width: 300px) 100vw, 300px\" \/><\/a><span style=\"font-size: 14px; font-family: var(--global-body-font-family);\">Tepis reciben la bendici\u00f3n de sus creadores<\/span><\/p>","protected":false},"excerpt":{"rendered":"<p>Rap\u00e9 Murici Cactus es un rap\u00e9 \u00fanico en su clase con una fortaleza media a fuerte. Una mezcla de moi mapacho y ceniza de Murici. Lo que hace especial a este rap\u00e9 de Katukini es la adici\u00f3n del cactus pulverizado.<\/p>\n<p>Composici\u00f3n: Selenicereus grandiflorus, ceniza de Murici y Corda.<\/p>","protected":false},"featured_media":35643,"template":"","meta":{"_seopress_robots_primary_cat":"none","_seopress_titles_title":"Rap\u00e9 Murici Cactus - Katukina - Tribal Rap\u00e9 From the Amazon","_seopress_titles_desc":"Rap\u00e9 Murici Cactus is a one of a kind rap\u00e9 with medium to strong strength. A mix of corda mapacho with Murici ash.","_seopress_robots_index":"","_kad_blocks_custom_css":"","_kad_blocks_head_custom_js":"","_kad_blocks_body_custom_js":"","_kad_blocks_footer_custom_js":"","_kad_post_transparent":"default","_kad_post_title":"","_kad_post_layout":"default","_kad_post_sidebar_id":"","_kad_post_content_style":"default","_kad_post_vertical_padding":"default","_kad_post_feature":"","_kad_post_feature_position":"","_kad_post_header":false,"_kad_post_footer":false,"_kad_post_classname":""},"product_brand":[],"product_cat":[50],"product_tag":[55],"class_list":{"0":"post-709","1":"product","2":"type-product","3":"status-publish","4":"has-post-thumbnail","6":"product_cat-rape","7":"product_tag-katukina","9":"first","10":"instock","11":"taxable","12":"shipping-taxable","13":"purchasable","14":"product-type-variable","15":"entry","16":"content-bg","17":"loop-entry"},"taxonomy_info":{"product_cat":[{"value":50,"label":"Rap\u00e9"}],"product_tag":[{"value":55,"label":"Katukina"}]},"featured_image_src_large":["https:\/\/orisha-ossain.com\/wp-content\/uploads\/2024\/11\/Murici-Cactus_Orisha_Ossain.png",736,736,false],"author_info":[],"comment_info":"","_links":{"self":[{"href":"https:\/\/orisha-ossain.com\/es\/wp-json\/wp\/v2\/product\/709","targetHints":{"allow":["GET"]}}],"collection":[{"href":"https:\/\/orisha-ossain.com\/es\/wp-json\/wp\/v2\/product"}],"about":[{"href":"https:\/\/orisha-ossain.com\/es\/wp-json\/wp\/v2\/types\/product"}],"wp:featuredmedia":[{"embeddable":true,"href":"https:\/\/orisha-ossain.com\/es\/wp-json\/wp\/v2\/media\/35643"}],"wp:attachment":[{"href":"https:\/\/orisha-ossain.com\/es\/wp-json\/wp\/v2\/media?parent=709"}],"wp:term":[{"taxonomy":"product_brand","embeddable":true,"href":"https:\/\/orisha-ossain.com\/es\/wp-json\/wp\/v2\/product_brand?post=709"},{"taxonomy":"product_cat","embeddable":true,"href":"https:\/\/orisha-ossain.com\/es\/wp-json\/wp\/v2\/product_cat?post=709"},{"taxonomy":"product_tag","embeddable":true,"href":"https:\/\/orisha-ossain.com\/es\/wp-json\/wp\/v2\/product_tag?post=709"}],"curies":[{"name":"wp","href":"https:\/\/api.w.org\/{rel}","templated":true}]}}