{"id":705,"date":"2023-07-05T18:15:58","date_gmt":"2023-07-05T16:15:58","guid":{"rendered":"http:\/\/orisha-ossain.com\/?post_type=product&#038;p=705"},"modified":"2026-05-07T09:57:31","modified_gmt":"2026-05-07T07:57:31","slug":"rape-parika-forca","status":"publish","type":"product","link":"https:\/\/orisha-ossain.com\/es\/product\/rape-parika-forca\/","title":{"rendered":"Rap\u00e9 Parika For\u00e7a"},"content":{"rendered":"<h2>Rap\u00e9 Parika For\u00e7a<\/h2>\n<p><span style=\"font-size: 12pt;\">Esta es otra nueva adici\u00f3n Katukina \"rap\u00e9 Parika for\u00e7a\". Un rap\u00e9 con poder extra, Los ingredientes son; oraciones, dedicaci\u00f3n, buena poderosa moi mapacho, y ceniza limpia hecha de la corteza del \u00e1rbol correcto.\u00a0<\/span><\/p>\n<p>El Parika Rap\u00e9 (Schizolobium amazonicum) es bien conocido por su poder y sus ingredientes antibacterianos.<br \/>\nLas cenizas de Parika tienen una alta vibraci\u00f3n y ayudan a limpiar las energ\u00edas negativas y estancadas en el cuerpo y la mente.<\/p>","protected":false},"excerpt":{"rendered":"<p><span style=\"font-size: 12pt;\">Katukina \"Rap\u00e9 Parika for\u00e7a\". Un rap\u00e9 con poder extra, Los ingredientes son; oraciones, dedicaci\u00f3n, buen moi poderoso, y ceniza limpia hecha de la corteza de \u00e1rbol correcta.<\/span><\/p>","protected":false},"featured_media":35652,"template":"","meta":{"_seopress_robots_primary_cat":"none","_seopress_titles_title":"Rap\u00e9 Parika for\u00e7a - Katukina - Snuff With Extra Power !!","_seopress_titles_desc":"Katukina \"Rap\u00e9 Parika for\u00e7a\". A rap\u00e9 with extra power, The ingredients are; prayers, dedication, good powerful moi, and clean ash.","_seopress_robots_index":"","_kad_blocks_custom_css":"","_kad_blocks_head_custom_js":"","_kad_blocks_body_custom_js":"","_kad_blocks_footer_custom_js":"","_kad_post_transparent":"default","_kad_post_title":"","_kad_post_layout":"default","_kad_post_sidebar_id":"","_kad_post_content_style":"default","_kad_post_vertical_padding":"default","_kad_post_feature":"","_kad_post_feature_position":"","_kad_post_header":false,"_kad_post_footer":false,"_kad_post_classname":""},"product_brand":[],"product_cat":[50],"product_tag":[57],"class_list":{"0":"post-705","1":"product","2":"type-product","3":"status-publish","4":"has-post-thumbnail","6":"product_cat-rape","7":"product_tag-kuntanawa","9":"first","10":"instock","11":"taxable","12":"shipping-taxable","13":"purchasable","14":"product-type-variable","15":"entry","16":"content-bg","17":"loop-entry"},"taxonomy_info":{"product_cat":[{"value":50,"label":"Rap\u00e9"}],"product_tag":[{"value":57,"label":"Kuntanawa"}]},"featured_image_src_large":["https:\/\/orisha-ossain.com\/wp-content\/uploads\/2024\/11\/Parika-Forca_Orisha_Ossain.png",736,736,false],"author_info":[],"comment_info":"","_links":{"self":[{"href":"https:\/\/orisha-ossain.com\/es\/wp-json\/wp\/v2\/product\/705","targetHints":{"allow":["GET"]}}],"collection":[{"href":"https:\/\/orisha-ossain.com\/es\/wp-json\/wp\/v2\/product"}],"about":[{"href":"https:\/\/orisha-ossain.com\/es\/wp-json\/wp\/v2\/types\/product"}],"wp:featuredmedia":[{"embeddable":true,"href":"https:\/\/orisha-ossain.com\/es\/wp-json\/wp\/v2\/media\/35652"}],"wp:attachment":[{"href":"https:\/\/orisha-ossain.com\/es\/wp-json\/wp\/v2\/media?parent=705"}],"wp:term":[{"taxonomy":"product_brand","embeddable":true,"href":"https:\/\/orisha-ossain.com\/es\/wp-json\/wp\/v2\/product_brand?post=705"},{"taxonomy":"product_cat","embeddable":true,"href":"https:\/\/orisha-ossain.com\/es\/wp-json\/wp\/v2\/product_cat?post=705"},{"taxonomy":"product_tag","embeddable":true,"href":"https:\/\/orisha-ossain.com\/es\/wp-json\/wp\/v2\/product_tag?post=705"}],"curies":[{"name":"wp","href":"https:\/\/api.w.org\/{rel}","templated":true}]}}