{"id":701,"date":"2023-07-05T17:25:21","date_gmt":"2023-07-05T15:25:21","guid":{"rendered":"http:\/\/orisha-ossain.com\/?post_type=product&#038;p=701"},"modified":"2026-04-11T23:47:50","modified_gmt":"2026-04-11T21:47:50","slug":"rape-parika-katukina","status":"publish","type":"product","link":"https:\/\/orisha-ossain.com\/es\/product\/rape-parika-katukina\/","title":{"rendered":"Rap\u00e9 Parika Katukina"},"content":{"rendered":"<h2>Rap\u00e9 Parika Katukina<\/h2>\n<p>Este Rap\u00e9 Parika Katukina es un poco diferente de otros Parika Rap\u00e9 que conozco. Adem\u00e1s de las cenizas de Parika y el moi mapacho, la Katukina le a\u00f1ade un poco de eucalipto. Las hojas finamente molidas a\u00f1aden un ligero aroma a este rap\u00e9. No demasiado como para llamarlo un rap\u00e9 arom\u00e1tico, pero lo suficiente como para darte el c\u00e1lido zumbido de este fragante eucalipto.<\/p>\n<p>El Parika Rap\u00e9 (Schizolobium amazonicum) es bien conocido por su poder y sus ingredientes antibacterianos.<br \/>\nLas cenizas de Parika tienen una alta vibraci\u00f3n y ayudan a limpiar las energ\u00edas negativas y estancadas en el cuerpo y la mente.<\/p>","protected":false},"excerpt":{"rendered":"<p>Una maravillosa adici\u00f3n de la tribu Katukina. Un rap\u00e9 parika con un poco de eucalipto.<\/p>","protected":false},"featured_media":35653,"template":"","meta":{"_seopress_robots_primary_cat":"none","_seopress_titles_title":"Rap\u00e9 Parika Katukina - Tribal Energy from the Amazon Forest","_seopress_titles_desc":"Rap\u00e9 parika is great addition from the Katukina tribe. A different type of parika snuff with a bit of Eucalyptus.","_seopress_robots_index":"","_kad_blocks_custom_css":"","_kad_blocks_head_custom_js":"","_kad_blocks_body_custom_js":"","_kad_blocks_footer_custom_js":"","_kad_post_transparent":"default","_kad_post_title":"","_kad_post_layout":"default","_kad_post_sidebar_id":"","_kad_post_content_style":"default","_kad_post_vertical_padding":"default","_kad_post_feature":"","_kad_post_feature_position":"","_kad_post_header":false,"_kad_post_footer":false,"_kad_post_classname":""},"product_brand":[],"product_cat":[50],"product_tag":[55],"class_list":{"0":"post-701","1":"product","2":"type-product","3":"status-publish","4":"has-post-thumbnail","6":"product_cat-rape","7":"product_tag-katukina","9":"first","10":"instock","11":"taxable","12":"shipping-taxable","13":"purchasable","14":"product-type-variable","15":"entry","16":"content-bg","17":"loop-entry"},"taxonomy_info":{"product_cat":[{"value":50,"label":"Rap\u00e9"}],"product_tag":[{"value":55,"label":"Katukina"}]},"featured_image_src_large":["https:\/\/orisha-ossain.com\/wp-content\/uploads\/2024\/11\/Parika-Katukina_Orisha_Ossain.png",736,736,false],"author_info":[],"comment_info":"","_links":{"self":[{"href":"https:\/\/orisha-ossain.com\/es\/wp-json\/wp\/v2\/product\/701","targetHints":{"allow":["GET"]}}],"collection":[{"href":"https:\/\/orisha-ossain.com\/es\/wp-json\/wp\/v2\/product"}],"about":[{"href":"https:\/\/orisha-ossain.com\/es\/wp-json\/wp\/v2\/types\/product"}],"wp:featuredmedia":[{"embeddable":true,"href":"https:\/\/orisha-ossain.com\/es\/wp-json\/wp\/v2\/media\/35653"}],"wp:attachment":[{"href":"https:\/\/orisha-ossain.com\/es\/wp-json\/wp\/v2\/media?parent=701"}],"wp:term":[{"taxonomy":"product_brand","embeddable":true,"href":"https:\/\/orisha-ossain.com\/es\/wp-json\/wp\/v2\/product_brand?post=701"},{"taxonomy":"product_cat","embeddable":true,"href":"https:\/\/orisha-ossain.com\/es\/wp-json\/wp\/v2\/product_cat?post=701"},{"taxonomy":"product_tag","embeddable":true,"href":"https:\/\/orisha-ossain.com\/es\/wp-json\/wp\/v2\/product_tag?post=701"}],"curies":[{"name":"wp","href":"https:\/\/api.w.org\/{rel}","templated":true}]}}