{"id":697,"date":"2023-07-05T17:19:03","date_gmt":"2023-07-05T15:19:03","guid":{"rendered":"http:\/\/orisha-ossain.com\/?post_type=product&#038;p=697"},"modified":"2026-04-09T12:58:02","modified_gmt":"2026-04-09T10:58:02","slug":"rape-nissural","status":"publish","type":"product","link":"https:\/\/orisha-ossain.com\/es\/product\/rape-nissural\/","title":{"rendered":"Rap\u00e9 Nissural"},"content":{"rendered":"<h2>Rap\u00e9 Nissural<\/h2>\n<p>Este nissural rap\u00e9 es un robusto rap\u00e9 cham\u00e1nico con profundas sensaciones terrenales. Nissural es una hierba medicinal. Aporta fuerza duradera con un agradable poder relajante. Nissural ayuda a mejorar la circulaci\u00f3n sangu\u00ednea. Tambi\u00e9n reduce el estr\u00e9s y los dolores de cabeza. Es un buen protector contra las energ\u00edas negativas.<\/p>\n<p>El nissural es una planta medicinal utilizada tradicionalmente por la tribu kaxinawa, pero se ha introducido como ingrediente del rap\u00e9 de varias tribus. El nissural se considera una hierba curativa. Seg\u00fan los Kaxinawa, Nissural tiene el poder de curar, tanto si se utiliza en un Rap\u00e9 como, por ejemplo, en un ba\u00f1o. En su lengua nativa, Nissu significa enfermedad y ral, curaci\u00f3n. Por lo tanto, es el sanador de las enfermedades.<\/p>\n<h2>Sobre la hierba Nissural<\/h2>\n<p>El nissural es una planta medicinal utilizada tradicionalmente por la tribu kaxinawa, pero ha encontrado su lugar como ingrediente en el rap\u00e9 de varias tribus. Nissural se considera una hierba curativa. Seg\u00fan los Kaxinawa, Nissural tiene el poder de curar, tanto si se utiliza en un Rap\u00e9 como, por ejemplo, en un ba\u00f1o. En su lengua nativa, Nissu significa enfermedad y ral, curaci\u00f3n. Por lo tanto, es el sanador de las enfermedades.<\/p>\n<p>Nissural est\u00e1 estrechamente relacionado con la hierba Katsaral (Catsaral). No se dispone de m\u00e1s informaci\u00f3n (cient\u00edfica) sobre esta maravillosa hierba.<\/p>\n<p>Recientemente recib\u00ed un breve v\u00eddeo de los fabricantes de la selva amaz\u00f3nica de rap\u00e9 nissural que muestra las hojas de la planta.<\/p>\n<div style=\"width: 480px;\" class=\"wp-video\"><video class=\"wp-video-shortcode\" id=\"video-697-1\" width=\"480\" height=\"864\" preload=\"metadata\" controls=\"controls\"><source type=\"video\/mp4\" src=\"https:\/\/orisha-ossain.com\/wp-content\/uploads\/2024\/01\/Nissural-Katseral.mp4?_=1\" \/><a href=\"https:\/\/orisha-ossain.com\/wp-content\/uploads\/2024\/01\/Nissural-Katseral.mp4\">https:\/\/orisha-ossain.com\/wp-content\/uploads\/2024\/01\/Nissural-Katseral.mp4<\/a><\/video><\/div>","protected":false},"excerpt":{"rendered":"<p>Este Rap\u00e9 Nissural Katukina es un robusto rap\u00e9 cham\u00e1nico con profundas sensaciones terrenales.<\/p>","protected":false},"featured_media":35648,"template":"","meta":{"_seopress_robots_primary_cat":"none","_seopress_titles_title":"Rap\u00e9 Nissural - Katukina - A Robust Snuff - Earthly Sensations","_seopress_titles_desc":"This Rap\u00e9 Nissural Katukina is robust shamanic snuff with deep earthly sensations. Nissural is a medicinal herb. It brings long-lasting strength.","_seopress_robots_index":"","_kad_blocks_custom_css":"","_kad_blocks_head_custom_js":"","_kad_blocks_body_custom_js":"","_kad_blocks_footer_custom_js":"","_kad_post_transparent":"default","_kad_post_title":"","_kad_post_layout":"default","_kad_post_sidebar_id":"","_kad_post_content_style":"default","_kad_post_vertical_padding":"default","_kad_post_feature":"","_kad_post_feature_position":"","_kad_post_header":false,"_kad_post_footer":false,"_kad_post_classname":""},"product_brand":[],"product_cat":[50],"product_tag":[55],"class_list":{"0":"post-697","1":"product","2":"type-product","3":"status-publish","4":"has-post-thumbnail","6":"product_cat-rape","7":"product_tag-katukina","9":"first","10":"instock","11":"taxable","12":"shipping-taxable","13":"purchasable","14":"product-type-variable","15":"entry","16":"content-bg","17":"loop-entry"},"taxonomy_info":{"product_cat":[{"value":50,"label":"Rap\u00e9"}],"product_tag":[{"value":55,"label":"Katukina"}]},"featured_image_src_large":["https:\/\/orisha-ossain.com\/wp-content\/uploads\/2024\/11\/Nissural-Katukina_Orisha_Ossain.png",736,736,false],"author_info":[],"comment_info":"","_links":{"self":[{"href":"https:\/\/orisha-ossain.com\/es\/wp-json\/wp\/v2\/product\/697","targetHints":{"allow":["GET"]}}],"collection":[{"href":"https:\/\/orisha-ossain.com\/es\/wp-json\/wp\/v2\/product"}],"about":[{"href":"https:\/\/orisha-ossain.com\/es\/wp-json\/wp\/v2\/types\/product"}],"wp:featuredmedia":[{"embeddable":true,"href":"https:\/\/orisha-ossain.com\/es\/wp-json\/wp\/v2\/media\/35648"}],"wp:attachment":[{"href":"https:\/\/orisha-ossain.com\/es\/wp-json\/wp\/v2\/media?parent=697"}],"wp:term":[{"taxonomy":"product_brand","embeddable":true,"href":"https:\/\/orisha-ossain.com\/es\/wp-json\/wp\/v2\/product_brand?post=697"},{"taxonomy":"product_cat","embeddable":true,"href":"https:\/\/orisha-ossain.com\/es\/wp-json\/wp\/v2\/product_cat?post=697"},{"taxonomy":"product_tag","embeddable":true,"href":"https:\/\/orisha-ossain.com\/es\/wp-json\/wp\/v2\/product_tag?post=697"}],"curies":[{"name":"wp","href":"https:\/\/api.w.org\/{rel}","templated":true}]}}