{"id":693,"date":"2023-07-05T16:48:33","date_gmt":"2023-07-05T14:48:33","guid":{"rendered":"http:\/\/orisha-ossain.com\/?post_type=product&#038;p=693"},"modified":"2026-04-16T13:48:01","modified_gmt":"2026-04-16T11:48:01","slug":"rape-parika-xtr-forte","status":"publish","type":"product","link":"https:\/\/orisha-ossain.com\/es\/product\/rape-parika-xtr-forte\/","title":{"rendered":"Rap\u00e9 Parika XTR Forte"},"content":{"rendered":"<h2>Rap\u00e9 Parika XTR Forte<\/h2>\n<p>Este Rap\u00e9 Parika XTR forte viene de las manos de un Caboclo de Cruzeiro do Sul en el norte de Arce. Un Caboclo es un ind\u00edgena brasile\u00f1o mestizo. Joa\u00f3 vivi\u00f3 toda su infancia en el bosque. Al llegar a la adolescencia sali\u00f3 poco a poco del bosque. A lo largo de su vida, ha mantenido su conexi\u00f3n con el bosque. Este Rap\u00e9 expresa esa energ\u00eda de forma contundente.<br \/>\nLa mayor parte de la fuerza de este rap\u00e9 proviene de un sabi\u00e1 org\u00e1nico especial. Es la relaci\u00f3n entre la cantidad de sabi\u00e1 y ceniza y la calidad de ambos lo que hace de \u00e9ste un Rap\u00e9 excepcional.<\/p>\n<p>El Parika Rap\u00e9 (Schizolobium amazonicum) es bien conocido por su poder y sus ingredientes antibacterianos.<br \/>\nEstas cenizas tienen una alta vibraci\u00f3n y ayudan a limpiar las energ\u00edas negativas y estancadas en el cuerpo y la mente.<\/p>\n<div class=\"mceTemp\"><\/div>\n<figure id=\"attachment_201\" aria-describedby=\"caption-attachment-201\" style=\"width: 300px\" class=\"wp-caption aligncenter\"><a href=\"http:\/\/orisha-ossain.com\/wp-content\/uploads\/2023\/06\/schizolobium-amazonicum-parica.jpg\"><img decoding=\"async\" class=\"wp-image-201 size-medium\" src=\"http:\/\/orisha-ossain.com\/wp-content\/uploads\/2023\/06\/schizolobium-amazonicum-parica-300x300.jpg\" alt=\"buscando un \u00e1rbol Schizolobium amazonicum. la corteza se utiliza para rap\u00e9 parika xtr forte\" width=\"300\" height=\"300\" srcset=\"https:\/\/orisha-ossain.com\/wp-content\/uploads\/2023\/06\/schizolobium-amazonicum-parica-300x300.jpg 300w, https:\/\/orisha-ossain.com\/wp-content\/uploads\/2023\/06\/schizolobium-amazonicum-parica-100x100.jpg 100w, https:\/\/orisha-ossain.com\/wp-content\/uploads\/2023\/06\/schizolobium-amazonicum-parica-465x465.jpg 465w, https:\/\/orisha-ossain.com\/wp-content\/uploads\/2023\/06\/schizolobium-amazonicum-parica-1024x1024.jpg 1024w, https:\/\/orisha-ossain.com\/wp-content\/uploads\/2023\/06\/schizolobium-amazonicum-parica-150x150.jpg 150w, https:\/\/orisha-ossain.com\/wp-content\/uploads\/2023\/06\/schizolobium-amazonicum-parica-768x768.jpg 768w, https:\/\/orisha-ossain.com\/wp-content\/uploads\/2023\/06\/schizolobium-amazonicum-parica.jpg 1080w\" sizes=\"(max-width: 300px) 100vw, 300px\" \/><\/a><figcaption id=\"caption-attachment-201\" class=\"wp-caption-text\">Schizolobium amazonicum<\/figcaption><\/figure>\n<p style=\"text-align: center;\">","protected":false},"excerpt":{"rendered":"<p>Este Rap\u00e9, Parika XTR forte viene de las manos de un Caboclo de Cruzeiro do Sul en el norte de Arce. Un Caboclo es un ind\u00edgena brasile\u00f1o mestizo. Joa\u00f3 vivi\u00f3 toda su infancia en el bosque. Al llegar a la adolescencia fue saliendo poco a poco del bosque.<\/p>","protected":false},"featured_media":35654,"template":"","meta":{"_seopress_robots_primary_cat":"none","_seopress_titles_title":"Rap\u00e9, Parika XTR - Caboclo - Intense Cleaning Frequency -","_seopress_titles_desc":"This Rap\u00e9 Parika XTR forte has a very high cleaning frequency. Parika ash is one of the strongest types of ash.","_seopress_robots_index":"","_kad_blocks_custom_css":"","_kad_blocks_head_custom_js":"","_kad_blocks_body_custom_js":"","_kad_blocks_footer_custom_js":"","_kad_post_transparent":"default","_kad_post_title":"","_kad_post_layout":"default","_kad_post_sidebar_id":"","_kad_post_content_style":"default","_kad_post_vertical_padding":"default","_kad_post_feature":"","_kad_post_feature_position":"","_kad_post_header":false,"_kad_post_footer":false,"_kad_post_classname":""},"product_brand":[],"product_cat":[50],"product_tag":[54],"class_list":{"0":"post-693","1":"product","2":"type-product","3":"status-publish","4":"has-post-thumbnail","6":"product_cat-rape","7":"product_tag-caboclo","9":"first","10":"instock","11":"taxable","12":"shipping-taxable","13":"purchasable","14":"product-type-variable","15":"entry","16":"content-bg","17":"loop-entry"},"taxonomy_info":{"product_cat":[{"value":50,"label":"Rap\u00e9"}],"product_tag":[{"value":54,"label":"Caboclo"}]},"featured_image_src_large":["https:\/\/orisha-ossain.com\/wp-content\/uploads\/2024\/11\/Parika-XTR-Forte_Orisha_Ossain.png",736,736,false],"author_info":[],"comment_info":"","_links":{"self":[{"href":"https:\/\/orisha-ossain.com\/es\/wp-json\/wp\/v2\/product\/693","targetHints":{"allow":["GET"]}}],"collection":[{"href":"https:\/\/orisha-ossain.com\/es\/wp-json\/wp\/v2\/product"}],"about":[{"href":"https:\/\/orisha-ossain.com\/es\/wp-json\/wp\/v2\/types\/product"}],"wp:featuredmedia":[{"embeddable":true,"href":"https:\/\/orisha-ossain.com\/es\/wp-json\/wp\/v2\/media\/35654"}],"wp:attachment":[{"href":"https:\/\/orisha-ossain.com\/es\/wp-json\/wp\/v2\/media?parent=693"}],"wp:term":[{"taxonomy":"product_brand","embeddable":true,"href":"https:\/\/orisha-ossain.com\/es\/wp-json\/wp\/v2\/product_brand?post=693"},{"taxonomy":"product_cat","embeddable":true,"href":"https:\/\/orisha-ossain.com\/es\/wp-json\/wp\/v2\/product_cat?post=693"},{"taxonomy":"product_tag","embeddable":true,"href":"https:\/\/orisha-ossain.com\/es\/wp-json\/wp\/v2\/product_tag?post=693"}],"curies":[{"name":"wp","href":"https:\/\/api.w.org\/{rel}","templated":true}]}}