{"id":689,"date":"2023-07-05T16:40:08","date_gmt":"2023-07-05T14:40:08","guid":{"rendered":"http:\/\/orisha-ossain.com\/?post_type=product&#038;p=689"},"modified":"2026-04-14T20:05:38","modified_gmt":"2026-04-14T18:05:38","slug":"rape-tsunu-jurema","status":"publish","type":"product","link":"https:\/\/orisha-ossain.com\/es\/product\/rape-tsunu-jurema\/","title":{"rendered":"Rap\u00e9 Tsunu Jurema"},"content":{"rendered":"<h2>Rap\u00e9 Tsunu Jurema<\/h2>\n<p>Esta mezcla Tsunu Jurema fue recibida y desarrollada por un amigo brasile\u00f1o. Despu\u00e9s de algunas reuniones con los miembros de la tribu Fulni-\u00f4 que tradicionalmente no utilizan el rap\u00e9, pero hoy en d\u00eda con muchas reuniones cham\u00e1nicas en Brasil, han introducido esta medicina en su \u00e1mbito de tratamientos.<br \/>\nEsta tribu es conocida por sus conocimientos de la medicina Jurema. En Brasil, la tribu Fulni-\u00f4 es reconocida como la leg\u00edtima guardiana de esta ciencia.<\/p>\n<p><a href=\"http:\/\/orisha-ossain.com\/wp-content\/uploads\/2023\/06\/chimp.jpg\"><img decoding=\"async\" class=\"aligncenter wp-image-170 size-full\" src=\"http:\/\/orisha-ossain.com\/wp-content\/uploads\/2023\/06\/chimp.jpg\" alt=\"\u00e1rbol de cerca. tsunu Jurema\" width=\"584\" height=\"170\" srcset=\"https:\/\/orisha-ossain.com\/wp-content\/uploads\/2023\/06\/chimp.jpg 584w, https:\/\/orisha-ossain.com\/wp-content\/uploads\/2023\/06\/chimp-300x87.jpg 300w\" sizes=\"(max-width: 584px) 100vw, 584px\" \/><\/a><\/p>\n<p>Con todos los beneficios de la ceniza tsunu esta mezcla rap\u00e9 tambi\u00e9n se hace con la ceniza de tronco jurema (Mimosa hostilis), La ceniza de mimosa puede proporcionar experiencias de sue\u00f1o l\u00facido y abre los caminos a sue\u00f1os m\u00e1s profundos con gran conexi\u00f3n con la naturaleza.<br \/>\nLa decisi\u00f3n del fabricante de utilizar ceniza de tronco de jurema junto con ceniza de tsunu es bastante sencilla. Seg\u00fan su experiencia, un rap\u00e9 con s\u00f3lo ceniza de jurema y mapacho de arapiraca carecer\u00eda de potencia. La adici\u00f3n de la ceniza de tsunu lo convierte en un rap\u00e9 equilibrado y fuerte.<\/p>\n<p>Si quiere saber m\u00e1s sobre la tribu Fulni-\u00f4, lea este art\u00edculo. <a href=\"https:\/\/pib.socioambiental.org\/en\/Povo:Fulni-\u00f4\">aqu\u00ed.<\/a><\/p>","protected":false},"excerpt":{"rendered":"<p>Con todos los beneficios del Tsunu, esta mezcla rap\u00e9 se elabora tambi\u00e9n con ceniza de tronco de Jurema (Mimosa hostilis).<\/p>\n<p>Esta mezcla Tsunu Jurema fue recibida y desarrollada por un amigo brasile\u00f1o. Despu\u00e9s de algunas reuniones con los miembros de la tribu Fulni-\u00f4 que tradicionalmente no tienen el uso del rap\u00e9, hoy en d\u00eda con muchas reuniones cham\u00e1nicas en Brasil han introducido esta medicina en su \u00e1mbito de tratamientos.<\/p>","protected":false},"featured_media":35673,"template":"","meta":{"_seopress_robots_primary_cat":"none","_seopress_titles_title":"Rap\u00e9 Tsunu Jurema - Caboclo - Mimosa Hostilis Ash - Orisha Ossain","_seopress_titles_desc":"This rap\u00e9 Tsunu Jurema is a rare blend utilizing 2 types of ash. This is the only place you will find this delicate rap\u00e9","_seopress_robots_index":"","_kad_blocks_custom_css":"","_kad_blocks_head_custom_js":"","_kad_blocks_body_custom_js":"","_kad_blocks_footer_custom_js":"","_kad_post_transparent":"default","_kad_post_title":"","_kad_post_layout":"default","_kad_post_sidebar_id":"","_kad_post_content_style":"default","_kad_post_vertical_padding":"default","_kad_post_feature":"","_kad_post_feature_position":"","_kad_post_header":false,"_kad_post_footer":false,"_kad_post_classname":""},"product_brand":[],"product_cat":[50],"product_tag":[54],"class_list":{"0":"post-689","1":"product","2":"type-product","3":"status-publish","4":"has-post-thumbnail","6":"product_cat-rape","7":"product_tag-caboclo","9":"first","10":"instock","11":"taxable","12":"shipping-taxable","13":"purchasable","14":"product-type-variable","15":"entry","16":"content-bg","17":"loop-entry"},"taxonomy_info":{"product_cat":[{"value":50,"label":"Rap\u00e9"}],"product_tag":[{"value":54,"label":"Caboclo"}]},"featured_image_src_large":["https:\/\/orisha-ossain.com\/wp-content\/uploads\/2024\/11\/Tsunu-Jurema_Orisha_Ossain.png",736,736,false],"author_info":[],"comment_info":"","_links":{"self":[{"href":"https:\/\/orisha-ossain.com\/es\/wp-json\/wp\/v2\/product\/689","targetHints":{"allow":["GET"]}}],"collection":[{"href":"https:\/\/orisha-ossain.com\/es\/wp-json\/wp\/v2\/product"}],"about":[{"href":"https:\/\/orisha-ossain.com\/es\/wp-json\/wp\/v2\/types\/product"}],"wp:featuredmedia":[{"embeddable":true,"href":"https:\/\/orisha-ossain.com\/es\/wp-json\/wp\/v2\/media\/35673"}],"wp:attachment":[{"href":"https:\/\/orisha-ossain.com\/es\/wp-json\/wp\/v2\/media?parent=689"}],"wp:term":[{"taxonomy":"product_brand","embeddable":true,"href":"https:\/\/orisha-ossain.com\/es\/wp-json\/wp\/v2\/product_brand?post=689"},{"taxonomy":"product_cat","embeddable":true,"href":"https:\/\/orisha-ossain.com\/es\/wp-json\/wp\/v2\/product_cat?post=689"},{"taxonomy":"product_tag","embeddable":true,"href":"https:\/\/orisha-ossain.com\/es\/wp-json\/wp\/v2\/product_tag?post=689"}],"curies":[{"name":"wp","href":"https:\/\/api.w.org\/{rel}","templated":true}]}}