{"id":650,"date":"2023-07-04T20:56:25","date_gmt":"2023-07-04T18:56:25","guid":{"rendered":"http:\/\/orisha-ossain.com\/?post_type=product&#038;p=650"},"modified":"2026-03-24T11:09:05","modified_gmt":"2026-03-24T10:09:05","slug":"rape-guaratuaba","status":"publish","type":"product","link":"https:\/\/orisha-ossain.com\/es\/product\/rape-guaratuaba\/","title":{"rendered":"Rap\u00e9 Guaratuaba"},"content":{"rendered":"<h2>Rap\u00e9 Guaratuaba<\/h2>\n<p>Rap\u00e9 Guaratuaba es una creaci\u00f3n del amigo brasile\u00f1o Carlito. El fundamento de este edificante rap\u00e9 consiste en Sabi\u00e1 seco y ceniza de Tsunu. Rap\u00e9 Guaratuaba es una mezcla de 2 plantas, Guaran\u00e1 y Catuaba. Plantas con una larga historia de uso sagrado por la tribu Tupi-guaran\u00ed en la cuenca amaz\u00f3nica brasile\u00f1a.<\/p>\n<p>Catuaba en realidad no es una palabra para una planta. Es una infusi\u00f3n hecha de una mezcla de diferentes tipos de la corteza de diferentes \u00e1rboles medicinales y tiene sus ra\u00edces en la cultura de la tribu guaran\u00ed. Un extracto seco de esta infusi\u00f3n forma parte de este rap\u00e9.<br \/>\nEl Guaran\u00e1 de este Rap\u00e9 tambi\u00e9n procede de un extracto biol\u00f3gico de Guaran\u00e1. El Guaran\u00e1 y la Catuaba act\u00faan como un t\u00f3nico, un agente fortalecedor. Generan y activan la energ\u00eda vital, aumentan el impulso sexual y apoyan el coraz\u00f3n.<\/p>\n<figure id=\"attachment_177\" aria-describedby=\"caption-attachment-177\" style=\"width: 300px\" class=\"wp-caption alignright\"><a href=\"http:\/\/orisha-ossain.com\/wp-content\/uploads\/2023\/06\/guarana.jpeg\"><img decoding=\"async\" class=\"wp-image-177 size-medium\" src=\"http:\/\/orisha-ossain.com\/wp-content\/uploads\/2023\/06\/guarana-300x203.jpeg\" alt=\"Bayas de guaran\u00e1 con semillas de ojo negro Rap\u00e9 Guaratuaba\" width=\"300\" height=\"203\" srcset=\"https:\/\/orisha-ossain.com\/wp-content\/uploads\/2023\/06\/guarana-300x203.jpeg 300w, https:\/\/orisha-ossain.com\/wp-content\/uploads\/2023\/06\/guarana.jpeg 568w\" sizes=\"(max-width: 300px) 100vw, 300px\" \/><\/a><figcaption id=\"caption-attachment-177\" class=\"wp-caption-text\">Bayas de guaran\u00e1 con semillas de ojo negro<\/figcaption><\/figure>\n<h2>Acerca de Guara\/ Paullinia Cupanana<\/h2>\n<p>La palabra \"Guaran\u00e1\" deriva del vocablo ind\u00edgena \"wara'n\u00e1\", originario de la tribu tup\u00ed-guaran\u00ed de la regi\u00f3n amaz\u00f3nica. En esta tribu, el Guaran\u00e1 desempe\u00f1a un papel muy sagrado y especial como planta extremadamente poderosa y m\u00e1gica.  El guaran\u00e1 es la semilla de una planta trepadora que crece en la cuenca del Amazonas, en Brasil.<br \/>\nLos indios Tupi-Guarani han utilizado el Guaran\u00e1 durante siglos. Lo elogiaban por ser un suplemento energ\u00e9tico natural. El guaran\u00e1 tambi\u00e9n contiene cafe\u00edna.  Las concentraciones de cafe\u00edna en las bayas del Guaran\u00e1 son mucho mayores que las que se encuentran en el t\u00e9 caf\u00e9 o los refrescos.<\/p>\n<h2>El mito del guaran\u00e1<\/h2>\n<p>Una joven y feliz pareja de indios de la tribu amaz\u00f3nica mau\u00e9s deseaba tener un hijo. Lamentablemente vivieron muchos a\u00f1os sin tener hijos. Pas\u00f3 el tiempo y un d\u00eda lluvioso decidieron pedirle a Tup\u00e3 que les diera un hijo. Tup\u00e3, el rey de los dioses, lleno de bondad respondi\u00f3 al deseo de la pareja y les dio un hermoso hijo.<br \/>\nEl tiempo pas\u00f3 r\u00e1pidamente y el muchacho creci\u00f3 apuesto, generoso y bueno. Sin embargo, Jurupari, el dios de las tinieblas, sinti\u00f3 una envidia extrema del muchacho y de la paz y felicidad que transmit\u00eda y decidi\u00f3 segar esa vida en flor. Un d\u00eda, el muchacho fue a recoger frutos al bosque y Jurupari aprovech\u00f3 la ocasi\u00f3n para lanzar su venganza.<\/p>\n<p>Se convirti\u00f3 en una serpiente venenosa y mordi\u00f3 al ni\u00f1o, mat\u00e1ndolo al instante. La triste noticia se difundi\u00f3 r\u00e1pidamente. En ese momento, reson\u00f3 un trueno y un fuerte rel\u00e1mpago cay\u00f3 sobre la aldea. La madre, que lloraba desesperada, comprendi\u00f3 que el trueno era un mensaje de Tup\u00e3 diciendo que plantara los ojos del ni\u00f1o y que crecer\u00eda una nueva planta que les dar\u00eda sabrosos frutos.<br \/>\nLos indios obedecieron las peticiones de su madre y plantaron los ojos del ni\u00f1o. En este lugar creci\u00f3 el guaran\u00e1, cuyas semillas son negras, cada una con un arilo alrededor, imitando los ojos humanos.\u00a0<a href=\"http:\/\/www.sumauma.net\/amazonian\/lendas\/lendas-guarana.html\">(fuente)<\/a><\/p>\n<h2>Acerca de Catuaba<\/h2>\n<p>Catuaba es la palabra guaran\u00ed que designa las infusiones de la corteza de varios \u00e1rboles originarios de Brasil. Significa \"lo que da fuerza al indio\". Los chamanes de los guaran\u00edes utilizan la infusi\u00f3n de Catuaba como afrodis\u00edaco y estimulante del sistema nervioso central. Hoy en d\u00eda, la Catuaba se sigue utilizando en diversos suplementos para la salud con el fin de aumentar la energ\u00eda sexual y mejorar el rendimiento.<br \/>\nA lo largo de la historia, se ha intentado aumentar la libido y mejorar la funci\u00f3n sexual mediante el uso de reputadas plantas afrodis\u00edacas. La catuaba crece ampliamente en la cuenca del r\u00edo Amazonas y goza de siglos de uso seguro y eficaz como afrodis\u00edaco de buena fe.<\/p>\n<figure id=\"attachment_168\" aria-describedby=\"caption-attachment-168\" style=\"width: 300px\" class=\"wp-caption aligncenter\"><a href=\"http:\/\/orisha-ossain.com\/wp-content\/uploads\/2023\/06\/catuaba-shredded-bark-and-powder.jpg\"><img decoding=\"async\" class=\"wp-image-168 size-medium\" src=\"http:\/\/orisha-ossain.com\/wp-content\/uploads\/2023\/06\/catuaba-shredded-bark-and-powder-300x284.jpg\" alt=\"Catuaba triturada y en polvo utilizada para rap\u00e9 Guaratuaba\" width=\"300\" height=\"284\" srcset=\"https:\/\/orisha-ossain.com\/wp-content\/uploads\/2023\/06\/catuaba-shredded-bark-and-powder-300x284.jpg 300w, https:\/\/orisha-ossain.com\/wp-content\/uploads\/2023\/06\/catuaba-shredded-bark-and-powder-768x728.jpg 768w, https:\/\/orisha-ossain.com\/wp-content\/uploads\/2023\/06\/catuaba-shredded-bark-and-powder.jpg 900w\" sizes=\"(max-width: 300px) 100vw, 300px\" \/><\/a><figcaption id=\"caption-attachment-168\" class=\"wp-caption-text\">Catuaba triturada y en polvo<\/figcaption><\/figure>","protected":false},"excerpt":{"rendered":"<p>El fundamento de este edificante rap\u00e9 se compone de Sabi\u00e1 seco y ceniza de Tsunu. Rape Guaratuaba es una mezcla de 2 plantas, Guaran\u00e1 y Catuaba.<\/p>","protected":false},"featured_media":35632,"template":"","meta":{"_seopress_robots_primary_cat":"none","_seopress_titles_title":"Rap\u00e9 - Guaratuaba - Guarana & Catuaba - Caboclo Snuff -","_seopress_titles_desc":"The foundation of this Guaratuaba snuff consists of sundried Sabi\u00e1 and Tsunu ash and The herbs Guarana & Catuaba","_seopress_robots_index":"","_kad_blocks_custom_css":"","_kad_blocks_head_custom_js":"","_kad_blocks_body_custom_js":"","_kad_blocks_footer_custom_js":"","_kad_post_transparent":"default","_kad_post_title":"","_kad_post_layout":"default","_kad_post_sidebar_id":"","_kad_post_content_style":"default","_kad_post_vertical_padding":"default","_kad_post_feature":"","_kad_post_feature_position":"","_kad_post_header":false,"_kad_post_footer":false,"_kad_post_classname":""},"product_brand":[],"product_cat":[50],"product_tag":[54],"class_list":{"0":"post-650","1":"product","2":"type-product","3":"status-publish","4":"has-post-thumbnail","6":"product_cat-rape","7":"product_tag-caboclo","9":"first","10":"instock","11":"featured","12":"taxable","13":"shipping-taxable","14":"purchasable","15":"product-type-variable","16":"entry","17":"content-bg","18":"loop-entry"},"taxonomy_info":{"product_cat":[{"value":50,"label":"Rap\u00e9"}],"product_tag":[{"value":54,"label":"Caboclo"}]},"featured_image_src_large":["https:\/\/orisha-ossain.com\/wp-content\/uploads\/2024\/11\/Guaratuaba_Orisha_Ossain.png",736,736,false],"author_info":[],"comment_info":"","_links":{"self":[{"href":"https:\/\/orisha-ossain.com\/es\/wp-json\/wp\/v2\/product\/650","targetHints":{"allow":["GET"]}}],"collection":[{"href":"https:\/\/orisha-ossain.com\/es\/wp-json\/wp\/v2\/product"}],"about":[{"href":"https:\/\/orisha-ossain.com\/es\/wp-json\/wp\/v2\/types\/product"}],"wp:featuredmedia":[{"embeddable":true,"href":"https:\/\/orisha-ossain.com\/es\/wp-json\/wp\/v2\/media\/35632"}],"wp:attachment":[{"href":"https:\/\/orisha-ossain.com\/es\/wp-json\/wp\/v2\/media?parent=650"}],"wp:term":[{"taxonomy":"product_brand","embeddable":true,"href":"https:\/\/orisha-ossain.com\/es\/wp-json\/wp\/v2\/product_brand?post=650"},{"taxonomy":"product_cat","embeddable":true,"href":"https:\/\/orisha-ossain.com\/es\/wp-json\/wp\/v2\/product_cat?post=650"},{"taxonomy":"product_tag","embeddable":true,"href":"https:\/\/orisha-ossain.com\/es\/wp-json\/wp\/v2\/product_tag?post=650"}],"curies":[{"name":"wp","href":"https:\/\/api.w.org\/{rel}","templated":true}]}}