{"id":646,"date":"2023-07-04T20:49:44","date_gmt":"2023-07-04T18:49:44","guid":{"rendered":"http:\/\/orisha-ossain.com\/?post_type=product&#038;p=646"},"modified":"2026-04-18T17:18:17","modified_gmt":"2026-04-18T15:18:17","slug":"rape-jurema-branca","status":"publish","type":"product","link":"https:\/\/orisha-ossain.com\/es\/product\/rape-jurema-branca\/","title":{"rendered":"Rap\u00e9 Jurema Branca"},"content":{"rendered":"<h2>Rap\u00e9 Jurema Branca<\/h2>\n<p>Rap\u00e9 Jurema Branca es un rap\u00e9 t\u00edpico que conecta las culturas india y afrobrasile\u00f1a. Su composici\u00f3n es simple, Arapiraca Mapacho y ceniza de Jurema Branca. Con esta mezcla, Carlito a\u00f1ade una esencia vegetal (la ceniza) que tiene una larga historia en la espiritualidad afrobrasile\u00f1a. En el rap\u00e9, act\u00faa principalmente sobre el chakra del coraz\u00f3n y el chakra del tercer ojo. Ayuda en el desarrollo medi\u00famnico.<\/p>\n<h2>Sobre el fabricante<\/h2>\n<p>Carlito, mi amigo de S\u00e3o Paulo, cre\u00f3 este rap\u00e9. Profundamente inmerso en la medicina vegetal y las pr\u00e1cticas afrobrasile\u00f1as, recibi\u00f3 orientaci\u00f3n para explorar y dominar el oficio de rap\u00e9. A lo largo de los a\u00f1os, ha perfeccionado sus habilidades, aprendiendo a producir mezclas de alta calidad a pesar de no tener v\u00ednculos directos con las comunidades ind\u00edgenas. Su viaje refleja su dedicaci\u00f3n a honrar la esencia espiritual de esta medicina sagrada.<\/p>\n<p>Carlito comparti\u00f3 el ritual \u00fanico que sigue antes de lanzar su rap\u00e9. En su altar, coloca cada lote en una habitaci\u00f3n rodeada de cristales y bajo una pir\u00e1mide. All\u00ed, el rap\u00e9 permanece durante una semana, absorbiendo las energ\u00edas de su entorno antes de abandonar su cuidado. Este meticuloso proceso refleja su respeto y conexi\u00f3n con las dimensiones espirituales de su trabajo.<\/p>\n<figure id=\"attachment_242\" aria-describedby=\"caption-attachment-242\" style=\"width: 640px\" class=\"wp-caption aligncenter\"><a href=\"http:\/\/orisha-ossain.com\/wp-content\/uploads\/2023\/06\/Carlito.jpg\"><img decoding=\"async\" class=\"wp-image-242 size-full\" src=\"https:\/\/orisha-ossain.com\/wp-content\/uploads\/2023\/06\/Carlito.jpg\" alt=\"Carlito fabricante de rap\u00e9 Jurema Preta\" width=\"640\" height=\"640\" srcset=\"https:\/\/orisha-ossain.com\/wp-content\/uploads\/2023\/06\/Carlito.jpg 640w, https:\/\/orisha-ossain.com\/wp-content\/uploads\/2023\/06\/Carlito-300x300.jpg 300w, https:\/\/orisha-ossain.com\/wp-content\/uploads\/2023\/06\/Carlito-100x100.jpg 100w, https:\/\/orisha-ossain.com\/wp-content\/uploads\/2023\/06\/Carlito-465x465.jpg 465w, https:\/\/orisha-ossain.com\/wp-content\/uploads\/2023\/06\/Carlito-150x150.jpg 150w\" sizes=\"(max-width: 640px) 100vw, 640px\" \/><\/a><figcaption id=\"caption-attachment-242\" class=\"wp-caption-text\">Carlito en oraci\u00f3n momentos antes de comenzar el trabajo f\u00edsico<\/figcaption><\/figure>\n<h2>Jurema Branca (jurema blanca) \/ Mimosa Verrucosa<\/h2>\n<p>Jurema Branca es una especie vegetal de la familia Fabaceae. Posiblemente corresponda a especies designadas popularmente como Jurema De Oieras o Jurema Branca. La Jurema Branca es dif\u00edcil de encontrar en Brasil. Es una especie de leguminosa de la familia de las jud\u00edas comunes, Fabaceae, y de la subfamilia y g\u00e9nero de la Mimosa pudica, el t\u00f3came no.<br \/>\nEste arbusto o \u00e1rbol peque\u00f1o es originario de Brasil (Bah\u00eda, Cear\u00e1, Para\u00edba, Pernambuco y Rio Grande do Norte). Su estado de conservaci\u00f3n es \"casi amenazado\" debido a la deforestaci\u00f3n provocada por el hombre en las regiones \u00e1ridas y semi\u00e1ridas del nordeste de Brasil.<\/p>\n<p>En las religiones afrobrasile\u00f1as, Jurema Branca es considerada la reina de la selva. Tiene la misi\u00f3n de proteger toda la creaci\u00f3n de la madre naturaleza. Como diosa, se caracteriza por ser sabia, fuerte guerrera y tambi\u00e9n madre. Muestra amor maternal a sus adoradores, siendo tambi\u00e9n madre de muchos hijos, pero tambi\u00e9n sabe ser despiadada, endureciendo la ley.<\/p>\n<figure id=\"attachment_181\" aria-describedby=\"caption-attachment-181\" style=\"width: 600px\" class=\"wp-caption aligncenter\"><a href=\"http:\/\/orisha-ossain.com\/wp-content\/uploads\/2023\/06\/Jurema-branca.jpg\"><img decoding=\"async\" class=\"wp-image-181 size-full\" src=\"http:\/\/orisha-ossain.com\/wp-content\/uploads\/2023\/06\/Jurema-branca.jpg\" alt=\"Un \u00e1rbol de Jurema branca en un paisaje brasile\u00f1o, su ceniza se utiliza para el rap\u00e9\/rap\u00e9 jurema branca\" width=\"600\" height=\"338\" srcset=\"https:\/\/orisha-ossain.com\/wp-content\/uploads\/2023\/06\/Jurema-branca.jpg 600w, https:\/\/orisha-ossain.com\/wp-content\/uploads\/2023\/06\/Jurema-branca-300x169.jpg 300w\" sizes=\"(max-width: 600px) 100vw, 600px\" \/><\/a><figcaption id=\"caption-attachment-181\" class=\"wp-caption-text\">Un \u00e1rbol de Jurema Branca en las laderas de las monta\u00f1as brasile\u00f1as<\/figcaption><\/figure>","protected":false},"excerpt":{"rendered":"<p>Rap\u00e9 Jurema Branca es un rap\u00e9 t\u00edpico que conecta las culturas india y afrobrasile\u00f1a. Su composici\u00f3n es simple, Arapiraca y ceniza de Jurema Branca. Con esta mezcla, Carlito a\u00f1ade una esencia vegetal (la ceniza) que tiene una larga historia en la espiritualidad afrobrasile\u00f1a. En este rap\u00e9, trabaja principalmente sobre el chakra del coraz\u00f3n y el chakra del tercer ojo. Ayuda al desarrollo medi\u00famnico.<\/p>","protected":false},"featured_media":35636,"template":"","meta":{"_seopress_robots_primary_cat":"none","_seopress_titles_title":"Rap\u00e9 Jurema Branca - Mimosa Verrucosa - Caboclo - Orisha Ossain","_seopress_titles_desc":"Rap\u00e9 Jurema Branca is a snuff connecting Indian and Afro-Brazilian cultures. It uses Arapiraca & Jurema Branca ash.","_seopress_robots_index":"","_kad_blocks_custom_css":"","_kad_blocks_head_custom_js":"","_kad_blocks_body_custom_js":"","_kad_blocks_footer_custom_js":"","_kad_post_transparent":"default","_kad_post_title":"","_kad_post_layout":"default","_kad_post_sidebar_id":"","_kad_post_content_style":"default","_kad_post_vertical_padding":"default","_kad_post_feature":"","_kad_post_feature_position":"","_kad_post_header":false,"_kad_post_footer":false,"_kad_post_classname":""},"product_brand":[],"product_cat":[50],"product_tag":[54],"class_list":{"0":"post-646","1":"product","2":"type-product","3":"status-publish","4":"has-post-thumbnail","6":"product_cat-rape","7":"product_tag-caboclo","9":"first","10":"instock","11":"taxable","12":"shipping-taxable","13":"purchasable","14":"product-type-variable","15":"entry","16":"content-bg","17":"loop-entry"},"taxonomy_info":{"product_cat":[{"value":50,"label":"Rap\u00e9"}],"product_tag":[{"value":54,"label":"Caboclo"}]},"featured_image_src_large":["https:\/\/orisha-ossain.com\/wp-content\/uploads\/2024\/11\/Jurema-Branca_Orisha_Ossain.png",736,736,false],"author_info":[],"comment_info":"","_links":{"self":[{"href":"https:\/\/orisha-ossain.com\/es\/wp-json\/wp\/v2\/product\/646","targetHints":{"allow":["GET"]}}],"collection":[{"href":"https:\/\/orisha-ossain.com\/es\/wp-json\/wp\/v2\/product"}],"about":[{"href":"https:\/\/orisha-ossain.com\/es\/wp-json\/wp\/v2\/types\/product"}],"wp:featuredmedia":[{"embeddable":true,"href":"https:\/\/orisha-ossain.com\/es\/wp-json\/wp\/v2\/media\/35636"}],"wp:attachment":[{"href":"https:\/\/orisha-ossain.com\/es\/wp-json\/wp\/v2\/media?parent=646"}],"wp:term":[{"taxonomy":"product_brand","embeddable":true,"href":"https:\/\/orisha-ossain.com\/es\/wp-json\/wp\/v2\/product_brand?post=646"},{"taxonomy":"product_cat","embeddable":true,"href":"https:\/\/orisha-ossain.com\/es\/wp-json\/wp\/v2\/product_cat?post=646"},{"taxonomy":"product_tag","embeddable":true,"href":"https:\/\/orisha-ossain.com\/es\/wp-json\/wp\/v2\/product_tag?post=646"}],"curies":[{"name":"wp","href":"https:\/\/api.w.org\/{rel}","templated":true}]}}