{"id":642,"date":"2023-07-04T20:25:45","date_gmt":"2023-07-04T18:25:45","guid":{"rendered":"http:\/\/orisha-ossain.com\/?post_type=product&#038;p=642"},"modified":"2026-04-16T13:48:01","modified_gmt":"2026-04-16T11:48:01","slug":"rape-jatoba","status":"publish","type":"product","link":"https:\/\/orisha-ossain.com\/es\/product\/rape-jatoba\/","title":{"rendered":"Rap\u00e9 Jatob\u00e1"},"content":{"rendered":"<h2>Rap\u00e9 Jatob\u00e1<\/h2>\n<p>La cuerda sabi\u00e1 org\u00e1nica y las cenizas de corteza de Hymenaea courbaril forman la composici\u00f3n del Rap\u00e9 Jatob\u00e1.<br \/>\nEste es un Rap\u00e9 marr\u00f3n claro con una energ\u00eda muy clara que proviene de las cenizas de corteza de Jatob\u00e1. En Rap\u00e9 es la composici\u00f3n de varios ingredientes que hacen su frecuencia\/energ\u00eda \u00fanica.<br \/>\nEl tipo de ceniza utilizado para el Rap\u00e9 desempe\u00f1a un papel importante en su funci\u00f3n. En el Rap\u00e9 Jatob\u00e1 son las cenizas de la corteza las que le dan su firma especial. Es un Rap\u00e9 que se puede utilizar para el vigor mental y espiritual. Jatab\u00e1 act\u00faa sobre la garganta y el Chakra frontal. Otro rap\u00e9 bien equilibrado de Carlito.<\/p>\n<h2>Sobre el fabricante<\/h2>\n<p>Carlito, mi amigo de S\u00e3o Paulo, cre\u00f3 este rap\u00e9. Profundamente inmerso en la medicina vegetal y las pr\u00e1cticas afrobrasile\u00f1as, recibi\u00f3 orientaci\u00f3n para explorar y dominar el oficio de rap\u00e9. A lo largo de los a\u00f1os, ha perfeccionado sus habilidades, aprendiendo a producir mezclas de alta calidad a pesar de no tener v\u00ednculos directos con las comunidades ind\u00edgenas. Su viaje refleja su dedicaci\u00f3n a honrar la esencia espiritual de esta medicina sagrada.<\/p>\n<p>Carlito comparti\u00f3 el ritual \u00fanico que sigue antes de lanzar su rap\u00e9. En su altar, coloca cada lote en una habitaci\u00f3n rodeada de cristales y bajo una pir\u00e1mide. All\u00ed, el rap\u00e9 permanece durante una semana, absorbiendo las energ\u00edas de su entorno antes de abandonar su cuidado. Este meticuloso proceso refleja su respeto y conexi\u00f3n con las dimensiones espirituales de su trabajo.<\/p>\n<figure id=\"attachment_242\" aria-describedby=\"caption-attachment-242\" style=\"width: 640px\" class=\"wp-caption aligncenter\"><a href=\"http:\/\/orisha-ossain.com\/wp-content\/uploads\/2023\/06\/Carlito.jpg\"><img decoding=\"async\" class=\"wp-image-242 size-full\" src=\"https:\/\/orisha-ossain.com\/wp-content\/uploads\/2023\/06\/Carlito.jpg\" alt=\"Carlito fabricante de rap\u00e9 Jurema Preta\" width=\"640\" height=\"640\" srcset=\"https:\/\/orisha-ossain.com\/wp-content\/uploads\/2023\/06\/Carlito.jpg 640w, https:\/\/orisha-ossain.com\/wp-content\/uploads\/2023\/06\/Carlito-300x300.jpg 300w, https:\/\/orisha-ossain.com\/wp-content\/uploads\/2023\/06\/Carlito-100x100.jpg 100w, https:\/\/orisha-ossain.com\/wp-content\/uploads\/2023\/06\/Carlito-465x465.jpg 465w, https:\/\/orisha-ossain.com\/wp-content\/uploads\/2023\/06\/Carlito-150x150.jpg 150w\" sizes=\"(max-width: 640px) 100vw, 640px\" \/><\/a><figcaption id=\"caption-attachment-242\" class=\"wp-caption-text\">Carlito en oraci\u00f3n momentos antes de comenzar el trabajo f\u00edsico<\/figcaption><\/figure>\n<figure id=\"attachment_196\" aria-describedby=\"caption-attachment-196\" style=\"width: 300px\" class=\"wp-caption alignright\"><a href=\"http:\/\/orisha-ossain.com\/wp-content\/uploads\/2023\/06\/Rape-jatoba-Hymenaea-courbaril.png\"><img decoding=\"async\" class=\"wp-image-196 size-medium\" src=\"http:\/\/orisha-ossain.com\/wp-content\/uploads\/2023\/06\/Rape-jatoba-Hymenaea-courbaril-300x226.png\" alt=\"mirando el tallo de un \u00e1rbol Hymenaea courbaril. El fundamento de Rap\u00e9 Jatob\u00e1\" width=\"300\" height=\"226\" srcset=\"https:\/\/orisha-ossain.com\/wp-content\/uploads\/2023\/06\/Rape-jatoba-Hymenaea-courbaril-300x226.png 300w, https:\/\/orisha-ossain.com\/wp-content\/uploads\/2023\/06\/Rape-jatoba-Hymenaea-courbaril-768x579.png 768w, https:\/\/orisha-ossain.com\/wp-content\/uploads\/2023\/06\/Rape-jatoba-Hymenaea-courbaril.png 1018w\" sizes=\"(max-width: 300px) 100vw, 300px\" \/><\/a><figcaption id=\"caption-attachment-196\" class=\"wp-caption-text\">El \u00e1rbol Hymenaea courbaril. La ceniza de la corteza se utiliza para Rap\u00e9 Jatoba<\/figcaption><\/figure>\n<h2>Acerca de Jatob\u00e1\/Hymenaea Courbaril<\/h2>\n<p>Jatoba, oficialmente conocida como Hymenaea courbaril. Es un \u00e1rbol alto de la selva tropical. Algunos Hymenaea courbaril alcanzan los 30 metros de altura.  Pertenece a la familia de las fab\u00e1ceas. La Hymenaea courbaril crece en Brasil desde el norte hasta el sureste del territorio nacional. Desde la antig\u00fcedad, el jatob\u00e1 se ha utilizado en remedios naturales para dolencias como la tos y la bronquitis, entre muchas otras.<br \/>\ntambi\u00e9n es un gran potenciador de la energ\u00eda natural sin cafe\u00edna ni otros estimulantes nocivos. Muchos pueblos amaz\u00f3nicos utilizan la Jatoba de diversas maneras. Un ejemplo es el uso de la resina de Hymenaea courbaril como parte de pociones para el amor. Esta resina tambi\u00e9n se quema como incienso en las ceremonias nupciales.<\/p>\n<p>El an\u00e1lisis qu\u00edmico de Hymenaea courbaril muestra que es rica en compuestos biol\u00f3gicamente activos, como diterpenos, sesquiterpenos, flavonoides y oligosac\u00e1ridos. La jatoba tambi\u00e9n posee notables propiedades antibacterianas y antiinflamatorias.<br \/>\nA <a href=\"https:\/\/www.ncbi.nlm.nih.gov\/pubmed\/19353365\" target=\"_blank\" rel=\"noopener noreferrer\">estudiar<\/a>\u00a0realizado en la Universidad de Brasilia (Brasil) descubri\u00f3 que los fitoqu\u00edmicos, incluido el \u00e1cido f\u00edtico, de la jatoba podr\u00edan ayudar a reducir la hinchaz\u00f3n y la irritaci\u00f3n. Tambi\u00e9n puede ser beneficiosa para combatir una amplia gama de organismos nocivos, como bacterias y virus.<\/p>\n<p>Beneficios medicinales: El jatob\u00e1 es una excelente fuente de vitamina C y minerales como hierro, f\u00f3sforo, potasio, magnesio y calcio. Fortalece el sistema inmunol\u00f3gico, regula la presi\u00f3n sangu\u00ednea y ayuda al rendimiento cerebral debido a la presencia de magnesio. Gran descongestionante y expectorante.<\/p>\n<figure id=\"attachment_198\" aria-describedby=\"caption-attachment-198\" style=\"width: 224px\" class=\"wp-caption aligncenter\"><a href=\"http:\/\/orisha-ossain.com\/wp-content\/uploads\/2023\/06\/Rape-jatoba-Hymenaea-courbaril-1.png\"><img decoding=\"async\" class=\"wp-image-198 size-medium\" src=\"http:\/\/orisha-ossain.com\/wp-content\/uploads\/2023\/06\/Rape-jatoba-Hymenaea-courbaril-1-224x300.png\" alt=\"2 personas junto a un \u00e1rbol Jatob\u00e1. La corteza se utiliza para hacer ceniza para Rap\u00e9 Jatob\u00e1\" width=\"224\" height=\"300\" srcset=\"https:\/\/orisha-ossain.com\/wp-content\/uploads\/2023\/06\/Rape-jatoba-Hymenaea-courbaril-1-224x300.png 224w, https:\/\/orisha-ossain.com\/wp-content\/uploads\/2023\/06\/Rape-jatoba-Hymenaea-courbaril-1.png 574w\" sizes=\"(max-width: 224px) 100vw, 224px\" \/><\/a><figcaption id=\"caption-attachment-198\" class=\"wp-caption-text\">\u00c1rbol adulto de Hymenaea courbaril<\/figcaption><\/figure>","protected":false},"excerpt":{"rendered":"<p>Nuevo lote con una receta mejorada. Ahora, este rap\u00e9 viene con ceniza de Jatob\u00e1 y tambi\u00e9n corteza de Jatob\u00e1 en polvo.<\/p>\n<p>Nombres: Jatob\u00e1, Jatobazeiro y Jatob\u00e1-verdadeiro<br \/>\nOrigen: Sa\u00f3 Paulo, Brasil.<\/p>","protected":false},"featured_media":35635,"template":"","meta":{"_seopress_robots_primary_cat":"none","_seopress_titles_title":"Rap\u00e9 -Jatob\u00e1 - Hymenaea Courbaril - Caboclo - Orisha Ossain","_seopress_titles_desc":"Rap\u00e9 Jatob\u00e1. Improved recipe. This snuff comes with Jatob\u00e1 ash and also powdered Jatob\u00e1 bark. Names: Jatob\u00e1, Jatobazeiro\u00a0and Jatob\u00e1","_seopress_robots_index":"","_kad_blocks_custom_css":"","_kad_blocks_head_custom_js":"","_kad_blocks_body_custom_js":"","_kad_blocks_footer_custom_js":"","_kad_post_transparent":"default","_kad_post_title":"","_kad_post_layout":"default","_kad_post_sidebar_id":"","_kad_post_content_style":"default","_kad_post_vertical_padding":"default","_kad_post_feature":"","_kad_post_feature_position":"","_kad_post_header":false,"_kad_post_footer":false,"_kad_post_classname":""},"product_brand":[],"product_cat":[50],"product_tag":[54],"class_list":{"0":"post-642","1":"product","2":"type-product","3":"status-publish","4":"has-post-thumbnail","6":"product_cat-rape","7":"product_tag-caboclo","9":"first","10":"instock","11":"taxable","12":"shipping-taxable","13":"purchasable","14":"product-type-variable","15":"entry","16":"content-bg","17":"loop-entry"},"taxonomy_info":{"product_cat":[{"value":50,"label":"Rap\u00e9"}],"product_tag":[{"value":54,"label":"Caboclo"}]},"featured_image_src_large":["https:\/\/orisha-ossain.com\/wp-content\/uploads\/2024\/11\/Jatoba_Orisha_Ossain.png",736,736,false],"author_info":[],"comment_info":"","_links":{"self":[{"href":"https:\/\/orisha-ossain.com\/es\/wp-json\/wp\/v2\/product\/642","targetHints":{"allow":["GET"]}}],"collection":[{"href":"https:\/\/orisha-ossain.com\/es\/wp-json\/wp\/v2\/product"}],"about":[{"href":"https:\/\/orisha-ossain.com\/es\/wp-json\/wp\/v2\/types\/product"}],"wp:featuredmedia":[{"embeddable":true,"href":"https:\/\/orisha-ossain.com\/es\/wp-json\/wp\/v2\/media\/35635"}],"wp:attachment":[{"href":"https:\/\/orisha-ossain.com\/es\/wp-json\/wp\/v2\/media?parent=642"}],"wp:term":[{"taxonomy":"product_brand","embeddable":true,"href":"https:\/\/orisha-ossain.com\/es\/wp-json\/wp\/v2\/product_brand?post=642"},{"taxonomy":"product_cat","embeddable":true,"href":"https:\/\/orisha-ossain.com\/es\/wp-json\/wp\/v2\/product_cat?post=642"},{"taxonomy":"product_tag","embeddable":true,"href":"https:\/\/orisha-ossain.com\/es\/wp-json\/wp\/v2\/product_tag?post=642"}],"curies":[{"name":"wp","href":"https:\/\/api.w.org\/{rel}","templated":true}]}}