{"id":638,"date":"2023-07-04T20:04:05","date_gmt":"2023-07-04T18:04:05","guid":{"rendered":"http:\/\/orisha-ossain.com\/?post_type=product&#038;p=638"},"modified":"2026-03-15T23:22:40","modified_gmt":"2026-03-15T22:22:40","slug":"rape-jurema-preta","status":"publish","type":"product","link":"https:\/\/orisha-ossain.com\/es\/product\/rape-jurema-preta\/","title":{"rendered":"Rap\u00e9 Jurema Preta"},"content":{"rendered":"<h2>Rap\u00e9 Jurema Preta<\/h2>\n<p>Rap\u00e9 Jurema Preta contin\u00faa la tradici\u00f3n de las mezclas de Jurema, complementando el <a href=\"https:\/\/orisha-ossain.com\/es\/product\/rape-tsunu-jurema\/\" target=\"_blank\" rel=\"noopener\">Tsunu Jurema<\/a> y <a href=\"https:\/\/orisha-ossain.com\/es\/product\/rape-jurema-branca\/\" target=\"_blank\" rel=\"noopener\">Jurema Branca<\/a> variedades ofrecidas aqu\u00ed. Esta potente mezcla incorpora las cenizas sagradas de Jurema Preta (Jurema negra), que tienden un puente entre las pr\u00e1cticas culturales y espirituales indias y afrobrasile\u00f1as.<\/p>\n<p>Dise\u00f1ado para trabajar profundamente en el chakra del coraz\u00f3n y el chakra del tercer ojo, Rap\u00e9 Jurema Preta fomenta la alineaci\u00f3n energ\u00e9tica y la claridad espiritual. Sus poderosas propiedades contribuyen a abrir v\u00edas para el desarrollo medi\u00famnico, ayudando a los usuarios a conectar con dimensiones superiores y a expandir su conciencia.<\/p>\n<p>Combinando el patrimonio cultural con profundos beneficios espirituales, Rap\u00e9 Jurema Preta ofrece una experiencia transformadora para quienes buscan tanto el enraizamiento f\u00edsico como la elevaci\u00f3n espiritual.<\/p>\n<p><a href=\"http:\/\/orisha-ossain.com\/wp-content\/uploads\/2023\/06\/Jurema-Preta-flor.jpg\"><img decoding=\"async\" class=\"wp-image-252 size-medium aligncenter\" src=\"http:\/\/orisha-ossain.com\/wp-content\/uploads\/2023\/06\/Jurema-Preta-flor-242x300.jpg\" alt=\"cham\u00e1n con la planta Rap\u00e9 Jurema preta en la mano\" width=\"242\" height=\"300\" srcset=\"https:\/\/orisha-ossain.com\/wp-content\/uploads\/2023\/06\/Jurema-Preta-flor-242x300.jpg 242w, https:\/\/orisha-ossain.com\/wp-content\/uploads\/2023\/06\/Jurema-Preta-flor.jpg 600w\" sizes=\"(max-width: 242px) 100vw, 242px\" \/><\/a><\/p>\n<h2>Sobre el fabricante<\/h2>\n<p>Carlito, mi amigo de S\u00e3o Paulo, cre\u00f3 este rap\u00e9. Profundamente inmerso en la medicina vegetal y las pr\u00e1cticas afrobrasile\u00f1as, recibi\u00f3 orientaci\u00f3n para explorar y dominar el oficio de rap\u00e9. A lo largo de los a\u00f1os, ha perfeccionado sus habilidades, aprendiendo a producir mezclas de alta calidad a pesar de no tener v\u00ednculos directos con las comunidades ind\u00edgenas. Su viaje refleja su dedicaci\u00f3n a honrar la esencia espiritual de esta medicina sagrada.<\/p>\n<p>Carlito comparti\u00f3 el ritual \u00fanico que sigue antes de lanzar su rap\u00e9. En su altar, coloca cada lote en una habitaci\u00f3n rodeada de cristales y bajo una pir\u00e1mide. All\u00ed, el rap\u00e9 permanece durante una semana, absorbiendo las energ\u00edas de su entorno antes de abandonar su cuidado. Este meticuloso proceso refleja su respeto y conexi\u00f3n con las dimensiones espirituales de su trabajo.<\/p>\n<figure id=\"attachment_242\" aria-describedby=\"caption-attachment-242\" style=\"width: 640px\" class=\"wp-caption aligncenter\"><a href=\"http:\/\/orisha-ossain.com\/wp-content\/uploads\/2023\/06\/Carlito.jpg\"><img decoding=\"async\" class=\"wp-image-242 size-full\" src=\"https:\/\/orisha-ossain.com\/wp-content\/uploads\/2023\/06\/Carlito.jpg\" alt=\"Carlito fabricante de rap\u00e9 Jurema Preta\" width=\"640\" height=\"640\" srcset=\"https:\/\/orisha-ossain.com\/wp-content\/uploads\/2023\/06\/Carlito.jpg 640w, https:\/\/orisha-ossain.com\/wp-content\/uploads\/2023\/06\/Carlito-300x300.jpg 300w, https:\/\/orisha-ossain.com\/wp-content\/uploads\/2023\/06\/Carlito-100x100.jpg 100w, https:\/\/orisha-ossain.com\/wp-content\/uploads\/2023\/06\/Carlito-465x465.jpg 465w, https:\/\/orisha-ossain.com\/wp-content\/uploads\/2023\/06\/Carlito-150x150.jpg 150w\" sizes=\"(max-width: 640px) 100vw, 640px\" \/><\/a><figcaption id=\"caption-attachment-242\" class=\"wp-caption-text\">Carlito en oraci\u00f3n momentos antes de comenzar el trabajo f\u00edsico<\/figcaption><\/figure>\n<h2>Jurema Preta (jurema negra) Mimosa Tenuiflora<\/h2>\n<p>urema preta, nombre brasile\u00f1o de la Mimosa tenuiflora, es una planta rara y vers\u00e1til valorada tanto por sus propiedades visionarias como por sus probados usos medicinales. Este \u00e1rbol o arbusto perenne crece en los bosques caducifolios tropicales, desde el noreste de Brasil hasta el sur de M\u00e9xico. La Jurema negra es una planta oportunista, pionera y resistente que se propaga f\u00e1cilmente, sobre todo por semillas.<\/p>\n<h3>Taxonom\u00eda y nombres<\/h3>\n<p>En portugu\u00e9s, Jurema se refiere com\u00fanmente a la Mimosa tenuiflora, tambi\u00e9n conocida como Mimosa hostilis. Sin embargo, en Brasil, Jurema engloba un grupo de plantas \"sensibles\" de la subfamilia Mimosoidae.<\/p>\n<p>Entre ellas, la Mimosa tenuiflora suele denominarse Jurema negra (Jurema preta). Del mismo modo, la Mimosa ophthalmocentra, que tambi\u00e9n es rica en triptaminas, se conoce como Jurema roja (Jurema embira). El investigador Sangirardi Jr. identifica la Jurema blanca (Jurema branca) como Pithecellobium diversifolium, mientras que Jurema de Oleiras se refiere a la menos com\u00fan Mimosa verrucosa.<\/p>\n<p>Curiosamente, a veces diferentes tribus utilizan los nombres indistintamente. Por ejemplo, Mimosa verrucosa tambi\u00e9n puede denominarse Jurema branca o Jurema preta. Otras fuentes sugieren que Acacia farnesiana o Piptadenia stipulacea tambi\u00e9n podr\u00edan denominarse Jurema branca, lo que ilustra la fluidez de la nomenclatura popular de la planta.<\/p>\n<p>En M\u00e9xico, la Mimosa tenuiflora se conoce como Tepezcohuite o Tepescohuite, que significa \"\u00e1rbol de la piel\". Este nombre tambi\u00e9n se aplica al extracto de la planta, normalmente derivado de la corteza, que se utiliza y comercializa ampliamente por sus beneficios m\u00e9dicos y cosm\u00e9ticos.<\/p>\n<figure id=\"attachment_182\" aria-describedby=\"caption-attachment-182\" style=\"width: 600px\" class=\"wp-caption aligncenter\"><a href=\"http:\/\/orisha-ossain.com\/wp-content\/uploads\/2023\/06\/jurema-preta-tree.jpg\"><img decoding=\"async\" class=\"wp-image-182 size-full\" src=\"https:\/\/orisha-ossain.com\/wp-content\/uploads\/2023\/06\/jurema-preta-tree.jpg\" alt=\"rap\u00e9 la jurema preta se hace con la corteza de este \u00e1rbol\" width=\"600\" height=\"361\" srcset=\"https:\/\/orisha-ossain.com\/wp-content\/uploads\/2023\/06\/jurema-preta-tree.jpg 600w, https:\/\/orisha-ossain.com\/wp-content\/uploads\/2023\/06\/jurema-preta-tree-300x181.jpg 300w\" sizes=\"(max-width: 600px) 100vw, 600px\" \/><\/a><figcaption id=\"caption-attachment-182\" class=\"wp-caption-text\">Jurema Preta (jurema negra) \/ Mimosa tenuiflora<\/figcaption><\/figure>\n<h2>Uso tradicional<\/h2>\n<p>En el nordeste de Brasil, las culturas ind\u00edgenas han utilizado durante mucho tiempo el Vinho de Jurema, o vino de Jurema, como bebida visionaria. Dependiendo de la regi\u00f3n, su composici\u00f3n y nombre var\u00edan, pero la Jurema negra sigue siendo el ingrediente m\u00e1s com\u00fan. Se recolecta la ra\u00edz o la corteza del tallo y se infusiona durante un largo periodo. En algunos cultos afrobrasile\u00f1os, los practicantes empapan la corteza en alcohol de ca\u00f1a de az\u00facar para crear un preparado conocido como cauim.<\/p>\n<h2>Propiedades<\/h2>\n<p>Durante siglos, tanto la corteza en polvo como los extractos acuosos de Jurema han desempe\u00f1ado un papel vital en la medicina popular. Los curanderos los utilizan para tratar quemaduras, \u00falceras y heridas con resultados excepcionales. Las pruebas de su uso se remontan a la civilizaci\u00f3n maya, lo que demuestra su importancia hist\u00f3rica.<\/p>\n<p>M\u00e1s recientemente, la corteza de Mimosa tenuiflora ha dado resultados revolucionarios en el tratamiento de quemaduras y lesiones cut\u00e1neas. Desempe\u00f1\u00f3 un papel importante en el tratamiento de las v\u00edctimas de la explosi\u00f3n de gas de San Juanico, en M\u00e9xico, en 1982, y del terremoto de 1985.<\/p>\n<p>Los estudios revelan que las propiedades curativas de la Mimosa tenuiflora proceden de una combinaci\u00f3n de compuestos bioactivos, como taninos, saponinas triterpenoides, saponinas esteroideas, polifenoles, fitosteroles, l\u00edpidos y alcaloides. La investigaci\u00f3n farmacol\u00f3gica destaca sus efectos antimicrobianos, antif\u00fangicos, analg\u00e9sicos, regeneradores, cicatrizantes, antiinflamatorios y antienvejecimiento. Esta validaci\u00f3n cient\u00edfica subraya la poderosa medicina tradicional de la Jurema negra.<\/p>","protected":false},"excerpt":{"rendered":"<p>Rap\u00e9 Jurema Preta es un tipo de rap\u00e9 que sigue la misma l\u00ednea que los otros tipos de Jurema que ofrezco <a href=\"http:\/\/orisha-ossain.com\/es\/product\/rape-tsunu-jurema\/\">aqu\u00ed Tsunu Jurema<\/a> \/ <a href=\"http:\/\/orisha-ossain.com\/es\/product\/rape-jurema-branca\/\">Jurema Branca<\/a>. Esta variedad incorpora las cenizas de Jurema Preta (Jurema negra).<\/p>\n<p>Rap\u00e9 Jurema Preta es un rap\u00e9 t\u00edpico que conecta la cultura y la espiritualidad india y afrobrasile\u00f1a.<\/p>","protected":false},"featured_media":35637,"template":"","meta":{"_seopress_robots_primary_cat":"none","_seopress_titles_title":"Rap\u00e9 Jurema Preta - Mimosa Tenuiflora - Caboclo - %%sitetitle%%","_seopress_titles_desc":"Rap\u00e9 Jurema Preta is a type of snuff incorporating the ashes of the Mimosa tenuiflora Shrub. This is a very rare blend","_seopress_robots_index":"","_kad_blocks_custom_css":"","_kad_blocks_head_custom_js":"","_kad_blocks_body_custom_js":"","_kad_blocks_footer_custom_js":"","_kad_post_transparent":"default","_kad_post_title":"","_kad_post_layout":"default","_kad_post_sidebar_id":"","_kad_post_content_style":"default","_kad_post_vertical_padding":"default","_kad_post_feature":"","_kad_post_feature_position":"","_kad_post_header":false,"_kad_post_footer":false,"_kad_post_classname":""},"product_brand":[],"product_cat":[50],"product_tag":[54],"class_list":{"0":"post-638","1":"product","2":"type-product","3":"status-publish","4":"has-post-thumbnail","6":"product_cat-rape","7":"product_tag-caboclo","9":"first","10":"instock","11":"taxable","12":"shipping-taxable","13":"purchasable","14":"product-type-variable","15":"entry","16":"content-bg","17":"loop-entry"},"taxonomy_info":{"product_cat":[{"value":50,"label":"Rap\u00e9"}],"product_tag":[{"value":54,"label":"Caboclo"}]},"featured_image_src_large":["https:\/\/orisha-ossain.com\/wp-content\/uploads\/2024\/11\/Jurema-Preta_Orisha_Ossain.png",736,736,false],"author_info":[],"comment_info":"","_links":{"self":[{"href":"https:\/\/orisha-ossain.com\/es\/wp-json\/wp\/v2\/product\/638","targetHints":{"allow":["GET"]}}],"collection":[{"href":"https:\/\/orisha-ossain.com\/es\/wp-json\/wp\/v2\/product"}],"about":[{"href":"https:\/\/orisha-ossain.com\/es\/wp-json\/wp\/v2\/types\/product"}],"wp:featuredmedia":[{"embeddable":true,"href":"https:\/\/orisha-ossain.com\/es\/wp-json\/wp\/v2\/media\/35637"}],"wp:attachment":[{"href":"https:\/\/orisha-ossain.com\/es\/wp-json\/wp\/v2\/media?parent=638"}],"wp:term":[{"taxonomy":"product_brand","embeddable":true,"href":"https:\/\/orisha-ossain.com\/es\/wp-json\/wp\/v2\/product_brand?post=638"},{"taxonomy":"product_cat","embeddable":true,"href":"https:\/\/orisha-ossain.com\/es\/wp-json\/wp\/v2\/product_cat?post=638"},{"taxonomy":"product_tag","embeddable":true,"href":"https:\/\/orisha-ossain.com\/es\/wp-json\/wp\/v2\/product_tag?post=638"}],"curies":[{"name":"wp","href":"https:\/\/api.w.org\/{rel}","templated":true}]}}