{"id":633,"date":"2023-07-04T19:45:03","date_gmt":"2023-07-04T17:45:03","guid":{"rendered":"http:\/\/orisha-ossain.com\/?post_type=product&#038;p=633"},"modified":"2026-04-16T20:27:58","modified_gmt":"2026-04-16T18:27:58","slug":"rape-ayo","status":"publish","type":"product","link":"https:\/\/orisha-ossain.com\/es\/product\/rape-ayo\/","title":{"rendered":"Rap\u00e9 Ayo"},"content":{"rendered":"<h2><span style=\"font-size: 12pt;\">Rap\u00e9 Ayo<\/span><\/h2>\n<p>Este Rap\u00e9 Ayo es mi propia creaci\u00f3n. Llevo 18 a\u00f1os trabajando con rap\u00e9. El siguiente paso de hacer mi propio rap\u00e9 me parece muy natural. En el desarrollo y finalizaci\u00f3n de este rap\u00e9 no me contuve. Adem\u00e1s de la ceniza de Sabi\u00e1 Mapacho y Parika, este rap\u00e9 tambi\u00e9n contiene Aya en 2 formas y tambi\u00e9n Yopo, de ah\u00ed el nombre Ayo.<br \/>\nSe infunde con aya muy antigua y sabia. Adem\u00e1s, contiene residuos de aya secos y pulverizados.<\/p>\n<p>Para las personas que les gusta profundizar, hice una versi\u00f3n diferente y m\u00e1s fuerte de este tipo de rap\u00e9. El aya for\u00e7a que hice y que <a href=\"http:\/\/orisha-ossain.com\/es\/product\/rape-aya\/\">puede consultarse aqu\u00ed<\/a> es el fundamento de rap\u00e9 Ayo doble. Este tabaco no es para todo el mundo. Si eres hipersensible al yopo puede bloquearte la nariz durante varias horas.<\/p>\n<p>El Yopo puro puede ser un fuerte rap\u00e9 enteog\u00e9nico si consigues semillas potentes y las preparas correctamente. El Yopo que estoy usando es totalmente activo y bastante potente. La funci\u00f3n de la cantidad a\u00f1adida de Yopo es profundizar y ampliar tu experiencia.<br \/>\nCon un porcentaje relativamente bajo de Yopo, aporta la potencia justa para mantenerse en equilibrio con las dem\u00e1s fuerzas que act\u00faan. Se trata de un Rap\u00e9 muy potente que puede no ser para todo el mundo. Tambi\u00e9n puede picar\/quemar la nariz m\u00e1s de lo acostumbrado.<\/p>\n<p><a href=\"http:\/\/orisha-ossain.com\/wp-content\/uploads\/2023\/07\/Ayohuasca-rape-pyrimad.jpg\"><img decoding=\"async\" class=\"aligncenter wp-image-637 size-medium\" src=\"http:\/\/orisha-ossain.com\/wp-content\/uploads\/2023\/07\/Ayohuasca-rape-pyrimad-300x225.jpg\" alt=\"una vista de rap\u00e9 ayo en forma de pir\u00e1mide sendo energizado\" width=\"300\" height=\"225\" srcset=\"https:\/\/orisha-ossain.com\/wp-content\/uploads\/2023\/07\/Ayohuasca-rape-pyrimad-300x225.jpg 300w, https:\/\/orisha-ossain.com\/wp-content\/uploads\/2023\/07\/Ayohuasca-rape-pyrimad-768x576.jpg 768w, https:\/\/orisha-ossain.com\/wp-content\/uploads\/2023\/07\/Ayohuasca-rape-pyrimad.jpg 900w\" sizes=\"(max-width: 300px) 100vw, 300px\" \/><\/a><\/p>\n<h2><span style=\"font-size: 12pt;\">Acerca de Banisteriopsis Caapi\/ Aya<\/span><\/h2>\n<p>Esta enredadera tropical puede crecer hasta 30 metros de longitud, enrosc\u00e1ndose en otras plantas para sostenerse. La enredadera caapi puede envejecer hasta los 100 a\u00f1os o m\u00e1s. La liana Banisteriopsis caapi es el ingrediente principal del Aya, un t\u00e9 medicinal tradicional de la regi\u00f3n amaz\u00f3nica. El t\u00e9 que contiene s\u00f3lo la liana caapi se llama Aya.<br \/>\nAlgunos ind\u00edgenas distinguen m\u00e1s de 40 especies de liana Caapi. Los chamanes ind\u00edgenas y otras personas dicen que pueden entrar en un estado mental diferente con una infusi\u00f3n s\u00f3lo de la B. Caapi. La mayor\u00eda de las 72 tribus consideran esta liana como la \"planta maestra\" que proporciona informaci\u00f3n concreta sobre otras plantas. Afirman que la vid es la responsable de sus excelentes conocimientos bot\u00e1nicos.<\/p>\n<p><a href=\"http:\/\/orisha-ossain.com\/wp-content\/uploads\/2023\/06\/Rape-ayahuasca-banisteriopsi-caapi.jpg\"><img decoding=\"async\" class=\"aligncenter wp-image-195 size-full\" src=\"https:\/\/orisha-ossain.com\/wp-content\/uploads\/2023\/06\/Rape-ayahuasca-banisteriopsi-caapi.jpg\" alt=\"Eu vejo de um cip\u00f3 chamado, Banisteriopsis caapi em uma planta\u00e7\u00e3o, rap\u00e9 ayo tem alguma da videira nela\" width=\"600\" height=\"800\" srcset=\"https:\/\/orisha-ossain.com\/wp-content\/uploads\/2023\/06\/Rape-ayahuasca-banisteriopsi-caapi.jpg 600w, https:\/\/orisha-ossain.com\/wp-content\/uploads\/2023\/06\/Rape-ayahuasca-banisteriopsi-caapi-225x300.jpg 225w\" sizes=\"(max-width: 600px) 100vw, 600px\" \/><\/a><\/p>\n<p style=\"text-align: center;\">","protected":false},"excerpt":{"rendered":"<p>Rap\u00e9 Ayo combina varios ingredientes en un rap\u00e9 potente y equilibrado. su energ\u00eda es \u00fanica y profunda.<br \/>\n\u00a1Ahora s\u00f3lo disponible con el doble de ingredientes potentes!<\/p>\n<p>&nbsp;<\/p>","protected":false},"featured_media":35614,"template":"","meta":{"_seopress_robots_primary_cat":"none","_seopress_titles_title":"Rap\u00e9 Ayo - Strong & Intense - Expert Level Energy - Orisha Ossain","_seopress_titles_desc":"Rap\u00e9 Ayo is one of the strongest blends on the market. It's my own creation. Expert level energy. Very strong!","_seopress_robots_index":"","_kad_blocks_custom_css":"","_kad_blocks_head_custom_js":"","_kad_blocks_body_custom_js":"","_kad_blocks_footer_custom_js":"","_kad_post_transparent":"default","_kad_post_title":"","_kad_post_layout":"default","_kad_post_sidebar_id":"","_kad_post_content_style":"default","_kad_post_vertical_padding":"default","_kad_post_feature":"","_kad_post_feature_position":"","_kad_post_header":false,"_kad_post_footer":false,"_kad_post_classname":""},"product_brand":[],"product_cat":[50],"product_tag":[54],"class_list":{"0":"post-633","1":"product","2":"type-product","3":"status-publish","4":"has-post-thumbnail","6":"product_cat-rape","7":"product_tag-caboclo","9":"first","10":"instock","11":"featured","12":"taxable","13":"shipping-taxable","14":"purchasable","15":"product-type-variable","16":"entry","17":"content-bg","18":"loop-entry"},"taxonomy_info":{"product_cat":[{"value":50,"label":"Rap\u00e9"}],"product_tag":[{"value":54,"label":"Caboclo"}]},"featured_image_src_large":["https:\/\/orisha-ossain.com\/wp-content\/uploads\/2024\/11\/Ayo_Orisha_Ossain.png",736,736,false],"author_info":[],"comment_info":"","_links":{"self":[{"href":"https:\/\/orisha-ossain.com\/es\/wp-json\/wp\/v2\/product\/633","targetHints":{"allow":["GET"]}}],"collection":[{"href":"https:\/\/orisha-ossain.com\/es\/wp-json\/wp\/v2\/product"}],"about":[{"href":"https:\/\/orisha-ossain.com\/es\/wp-json\/wp\/v2\/types\/product"}],"wp:featuredmedia":[{"embeddable":true,"href":"https:\/\/orisha-ossain.com\/es\/wp-json\/wp\/v2\/media\/35614"}],"wp:attachment":[{"href":"https:\/\/orisha-ossain.com\/es\/wp-json\/wp\/v2\/media?parent=633"}],"wp:term":[{"taxonomy":"product_brand","embeddable":true,"href":"https:\/\/orisha-ossain.com\/es\/wp-json\/wp\/v2\/product_brand?post=633"},{"taxonomy":"product_cat","embeddable":true,"href":"https:\/\/orisha-ossain.com\/es\/wp-json\/wp\/v2\/product_cat?post=633"},{"taxonomy":"product_tag","embeddable":true,"href":"https:\/\/orisha-ossain.com\/es\/wp-json\/wp\/v2\/product_tag?post=633"}],"curies":[{"name":"wp","href":"https:\/\/api.w.org\/{rel}","templated":true}]}}