{"id":625,"date":"2023-07-04T19:03:59","date_gmt":"2023-07-04T17:03:59","guid":{"rendered":"http:\/\/orisha-ossain.com\/?post_type=product&#038;p=625"},"modified":"2026-05-06T15:59:07","modified_gmt":"2026-05-06T13:59:07","slug":"rape-trovao","status":"publish","type":"product","link":"https:\/\/orisha-ossain.com\/es\/product\/rape-trovao\/","title":{"rendered":"Rap\u00e9 - Trov\u00e3o"},"content":{"rendered":"<p>Rap\u00e9 trov\u00e3o es un nuevo tipo de rap\u00e9 que he creado. Las personas que aprecian una resonancia potente de muy larga duraci\u00f3n se sentir\u00e1n satisfechas con este tipo de rap\u00e9. Potencia y claridad extremas definen este rap\u00e9. S\u00f3lo para personas acostumbradas o dispuestas a sumergirse profundamente.<\/p>\n<h2>Rap\u00e9 Trov\u00e3o<\/h2>\n<p>Trov\u00e3o significa trueno y el trueno de este tabaco es como el trueno que se oye en una c\u00e1lida tarde de verano. Un trueno que sigue rugiendo en las nubes durante mucho tiempo y que parece no tener fin.<\/p>\n<p>En el trov\u00e3o rap\u00e9 utilic\u00e9 dos tipos de mapacho bastante fuertes que son muy dif\u00edciles de conseguir. Estoy bastante seguro de que nunca se han utilizado para un rap\u00e9 hasta ahora. El aroma que crea esta mezcla es bastante diferente, pero no abrumador.<br \/>\nHa sido un proceso largo y, tras varias pruebas, he llegado a una proporci\u00f3n equilibrada entre los cuatro elementos.<\/p>\n<p>Este rap\u00e9 se compone de dos tipos de mapacho`, parika ash y palheira ash.<\/p>\n<h2>Comentarios<\/h2>\n<p>No estoy afirmando que este sea el rap\u00e9 m\u00e1s fuerte del planeta.  No he probado todos los tipos de rap\u00e9 que existen, as\u00ed que realmente no lo s\u00e9. Para m\u00ed, el trov\u00e3o es muy muy fuerte. Durante el desarrollo, di una muestra a varios clientes. Las opiniones que me dieron inclu\u00edan diversos comentarios, pero siempre inclu\u00edan la frase: \"\u00a1Este es un rap\u00e9 extremadamente fuerte!\" Es una herramienta excelente para ayudarte en largas sesiones de meditaci\u00f3n.<\/p>\n<p>Si est\u00e1s dispuesto a darme una breve rese\u00f1a de tus experiencias con este rap\u00e9 estar\u00e9 encantado de publicarla en esta p\u00e1gina.<\/p>\n<h2>Michela, Italia (06-06-2020)<\/h2>\n<p>Este rap\u00e9 es incre\u00edble, estoy enamorado. Para m\u00ed, rap\u00e9 trov\u00e3o abre profundamente el coraz\u00f3n y los pulmones. Es fuerte, pero tambi\u00e9n es suave al mismo tiempo. Este trov\u00e3o da tanta consciencia. Gracias por crearlo. Bendiciones.<\/p>\n<h2>Pasquale, Estados Unidos (05-06-2020)<\/h2>\n<div>Decir que este Rap\u00e9 es el mejor es tan f\u00e1cil, todos lo hacemos. \u00a1\u00a1\u00a1Este Rap\u00e9 Trov\u00e3o merece m\u00e1s que el mejor!!! Es suave, elegante, claro, sutil y muy potente al mismo tiempo. Nos conecta con vibraciones muy altas.<\/div>\n<div>\n<p class=\"p1\"><span class=\"s1\">A veces hay un malentendido sobre c\u00f3mo definir un rap\u00e9 fuerte.. como si debiera volarnos la cabeza, o volarnos la cabeza fuertemente. Esta es un rap\u00e9 hecho con mucha habilidad y punto.\u00a0<\/span><\/p>\n<p class=\"p1\"><span class=\"s1\">\u00a1Muchas Bendiciones e inmensa gratitud para el creador Armando! Por su dedicaci\u00f3n a permitir que la vida misma manifieste una herramienta tan incre\u00edble para realinearse con lo que realmente importa en la vida... LA VERDAD REAL ~ AMOR PARA TODOS ~<\/span><\/p>\n<\/div>\n<h2 style=\"text-align: center;\"><a href=\"http:\/\/orisha-ossain.com\/es\/product-category\/tepi\/\">Tepi<\/a> y <a href=\"http:\/\/orisha-ossain.com\/es\/product-category\/tepi\/\">Kuripe<span style=\"font-size: 16px;\">\u00a0<\/span><\/a><\/h2>\n<p style=\"text-align: center;\">Echa un vistazo a la colecci\u00f3n de Tepi y Kuripe. Hay disponibles varios estilos de diferentes artistas. <a style=\"font-weight: bold; font-family: var(--global-body-font-family);\" href=\"http:\/\/orisha-ossain.com\/wp-content\/uploads\/2023\/06\/Tepi-Blessings.jpg\"><img decoding=\"async\" class=\"wp-image-55 size-medium aligncenter\" src=\"http:\/\/orisha-ossain.com\/wp-content\/uploads\/2023\/06\/Tepi-Blessings-300x199.jpg\" alt=\"Tepis reciben la bendici\u00f3n de sus creadores\" width=\"300\" height=\"199\" srcset=\"https:\/\/orisha-ossain.com\/wp-content\/uploads\/2023\/06\/Tepi-Blessings-300x199.jpg 300w, https:\/\/orisha-ossain.com\/wp-content\/uploads\/2023\/06\/Tepi-Blessings.jpg 640w\" sizes=\"(max-width: 300px) 100vw, 300px\" \/><\/a><span style=\"font-size: 14px; font-family: var(--global-body-font-family);\">Tepis reciben la bendici\u00f3n de sus creadores<\/span><\/p>","protected":false},"excerpt":{"rendered":"<p><strong>Los tiempos extremos requieren una medicina extrema.<\/strong><\/p>\n<p><strong>\u00a1\u00a1Receta mejorada !!<\/strong><\/p>\n<p>Rap\u00e9 trov\u00e3o es un nuevo tipo de rap\u00e9 que he creado. Las personas que aprecian una resonancia potente de muy larga duraci\u00f3n se sentir\u00e1n satisfechas con este tipo de rap\u00e9. Potencia y claridad extremas definen este rap\u00e9. S\u00f3lo para personas acostumbradas o dispuestas a sumergirse profundamente.<\/p>","protected":false},"featured_media":35670,"template":"","meta":{"_seopress_robots_primary_cat":"none","_seopress_titles_title":"Rap\u00e9 Trov\u00e3o - Long Lasting & Powerfull - Orisha Ossain","_seopress_titles_desc":"Rap\u00e9 trov\u00e3o is a new type of snuff that I created. People who appreciate a very long-lasting powerful resonance will feel satisfied with this type of","_seopress_robots_index":"","_kad_blocks_custom_css":"","_kad_blocks_head_custom_js":"","_kad_blocks_body_custom_js":"","_kad_blocks_footer_custom_js":"","_kad_post_transparent":"default","_kad_post_title":"","_kad_post_layout":"default","_kad_post_sidebar_id":"","_kad_post_content_style":"default","_kad_post_vertical_padding":"default","_kad_post_feature":"","_kad_post_feature_position":"","_kad_post_header":false,"_kad_post_footer":false,"_kad_post_classname":""},"product_brand":[],"product_cat":[50],"product_tag":[54],"class_list":{"0":"post-625","1":"product","2":"type-product","3":"status-publish","4":"has-post-thumbnail","6":"product_cat-rape","7":"product_tag-caboclo","9":"first","10":"instock","11":"taxable","12":"shipping-taxable","13":"purchasable","14":"product-type-variable","15":"entry","16":"content-bg","17":"loop-entry"},"taxonomy_info":{"product_cat":[{"value":50,"label":"Rap\u00e9"}],"product_tag":[{"value":54,"label":"Caboclo"}]},"featured_image_src_large":["https:\/\/orisha-ossain.com\/wp-content\/uploads\/2024\/11\/Trovao_Orisha_Ossain.png",736,736,false],"author_info":[],"comment_info":"","_links":{"self":[{"href":"https:\/\/orisha-ossain.com\/es\/wp-json\/wp\/v2\/product\/625","targetHints":{"allow":["GET"]}}],"collection":[{"href":"https:\/\/orisha-ossain.com\/es\/wp-json\/wp\/v2\/product"}],"about":[{"href":"https:\/\/orisha-ossain.com\/es\/wp-json\/wp\/v2\/types\/product"}],"wp:featuredmedia":[{"embeddable":true,"href":"https:\/\/orisha-ossain.com\/es\/wp-json\/wp\/v2\/media\/35670"}],"wp:attachment":[{"href":"https:\/\/orisha-ossain.com\/es\/wp-json\/wp\/v2\/media?parent=625"}],"wp:term":[{"taxonomy":"product_brand","embeddable":true,"href":"https:\/\/orisha-ossain.com\/es\/wp-json\/wp\/v2\/product_brand?post=625"},{"taxonomy":"product_cat","embeddable":true,"href":"https:\/\/orisha-ossain.com\/es\/wp-json\/wp\/v2\/product_cat?post=625"},{"taxonomy":"product_tag","embeddable":true,"href":"https:\/\/orisha-ossain.com\/es\/wp-json\/wp\/v2\/product_tag?post=625"}],"curies":[{"name":"wp","href":"https:\/\/api.w.org\/{rel}","templated":true}]}}