{"id":621,"date":"2023-07-03T22:00:31","date_gmt":"2023-07-03T20:00:31","guid":{"rendered":"http:\/\/orisha-ossain.com\/?post_type=product&#038;p=621"},"modified":"2025-12-30T14:43:22","modified_gmt":"2025-12-30T13:43:22","slug":"rape-bashanawu","status":"publish","type":"product","link":"https:\/\/orisha-ossain.com\/es\/product\/rape-bashanawu\/","title":{"rendered":"Rap\u00e9 Bashanawu"},"content":{"rendered":"<h2><span style=\"font-size: 12pt;\"><strong>Introducci\u00f3n<\/strong><\/span><\/h2>\n<p>Despu\u00e9s de un largo periodo, me puse a elaborar un nuevo rap\u00e9. Siempre es un viaje interesante con varios experimentos, pruebas, sensaciones, ajustes y descartes. Los ingredientes fundamentales se fijaron pronto y luego vino la siguiente parte. Encontrar la ceniza adecuada. La ceniza Bashanawu del Kaxinawa funciona perfectamente en esta nueva combinaci\u00f3n. Estoy satisfecho con el resultado final y espero que puedan apreciar esta nueva mezcla.<\/p>\n<h2><span style=\"font-size: 12pt;\">Rap\u00e9 Bashanawu<\/span><\/h2>\n<p>Esta es una poderosa combinaci\u00f3n de cenizas. No se incluyen otras hierbas.<\/p>\n<p>Adem\u00e1s de la ceniza de Bashanawu, hay dos tipos de Mapacho. Sus nombres permanecer\u00e1n en secreto. Lo que dir\u00e9 es que uno de ellos tambi\u00e9n tiene un papel en rap\u00e9 Trov\u00e3o. All\u00ed tiene un papel de apoyo, ya que su presencia es relativamente baja. Pero en el rap\u00e9 Bashanwu es la fuerza dominante, con un aroma \u00fanico.<\/p>\n<p>La gente que est\u00e1 familiarizada con los tipos que hago sabe que me gusta hacer tipos machos bastante fuertes de rap\u00e9. Los otros tipos son.<\/p>\n<ul>\n<li><a href=\"http:\/\/orisha-ossain.com\/es\/product\/rape-aya\/\">Aya For\u00e7a<\/a><\/li>\n<li><a href=\"http:\/\/orisha-ossain.com\/es\/product\/rape-ayo\/\">Ayo<\/a><\/li>\n<li><a href=\"http:\/\/orisha-ossain.com\/es\/product\/rape-cohoba\/\">Cohoba<\/a><\/li>\n<li><a href=\"http:\/\/orisha-ossain.com\/es\/product\/rape-trovao-2\/\">Trov\u00e3o<\/a><\/li>\n<\/ul>","protected":false},"excerpt":{"rendered":"<p>Esta es una poderosa combinaci\u00f3n. Ingredientes b\u00e1sicos y ninguna otra hierba incluida. Rap\u00e9 Bashanawu tiene un contenido de ceniza relativamente bajo. El nombre proviene de la ceniza Kaxinawa que utilic\u00e9 para esta mezcla.<\/p>","protected":false},"featured_media":35683,"template":"","meta":{"_seopress_robots_primary_cat":"none","_seopress_titles_title":"Rap\u00e9 Bashanawu - Very Macho Type of Snuff - Orisha Ossain","_seopress_titles_desc":"Rap\u00e9 Bashanawu has a long-lasting energy. It has a unique and secret composition. It is a very macho type of snuff!","_seopress_robots_index":"","_kad_blocks_custom_css":"","_kad_blocks_head_custom_js":"","_kad_blocks_body_custom_js":"","_kad_blocks_footer_custom_js":"","_kad_post_transparent":"default","_kad_post_title":"","_kad_post_layout":"default","_kad_post_sidebar_id":"","_kad_post_content_style":"default","_kad_post_vertical_padding":"default","_kad_post_feature":"","_kad_post_feature_position":"","_kad_post_header":false,"_kad_post_footer":false,"_kad_post_classname":""},"product_brand":[],"product_cat":[50],"product_tag":[54],"class_list":{"0":"post-621","1":"product","2":"type-product","3":"status-publish","4":"has-post-thumbnail","6":"product_cat-rape","7":"product_tag-caboclo","9":"first","10":"instock","11":"taxable","12":"shipping-taxable","13":"purchasable","14":"product-type-variable","15":"entry","16":"content-bg","17":"loop-entry"},"taxonomy_info":{"product_cat":[{"value":50,"label":"Rap\u00e9"}],"product_tag":[{"value":54,"label":"Caboclo"}]},"featured_image_src_large":["https:\/\/orisha-ossain.com\/wp-content\/uploads\/2024\/11\/Bashanawu_Orisha_Ossain.png",736,736,false],"author_info":[],"comment_info":"","_links":{"self":[{"href":"https:\/\/orisha-ossain.com\/es\/wp-json\/wp\/v2\/product\/621","targetHints":{"allow":["GET"]}}],"collection":[{"href":"https:\/\/orisha-ossain.com\/es\/wp-json\/wp\/v2\/product"}],"about":[{"href":"https:\/\/orisha-ossain.com\/es\/wp-json\/wp\/v2\/types\/product"}],"wp:featuredmedia":[{"embeddable":true,"href":"https:\/\/orisha-ossain.com\/es\/wp-json\/wp\/v2\/media\/35683"}],"wp:attachment":[{"href":"https:\/\/orisha-ossain.com\/es\/wp-json\/wp\/v2\/media?parent=621"}],"wp:term":[{"taxonomy":"product_brand","embeddable":true,"href":"https:\/\/orisha-ossain.com\/es\/wp-json\/wp\/v2\/product_brand?post=621"},{"taxonomy":"product_cat","embeddable":true,"href":"https:\/\/orisha-ossain.com\/es\/wp-json\/wp\/v2\/product_cat?post=621"},{"taxonomy":"product_tag","embeddable":true,"href":"https:\/\/orisha-ossain.com\/es\/wp-json\/wp\/v2\/product_tag?post=621"}],"curies":[{"name":"wp","href":"https:\/\/api.w.org\/{rel}","templated":true}]}}