{"id":611,"date":"2023-07-03T20:07:02","date_gmt":"2023-07-03T18:07:02","guid":{"rendered":"http:\/\/orisha-ossain.com\/?post_type=product&#038;p=611"},"modified":"2026-04-16T21:16:50","modified_gmt":"2026-04-16T19:16:50","slug":"rape-aya","status":"publish","type":"product","link":"https:\/\/orisha-ossain.com\/es\/product\/rape-aya\/","title":{"rendered":"Rap\u00e9 Aya"},"content":{"rendered":"<h2>Rap\u00e9 Aya - Kuntanawa<\/h2>\n<p>Los Kuntanawa de Acre hicieron este Rap\u00e9 Aya. Los Kuntanawa \"empapan\" el sabi\u00e1 mapacho con el t\u00e9 Aya. Despu\u00e9s del secado, la mezcla de Aya se mezcla con la ceniza. Este rap\u00e9 tiene un ligero aroma a Aya y conlleva una conexi\u00f3n espiritual especial.<br \/>\nLa adici\u00f3n de Aya todav\u00eda mantiene esto un rap\u00e9 medio-fuerte. Ten en cuenta que no es un Rap\u00e9 visionario o como el t\u00e9 Aya. A\u00fan as\u00ed, el Rap\u00e9 Aya es una herramienta espiritual \u00fatil. Este rap\u00e9 ayuda a conectar con el esp\u00edritu Aya.<\/p>\n<p>En palabras de Kuntanawa, \"Aya es una planta medicinal y espiritual que nos conecta con nuestra ascendencia, nos lleva al mundo espiritual y nos recuerda qui\u00e9nes somos aqu\u00ed en la Tierra, nos conecta con todas las plantas y nos cura.\"<\/p>\n<h2>Recibo ajustado<\/h2>\n<p>En todos los lotes de aya for\u00e7a que hice para la tienda, hubo peque\u00f1as variaciones en la receta. El nuevo lote que est\u00e1 disponible ahora es completamente diferente.<\/p>\n<p>La sabia + una cepa diferente (no local de Brasil) que utilic\u00e9 para ello estaba empapada en una cantidad muy grande de l\u00edquido de caapi. La energ\u00eda, el sabor y la experiencia en general est\u00e1n profundamente relacionados con la Banisteriopsis caapi.<\/p>\n<p>\u00bfTe gusta bucear en las profundidades? \u00a1Entonces te recomiendo encarecidamente esta nueva versi\u00f3n de Aya For\u00e7a Rap\u00e9!<\/p>\n<h2>Aya For\u00e7a Rap\u00e9<\/h2>\n<p>Este rap\u00e9 es mi creaci\u00f3n. Despu\u00e9s de varios experimentos, encontr\u00e9 la receta que permite que este tipo de tabaco se exprese perfectamente.  Adem\u00e1s del sabi\u00e1 fuerte, tambi\u00e9n utilic\u00e9 un tipo diferente que mantendr\u00e9 en secreto.<br \/>\nEn combinaci\u00f3n con la parka ash y una molienda muy minuciosa, ya es bastante fuerte y para algunas personas muy fuerte. Esto depende de lo que su sistema puede manejar y c\u00f3mo este tabaco se conecta a usted.<br \/>\nEste aya for\u00e7a rap\u00e9 hablar\u00e1 por s\u00ed mismo y no necesita m\u00e1s de mis palabras.<\/p>\n<h2>Acerca de Banisteriopsis Caapi<\/h2>\n<p>Esta liana tropical puede crecer hasta 30 metros de longitud, enrosc\u00e1ndose en otras plantas para sostenerse. La enredadera caapi puede envejecer hasta los 100 a\u00f1os. La liana Banisteriopsis caapi es el ingrediente principal del Aya, un t\u00e9 medicinal tradicional de la regi\u00f3n amaz\u00f3nica. El t\u00e9 que contiene s\u00f3lo la liana caapi se llama Aya. Algunos ind\u00edgenas distinguen m\u00e1s de 40 especies de liana caapi.<br \/>\nLos chamanes ind\u00edgenas y otras personas dicen que pueden entrar en un estado mental diferente con una infusi\u00f3n s\u00f3lo de la B. Caapi. La mayor\u00eda de las 72 tribus consideran esta liana como la \"planta maestra\" que proporciona informaci\u00f3n concreta sobre otras plantas. Afirman que la vid es la responsable de sus excelentes conocimientos bot\u00e1nicos.<\/p>\n<div class=\"mceTemp\"><\/div>\n<figure id=\"attachment_195\" aria-describedby=\"caption-attachment-195\" style=\"width: 225px\" class=\"wp-caption aligncenter\"><a href=\"http:\/\/orisha-ossain.com\/wp-content\/uploads\/2023\/06\/Rape-ayahuasca-banisteriopsi-caapi.jpg\"><img decoding=\"async\" class=\"wp-image-195 size-medium\" src=\"http:\/\/orisha-ossain.com\/wp-content\/uploads\/2023\/06\/Rape-ayahuasca-banisteriopsi-caapi-225x300.jpg\" alt=\"I vista de una vid llamada, Banisteriopsis caapi en una plantaci\u00f3n, Rap\u00e9 Aya tiene algo de la vid en ella\" width=\"225\" height=\"300\" srcset=\"https:\/\/orisha-ossain.com\/wp-content\/uploads\/2023\/06\/Rape-ayahuasca-banisteriopsi-caapi-225x300.jpg 225w, https:\/\/orisha-ossain.com\/wp-content\/uploads\/2023\/06\/Rape-ayahuasca-banisteriopsi-caapi.jpg 600w\" sizes=\"(max-width: 225px) 100vw, 225px\" \/><\/a><figcaption id=\"caption-attachment-195\" class=\"wp-caption-text\">Banisteriopsis caapi<\/figcaption><\/figure>","protected":false},"excerpt":{"rendered":"<p>Nombres:  Aya, Yag\u00e9, Bejuco de Oro, Caapi y otros<\/p>\n<p>Dos formas de aya rap\u00e9<br \/>\nComposici\u00f3n aya de Kuntanawa; Moi silvestre local infusionado con t\u00e9 concentrado de B. Caapi, ceniza de Tsunu.<\/p>\n<p>Composici\u00f3n de Aya For\u00e7a. Sabi\u00e1 mapacho y cepa extra secret power, ceniza de parika y t\u00e9 de caapi.<\/p>","protected":false},"featured_media":35613,"template":"","meta":{"_seopress_robots_primary_cat":"none","_seopress_titles_title":"Rap\u00e9 Aya - Kuntanawa & Caboclo - Banisteriopsis Caapi Vine","_seopress_titles_desc":"Two forms of aya rap\u00e9. Kuntanawa's aya composition; local wild Moi infused with concentrated Caapi tea. Aya For\u00e7a Rap\u00e9 pushes the limits!","_seopress_robots_index":"","_kad_blocks_custom_css":"","_kad_blocks_head_custom_js":"","_kad_blocks_body_custom_js":"","_kad_blocks_footer_custom_js":"","_kad_post_transparent":"default","_kad_post_title":"","_kad_post_layout":"default","_kad_post_sidebar_id":"","_kad_post_content_style":"default","_kad_post_vertical_padding":"default","_kad_post_feature":"","_kad_post_feature_position":"","_kad_post_header":false,"_kad_post_footer":false,"_kad_post_classname":""},"product_brand":[],"product_cat":[128,50],"product_tag":[54,57],"class_list":{"0":"post-611","1":"product","2":"type-product","3":"status-publish","4":"has-post-thumbnail","6":"product_cat-new","7":"product_cat-rape","8":"product_tag-caboclo","9":"product_tag-kuntanawa","11":"first","12":"instock","13":"taxable","14":"shipping-taxable","15":"purchasable","16":"product-type-variable","17":"entry","18":"content-bg","19":"loop-entry"},"taxonomy_info":{"product_cat":[{"value":128,"label":"New"},{"value":50,"label":"Rap\u00e9"}],"product_tag":[{"value":54,"label":"Caboclo"},{"value":57,"label":"Kuntanawa"}]},"featured_image_src_large":["https:\/\/orisha-ossain.com\/wp-content\/uploads\/2024\/11\/Aya_Orisha_Ossain.png",736,736,false],"author_info":[],"comment_info":"","_links":{"self":[{"href":"https:\/\/orisha-ossain.com\/es\/wp-json\/wp\/v2\/product\/611","targetHints":{"allow":["GET"]}}],"collection":[{"href":"https:\/\/orisha-ossain.com\/es\/wp-json\/wp\/v2\/product"}],"about":[{"href":"https:\/\/orisha-ossain.com\/es\/wp-json\/wp\/v2\/types\/product"}],"wp:featuredmedia":[{"embeddable":true,"href":"https:\/\/orisha-ossain.com\/es\/wp-json\/wp\/v2\/media\/35613"}],"wp:attachment":[{"href":"https:\/\/orisha-ossain.com\/es\/wp-json\/wp\/v2\/media?parent=611"}],"wp:term":[{"taxonomy":"product_brand","embeddable":true,"href":"https:\/\/orisha-ossain.com\/es\/wp-json\/wp\/v2\/product_brand?post=611"},{"taxonomy":"product_cat","embeddable":true,"href":"https:\/\/orisha-ossain.com\/es\/wp-json\/wp\/v2\/product_cat?post=611"},{"taxonomy":"product_tag","embeddable":true,"href":"https:\/\/orisha-ossain.com\/es\/wp-json\/wp\/v2\/product_tag?post=611"}],"curies":[{"name":"wp","href":"https:\/\/api.w.org\/{rel}","templated":true}]}}