{"id":607,"date":"2023-07-03T19:49:57","date_gmt":"2023-07-03T17:49:57","guid":{"rendered":"http:\/\/orisha-ossain.com\/?post_type=product&#038;p=607"},"modified":"2026-03-28T00:02:26","modified_gmt":"2026-03-27T23:02:26","slug":"rape-peregrina","status":"publish","type":"product","link":"https:\/\/orisha-ossain.com\/es\/product\/rape-peregun\/","title":{"rendered":"Rap\u00e9 Peregun"},"content":{"rendered":"<h2>Rap\u00e9 Peregun<\/h2>\n<p>Para la limpieza espiritual y energ\u00e9tica este Peregun rap\u00e9 es muy \u00fatil. Aporta mucha fuerza y equilibrio a la mente. rap\u00e9 Peregun utiliza una planta con el nombre nativo Peregun. Esta planta es originaria de \u00c1frica. Hoy en d\u00eda es una planta que mucha gente tiene en sus casas. El moi org\u00e1nico y las cenizas de las hojas de Peregun componen este Rap\u00e9 \u00fanico en su g\u00e9nero.<\/p>\n<p>En cuanto a la producci\u00f3n de cenizas, s\u00f3lo queda un veinte por ciento del peso al quemar la corteza en el caso del rap\u00e9 normal. Con Peregun ese porcentaje es mucho menor. Hacer ceniza de Peregun requiere muchas hojas secas y es m\u00e1s trabajo. No hay mucha gente que haga este tipo de rap\u00e9 y por eso se considera una variedad rara. Tiene un olor muy particular y es un tabaco de potencia media\/alta.<br \/>\nEstoy seguro de que su uso y funci\u00f3n tradicionales en diversas culturas afrobrasile\u00f1as es la raz\u00f3n por la que ha llegado a formar parte de este rap\u00e9.<\/p>\n<figure id=\"attachment_159\" aria-describedby=\"caption-attachment-159\" style=\"width: 300px\" class=\"wp-caption alignnone\"><a href=\"http:\/\/orisha-ossain.com\/wp-content\/uploads\/2023\/06\/03333.jpg\"><img decoding=\"async\" class=\"wp-image-159 size-medium\" src=\"http:\/\/orisha-ossain.com\/wp-content\/uploads\/2023\/06\/03333-300x160.jpg\" alt=\"Practicante de Candombl\u00e9 sosteniendo una hoja de Peregun utilizada para rap\u00e9 peregun\" width=\"300\" height=\"160\" srcset=\"https:\/\/orisha-ossain.com\/wp-content\/uploads\/2023\/06\/03333-300x160.jpg 300w, https:\/\/orisha-ossain.com\/wp-content\/uploads\/2023\/06\/03333-1024x546.jpg 1024w, https:\/\/orisha-ossain.com\/wp-content\/uploads\/2023\/06\/03333-768x409.jpg 768w, https:\/\/orisha-ossain.com\/wp-content\/uploads\/2023\/06\/03333.jpg 1280w\" sizes=\"(max-width: 300px) 100vw, 300px\" \/><\/a><figcaption id=\"caption-attachment-159\" class=\"wp-caption-text\">Practicante de Candombl\u00e9 sosteniendo una hoja de Pereg\u00fan<\/figcaption><\/figure>\n<h2>Acerca de Peregun\/Dracaena fragrans<a href=\"http:\/\/orisha-ossain.com\/wp-content\/uploads\/2023\/06\/peregun-in-hand.jpg\"><img decoding=\"async\" class=\"alignright wp-image-191 size-thumbnail\" src=\"http:\/\/orisha-ossain.com\/wp-content\/uploads\/2023\/06\/peregun-in-hand-150x150.jpg\" alt=\"Muestra el torso de una mujer que sostiene una hoja de la que est\u00e1 hecho rap\u00e9 peregun\" width=\"150\" height=\"150\" srcset=\"https:\/\/orisha-ossain.com\/wp-content\/uploads\/2023\/06\/peregun-in-hand-150x150.jpg 150w, https:\/\/orisha-ossain.com\/wp-content\/uploads\/2023\/06\/peregun-in-hand-300x300.jpg 300w, https:\/\/orisha-ossain.com\/wp-content\/uploads\/2023\/06\/peregun-in-hand-100x100.jpg 100w, https:\/\/orisha-ossain.com\/wp-content\/uploads\/2023\/06\/peregun-in-hand.jpg 454w\" sizes=\"(max-width: 150px) 100vw, 150px\" \/><\/a><\/h2>\n<p>El peregun es muy utilizado en diversas culturas afrobrasile\u00f1as.  Tiene un fuerte enfoque en la energ\u00eda de la Orixa Ogun africana. Es una fuerza de la naturaleza relacionada con el hierro y las rocas. \"Ogun es el vencedor de todas y cada una de las batallas\".<br \/>\nEl pereg\u00fan se utiliza por sus propiedades de limpieza espiritual y energ\u00e9tica en culturas afrobrasile\u00f1as como la umbanda y el candombl\u00e9.  All\u00ed, el pereg\u00fan tambi\u00e9n desempe\u00f1a un papel importante en diversos ritos de iniciaci\u00f3n.<\/p>\n<p><span class=\"tlid-translation translation\"><span class=\"\" title=\"\">\"Una de las hojas m\u00e1s antiguas es el \"P\u00e8r\u00e8g\u00fan\", que se utiliza en la gran mayor\u00eda de los rituales a los \u00d2r\u00ecs\u00e1s.<\/span> <span title=\"\">El mito dice: P\u00e8r\u00e8g\u00fan fue testigo del crecimiento de la humanidad.<\/span> <span title=\"\">Siempre nos traer\u00e1 suerte.<\/span> <span class=\"\" title=\"\">P\u00e8r\u00e8g\u00fan guarda nuestra suerte, guarda su presa el d\u00eda de la caza, y as\u00ed, alimenta a sus hijos. P\u00e8r\u00e8g\u00fan nos protege de nuestros adversarios y nos hace armonizar con nuestros semejantes\" (<a href=\"https:\/\/ocandomble.com\/2015\/05\/29\/peregun-a-folha-ancestral\/\">fuente<\/a>).<\/span><\/span><\/p>\n<figure id=\"attachment_190\" aria-describedby=\"caption-attachment-190\" style=\"width: 300px\" class=\"wp-caption aligncenter\"><a href=\"http:\/\/orisha-ossain.com\/wp-content\/uploads\/2023\/06\/peregun-candomble.jpg\"><img decoding=\"async\" class=\"wp-image-190 size-medium\" src=\"http:\/\/orisha-ossain.com\/wp-content\/uploads\/2023\/06\/peregun-candomble-300x200.jpg\" alt=\"Un grupo de practicantes de Candombml\u00e9 en pleno rito de plantaci\u00f3n con Peregun. Las hojas de esta planta se utilizan para hacer Rap\u00e9 Peregun\" width=\"300\" height=\"200\" srcset=\"https:\/\/orisha-ossain.com\/wp-content\/uploads\/2023\/06\/peregun-candomble-300x200.jpg 300w, https:\/\/orisha-ossain.com\/wp-content\/uploads\/2023\/06\/peregun-candomble-1024x683.jpg 1024w, https:\/\/orisha-ossain.com\/wp-content\/uploads\/2023\/06\/peregun-candomble-768x512.jpg 768w, https:\/\/orisha-ossain.com\/wp-content\/uploads\/2023\/06\/peregun-candomble.jpg 1152w\" sizes=\"(max-width: 300px) 100vw, 300px\" \/><\/a><figcaption id=\"caption-attachment-190\" class=\"wp-caption-text\">Un grupo de practicantes de Candombl\u00e9 en pleno rito de siembra con Peregun<\/figcaption><\/figure>","protected":false},"excerpt":{"rendered":"<p>Un rap\u00e9 con un toque africano. Para limpieza espiritual y energ\u00e9tica, que aporta mucha fuerza y equilibrio de la mente. Aporta muy buena energ\u00eda a todo el cuerpo.<\/p>\n<p>Nombres: Peregun, Dracena, Dragoeiro, Pau-d'\u00e1gua, Coqueiro-de-v\u00eanus, Dracena-deremenis, Tronco do Brasil y otros<br \/>\nOrigen: S\u00e3o Paulo<\/p>","protected":false},"featured_media":35655,"template":"","meta":{"_seopress_robots_primary_cat":"none","_seopress_titles_title":"Rap\u00e9 Peregun - Dracaena fragrans - Afro-Brazilian Energy","_seopress_titles_desc":"Rap\u00e9 Peregun has an African touch. For spiritual and energetic cleansing, which brings much strength and balance of mind.","_seopress_robots_index":"","_kad_blocks_custom_css":"","_kad_blocks_head_custom_js":"","_kad_blocks_body_custom_js":"","_kad_blocks_footer_custom_js":"","_kad_post_transparent":"default","_kad_post_title":"","_kad_post_layout":"default","_kad_post_sidebar_id":"","_kad_post_content_style":"default","_kad_post_vertical_padding":"default","_kad_post_feature":"","_kad_post_feature_position":"","_kad_post_header":false,"_kad_post_footer":false,"_kad_post_classname":""},"product_brand":[],"product_cat":[50],"product_tag":[54],"class_list":{"0":"post-607","1":"product","2":"type-product","3":"status-publish","4":"has-post-thumbnail","6":"product_cat-rape","7":"product_tag-caboclo","9":"first","10":"instock","11":"taxable","12":"shipping-taxable","13":"purchasable","14":"product-type-variable","15":"entry","16":"content-bg","17":"loop-entry"},"taxonomy_info":{"product_cat":[{"value":50,"label":"Rap\u00e9"}],"product_tag":[{"value":54,"label":"Caboclo"}]},"featured_image_src_large":["https:\/\/orisha-ossain.com\/wp-content\/uploads\/2024\/11\/Peregun_Orisha_Ossain.png",736,736,false],"author_info":[],"comment_info":"","_links":{"self":[{"href":"https:\/\/orisha-ossain.com\/es\/wp-json\/wp\/v2\/product\/607","targetHints":{"allow":["GET"]}}],"collection":[{"href":"https:\/\/orisha-ossain.com\/es\/wp-json\/wp\/v2\/product"}],"about":[{"href":"https:\/\/orisha-ossain.com\/es\/wp-json\/wp\/v2\/types\/product"}],"wp:featuredmedia":[{"embeddable":true,"href":"https:\/\/orisha-ossain.com\/es\/wp-json\/wp\/v2\/media\/35655"}],"wp:attachment":[{"href":"https:\/\/orisha-ossain.com\/es\/wp-json\/wp\/v2\/media?parent=607"}],"wp:term":[{"taxonomy":"product_brand","embeddable":true,"href":"https:\/\/orisha-ossain.com\/es\/wp-json\/wp\/v2\/product_brand?post=607"},{"taxonomy":"product_cat","embeddable":true,"href":"https:\/\/orisha-ossain.com\/es\/wp-json\/wp\/v2\/product_cat?post=607"},{"taxonomy":"product_tag","embeddable":true,"href":"https:\/\/orisha-ossain.com\/es\/wp-json\/wp\/v2\/product_tag?post=607"}],"curies":[{"name":"wp","href":"https:\/\/api.w.org\/{rel}","templated":true}]}}