{"id":603,"date":"2023-07-03T19:39:21","date_gmt":"2023-07-03T17:39:21","guid":{"rendered":"http:\/\/orisha-ossain.com\/?post_type=product&#038;p=603"},"modified":"2026-04-17T16:25:43","modified_gmt":"2026-04-17T14:25:43","slug":"rape-cohoba","status":"publish","type":"product","link":"https:\/\/orisha-ossain.com\/es\/product\/rape-cohoba\/","title":{"rendered":"Rap\u00e9 Cohoba"},"content":{"rendered":"<h2>Rap\u00e9 Cohoba<\/h2>\n<p>Rap\u00e9 Cohoba es mi creaci\u00f3n. La receta que utilic\u00e9 para este rap\u00e9 es casi la misma que utilic\u00e9 para hacer <a href=\"http:\/\/orisha-ossain.com\/es\/product\/rape-ayo\/\">rap\u00e9 Ayo<\/a>. La \u00fanica diferencia es la ausencia del componente Aya. En lugar de las energ\u00edas mezcladas que vienen con el rap\u00e9 Ayo, rap\u00e9 Cohoba ofrece una manera diferente de estudiar esta energ\u00eda.<br \/>\nPolvo de Cohoba junto con Sabi\u00e1 Mapacho y otra cepa potente muy rara junto con ceniza de Parika. La Cohoba rap\u00e9 tiene profundos tonos terrosos y arom\u00e1ticos de nuez y aporta profundos estados meditativos.<\/p>\n<p>Se trata de un rap\u00e9 bastante masculino, especialmente para las personas a las que les gusta sumergirse en las profundidades.<\/p>\n<h2>Cohoba, Parika<\/h2>\n<p>Las semillas con las que se elabora el polvo de Cohoba proceden del \u00e1rbol Parika. Estas semillas crecen en vainas alargadas. El \u00e1rbol de Parika es originario del Caribe y Sudam\u00e9rica y puede alcanzar alturas de hasta 20 metros.<br \/>\nEl uso de Cohoba pura pulverizada tiene un uso tradicional secular. Aunque Cohoba es sin\u00f3nimo de la palabra Parika en el Amazonas, casi todos los rap\u00e9s de Parika que conozco utilizan las cenizas de la corteza pero no las semillas.<\/p>\n<p>Cohoba tiene varios nombres. Uno de ellos es Parika. El Rap\u00e9 Parika es bien conocido como un potente rap\u00e9. Pero el poder de casi todos los Parika rap\u00e9 que conozco proviene de la ceniza de corteza. Rap\u00e9 Cohoba combina semillas pulverizadas con ceniza de corteza de Parika.<\/p>\n<p><a href=\"http:\/\/orisha-ossain.com\/wp-content\/uploads\/2023\/06\/cohoba.jpg\"><img decoding=\"async\" class=\"aligncenter wp-image-171 size-medium\" src=\"http:\/\/orisha-ossain.com\/wp-content\/uploads\/2023\/06\/cohoba-234x300.jpg\" alt=\"rap\u00e9 Cohoba semillas vainas rap\u00e9 cohoba\" width=\"234\" height=\"300\" srcset=\"https:\/\/orisha-ossain.com\/wp-content\/uploads\/2023\/06\/cohoba-234x300.jpg 234w, https:\/\/orisha-ossain.com\/wp-content\/uploads\/2023\/06\/cohoba.jpg 600w\" sizes=\"(max-width: 234px) 100vw, 234px\" \/><\/a><\/p>\n<h2><strong>Rap\u00e9 Cohoba: Un potente rap\u00e9 end\u00f3geno<\/strong><\/h2>\n<p>La Cohoba pura es conocida por su potencia como rap\u00e9 ente\u00f3geno, especialmente cuando se elabora a partir de semillas de alta calidad y se prepara correctamente. La Cohoba en este rap\u00e9 es totalmente activa y notablemente potente. Su papel es profundizar y mejorar su experiencia, proporcionando un efecto potente pero equilibrado.<\/p>\n<p>Incluso con un porcentaje relativamente bajo de Cohoba, este rap\u00e9 ofrece la cantidad justa de intensidad para armonizar con otros componentes. Es un rap\u00e9 muy fuerte que puede no gustar a todo el mundo. Adem\u00e1s, puede que te pique o queme m\u00e1s que otras mezclas que hayas probado.<\/p>\n<p><strong>Caracter\u00edsticas principales:<\/strong><\/p>\n<ul>\n<li>Elaborado con Cohoba totalmente activa y potente.<\/li>\n<li>Una formulaci\u00f3n equilibrada para una experiencia profunda y amplia.<\/li>\n<li>Potencia intensa; adecuado para usuarios experimentados.<\/li>\n<\/ul>\n<p><strong>Nota:<\/strong> Man\u00e9jese con cuidado, ya que esta mezcla puede ser m\u00e1s fuerte de lo esperado.<\/p>","protected":false},"excerpt":{"rendered":"<p>Rap\u00e9 Cohoba es mi \u00faltima creaci\u00f3n. Sigue el mismo fundamento que <a href=\"http:\/\/orisha-ossain.com\/es\/product\/rape-ayo\/\">rap\u00e9 Ayo<\/a>.  La \u00fanica diferencia es la ausencia del componente aya. rap\u00e9 cohoba es potente y profundo. La forma m\u00e1s breve de describir esta nueva incorporaci\u00f3n.<\/p>\n<p>Nombres comunes, Cohoba, Yopo, Jopo, Parika, Parica<\/p>","protected":false},"featured_media":35625,"template":"","meta":{"_seopress_robots_primary_cat":"none","_seopress_titles_title":"Rap\u00e9 Cohoba - Anadenanthera Peregrina - Orisha Ossain","_seopress_titles_desc":"Rap\u00e9 cohoba is powerful and deep. Common names, Cohoba, Yopo, Jopo, Parika, Parica.\r\nNot visionary but powerful!","_seopress_robots_index":"","_kad_blocks_custom_css":"","_kad_blocks_head_custom_js":"","_kad_blocks_body_custom_js":"","_kad_blocks_footer_custom_js":"","_kad_post_transparent":"default","_kad_post_title":"","_kad_post_layout":"default","_kad_post_sidebar_id":"","_kad_post_content_style":"default","_kad_post_vertical_padding":"default","_kad_post_feature":"","_kad_post_feature_position":"","_kad_post_header":false,"_kad_post_footer":false,"_kad_post_classname":""},"product_brand":[],"product_cat":[50],"product_tag":[54],"class_list":{"0":"post-603","1":"product","2":"type-product","3":"status-publish","4":"has-post-thumbnail","6":"product_cat-rape","7":"product_tag-caboclo","9":"first","10":"instock","11":"taxable","12":"shipping-taxable","13":"purchasable","14":"product-type-variable","15":"entry","16":"content-bg","17":"loop-entry"},"taxonomy_info":{"product_cat":[{"value":50,"label":"Rap\u00e9"}],"product_tag":[{"value":54,"label":"Caboclo"}]},"featured_image_src_large":["https:\/\/orisha-ossain.com\/wp-content\/uploads\/2024\/11\/Cohoba_Orisha_Ossain.png",736,736,false],"author_info":[],"comment_info":"","_links":{"self":[{"href":"https:\/\/orisha-ossain.com\/es\/wp-json\/wp\/v2\/product\/603","targetHints":{"allow":["GET"]}}],"collection":[{"href":"https:\/\/orisha-ossain.com\/es\/wp-json\/wp\/v2\/product"}],"about":[{"href":"https:\/\/orisha-ossain.com\/es\/wp-json\/wp\/v2\/types\/product"}],"wp:featuredmedia":[{"embeddable":true,"href":"https:\/\/orisha-ossain.com\/es\/wp-json\/wp\/v2\/media\/35625"}],"wp:attachment":[{"href":"https:\/\/orisha-ossain.com\/es\/wp-json\/wp\/v2\/media?parent=603"}],"wp:term":[{"taxonomy":"product_brand","embeddable":true,"href":"https:\/\/orisha-ossain.com\/es\/wp-json\/wp\/v2\/product_brand?post=603"},{"taxonomy":"product_cat","embeddable":true,"href":"https:\/\/orisha-ossain.com\/es\/wp-json\/wp\/v2\/product_cat?post=603"},{"taxonomy":"product_tag","embeddable":true,"href":"https:\/\/orisha-ossain.com\/es\/wp-json\/wp\/v2\/product_tag?post=603"}],"curies":[{"name":"wp","href":"https:\/\/api.w.org\/{rel}","templated":true}]}}