{"id":599,"date":"2023-07-03T19:27:55","date_gmt":"2023-07-03T17:27:55","guid":{"rendered":"http:\/\/orisha-ossain.com\/?post_type=product&#038;p=599"},"modified":"2025-10-10T20:23:50","modified_gmt":"2025-10-10T18:23:50","slug":"rape-sete-ervas","status":"publish","type":"product","link":"https:\/\/orisha-ossain.com\/es\/product\/rape-sete-ervas\/","title":{"rendered":"Rap\u00e9 Set\u00e9 Ervas"},"content":{"rendered":"<h2>Rap\u00e9 Set\u00e9 Ervas<\/h2>\n<p>Este es un lote fresco de Set\u00e9 Ervas Rap\u00e9. La palabra portuguesa \"ervas\" significa hierbas. Set\u00e9 es siete. Por lo tanto, siete hierbas diferentes hacen este Rap\u00e9 \u00fanico. Este Rap\u00e9 procede de Carlito, de Sao Paulo. Las siete hierbas utilizadas son una mezcla de plantas medicinales y arom\u00e1ticas.<br \/>\nSe trata de un Rap\u00e9 de color marr\u00f3n claro y potencia media con un amplio espectro. Est\u00e1 dise\u00f1ado para proporcionar una limpieza completa de los 7 chakras.<\/p>\n<h2>Sobre el fabricante<\/h2>\n<p>Mi amigo Carlito, de Sao Paulo, hizo este Rap\u00e9. \u00c9l practica varias formas de trabajo con plantas medicinales como todos mis contactos. En este trabajo, recibi\u00f3 instrucciones para abrir su camino al Rap\u00e9. Ha seguido las instrucciones que recibi\u00f3 y lleva varios a\u00f1os haciendo Rap\u00e9. Incluso sin una conexi\u00f3n con los indios ind\u00edgenas, aprendi\u00f3 a hacer tipos de Rap\u00e9 de alta calidad y sigue aprendiendo.<\/p>\n<p>Carlito me mostr\u00f3 el peque\u00f1o espacio del altar donde guarda su Rap\u00e9. Antes de que ninguno de sus rap\u00e9 salga de su casa se queda en una habitaci\u00f3n. Rodeado de varios cristales y colocado bajo una pir\u00e1mide, el Rap\u00e9 permanece all\u00ed durante una semana.<br \/>\nEn varios momentos de este periodo, entra en esta habitaci\u00f3n y reza hacia el Rap\u00e9. Una semana de energizaci\u00f3n y oraciones es la parte final del trabajo. El Rap\u00e9 ya est\u00e1 listo.<\/p>","protected":false},"excerpt":{"rendered":"<p>Este es un lote fresco de Set\u00e9 Ervas Rap\u00e9. La palabra portuguesa \"ervas\" significa hierbas. Set\u00e9 es siete. Siete hierbas diferentes componen este Rap\u00e9 \u00fanico.<br \/>\nNombres: Set\u00e9 Ervas, 7 ervas<br \/>\nOrigen: S\u00e3o Paulo<br \/>\nComposici\u00f3n: ceniza de tsunu, Artemisia, albahaca, manzanilla, hinojo, lavanda, romero y salvia.<\/p>\n<p>&nbsp;<\/p>","protected":false},"featured_media":35666,"template":"","meta":{"_seopress_robots_primary_cat":"none","_seopress_titles_title":"Rap\u00e9 Sete Ervas - Caboclo - Orisha Ossain - Seven Herbs Snuff","_seopress_titles_desc":"Rap\u00e9 Sete ervas. Composition:\u00a0 tsunu ash, Artemisia, basil, chamomile, fennel, lavender, rosemary, and sage.","_seopress_robots_index":"","_kad_blocks_custom_css":"","_kad_blocks_head_custom_js":"","_kad_blocks_body_custom_js":"","_kad_blocks_footer_custom_js":"","_kad_post_transparent":"default","_kad_post_title":"","_kad_post_layout":"default","_kad_post_sidebar_id":"","_kad_post_content_style":"default","_kad_post_vertical_padding":"default","_kad_post_feature":"","_kad_post_feature_position":"","_kad_post_header":false,"_kad_post_footer":false,"_kad_post_classname":""},"product_brand":[],"product_cat":[50],"product_tag":[54],"class_list":{"0":"post-599","1":"product","2":"type-product","3":"status-publish","4":"has-post-thumbnail","6":"product_cat-rape","7":"product_tag-caboclo","9":"first","10":"instock","11":"taxable","12":"shipping-taxable","13":"purchasable","14":"product-type-variable","15":"entry","16":"content-bg","17":"loop-entry"},"taxonomy_info":{"product_cat":[{"value":50,"label":"Rap\u00e9"}],"product_tag":[{"value":54,"label":"Caboclo"}]},"featured_image_src_large":["https:\/\/orisha-ossain.com\/wp-content\/uploads\/2024\/11\/Sete-Ervas_Orisha_Ossain.png",736,736,false],"author_info":[],"comment_info":"","_links":{"self":[{"href":"https:\/\/orisha-ossain.com\/es\/wp-json\/wp\/v2\/product\/599","targetHints":{"allow":["GET"]}}],"collection":[{"href":"https:\/\/orisha-ossain.com\/es\/wp-json\/wp\/v2\/product"}],"about":[{"href":"https:\/\/orisha-ossain.com\/es\/wp-json\/wp\/v2\/types\/product"}],"wp:featuredmedia":[{"embeddable":true,"href":"https:\/\/orisha-ossain.com\/es\/wp-json\/wp\/v2\/media\/35666"}],"wp:attachment":[{"href":"https:\/\/orisha-ossain.com\/es\/wp-json\/wp\/v2\/media?parent=599"}],"wp:term":[{"taxonomy":"product_brand","embeddable":true,"href":"https:\/\/orisha-ossain.com\/es\/wp-json\/wp\/v2\/product_brand?post=599"},{"taxonomy":"product_cat","embeddable":true,"href":"https:\/\/orisha-ossain.com\/es\/wp-json\/wp\/v2\/product_cat?post=599"},{"taxonomy":"product_tag","embeddable":true,"href":"https:\/\/orisha-ossain.com\/es\/wp-json\/wp\/v2\/product_tag?post=599"}],"curies":[{"name":"wp","href":"https:\/\/api.w.org\/{rel}","templated":true}]}}