{"id":592,"date":"2023-07-03T18:58:03","date_gmt":"2023-07-03T16:58:03","guid":{"rendered":"http:\/\/orisha-ossain.com\/?post_type=product&#038;p=592"},"modified":"2026-04-12T19:21:06","modified_gmt":"2026-04-12T17:21:06","slug":"rape-awiry","status":"publish","type":"product","link":"https:\/\/orisha-ossain.com\/es\/product\/rape-awiry\/","title":{"rendered":"Rap\u00e9 Awiry"},"content":{"rendered":"<h2>Rap\u00e9 Awiry<\/h2>\n<p>Los apurin\u00e3, tambi\u00e9n conocidos como el pueblo de los awiry, valoran mucho la planta awiry. Sus paj\u00e9s (chamanes) la utilizan para diagnosticar y curar a su pueblo. A partir de esta planta sagrada, los Apurin\u00e3 crean su famoso Rap\u00e9 verde. No mezclan cenizas ni otras hierbas en este rap\u00e9.<\/p>\n<p>El Awiry permanece sin fermentar, conservando su color verde natural, lo que lo convierte en un rap\u00e9 crudo y \"vivo\". Los Apurin\u00e3 lo inhalan tradicionalmente a trav\u00e9s de un hueso o un tubo de bamb\u00fa silvestre, a diferencia de otras tribus ind\u00edgenas de Brasil, que soplan su Rap\u00e9 utilizando un Kuripe o un Tepi.<\/p>\n<p><img decoding=\"async\" class=\"aligncenter wp-image-34598 size-medium\" src=\"http:\/\/orisha-ossain.com\/wp-content\/uploads\/2024\/11\/Awiry-300x184.jpg\" alt=\"Rap\u00e9 Awiry de la apurina en un playyer con un kuripi\" width=\"300\" height=\"184\" srcset=\"https:\/\/orisha-ossain.com\/wp-content\/uploads\/2024\/11\/Awiry-300x184.jpg 300w, https:\/\/orisha-ossain.com\/wp-content\/uploads\/2024\/11\/Awiry-1024x627.jpg 1024w, https:\/\/orisha-ossain.com\/wp-content\/uploads\/2024\/11\/Awiry-768x470.jpg 768w, https:\/\/orisha-ossain.com\/wp-content\/uploads\/2024\/11\/Awiry.jpg 1255w\" sizes=\"(max-width: 300px) 100vw, 300px\" \/><\/p>\n<p>La planta awiry crece cerca de las orillas de los r\u00edos. La gente s\u00f3lo la cosecha en la estaci\u00f3n seca, cuando los r\u00edos est\u00e1n bajos. Crece de forma silvestre, pero hoy en d\u00eda algunas comunidades la cultivan para aumentar su disponibilidad. Los Apurin\u00e3 s\u00f3lo pueden hacer este Rap\u00e9 en la estaci\u00f3n seca debido a las inundaciones, lo que lo hace raro y especial. Como ya se ha dicho, est\u00e1n empezando a cultivarlo, lo que contribuye a hacerlo m\u00e1s accesible.<\/p>","protected":false},"excerpt":{"rendered":"<p>Rap\u00e9 Awiry tiene un aroma floral y huele literalmente como estar en medio de la selva. Este tabaco verde abre mucho y es profundamente sutil.<\/p>","protected":false},"featured_media":35612,"template":"","meta":{"_seopress_robots_primary_cat":"none","_seopress_titles_title":"Rap\u00e9 - Awiry - Apurin\u00e3 - Green Snuff - Flowery Scent -","_seopress_titles_desc":"Rap\u00e9 Awiry has a flowery scent and smells like being in the middle of the jungle. This green snuff is very opening and deeply subtle.","_seopress_robots_index":"","_kad_blocks_custom_css":"","_kad_blocks_head_custom_js":"","_kad_blocks_body_custom_js":"","_kad_blocks_footer_custom_js":"","_kad_post_transparent":"default","_kad_post_title":"","_kad_post_layout":"default","_kad_post_sidebar_id":"","_kad_post_content_style":"default","_kad_post_vertical_padding":"default","_kad_post_feature":"","_kad_post_feature_position":"","_kad_post_header":false,"_kad_post_footer":false,"_kad_post_classname":""},"product_brand":[],"product_cat":[50],"product_tag":[53],"class_list":{"0":"post-592","1":"product","2":"type-product","3":"status-publish","4":"has-post-thumbnail","6":"product_cat-rape","7":"product_tag-apurina","9":"first","10":"instock","11":"taxable","12":"shipping-taxable","13":"purchasable","14":"product-type-variable","15":"entry","16":"content-bg","17":"loop-entry"},"taxonomy_info":{"product_cat":[{"value":50,"label":"Rap\u00e9"}],"product_tag":[{"value":53,"label":"Apurin\u00e3"}]},"featured_image_src_large":["https:\/\/orisha-ossain.com\/wp-content\/uploads\/2024\/11\/Awiry_Orisha_Ossain.png",736,736,false],"author_info":[],"comment_info":"","_links":{"self":[{"href":"https:\/\/orisha-ossain.com\/es\/wp-json\/wp\/v2\/product\/592","targetHints":{"allow":["GET"]}}],"collection":[{"href":"https:\/\/orisha-ossain.com\/es\/wp-json\/wp\/v2\/product"}],"about":[{"href":"https:\/\/orisha-ossain.com\/es\/wp-json\/wp\/v2\/types\/product"}],"wp:featuredmedia":[{"embeddable":true,"href":"https:\/\/orisha-ossain.com\/es\/wp-json\/wp\/v2\/media\/35612"}],"wp:attachment":[{"href":"https:\/\/orisha-ossain.com\/es\/wp-json\/wp\/v2\/media?parent=592"}],"wp:term":[{"taxonomy":"product_brand","embeddable":true,"href":"https:\/\/orisha-ossain.com\/es\/wp-json\/wp\/v2\/product_brand?post=592"},{"taxonomy":"product_cat","embeddable":true,"href":"https:\/\/orisha-ossain.com\/es\/wp-json\/wp\/v2\/product_cat?post=592"},{"taxonomy":"product_tag","embeddable":true,"href":"https:\/\/orisha-ossain.com\/es\/wp-json\/wp\/v2\/product_tag?post=592"}],"curies":[{"name":"wp","href":"https:\/\/api.w.org\/{rel}","templated":true}]}}