{"id":588,"date":"2023-07-03T18:53:17","date_gmt":"2023-07-03T16:53:17","guid":{"rendered":"http:\/\/orisha-ossain.com\/?post_type=product&#038;p=588"},"modified":"2026-04-20T11:12:07","modified_gmt":"2026-04-20T09:12:07","slug":"rape-catinga-de-mulata","status":"publish","type":"product","link":"https:\/\/orisha-ossain.com\/es\/product\/rape-catinga-de-mulata\/","title":{"rendered":"Rap\u00e9 Catinga de Mulata"},"content":{"rendered":"<h2>Rap\u00e9 Catinga de Mulata<\/h2>\n<ul>\n<li>Una anciana india de la tribu Shaw\u00e3dawa crea este maravilloso Rap\u00e9, Catinga de Mulata. La Catinga de Mulata (Tanacetum vulgare), conocida como tanaceto, crece en Europa, Asia y Norteam\u00e9rica. Esta planta medicinal desempe\u00f1a un papel importante en la medicina tradicional.<\/li>\n<li>Para este Rap\u00e9, a\u00f1ade hojas de tanaceto pulverizadas al Moi mpacho. Esta planta trata tradicionalmente la gripe, la fiebre y otras dolencias.<\/li>\n<li>Este Rap\u00e9 es de color marr\u00f3n oscuro y contiene relativamente pocas cenizas. Es un Rap\u00e9 potente que recomiendo para usuarios experimentados.<\/li>\n<\/ul>\n<figure id=\"attachment_167\" aria-describedby=\"caption-attachment-167\" style=\"width: 300px\" class=\"wp-caption aligncenter\"><a href=\"http:\/\/orisha-ossain.com\/wp-content\/uploads\/2023\/06\/Catinga-de-Mulata.jpg\"><img decoding=\"async\" class=\"wp-image-167 size-medium\" src=\"http:\/\/orisha-ossain.com\/wp-content\/uploads\/2023\/06\/Catinga-de-Mulata-300x199.jpg\" alt=\"Floraci\u00f3n Tanavetum vulgaris\/ Tansy ingrediente para rap\u00e9 catinga de mulata\" width=\"300\" height=\"199\" srcset=\"https:\/\/orisha-ossain.com\/wp-content\/uploads\/2023\/06\/Catinga-de-Mulata-300x199.jpg 300w, https:\/\/orisha-ossain.com\/wp-content\/uploads\/2023\/06\/Catinga-de-Mulata-1024x678.jpg 1024w, https:\/\/orisha-ossain.com\/wp-content\/uploads\/2023\/06\/Catinga-de-Mulata-768x508.jpg 768w, https:\/\/orisha-ossain.com\/wp-content\/uploads\/2023\/06\/Catinga-de-Mulata-1536x1017.jpg 1536w, https:\/\/orisha-ossain.com\/wp-content\/uploads\/2023\/06\/Catinga-de-Mulata.jpg 1600w\" sizes=\"(max-width: 300px) 100vw, 300px\" \/><\/a><figcaption id=\"caption-attachment-167\" class=\"wp-caption-text\">Floraci\u00f3n Tanavetum vulgaris\/ Tansy<\/figcaption><\/figure>","protected":false},"excerpt":{"rendered":"<p>Una anciana india de la tribu Shaw\u00e3dawa crea este maravilloso Rap\u00e9, Catinga de Mulata. La Catinga de Mulata (Tanacetum vulgare), tambi\u00e9n conocida como tanaceto, crece en Europa, Asia y Norteam\u00e9rica. Esta planta sirve como hierba medicinal. <span style=\"font-family: var(--global-body-font-family);\">Para este Rap\u00e9 a\u00f1ade hojas de tanaceto pulverizadas a la mezcla.<\/span><\/p>","protected":false},"featured_media":35624,"template":"","meta":{"_seopress_robots_primary_cat":"none","_seopress_titles_title":"Rap\u00e9 Catinga de Mulata - Shaw\u00e3dawa - Strong & Purifying","_seopress_titles_desc":"An old Indian woman from the Shaw\u00e3dawa tribe creates this wonderful Rap\u00e9, Catinga de Mulata. Catinga de Mulata (Tanacetum vulgare)","_seopress_robots_index":"","_kad_blocks_custom_css":"","_kad_blocks_head_custom_js":"","_kad_blocks_body_custom_js":"","_kad_blocks_footer_custom_js":"","_kad_post_transparent":"default","_kad_post_title":"","_kad_post_layout":"default","_kad_post_sidebar_id":"","_kad_post_content_style":"default","_kad_post_vertical_padding":"default","_kad_post_feature":"","_kad_post_feature_position":"","_kad_post_header":false,"_kad_post_footer":false,"_kad_post_classname":""},"product_brand":[],"product_cat":[128,50],"product_tag":[61],"class_list":{"0":"post-588","1":"product","2":"type-product","3":"status-publish","4":"has-post-thumbnail","6":"product_cat-new","7":"product_cat-rape","8":"product_tag-shawadawa","10":"first","11":"instock","12":"taxable","13":"shipping-taxable","14":"purchasable","15":"product-type-variable","16":"entry","17":"content-bg","18":"loop-entry"},"taxonomy_info":{"product_cat":[{"value":128,"label":"New"},{"value":50,"label":"Rap\u00e9"}],"product_tag":[{"value":61,"label":"Shawadawa"}]},"featured_image_src_large":["https:\/\/orisha-ossain.com\/wp-content\/uploads\/2024\/11\/Catinga-de-Mulata_Orisha_Ossain.png",736,736,false],"author_info":[],"comment_info":"","_links":{"self":[{"href":"https:\/\/orisha-ossain.com\/es\/wp-json\/wp\/v2\/product\/588","targetHints":{"allow":["GET"]}}],"collection":[{"href":"https:\/\/orisha-ossain.com\/es\/wp-json\/wp\/v2\/product"}],"about":[{"href":"https:\/\/orisha-ossain.com\/es\/wp-json\/wp\/v2\/types\/product"}],"wp:featuredmedia":[{"embeddable":true,"href":"https:\/\/orisha-ossain.com\/es\/wp-json\/wp\/v2\/media\/35624"}],"wp:attachment":[{"href":"https:\/\/orisha-ossain.com\/es\/wp-json\/wp\/v2\/media?parent=588"}],"wp:term":[{"taxonomy":"product_brand","embeddable":true,"href":"https:\/\/orisha-ossain.com\/es\/wp-json\/wp\/v2\/product_brand?post=588"},{"taxonomy":"product_cat","embeddable":true,"href":"https:\/\/orisha-ossain.com\/es\/wp-json\/wp\/v2\/product_cat?post=588"},{"taxonomy":"product_tag","embeddable":true,"href":"https:\/\/orisha-ossain.com\/es\/wp-json\/wp\/v2\/product_tag?post=588"}],"curies":[{"name":"wp","href":"https:\/\/api.w.org\/{rel}","templated":true}]}}