{"id":580,"date":"2023-07-03T17:01:12","date_gmt":"2023-07-03T15:01:12","guid":{"rendered":"http:\/\/orisha-ossain.com\/?post_type=product&#038;p=580"},"modified":"2026-04-14T14:49:27","modified_gmt":"2026-04-14T12:49:27","slug":"rape-shawadawa","status":"publish","type":"product","link":"https:\/\/orisha-ossain.com\/es\/product\/rape-shawadawa\/","title":{"rendered":"Rap\u00e9 Shawadawa"},"content":{"rendered":"<h2>Rap\u00e9 Shaw\u00e3dawa<\/h2>\n<ul>\n<li>Este Rap\u00e9 Shaw\u00e3dawa es originario de la tribu conocida como \"La gente del Guacamayo\". Mi querido amigo Paco, de Acre, en Brasil, me puso en contacto con ellos y me ayud\u00f3 a acceder a su preciada medicina, que compartieron generosamente.<\/li>\n<li>Durante nuestras conversaciones, los Shaw\u00e3dawa me pidieron que compartiera este sentido mensaje: \"Deseamos a todas las personas fuera de Brasil bendiciones en sus estudios con la medicina forestal\".<\/li>\n<li>Este Rap\u00e9 de Shaw\u00e3dawa, un tabaco extraordinario procedente de la selva amaz\u00f3nica, presenta una tonalidad gris\u00e1cea, aromas deliciosos y efectos potentes.<\/li>\n<\/ul>","protected":false},"excerpt":{"rendered":"<p>Se trata del rap\u00e9 Shaw\u00e3dawa, conocido en algunos lugares como Rauti. El Rap\u00e9 Shaw\u00e3dawa es originario de la tribu llamada \"la gente del Guacamayo\". Presenta un color marr\u00f3n claro, aromas deliciosos y una fuerza notable.<\/p>","protected":false},"featured_media":35684,"template":"","meta":{"_seopress_robots_primary_cat":"none","_seopress_titles_title":"Rap\u00e9 Shaw\u00e3dawa - Rauti - Nice Aromas and Plenty of Force -","_seopress_titles_desc":"This is the new Shaw\u00e3dawa Rap\u00e9. In some places, it's called Rauti. This rap\u00e9 Shaw\u00e3dawa Rauti from the tribe also referred to as People of the Macaw.","_seopress_robots_index":"","_kad_blocks_custom_css":"","_kad_blocks_head_custom_js":"","_kad_blocks_body_custom_js":"","_kad_blocks_footer_custom_js":"","_kad_post_transparent":"default","_kad_post_title":"","_kad_post_layout":"default","_kad_post_sidebar_id":"","_kad_post_content_style":"default","_kad_post_vertical_padding":"default","_kad_post_feature":"","_kad_post_feature_position":"","_kad_post_header":false,"_kad_post_footer":false,"_kad_post_classname":""},"product_brand":[],"product_cat":[50],"product_tag":[61],"class_list":{"0":"post-580","1":"product","2":"type-product","3":"status-publish","4":"has-post-thumbnail","6":"product_cat-rape","7":"product_tag-shawadawa","9":"first","10":"instock","11":"taxable","12":"shipping-taxable","13":"purchasable","14":"product-type-variable","15":"entry","16":"content-bg","17":"loop-entry"},"taxonomy_info":{"product_cat":[{"value":50,"label":"Rap\u00e9"}],"product_tag":[{"value":61,"label":"Shawadawa"}]},"featured_image_src_large":["https:\/\/orisha-ossain.com\/wp-content\/uploads\/2024\/11\/Shawadawa_Orisha_Ossain.png",736,736,false],"author_info":[],"comment_info":"","_links":{"self":[{"href":"https:\/\/orisha-ossain.com\/es\/wp-json\/wp\/v2\/product\/580","targetHints":{"allow":["GET"]}}],"collection":[{"href":"https:\/\/orisha-ossain.com\/es\/wp-json\/wp\/v2\/product"}],"about":[{"href":"https:\/\/orisha-ossain.com\/es\/wp-json\/wp\/v2\/types\/product"}],"wp:featuredmedia":[{"embeddable":true,"href":"https:\/\/orisha-ossain.com\/es\/wp-json\/wp\/v2\/media\/35684"}],"wp:attachment":[{"href":"https:\/\/orisha-ossain.com\/es\/wp-json\/wp\/v2\/media?parent=580"}],"wp:term":[{"taxonomy":"product_brand","embeddable":true,"href":"https:\/\/orisha-ossain.com\/es\/wp-json\/wp\/v2\/product_brand?post=580"},{"taxonomy":"product_cat","embeddable":true,"href":"https:\/\/orisha-ossain.com\/es\/wp-json\/wp\/v2\/product_cat?post=580"},{"taxonomy":"product_tag","embeddable":true,"href":"https:\/\/orisha-ossain.com\/es\/wp-json\/wp\/v2\/product_tag?post=580"}],"curies":[{"name":"wp","href":"https:\/\/api.w.org\/{rel}","templated":true}]}}