{"id":576,"date":"2023-07-03T16:20:36","date_gmt":"2023-07-03T14:20:36","guid":{"rendered":"http:\/\/orisha-ossain.com\/?post_type=product&#038;p=576"},"modified":"2024-12-03T19:15:54","modified_gmt":"2024-12-03T18:15:54","slug":"rape-envira-ferro","status":"publish","type":"product","link":"https:\/\/orisha-ossain.com\/es\/product\/rape-envira-ferro\/","title":{"rendered":"Rap\u00e9 Envira Ferro"},"content":{"rendered":"<h2>Rap\u00e9 Envira Ferro<\/h2>\n<p>Envira ferro es un nombre sudamericano dado a los \u00e1rboles del g\u00e9nero Oxandra. El pueblo Shawadawa utiliza la corteza y el tronco de este \u00e1rbol para fabricar la ceniza que da nombre a este rap\u00e9. Mezclado con fino Arapiraca Mapacho lo convierte en un Shawadawa rap\u00e9 brillante, no demasiado extremo pero a\u00fan as\u00ed potente. Sin hierbas adicionales, s\u00f3lo Arapiraca Mapacho y ceniza de Envira Ferro.<\/p>\n<h2>Acerca de la tribu<\/h2>\n<p>Shawadawa (tambi\u00e9n conocido como Arara del Acre, Shawandaua, Shawanaua, Shawanau\u00e1, Shaonahua o Shaodawa) es un grupo ind\u00edgena que habita el suroeste del estado brasile\u00f1o de Acre. Esta tribu no entr\u00f3 en contacto con la \"civilizaci\u00f3n\" occidental hasta principios del siglo XX. En la actualidad, la tribu entera est\u00e1 formada por s\u00f3lo 550 almas. Shaw\u00e3 significa guacamayos y Dawa significa familia, por lo que son la familia de los guacamayos.<\/p>\n<p>Hoy en d\u00eda, el principal objetivo del pueblo Shaw\u00e3dawa es proteger sus tierras y sus bosques, donde se encuentran todas nuestras medicinas naturales. Tambi\u00e9n buscan siempre salvar y mantener su cultura y las ense\u00f1anzas de sus antepasados.<\/p>\n<p>\u00bfQuiere saber m\u00e1s sobre esta peque\u00f1a tribu amaz\u00f3nica? Eche un vistazo a <a href=\"https:\/\/pib.socioambiental.org\/pt\/Povo:Arara_Shaw\u00e3dawa\" target=\"_blank\" rel=\"noopener noreferrer\">este interesante sitio web.<\/a><\/p>\n<blockquote class=\"wp-embedded-content\" data-secret=\"8TJejGmLqj\"><p><a href=\"https:\/\/orisha-ossain.com\/es\/la-shawadawa\/\">Los Shaw\u00e3dawa<\/a><\/p><\/blockquote>\n<p><iframe class=\"wp-embedded-content\" sandbox=\"allow-scripts\" security=\"restricted\" style=\"position: absolute; visibility: hidden;\" title=\"&quot;El Shaw\u00e3dawa&quot; - Orisha Ossain\" src=\"https:\/\/orisha-ossain.com\/the-shawadawa\/embed\/#?secret=jie8mmKGv3#?secret=8TJejGmLqj\" data-secret=\"8TJejGmLqj\" width=\"600\" height=\"338\" frameborder=\"0\" marginwidth=\"0\" marginheight=\"0\" scrolling=\"no\"><\/iframe><\/p>\n<h2 style=\"text-align: center;\"><a href=\"http:\/\/orisha-ossain.com\/es\/product-category\/tepi\/\">Tepi<\/a> y <a href=\"http:\/\/orisha-ossain.com\/es\/product-category\/tepi\/\">Kuripe<span style=\"font-size: 16px;\">\u00a0<\/span><\/a><\/h2>\n<p style=\"text-align: center;\">Echa un vistazo a la colecci\u00f3n de Tepi y Kuripe. Hay disponibles varios estilos de diferentes artistas. <a style=\"font-weight: bold; font-family: var(--global-body-font-family);\" href=\"http:\/\/orisha-ossain.com\/wp-content\/uploads\/2023\/06\/Tepi-Blessings.jpg\"><img decoding=\"async\" class=\"wp-image-55 size-medium aligncenter\" src=\"http:\/\/orisha-ossain.com\/wp-content\/uploads\/2023\/06\/Tepi-Blessings-300x199.jpg\" alt=\"Tepis reciben la bendici\u00f3n de sus creadores\" width=\"300\" height=\"199\" srcset=\"https:\/\/orisha-ossain.com\/wp-content\/uploads\/2023\/06\/Tepi-Blessings-300x199.jpg 300w, https:\/\/orisha-ossain.com\/wp-content\/uploads\/2023\/06\/Tepi-Blessings.jpg 640w\" sizes=\"(max-width: 300px) 100vw, 300px\" \/><\/a><span style=\"font-size: 14px; font-family: var(--global-body-font-family);\">Tepis reciben la bendici\u00f3n de sus creadores<\/span><\/p>\n<h2>Manipulaci\u00f3n y clasificaci\u00f3n<\/h2>\n<p>Tamizo este Rap\u00e9 Envira Ferro y todos los dem\u00e1s rap\u00e9s que salen de mi tienda a trav\u00e9s de una malla de acero inoxidable de alta calidad de 120 micras. Tambi\u00e9n almaceno las existencias de Rap\u00e9 en seco y en recipientes al vac\u00edo para prolongar la frescura y la calidad.<\/p>\n<p>Esto resulta en.<\/p>\n<ul>\n<li>un polvo extremadamente fino.<\/li>\n<li>una finura constante garantizada<\/li>\n<li>absorci\u00f3n \u00f3ptima del tabaco<\/li>\n<\/ul>","protected":false},"excerpt":{"rendered":"<ul>\n<li>Rap\u00e9 Envira Ferro debe su nombre a un \u00e1rbol sudamericano del g\u00e9nero Oxandra. El pueblo Shawadawa utiliza la corteza y el tronco de este \u00e1rbol para crear la ceniza que da nombre al rap\u00e9.<\/li>\n<li>Mezclan esta ceniza con mapacho de Arapiraca fino para obtener un Shawadawa rap\u00e9 brillante y suave, sin utilizar hierbas adicionales, s\u00f3lo mapacho de Arapiraca y ceniza de Envira Ferro.<\/li>\n<\/ul>","protected":false},"featured_media":35606,"template":"","meta":{"_seopress_robots_primary_cat":"none","_seopress_titles_title":"Rap\u00e9 Envira Ferro - Shawadawa - Oxandra Ash -Orisha Ossain","_seopress_titles_desc":"Rap\u00e9 Envira ferro has its name given from a South American tree from the Oxandra genus. The Shawadawa people use the bark and trunk of this tree","_seopress_robots_index":"","_kad_blocks_custom_css":"","_kad_blocks_head_custom_js":"","_kad_blocks_body_custom_js":"","_kad_blocks_footer_custom_js":"","_kad_post_transparent":"default","_kad_post_title":"","_kad_post_layout":"default","_kad_post_sidebar_id":"","_kad_post_content_style":"default","_kad_post_vertical_padding":"default","_kad_post_feature":"","_kad_post_feature_position":"","_kad_post_header":false,"_kad_post_footer":false,"_kad_post_classname":""},"product_brand":[],"product_cat":[50],"product_tag":[61],"class_list":{"0":"post-576","1":"product","2":"type-product","3":"status-publish","4":"has-post-thumbnail","6":"product_cat-rape","7":"product_tag-shawadawa","9":"first","10":"outofstock","11":"taxable","12":"shipping-taxable","13":"purchasable","14":"product-type-variable","15":"entry","16":"content-bg","17":"loop-entry"},"taxonomy_info":{"product_cat":[{"value":50,"label":"Rap\u00e9"}],"product_tag":[{"value":61,"label":"Shawadawa"}]},"featured_image_src_large":["https:\/\/orisha-ossain.com\/wp-content\/uploads\/2024\/11\/Envira-Ferro-Orisha_Ossain.png",736,736,false],"author_info":[],"comment_info":"","_links":{"self":[{"href":"https:\/\/orisha-ossain.com\/es\/wp-json\/wp\/v2\/product\/576","targetHints":{"allow":["GET"]}}],"collection":[{"href":"https:\/\/orisha-ossain.com\/es\/wp-json\/wp\/v2\/product"}],"about":[{"href":"https:\/\/orisha-ossain.com\/es\/wp-json\/wp\/v2\/types\/product"}],"wp:featuredmedia":[{"embeddable":true,"href":"https:\/\/orisha-ossain.com\/es\/wp-json\/wp\/v2\/media\/35606"}],"wp:attachment":[{"href":"https:\/\/orisha-ossain.com\/es\/wp-json\/wp\/v2\/media?parent=576"}],"wp:term":[{"taxonomy":"product_brand","embeddable":true,"href":"https:\/\/orisha-ossain.com\/es\/wp-json\/wp\/v2\/product_brand?post=576"},{"taxonomy":"product_cat","embeddable":true,"href":"https:\/\/orisha-ossain.com\/es\/wp-json\/wp\/v2\/product_cat?post=576"},{"taxonomy":"product_tag","embeddable":true,"href":"https:\/\/orisha-ossain.com\/es\/wp-json\/wp\/v2\/product_tag?post=576"}],"curies":[{"name":"wp","href":"https:\/\/api.w.org\/{rel}","templated":true}]}}