{"id":572,"date":"2023-07-03T16:10:26","date_gmt":"2023-07-03T14:10:26","guid":{"rendered":"http:\/\/orisha-ossain.com\/?post_type=product&#038;p=572"},"modified":"2026-04-16T13:48:01","modified_gmt":"2026-04-16T11:48:01","slug":"rape-rupusuti","status":"publish","type":"product","link":"https:\/\/orisha-ossain.com\/es\/product\/rape-rupusuti\/","title":{"rendered":"Rap\u00e9 Rupusuti"},"content":{"rendered":"<h2>Rap\u00e9 Rupusuti<\/h2>\n<ul>\n<li>La tribu Shaw\u00e3dawa de Acre, Brasil, crea Rap\u00e9 Rupusuti utilizando moi mapacho org\u00e1nico, cenizas de tsunu y una hierba llamada Rupusuti. Este poderoso rap\u00e9 procede de sus pr\u00e1cticas tradicionales.<\/li>\n<li>Rupusuti limpia las venas y los poros. Seg\u00fan su fabricante, el uso de este medicamento provoca sudoraci\u00f3n abundante y ayuda al organismo a eliminar toxinas, lo que hace que te sientas mejor.<\/li>\n<li>Los Shaw\u00e3dawa utilizan tradicionalmente el Rupusuti para tratar la hipertensi\u00f3n. Esta poderosa mezcla tiene un efecto terroso en el cuerpo y, gracias a su efecto calor\u00edfico, te hace sentir enraizado y conectado con la tierra.<\/li>\n<\/ul>","protected":false},"excerpt":{"rendered":"<p>La tribu Shaw\u00e3dawa de Acre, Brasil, elabora Rap\u00e9 Rupusuti utilizando moi mapacho org\u00e1nico, cenizas de Tsunu y una hierba llamada Rupusuti. Este rap\u00e9 \u00fanico representa sus pr\u00e1cticas tradicionales y su artesan\u00eda.<\/p>","protected":false},"featured_media":35660,"template":"","meta":{"_seopress_robots_primary_cat":"none","_seopress_titles_title":"Rap\u00e9 Rupusuti - Shaw\u00e3dawa - Shamanic Snuff - %%sitetitle%%","_seopress_titles_desc":"The Shaw\u00e3dawa tribe in Acre, Brazil, makes Rap\u00e9 Rupusuti using organic moi mapacho, Tsunu ashes, and a herb called Rupusuti.","_seopress_robots_index":"","_kad_blocks_custom_css":"","_kad_blocks_head_custom_js":"","_kad_blocks_body_custom_js":"","_kad_blocks_footer_custom_js":"","_kad_post_transparent":"default","_kad_post_title":"","_kad_post_layout":"default","_kad_post_sidebar_id":"","_kad_post_content_style":"default","_kad_post_vertical_padding":"default","_kad_post_feature":"","_kad_post_feature_position":"","_kad_post_header":false,"_kad_post_footer":false,"_kad_post_classname":""},"product_brand":[],"product_cat":[50],"product_tag":[61],"class_list":{"0":"post-572","1":"product","2":"type-product","3":"status-publish","4":"has-post-thumbnail","6":"product_cat-rape","7":"product_tag-shawadawa","9":"first","10":"instock","11":"taxable","12":"shipping-taxable","13":"purchasable","14":"product-type-variable","15":"entry","16":"content-bg","17":"loop-entry"},"taxonomy_info":{"product_cat":[{"value":50,"label":"Rap\u00e9"}],"product_tag":[{"value":61,"label":"Shawadawa"}]},"featured_image_src_large":["https:\/\/orisha-ossain.com\/wp-content\/uploads\/2024\/11\/Rupusuti_Orisha_Ossain.png",736,736,false],"author_info":[],"comment_info":"","_links":{"self":[{"href":"https:\/\/orisha-ossain.com\/es\/wp-json\/wp\/v2\/product\/572","targetHints":{"allow":["GET"]}}],"collection":[{"href":"https:\/\/orisha-ossain.com\/es\/wp-json\/wp\/v2\/product"}],"about":[{"href":"https:\/\/orisha-ossain.com\/es\/wp-json\/wp\/v2\/types\/product"}],"wp:featuredmedia":[{"embeddable":true,"href":"https:\/\/orisha-ossain.com\/es\/wp-json\/wp\/v2\/media\/35660"}],"wp:attachment":[{"href":"https:\/\/orisha-ossain.com\/es\/wp-json\/wp\/v2\/media?parent=572"}],"wp:term":[{"taxonomy":"product_brand","embeddable":true,"href":"https:\/\/orisha-ossain.com\/es\/wp-json\/wp\/v2\/product_brand?post=572"},{"taxonomy":"product_cat","embeddable":true,"href":"https:\/\/orisha-ossain.com\/es\/wp-json\/wp\/v2\/product_cat?post=572"},{"taxonomy":"product_tag","embeddable":true,"href":"https:\/\/orisha-ossain.com\/es\/wp-json\/wp\/v2\/product_tag?post=572"}],"curies":[{"name":"wp","href":"https:\/\/api.w.org\/{rel}","templated":true}]}}