{"id":568,"date":"2023-07-03T16:02:54","date_gmt":"2023-07-03T14:02:54","guid":{"rendered":"http:\/\/orisha-ossain.com\/?post_type=product&#038;p=568"},"modified":"2026-04-10T22:48:37","modified_gmt":"2026-04-10T20:48:37","slug":"rape-parika","status":"publish","type":"product","link":"https:\/\/orisha-ossain.com\/es\/product\/rape-parika\/","title":{"rendered":"Rap\u00e9 Parika"},"content":{"rendered":"<h2>Rap\u00e9 Parika<\/h2>\n<ul>\n<li>Este lote fresco de Rap\u00e9 Parika muestra sus poderosas propiedades. Les aseguro que es altamente eficaz. La colaboraci\u00f3n entre los indios Shaw\u00e3dawa y los Caboclos crea este Rap\u00e9 \u00fanico. Un Caboclo describe a una persona de ascendencia mixta ind\u00edgena brasile\u00f1a, europea o africana. Haga clic aqu\u00ed para saber m\u00e1s sobre los Caboclos.<\/li>\n<li>Los ind\u00edgenas brasile\u00f1os comparten activamente sus conocimientos con los dem\u00e1s. En este caso, los indios y los caboclos viven muy cerca, trabajando y conviviendo de forma natural. A veces, los Shawadawa preparan las cenizas mientras los Caboclos preparan la sabia, o viceversa.<\/li>\n<li>El Parika Rap\u00e9 (Schizolobium amazonicum) es reconocido por sus potentes ingredientes antibacterianos. Las cenizas de parika emiten una alta vibraci\u00f3n que elimina las energ\u00edas negativas y estancadas del cuerpo y la mente.<\/li>\n<\/ul>\n<figure id=\"attachment_201\" aria-describedby=\"caption-attachment-201\" style=\"width: 300px\" class=\"wp-caption aligncenter\"><a href=\"http:\/\/orisha-ossain.com\/wp-content\/uploads\/2023\/06\/schizolobium-amazonicum-parica.jpg\"><img decoding=\"async\" class=\"wp-image-201 size-medium\" src=\"http:\/\/orisha-ossain.com\/wp-content\/uploads\/2023\/06\/schizolobium-amazonicum-parica-300x300.jpg\" alt=\"buscando un \u00e1rbol Schizolobium amazonicum. la corteza se utiliza para rap\u00e9\/tabaco. rap\u00e9 Parika\" width=\"300\" height=\"300\" srcset=\"https:\/\/orisha-ossain.com\/wp-content\/uploads\/2023\/06\/schizolobium-amazonicum-parica-300x300.jpg 300w, https:\/\/orisha-ossain.com\/wp-content\/uploads\/2023\/06\/schizolobium-amazonicum-parica-100x100.jpg 100w, https:\/\/orisha-ossain.com\/wp-content\/uploads\/2023\/06\/schizolobium-amazonicum-parica-465x465.jpg 465w, https:\/\/orisha-ossain.com\/wp-content\/uploads\/2023\/06\/schizolobium-amazonicum-parica-1024x1024.jpg 1024w, https:\/\/orisha-ossain.com\/wp-content\/uploads\/2023\/06\/schizolobium-amazonicum-parica-150x150.jpg 150w, https:\/\/orisha-ossain.com\/wp-content\/uploads\/2023\/06\/schizolobium-amazonicum-parica-768x768.jpg 768w, https:\/\/orisha-ossain.com\/wp-content\/uploads\/2023\/06\/schizolobium-amazonicum-parica.jpg 1080w\" sizes=\"(max-width: 300px) 100vw, 300px\" \/><\/a><figcaption id=\"caption-attachment-201\" class=\"wp-caption-text\">Schizolobium amazonicum<\/figcaption><\/figure>","protected":false},"excerpt":{"rendered":"<ul>\n<li>Este nuevo lote de Parika Rap\u00e9 ofrece una experiencia deliciosa con una receta \u00fanica y sabores frescos. \u00a1Saboree su encanto y disfrute!<\/li>\n<li>La gente reconoce el Rap\u00e9 Parika por sus poderosas propiedades antibacterianas. Las cenizas de Parika emiten altas vibraciones, limpiando eficazmente las energ\u00edas negativas y atascadas del cuerpo y la mente.<\/li>\n<\/ul>","protected":false},"featured_media":35686,"template":"","meta":{"_seopress_robots_primary_cat":"none","_seopress_titles_title":"%%post_title%% - High Vibrations, Clearing Negative Energies","_seopress_titles_desc":"People recognize Rap\u00e9 Parika for its powerful properties. The ashes from Parika emit high vibrations, effectively clearing negative energies.","_seopress_robots_index":"","_kad_blocks_custom_css":"","_kad_blocks_head_custom_js":"","_kad_blocks_body_custom_js":"","_kad_blocks_footer_custom_js":"","_kad_post_transparent":"default","_kad_post_title":"","_kad_post_layout":"default","_kad_post_sidebar_id":"","_kad_post_content_style":"default","_kad_post_vertical_padding":"default","_kad_post_feature":"","_kad_post_feature_position":"","_kad_post_header":false,"_kad_post_footer":false,"_kad_post_classname":""},"product_brand":[],"product_cat":[50],"product_tag":[54,61],"class_list":{"0":"post-568","1":"product","2":"type-product","3":"status-publish","4":"has-post-thumbnail","6":"product_cat-rape","7":"product_tag-caboclo","8":"product_tag-shawadawa","10":"first","11":"instock","12":"taxable","13":"shipping-taxable","14":"purchasable","15":"product-type-variable","16":"entry","17":"content-bg","18":"loop-entry"},"taxonomy_info":{"product_cat":[{"value":50,"label":"Rap\u00e9"}],"product_tag":[{"value":54,"label":"Caboclo"},{"value":61,"label":"Shawadawa"}]},"featured_image_src_large":["https:\/\/orisha-ossain.com\/wp-content\/uploads\/2024\/11\/Parika_Orisha_Ossain.png",736,736,false],"author_info":[],"comment_info":"","_links":{"self":[{"href":"https:\/\/orisha-ossain.com\/es\/wp-json\/wp\/v2\/product\/568","targetHints":{"allow":["GET"]}}],"collection":[{"href":"https:\/\/orisha-ossain.com\/es\/wp-json\/wp\/v2\/product"}],"about":[{"href":"https:\/\/orisha-ossain.com\/es\/wp-json\/wp\/v2\/types\/product"}],"wp:featuredmedia":[{"embeddable":true,"href":"https:\/\/orisha-ossain.com\/es\/wp-json\/wp\/v2\/media\/35686"}],"wp:attachment":[{"href":"https:\/\/orisha-ossain.com\/es\/wp-json\/wp\/v2\/media?parent=568"}],"wp:term":[{"taxonomy":"product_brand","embeddable":true,"href":"https:\/\/orisha-ossain.com\/es\/wp-json\/wp\/v2\/product_brand?post=568"},{"taxonomy":"product_cat","embeddable":true,"href":"https:\/\/orisha-ossain.com\/es\/wp-json\/wp\/v2\/product_cat?post=568"},{"taxonomy":"product_tag","embeddable":true,"href":"https:\/\/orisha-ossain.com\/es\/wp-json\/wp\/v2\/product_tag?post=568"}],"curies":[{"name":"wp","href":"https:\/\/api.w.org\/{rel}","templated":true}]}}