{"id":560,"date":"2023-07-03T15:29:38","date_gmt":"2023-07-03T13:29:38","guid":{"rendered":"http:\/\/orisha-ossain.com\/?post_type=product&#038;p=560"},"modified":"2026-04-17T15:14:43","modified_gmt":"2026-04-17T13:14:43","slug":"rape-nukini","status":"publish","type":"product","link":"https:\/\/orisha-ossain.com\/es\/product\/rape-nukini\/","title":{"rendered":"Rap\u00e9 Nukini"},"content":{"rendered":"<h2>Rap\u00e9 Nukini<\/h2>\n<p>Este Rap\u00e9 Nukini es Pau Pereira. Es una de las variedades de Rap\u00e9 m\u00e1s antiguas y extendidas. Varias tribus, caboclos y otros trabajan y elaboran esta variedad.  El Pau Pereira se elabora con Arapiraca y la ceniza del \u00e1rbol Platycyamus regnellii. Se trata de un Rap\u00e9 sencillo, s\u00f3lo Arapiraca y ceniza de corteza de Pau Pereira. Es bastante potente. Este Pau Pereira procede de la tribu Nukini.<\/p>\n<h2>Sobre Pau Pereira\/Platycyamus regnelli<\/h2>\n<p>Platycyamus regnellii es un \u00e1rbol caducifolio con una copa densa y globosa; puede alcanzar de 10 a 20 metros de altura. El tronco puede tener entre 40 y 60 cm de di\u00e1metro. La selva brasile\u00f1a tiene muchas plantas medicinales. Una de las diez m\u00e1s importantes es el Tsunu (Platycyamus regnellii). Es una medicina popular y se utiliza para tratar la malaria, la impotencia, la indigesti\u00f3n, los mareos, el estre\u00f1imiento y las fiebres.<br \/>\nLos primeros registros cient\u00edficos del uso de la Pau-Pereira en tratamientos m\u00e9dicos aparecieron en tesis de la facultad de medicina de R\u00edo de Janeiro y en la revista m\u00e9dica Fluminense (1861-1923). Entre otras citas, aparece en la primera receta de ba\u00f1os herbales obtenidos a partir de c\u00e1scaras de Tsunu cocidas. El m\u00e9dico brasile\u00f1o Joaquim Jos\u00e9 da Silva (1791-1857) recet\u00f3 este remedio a la esclava de su hermana, que padec\u00eda fiebre.<\/p>\n<figure id=\"attachment_208\" aria-describedby=\"caption-attachment-208\" style=\"width: 225px\" class=\"wp-caption aligncenter\"><a href=\"http:\/\/orisha-ossain.com\/wp-content\/uploads\/2023\/06\/Tsunu-Platycyamus-regnellii.jpg\"><img decoding=\"async\" class=\"wp-image-208 size-medium\" src=\"http:\/\/orisha-ossain.com\/wp-content\/uploads\/2023\/06\/Tsunu-Platycyamus-regnellii-225x300.jpg\" alt=\"Un \u00e1rbol Platycyamus regnellii en el bosque. la corteza se utiliza para Rap\u00e9 Nukini\" width=\"225\" height=\"300\" srcset=\"https:\/\/orisha-ossain.com\/wp-content\/uploads\/2023\/06\/Tsunu-Platycyamus-regnellii-225x300.jpg 225w, https:\/\/orisha-ossain.com\/wp-content\/uploads\/2023\/06\/Tsunu-Platycyamus-regnellii-768x1024.jpg 768w, https:\/\/orisha-ossain.com\/wp-content\/uploads\/2023\/06\/Tsunu-Platycyamus-regnellii.jpg 900w\" sizes=\"(max-width: 225px) 100vw, 225px\" \/><\/a><figcaption id=\"caption-attachment-208\" class=\"wp-caption-text\">Platycyamus regnellii, Tsunu<\/figcaption><\/figure>","protected":false},"excerpt":{"rendered":"<p>Rap\u00e9 Nukini. Se trata de Rap\u00e9 hecho con ceniza de Pau Pereira. Es bastante raro y hecho especialmente a petici\u00f3n m\u00eda. Pau Pereira tiene una larga historia en Brasil. En Rap\u00e9 una parte de esta historia es que Pau Pereira es a menudo y err\u00f3neamente llamado Tsunu.<\/p>","protected":false},"featured_media":35649,"template":"","meta":{"_seopress_robots_primary_cat":"none","_seopress_titles_title":"Rap\u00e9 Nukini - Pau Pereira Ash - Orisha Ossain","_seopress_titles_desc":"Rap\u00e9 Nukini. This snuff is quite rare. Made with Pau Pereira Ash. Very smooth with nice aromas. A medium strong snuff, I like it a lot.","_seopress_robots_index":"","_kad_blocks_custom_css":"","_kad_blocks_head_custom_js":"","_kad_blocks_body_custom_js":"","_kad_blocks_footer_custom_js":"","_kad_post_transparent":"default","_kad_post_title":"","_kad_post_layout":"default","_kad_post_sidebar_id":"","_kad_post_content_style":"default","_kad_post_vertical_padding":"default","_kad_post_feature":"","_kad_post_feature_position":"","_kad_post_header":false,"_kad_post_footer":false,"_kad_post_classname":""},"product_brand":[],"product_cat":[50],"product_tag":[58],"class_list":{"0":"post-560","1":"product","2":"type-product","3":"status-publish","4":"has-post-thumbnail","6":"product_cat-rape","7":"product_tag-nukini","9":"first","10":"instock","11":"taxable","12":"shipping-taxable","13":"purchasable","14":"product-type-variable","15":"entry","16":"content-bg","17":"loop-entry"},"taxonomy_info":{"product_cat":[{"value":50,"label":"Rap\u00e9"}],"product_tag":[{"value":58,"label":"Nukini"}]},"featured_image_src_large":["https:\/\/orisha-ossain.com\/wp-content\/uploads\/2024\/11\/Nukini_Orisha_Ossain.png",736,736,false],"author_info":[],"comment_info":"","_links":{"self":[{"href":"https:\/\/orisha-ossain.com\/es\/wp-json\/wp\/v2\/product\/560","targetHints":{"allow":["GET"]}}],"collection":[{"href":"https:\/\/orisha-ossain.com\/es\/wp-json\/wp\/v2\/product"}],"about":[{"href":"https:\/\/orisha-ossain.com\/es\/wp-json\/wp\/v2\/types\/product"}],"wp:featuredmedia":[{"embeddable":true,"href":"https:\/\/orisha-ossain.com\/es\/wp-json\/wp\/v2\/media\/35649"}],"wp:attachment":[{"href":"https:\/\/orisha-ossain.com\/es\/wp-json\/wp\/v2\/media?parent=560"}],"wp:term":[{"taxonomy":"product_brand","embeddable":true,"href":"https:\/\/orisha-ossain.com\/es\/wp-json\/wp\/v2\/product_brand?post=560"},{"taxonomy":"product_cat","embeddable":true,"href":"https:\/\/orisha-ossain.com\/es\/wp-json\/wp\/v2\/product_cat?post=560"},{"taxonomy":"product_tag","embeddable":true,"href":"https:\/\/orisha-ossain.com\/es\/wp-json\/wp\/v2\/product_tag?post=560"}],"curies":[{"name":"wp","href":"https:\/\/api.w.org\/{rel}","templated":true}]}}