{"id":545,"date":"2023-07-01T17:51:43","date_gmt":"2023-07-01T15:51:43","guid":{"rendered":"http:\/\/orisha-ossain.com\/?post_type=product&#038;p=545"},"modified":"2026-04-13T17:25:32","modified_gmt":"2026-04-13T15:25:32","slug":"rape-sete-estrelas","status":"publish","type":"product","link":"https:\/\/orisha-ossain.com\/es\/product\/rape-sete-estrelas\/","title":{"rendered":"Rap\u00e9 Set\u00e9 Estrelas"},"content":{"rendered":"<h2>Rap\u00e9 Set\u00e9 Estrelas<\/h2>\n<p>Rap\u00e9 Set\u00e9 Estrelas es un rap\u00e9 con un secreto bien guardado sobre sus ingredientes exactos. Xiti Nukini, maestro rap\u00e9 de su tribu, es el responsable de esta variedad tan equilibrada. Tiene un aroma afrutado con tonos mentolados. Desconozco las hierbas espec\u00edficas utilizadas para este rap\u00e9 Set\u00e9 Estrelas. En general, Xiti utiliza hierbas que levantan el \u00e1nimo. Puede tratarse de hierbas que tambi\u00e9n utiliza en otros preparados para la limpieza espiritual. Lo que s\u00ed se sabe es que la ceniza utilizada es ceniza Tsunu.<a href=\"http:\/\/orisha-ossain.com\/wp-content\/uploads\/2023\/06\/set-estrelas.jpg\"><img decoding=\"async\" class=\"aligncenter wp-image-275 size-medium\" src=\"http:\/\/orisha-ossain.com\/wp-content\/uploads\/2023\/06\/set-estrelas-300x300.jpg\" alt=\"logo in memorandum el caboclo set\u00e9 estrelas, Rap\u00e9 Sete estrelas\" width=\"300\" height=\"300\" srcset=\"https:\/\/orisha-ossain.com\/wp-content\/uploads\/2023\/06\/set-estrelas-300x300.jpg 300w, https:\/\/orisha-ossain.com\/wp-content\/uploads\/2023\/06\/set-estrelas-100x100.jpg 100w, https:\/\/orisha-ossain.com\/wp-content\/uploads\/2023\/06\/set-estrelas-150x150.jpg 150w, https:\/\/orisha-ossain.com\/wp-content\/uploads\/2023\/06\/set-estrelas.jpg 320w\" sizes=\"(max-width: 300px) 100vw, 300px\" \/><\/a><\/p>","protected":false},"excerpt":{"rendered":"<p>Rap\u00e9 Set\u00e9 Estrelas es un rap\u00e9 con un secreto bien guardado sobre sus ingredientes exactos. Xiti Nukini, maestro rap\u00e9 de su tribu, es el responsable de esta variedad tan equilibrada. Tiene un aroma afrutado con tonos mentolados. Las hierbas espec\u00edficas utilizadas para este rap\u00e9 Set\u00e9 Estrelas me son desconocidas.<\/p>","protected":false},"featured_media":35667,"template":"","meta":{"_seopress_robots_primary_cat":"none","_seopress_titles_title":"Rap\u00e9 Set\u00e9 Estrelas - Nukini - Fruity Aroma - Mint-like Tones","_seopress_titles_desc":"Rap\u00e9 Set\u00e9 Estrelas is a snuff with a well-kept secret about its exact ingredients. Xiti Nukini, rap\u00e9 master of his tribe, is responsible for this well-balanced","_seopress_robots_index":"","_kad_blocks_custom_css":"","_kad_blocks_head_custom_js":"","_kad_blocks_body_custom_js":"","_kad_blocks_footer_custom_js":"","_kad_post_transparent":"default","_kad_post_title":"","_kad_post_layout":"default","_kad_post_sidebar_id":"","_kad_post_content_style":"default","_kad_post_vertical_padding":"default","_kad_post_feature":"","_kad_post_feature_position":"","_kad_post_header":false,"_kad_post_footer":false,"_kad_post_classname":""},"product_brand":[],"product_cat":[50],"product_tag":[58],"class_list":{"0":"post-545","1":"product","2":"type-product","3":"status-publish","4":"has-post-thumbnail","6":"product_cat-rape","7":"product_tag-nukini","9":"first","10":"instock","11":"taxable","12":"shipping-taxable","13":"purchasable","14":"product-type-variable","15":"entry","16":"content-bg","17":"loop-entry"},"taxonomy_info":{"product_cat":[{"value":50,"label":"Rap\u00e9"}],"product_tag":[{"value":58,"label":"Nukini"}]},"featured_image_src_large":["https:\/\/orisha-ossain.com\/wp-content\/uploads\/2024\/11\/Sete-Estrelas_Orisha_Ossain.png",736,736,false],"author_info":[],"comment_info":"","_links":{"self":[{"href":"https:\/\/orisha-ossain.com\/es\/wp-json\/wp\/v2\/product\/545","targetHints":{"allow":["GET"]}}],"collection":[{"href":"https:\/\/orisha-ossain.com\/es\/wp-json\/wp\/v2\/product"}],"about":[{"href":"https:\/\/orisha-ossain.com\/es\/wp-json\/wp\/v2\/types\/product"}],"wp:featuredmedia":[{"embeddable":true,"href":"https:\/\/orisha-ossain.com\/es\/wp-json\/wp\/v2\/media\/35667"}],"wp:attachment":[{"href":"https:\/\/orisha-ossain.com\/es\/wp-json\/wp\/v2\/media?parent=545"}],"wp:term":[{"taxonomy":"product_brand","embeddable":true,"href":"https:\/\/orisha-ossain.com\/es\/wp-json\/wp\/v2\/product_brand?post=545"},{"taxonomy":"product_cat","embeddable":true,"href":"https:\/\/orisha-ossain.com\/es\/wp-json\/wp\/v2\/product_cat?post=545"},{"taxonomy":"product_tag","embeddable":true,"href":"https:\/\/orisha-ossain.com\/es\/wp-json\/wp\/v2\/product_tag?post=545"}],"curies":[{"name":"wp","href":"https:\/\/api.w.org\/{rel}","templated":true}]}}