{"id":485,"date":"2023-07-01T11:23:17","date_gmt":"2023-07-01T09:23:17","guid":{"rendered":"http:\/\/orisha-ossain.com\/?post_type=product&#038;p=485"},"modified":"2026-04-09T18:19:08","modified_gmt":"2026-04-09T16:19:08","slug":"rape-copaiba","status":"publish","type":"product","link":"https:\/\/orisha-ossain.com\/es\/product\/rape-copaiba\/","title":{"rendered":"Rap\u00e9 Copaiba"},"content":{"rendered":"<h2>Rap\u00e9 Copaiba<\/h2>\n<p>Rap\u00e9 Copaiba es un tipo rap\u00e9 que utiliza varias partes del \u00e1rbol Copaifera Officinalis. Dependiendo del fabricante, encontrar\u00e1 hoja de copaiba pulverizada o ceniza de corteza de copaiba.<\/p>\n<p>La Copaiba Nukini lleva ceniza de corteza de Copaiba. Para la Copaiba Caboclo se a\u00f1aden hojas pulverizadas, que son m\u00e1s \"aceitosas\" y arom\u00e1ticas.<\/p>","protected":false},"excerpt":{"rendered":"<p>Esta es una p\u00e1gina especial. Aqu\u00ed tenemos dos tipos de Rap\u00e9 Copaiba. Nukini y otro de un amigo Caboclo de Minas Gerais. Este es un Rap\u00e9 relativamente raro. S\u00f3lo hay unas pocas personas que conozco que lo hacen y probablemente aqu\u00ed es el \u00fanico lugar donde lo encontrar\u00e1 fuera de Brasil.<\/p>","protected":false},"featured_media":35626,"template":"","meta":{"_seopress_robots_primary_cat":"none","_seopress_titles_title":"Rap\u00e9 Copaiba - Nukini Tribe & Caboclo - Fresh Snuff From Brazil","_seopress_titles_desc":"Two types of Rap\u00e9 Copaiba. Sourced from the Nukini tribe and a Caboclo friend from Minas Gerais.","_seopress_robots_index":"","_kad_blocks_custom_css":"","_kad_blocks_head_custom_js":"","_kad_blocks_body_custom_js":"","_kad_blocks_footer_custom_js":"","_kad_post_transparent":"default","_kad_post_title":"","_kad_post_layout":"default","_kad_post_sidebar_id":"","_kad_post_content_style":"default","_kad_post_vertical_padding":"default","_kad_post_feature":"","_kad_post_feature_position":"","_kad_post_header":false,"_kad_post_footer":false,"_kad_post_classname":""},"product_brand":[],"product_cat":[50],"product_tag":[54,58],"class_list":{"0":"post-485","1":"product","2":"type-product","3":"status-publish","4":"has-post-thumbnail","6":"product_cat-rape","7":"product_tag-caboclo","8":"product_tag-nukini","10":"first","11":"instock","12":"taxable","13":"shipping-taxable","14":"purchasable","15":"product-type-variable","16":"entry","17":"content-bg","18":"loop-entry"},"taxonomy_info":{"product_cat":[{"value":50,"label":"Rap\u00e9"}],"product_tag":[{"value":54,"label":"Caboclo"},{"value":58,"label":"Nukini"}]},"featured_image_src_large":["https:\/\/orisha-ossain.com\/wp-content\/uploads\/2024\/11\/Copaiba_Orisha_Ossain.png",736,736,false],"author_info":[],"comment_info":"","_links":{"self":[{"href":"https:\/\/orisha-ossain.com\/es\/wp-json\/wp\/v2\/product\/485","targetHints":{"allow":["GET"]}}],"collection":[{"href":"https:\/\/orisha-ossain.com\/es\/wp-json\/wp\/v2\/product"}],"about":[{"href":"https:\/\/orisha-ossain.com\/es\/wp-json\/wp\/v2\/types\/product"}],"wp:featuredmedia":[{"embeddable":true,"href":"https:\/\/orisha-ossain.com\/es\/wp-json\/wp\/v2\/media\/35626"}],"wp:attachment":[{"href":"https:\/\/orisha-ossain.com\/es\/wp-json\/wp\/v2\/media?parent=485"}],"wp:term":[{"taxonomy":"product_brand","embeddable":true,"href":"https:\/\/orisha-ossain.com\/es\/wp-json\/wp\/v2\/product_brand?post=485"},{"taxonomy":"product_cat","embeddable":true,"href":"https:\/\/orisha-ossain.com\/es\/wp-json\/wp\/v2\/product_cat?post=485"},{"taxonomy":"product_tag","embeddable":true,"href":"https:\/\/orisha-ossain.com\/es\/wp-json\/wp\/v2\/product_tag?post=485"}],"curies":[{"name":"wp","href":"https:\/\/api.w.org\/{rel}","templated":true}]}}