{"id":473,"date":"2023-07-01T09:57:35","date_gmt":"2023-07-01T07:57:35","guid":{"rendered":"http:\/\/orisha-ossain.com\/?post_type=product&#038;p=473"},"modified":"2026-04-17T15:14:44","modified_gmt":"2026-04-17T13:14:44","slug":"rape-rosa-branca","status":"publish","type":"product","link":"https:\/\/orisha-ossain.com\/es\/product\/rape-rosa-branca\/","title":{"rendered":"Rap\u00e9 Rosa Branca"},"content":{"rendered":"<h2>Rap\u00e9 Rosa Branca<\/h2>\n<p>Este rap\u00e9 que abre el coraz\u00f3n procede del grupo ind\u00edgena Nukini, situado en la regi\u00f3n de R\u00edo Croa, en el estado de Acr\u00e9. Aunque lo elaboran ellos, no es un tipo tradicional de rap\u00e9 Nukini. Rap\u00e9 Rosa Branca se elabora con mapacho de Sabi\u00e1 y ceniza de Tsunu. La adici\u00f3n de hojas secas y pulverizadas de rosa blanca es donde los Nukini abrieron un nuevo camino. En la espiritualidad brasile\u00f1a, la rosa blanca se asocia a una fuerza femenina llamada Yemanj\u00e1. Las ofrendas que la gente trae para Yemanj\u00e1 son rosas blancas.<br \/>\nSu energ\u00eda calma la mente, trae paz al esp\u00edritu y reconforta el coraz\u00f3n.<br \/>\nEl aspecto femenino del rap\u00e9 se integra perfectamente. Rap\u00e9 Rosa Branca es fuerte y suave al mismo tiempo. Cambia todo tu campo \u00e1urico y los seres en la energ\u00eda de la madre. Te lleva directamente al coraz\u00f3n.<br \/>\n<a href=\"http:\/\/orisha-ossain.com\/wp-content\/uploads\/2023\/06\/downloads-3.jpg\"><img decoding=\"async\" class=\"aligncenter wp-image-246 size-medium\" src=\"http:\/\/orisha-ossain.com\/wp-content\/uploads\/2023\/06\/downloads-3-300x187.jpg\" alt=\"Una rosa blanca en la orilla con el mar al fondo, rap\u00e9 rosa branca conectada a Yemanj\u00e1\" width=\"300\" height=\"187\" srcset=\"https:\/\/orisha-ossain.com\/wp-content\/uploads\/2023\/06\/downloads-3-300x187.jpg 300w, https:\/\/orisha-ossain.com\/wp-content\/uploads\/2023\/06\/downloads-3.jpg 600w\" sizes=\"(max-width: 300px) 100vw, 300px\" \/><\/a><\/p>\n<h2>Yemanj\u00e1<\/h2>\n<p>El concepto espiritual elemental de la amada Yemanj\u00e1 est\u00e1 fuertemente ligado al mar.<\/p>\n<p>Este es un lugar que muchos ind\u00edgenas amaz\u00f3nicos nunca han visto. Pero los conocimientos sobre su hermosa energ\u00eda han viajado hasta la selva y ahora han pasado a formar parte de la espiritualidad del pueblo Nukini y de su gama de rap\u00e9 medicinales.<\/p>\n<p><a href=\"http:\/\/orisha-ossain.com\/wp-content\/uploads\/2023\/06\/Yemanja.jpg\"><img decoding=\"async\" class=\"aligncenter wp-image-282 size-full\" src=\"http:\/\/orisha-ossain.com\/wp-content\/uploads\/2023\/06\/Yemanja.jpg\" alt=\"Representaci\u00f3n de Yemanj\u00e1, rap\u00e9 rosa branca\" width=\"600\" height=\"421\" srcset=\"https:\/\/orisha-ossain.com\/wp-content\/uploads\/2023\/06\/Yemanja.jpg 600w, https:\/\/orisha-ossain.com\/wp-content\/uploads\/2023\/06\/Yemanja-300x211.jpg 300w\" sizes=\"(max-width: 600px) 100vw, 600px\" \/><\/a><\/p>","protected":false},"excerpt":{"rendered":"<p>Este rap\u00e9 que abre el coraz\u00f3n procede del grupo ind\u00edgena Nukini, situado en la regi\u00f3n de R\u00edo Croa, en el estado de Acr\u00e9. Aunque fabricado por ellos, no es un tipo tradicional de rap\u00e9 Nukini.<\/p>","protected":false},"featured_media":35659,"template":"","meta":{"_seopress_robots_primary_cat":"none","_seopress_titles_title":"Rap\u00e9 Rosa Branca - Heart Opening Energy -Nukini Tribe -","_seopress_titles_desc":"This heart-opening rap\u00e9 rosa branca comes from the Nukini Indian group located in the Rio Croa region in the state of Acr\u00e9. It is not a traditional type.","_seopress_robots_index":"","_kad_blocks_custom_css":"","_kad_blocks_head_custom_js":"","_kad_blocks_body_custom_js":"","_kad_blocks_footer_custom_js":"","_kad_post_transparent":"default","_kad_post_title":"","_kad_post_layout":"default","_kad_post_sidebar_id":"","_kad_post_content_style":"default","_kad_post_vertical_padding":"default","_kad_post_feature":"","_kad_post_feature_position":"","_kad_post_header":false,"_kad_post_footer":false,"_kad_post_classname":""},"product_brand":[],"product_cat":[128,50],"product_tag":[58],"class_list":{"0":"post-473","1":"product","2":"type-product","3":"status-publish","4":"has-post-thumbnail","6":"product_cat-new","7":"product_cat-rape","8":"product_tag-nukini","10":"first","11":"instock","12":"taxable","13":"shipping-taxable","14":"purchasable","15":"product-type-variable","16":"entry","17":"content-bg","18":"loop-entry"},"taxonomy_info":{"product_cat":[{"value":128,"label":"New"},{"value":50,"label":"Rap\u00e9"}],"product_tag":[{"value":58,"label":"Nukini"}]},"featured_image_src_large":["https:\/\/orisha-ossain.com\/wp-content\/uploads\/2024\/11\/Rosa-Branca_Orisha_Ossain.png",736,736,false],"author_info":[],"comment_info":"","_links":{"self":[{"href":"https:\/\/orisha-ossain.com\/es\/wp-json\/wp\/v2\/product\/473","targetHints":{"allow":["GET"]}}],"collection":[{"href":"https:\/\/orisha-ossain.com\/es\/wp-json\/wp\/v2\/product"}],"about":[{"href":"https:\/\/orisha-ossain.com\/es\/wp-json\/wp\/v2\/types\/product"}],"wp:featuredmedia":[{"embeddable":true,"href":"https:\/\/orisha-ossain.com\/es\/wp-json\/wp\/v2\/media\/35659"}],"wp:attachment":[{"href":"https:\/\/orisha-ossain.com\/es\/wp-json\/wp\/v2\/media?parent=473"}],"wp:term":[{"taxonomy":"product_brand","embeddable":true,"href":"https:\/\/orisha-ossain.com\/es\/wp-json\/wp\/v2\/product_brand?post=473"},{"taxonomy":"product_cat","embeddable":true,"href":"https:\/\/orisha-ossain.com\/es\/wp-json\/wp\/v2\/product_cat?post=473"},{"taxonomy":"product_tag","embeddable":true,"href":"https:\/\/orisha-ossain.com\/es\/wp-json\/wp\/v2\/product_tag?post=473"}],"curies":[{"name":"wp","href":"https:\/\/api.w.org\/{rel}","templated":true}]}}