{"id":463,"date":"2023-07-01T09:24:16","date_gmt":"2023-07-01T07:24:16","guid":{"rendered":"http:\/\/orisha-ossain.com\/?post_type=product&#038;p=463"},"modified":"2026-04-13T17:25:32","modified_gmt":"2026-04-13T15:25:32","slug":"rape-elixir","status":"publish","type":"product","link":"https:\/\/orisha-ossain.com\/es\/product\/rape-elixir\/","title":{"rendered":"Elixir de Rap\u00e9"},"content":{"rendered":"<h2>Elixir de Rap\u00e9<\/h2>\n<p>Esta nueva receta de Nukini se elabora con una hoja llamada Elixir de Vagem. La hoja tiene un largo uso tradicional. Ayuda contra el dolor y la fiebre. Tambi\u00e9n se utiliza en los ba\u00f1os de los ni\u00f1os para que no enfermen. Es una planta com\u00fanmente utilizada para la protecci\u00f3n, espiritual y f\u00edsica. Este es un rap\u00e9 tradicional de Kuntanawa. La palabra vagem se refiere a las partes bajas junto a los r\u00edos amaz\u00f3nicos. Estas zonas se inundan en la temporada de lluvias. Por lo tanto, las hojas del Elixir de Vagem s\u00f3lo pueden recolectarse en la estaci\u00f3n seca.<\/p>\n<p>Rap\u00e9 Elixir es un rap\u00e9 potente y agradablemente perfumado que proporciona protecci\u00f3n a su usuario.<\/p>\n<p style=\"text-align: center;\">El siguiente sitio ofrece mucha informaci\u00f3n sobre el sistema h\u00eddrico del Amazonas,\u00a0 <a href=\"http:\/\/amazonwaters.org\">Aguas del Amazonas<\/a><\/p>\n<p><a href=\"http:\/\/orisha-ossain.com\/wp-content\/uploads\/2023\/07\/Flooded-forest.jpg\"><img decoding=\"async\" class=\"aligncenter wp-image-467 size-full\" src=\"http:\/\/orisha-ossain.com\/wp-content\/uploads\/2023\/07\/Flooded-forest.jpg\" alt=\"selva inundada brasil, rap\u00e9 Elixir\" width=\"600\" height=\"243\" srcset=\"https:\/\/orisha-ossain.com\/wp-content\/uploads\/2023\/07\/Flooded-forest.jpg 600w, https:\/\/orisha-ossain.com\/wp-content\/uploads\/2023\/07\/Flooded-forest-300x122.jpg 300w\" sizes=\"(max-width: 600px) 100vw, 600px\" \/><\/a><\/p>\n<ul>\n<li><\/li>\n<\/ul>","protected":false},"excerpt":{"rendered":"<p>Me complace presentar este nuevo rap\u00e9 Nukini Elixir. Uno de sus ingredientes es una hierba tribal tradicional que ahora est\u00e1 integrada en esta mezcla. Este rap\u00e9 especial Nukini es un rap\u00e9 potente y agradablemente perfumado que da protecci\u00f3n a su usuario.<\/p>","protected":false},"featured_media":35628,"template":"","meta":{"_seopress_robots_primary_cat":"none","_seopress_titles_title":"Rap\u00e9 Elixir - Nukini Tribe - Elixir de Vagem - Shamanic Snuff","_seopress_titles_desc":"Nukini rap\u00e9 Elixir. One of its ingredients is a traditional tribal herb that's now integrated into this blend. This special Nukini snuff is a powerful and","_seopress_robots_index":"","_kad_blocks_custom_css":"","_kad_blocks_head_custom_js":"","_kad_blocks_body_custom_js":"","_kad_blocks_footer_custom_js":"","_kad_post_transparent":"default","_kad_post_title":"","_kad_post_layout":"default","_kad_post_sidebar_id":"","_kad_post_content_style":"default","_kad_post_vertical_padding":"default","_kad_post_feature":"","_kad_post_feature_position":"","_kad_post_header":false,"_kad_post_footer":false,"_kad_post_classname":""},"product_brand":[],"product_cat":[50],"product_tag":[58],"class_list":{"0":"post-463","1":"product","2":"type-product","3":"status-publish","4":"has-post-thumbnail","6":"product_cat-rape","7":"product_tag-nukini","9":"first","10":"instock","11":"taxable","12":"shipping-taxable","13":"purchasable","14":"product-type-variable","15":"entry","16":"content-bg","17":"loop-entry"},"taxonomy_info":{"product_cat":[{"value":50,"label":"Rap\u00e9"}],"product_tag":[{"value":58,"label":"Nukini"}]},"featured_image_src_large":["https:\/\/orisha-ossain.com\/wp-content\/uploads\/2024\/11\/Elixir_Orisha_Ossain.png",736,736,false],"author_info":[],"comment_info":"","_links":{"self":[{"href":"https:\/\/orisha-ossain.com\/es\/wp-json\/wp\/v2\/product\/463","targetHints":{"allow":["GET"]}}],"collection":[{"href":"https:\/\/orisha-ossain.com\/es\/wp-json\/wp\/v2\/product"}],"about":[{"href":"https:\/\/orisha-ossain.com\/es\/wp-json\/wp\/v2\/types\/product"}],"wp:featuredmedia":[{"embeddable":true,"href":"https:\/\/orisha-ossain.com\/es\/wp-json\/wp\/v2\/media\/35628"}],"wp:attachment":[{"href":"https:\/\/orisha-ossain.com\/es\/wp-json\/wp\/v2\/media?parent=463"}],"wp:term":[{"taxonomy":"product_brand","embeddable":true,"href":"https:\/\/orisha-ossain.com\/es\/wp-json\/wp\/v2\/product_brand?post=463"},{"taxonomy":"product_cat","embeddable":true,"href":"https:\/\/orisha-ossain.com\/es\/wp-json\/wp\/v2\/product_cat?post=463"},{"taxonomy":"product_tag","embeddable":true,"href":"https:\/\/orisha-ossain.com\/es\/wp-json\/wp\/v2\/product_tag?post=463"}],"curies":[{"name":"wp","href":"https:\/\/api.w.org\/{rel}","templated":true}]}}