{"id":459,"date":"2023-07-01T09:07:02","date_gmt":"2023-07-01T07:07:02","guid":{"rendered":"http:\/\/orisha-ossain.com\/?post_type=product&#038;p=459"},"modified":"2026-04-08T18:25:39","modified_gmt":"2026-04-08T16:25:39","slug":"rape-mulata","status":"publish","type":"product","link":"https:\/\/orisha-ossain.com\/es\/product\/rape-mulata\/","title":{"rendered":"Rap\u00e9 Mulata"},"content":{"rendered":"<h2>Rap\u00e9 Mulata<\/h2>\n<p>Rap\u00e9 Mulata Nukini procede directamente de la tribu Nukini en Acre. No cabe duda de que se trata de un rap\u00e9 fuerte. Mulata Nukini es una mezcla de moi org\u00e1nico local, cenizas de parika y hojas pulverizadas de una hierba llamada Mulata o Mulatinho.<\/p>\n<p>Este rap\u00e9, Mulata Nukini, tiene un bonito color marr\u00f3n m\u00e1s oscuro y un agradable aroma a selva amaz\u00f3nica. En conjunto, este Mulata es muy potente. adem\u00e1s de la especial y fuerte moi (moy) es tambi\u00e9n la ceniza parika que proporciona un poder extra.<br \/>\nPor otro lado, es la hierba Mulata la que aporta una cualidad especial a esta mezcla. Tiene propiedades calmantes y ayuda a relajar los nervios y proporciona relajaci\u00f3n en general. Mulata Nukini Rap\u00e9 es una herramienta excelente para la concentraci\u00f3n\/meditaci\u00f3n profunda, desafiante pero factible. A la gente de la tribu le gusta tomar Mulata Rap\u00e9 por la tarde como medicaci\u00f3n. Para m\u00ed, es un rap\u00e9 muy fuerte.<\/p>\n<ul>\n<li><\/li>\n<\/ul>","protected":false},"excerpt":{"rendered":"<p>Rap\u00e9 Mulata Nukini es una mezcla de moi mapacho org\u00e1nico local, cenizas de parika y hojas pulverizadas de una hierba llamada Mulata o Mulatinho.<\/p>\n<p>Nombres: Rap\u00e9 mulata, Nukini Mulatinha,<br \/>\nTribu:  Nukini<br \/>\nOrigen: Acre, Brasil.<br \/>\nComposici\u00f3n:  Moi mapacho, Parika ceniza, Mulata hierba<\/p>\n<p>&nbsp;<\/p>","protected":false},"featured_media":35641,"template":"","meta":{"_seopress_robots_primary_cat":"none","_seopress_titles_title":"Rap\u00e9 Mulata - Challenging but Doable - Nukini - Orisha Ossain","_seopress_titles_desc":"Rap\u00e9 Mulata Nukini is a blend of local organic moi, parika ashes, and pulverized leaves from a herb called Mulata or Mulatinho.","_seopress_robots_index":"","_kad_blocks_custom_css":"","_kad_blocks_head_custom_js":"","_kad_blocks_body_custom_js":"","_kad_blocks_footer_custom_js":"","_kad_post_transparent":"default","_kad_post_title":"","_kad_post_layout":"default","_kad_post_sidebar_id":"","_kad_post_content_style":"default","_kad_post_vertical_padding":"default","_kad_post_feature":"","_kad_post_feature_position":"","_kad_post_header":false,"_kad_post_footer":false,"_kad_post_classname":""},"product_brand":[],"product_cat":[128,50],"product_tag":[58],"class_list":{"0":"post-459","1":"product","2":"type-product","3":"status-publish","4":"has-post-thumbnail","6":"product_cat-new","7":"product_cat-rape","8":"product_tag-nukini","10":"first","11":"instock","12":"taxable","13":"shipping-taxable","14":"purchasable","15":"product-type-variable","16":"entry","17":"content-bg","18":"loop-entry"},"taxonomy_info":{"product_cat":[{"value":128,"label":"New"},{"value":50,"label":"Rap\u00e9"}],"product_tag":[{"value":58,"label":"Nukini"}]},"featured_image_src_large":["https:\/\/orisha-ossain.com\/wp-content\/uploads\/2024\/11\/Mulata_Orisha_Ossain.png",736,736,false],"author_info":[],"comment_info":"","_links":{"self":[{"href":"https:\/\/orisha-ossain.com\/es\/wp-json\/wp\/v2\/product\/459","targetHints":{"allow":["GET"]}}],"collection":[{"href":"https:\/\/orisha-ossain.com\/es\/wp-json\/wp\/v2\/product"}],"about":[{"href":"https:\/\/orisha-ossain.com\/es\/wp-json\/wp\/v2\/types\/product"}],"wp:featuredmedia":[{"embeddable":true,"href":"https:\/\/orisha-ossain.com\/es\/wp-json\/wp\/v2\/media\/35641"}],"wp:attachment":[{"href":"https:\/\/orisha-ossain.com\/es\/wp-json\/wp\/v2\/media?parent=459"}],"wp:term":[{"taxonomy":"product_brand","embeddable":true,"href":"https:\/\/orisha-ossain.com\/es\/wp-json\/wp\/v2\/product_brand?post=459"},{"taxonomy":"product_cat","embeddable":true,"href":"https:\/\/orisha-ossain.com\/es\/wp-json\/wp\/v2\/product_cat?post=459"},{"taxonomy":"product_tag","embeddable":true,"href":"https:\/\/orisha-ossain.com\/es\/wp-json\/wp\/v2\/product_tag?post=459"}],"curies":[{"name":"wp","href":"https:\/\/api.w.org\/{rel}","templated":true}]}}