{"id":454,"date":"2023-06-30T08:53:36","date_gmt":"2023-06-30T06:53:36","guid":{"rendered":"http:\/\/orisha-ossain.com\/?post_type=product&#038;p=454"},"modified":"2026-04-16T13:48:01","modified_gmt":"2026-04-16T11:48:01","slug":"rape-gengibre","status":"publish","type":"product","link":"https:\/\/orisha-ossain.com\/es\/product\/rape-gengibre\/","title":{"rendered":"Rap\u00e9 Gengibre"},"content":{"rendered":"<h2>Rap\u00e9 Gengibre<\/h2>\n<p>Este rap\u00e9 a base de Tsunu presenta la calidez y potencia del jengibre, que realza su car\u00e1cter \u00fanico. rap\u00e9 gengibre proporciona una fuerte sensaci\u00f3n de hormigueo en la nariz tras su uso, vigorizando los sentidos y despejando eficazmente los senos nasales. Sus cualidades energizantes y purificadoras lo convierten en una elecci\u00f3n excepcional para quienes buscan una limpieza f\u00edsica y espiritual.<\/p>\n<p>Al combinar las propiedades estimulantes del jengibre con la energ\u00eda enraizadora de Tsunu, este rap\u00e9 armoniza la estimulaci\u00f3n y el equilibrio. Los usuarios experimentan no s\u00f3lo la claridad de la respiraci\u00f3n, sino tambi\u00e9n la alineaci\u00f3n con un mayor estado de conciencia. Esta mezcla despeja bloqueos, agudiza la concentraci\u00f3n y revitaliza el esp\u00edritu, por lo que es ideal para rituales personales o pr\u00e1cticas ceremoniales.<br \/>\n<a href=\"http:\/\/orisha-ossain.com\/wp-content\/uploads\/2023\/06\/tepi-13.jpg\"><img decoding=\"async\" class=\"aligncenter wp-image-279 size-medium\" src=\"http:\/\/orisha-ossain.com\/wp-content\/uploads\/2023\/06\/tepi-13-300x300.jpg\" alt=\"Rap\u00e9 Gengibre \" width=\"300\" height=\"300\" srcset=\"https:\/\/orisha-ossain.com\/wp-content\/uploads\/2023\/06\/tepi-13-300x300.jpg 300w, https:\/\/orisha-ossain.com\/wp-content\/uploads\/2023\/06\/tepi-13-100x100.jpg 100w, https:\/\/orisha-ossain.com\/wp-content\/uploads\/2023\/06\/tepi-13-465x465.jpg 465w, https:\/\/orisha-ossain.com\/wp-content\/uploads\/2023\/06\/tepi-13-150x150.jpg 150w, https:\/\/orisha-ossain.com\/wp-content\/uploads\/2023\/06\/tepi-13.jpg 500w\" sizes=\"(max-width: 300px) 100vw, 300px\" \/><\/a><\/p>\n<p>Rap\u00e9 Gengibre ofrece una experiencia estimulante y transformadora. Invita a los usuarios a conectar profundamente con su interior, despejar la mente y revitalizarse f\u00edsica y espiritualmente.<\/p>","protected":false},"excerpt":{"rendered":"<p>Este Rap\u00e9 Gengibre tambi\u00e9n viene de mis queridos amigos que viven en una comunidad espiritual en Brasil. Trabajamos juntos desde hace muchos a\u00f1os.<br \/>\nEste es un Tsunu Rap\u00e9 con jengibre. Tiene una fuerte sensaci\u00f3n de hormigueo en la nariz y es un buen limpiador espec\u00edfico de lo sinuoso.<\/p>","protected":false},"featured_media":35631,"template":"","meta":{"_seopress_robots_primary_cat":"none","_seopress_titles_title":"Rap\u00e9 Gengibre - Snuff with Ginger - Caboclo - Orisha Ossain -","_seopress_titles_desc":"This Rap\u00e9 Gengibre is my creation. The addition of finely pulverized ginger makes this a strong sinuses cleaner.","_seopress_robots_index":"","_kad_blocks_custom_css":"","_kad_blocks_head_custom_js":"","_kad_blocks_body_custom_js":"","_kad_blocks_footer_custom_js":"","_kad_post_transparent":"default","_kad_post_title":"","_kad_post_layout":"default","_kad_post_sidebar_id":"","_kad_post_content_style":"default","_kad_post_vertical_padding":"default","_kad_post_feature":"","_kad_post_feature_position":"","_kad_post_header":false,"_kad_post_footer":false,"_kad_post_classname":""},"product_brand":[],"product_cat":[50],"product_tag":[69,54],"class_list":{"0":"post-454","1":"product","2":"type-product","3":"status-publish","4":"has-post-thumbnail","6":"product_cat-rape","7":"product_tag-aromatic","8":"product_tag-caboclo","10":"first","11":"instock","12":"taxable","13":"shipping-taxable","14":"purchasable","15":"product-type-variable","16":"entry","17":"content-bg","18":"loop-entry"},"taxonomy_info":{"product_cat":[{"value":50,"label":"Rap\u00e9"}],"product_tag":[{"value":69,"label":"Aromatic"},{"value":54,"label":"Caboclo"}]},"featured_image_src_large":["https:\/\/orisha-ossain.com\/wp-content\/uploads\/2024\/11\/Gengibre_Orisha_Ossain.png",736,736,false],"author_info":[],"comment_info":"","_links":{"self":[{"href":"https:\/\/orisha-ossain.com\/es\/wp-json\/wp\/v2\/product\/454","targetHints":{"allow":["GET"]}}],"collection":[{"href":"https:\/\/orisha-ossain.com\/es\/wp-json\/wp\/v2\/product"}],"about":[{"href":"https:\/\/orisha-ossain.com\/es\/wp-json\/wp\/v2\/types\/product"}],"wp:featuredmedia":[{"embeddable":true,"href":"https:\/\/orisha-ossain.com\/es\/wp-json\/wp\/v2\/media\/35631"}],"wp:attachment":[{"href":"https:\/\/orisha-ossain.com\/es\/wp-json\/wp\/v2\/media?parent=454"}],"wp:term":[{"taxonomy":"product_brand","embeddable":true,"href":"https:\/\/orisha-ossain.com\/es\/wp-json\/wp\/v2\/product_brand?post=454"},{"taxonomy":"product_cat","embeddable":true,"href":"https:\/\/orisha-ossain.com\/es\/wp-json\/wp\/v2\/product_cat?post=454"},{"taxonomy":"product_tag","embeddable":true,"href":"https:\/\/orisha-ossain.com\/es\/wp-json\/wp\/v2\/product_tag?post=454"}],"curies":[{"name":"wp","href":"https:\/\/api.w.org\/{rel}","templated":true}]}}