{"id":45113,"date":"2025-06-30T18:25:21","date_gmt":"2025-06-30T16:25:21","guid":{"rendered":"https:\/\/orisha-ossain.com\/?post_type=product&#038;p=45113"},"modified":"2025-12-06T16:54:27","modified_gmt":"2025-12-06T15:54:27","slug":"double-barrel","status":"publish","type":"product","link":"https:\/\/orisha-ossain.com\/es\/product\/double-barrel\/","title":{"rendered":"Doble ca\u00f1\u00f3n"},"content":{"rendered":"<p><img decoding=\"async\" class=\"aligncenter wp-image-45382 size-full\" src=\"https:\/\/orisha-ossain.com\/wp-content\/uploads\/2025\/06\/grd0111.jpg\" alt=\"\" width=\"1705\" height=\"2178\" srcset=\"https:\/\/orisha-ossain.com\/wp-content\/uploads\/2025\/06\/grd0111.jpg 1705w, https:\/\/orisha-ossain.com\/wp-content\/uploads\/2025\/06\/grd0111-235x300.jpg 235w, https:\/\/orisha-ossain.com\/wp-content\/uploads\/2025\/06\/grd0111-802x1024.jpg 802w, https:\/\/orisha-ossain.com\/wp-content\/uploads\/2025\/06\/grd0111-768x981.jpg 768w, https:\/\/orisha-ossain.com\/wp-content\/uploads\/2025\/06\/grd0111-1202x1536.jpg 1202w, https:\/\/orisha-ossain.com\/wp-content\/uploads\/2025\/06\/grd0111-1603x2048.jpg 1603w, https:\/\/orisha-ossain.com\/wp-content\/uploads\/2025\/06\/grd0111-9x12.jpg 9w\" sizes=\"(max-width: 1705px) 100vw, 1705px\" \/><\/p>\n<p>&nbsp;<\/p>","protected":false},"excerpt":{"rendered":"<p>Tepi de doble ca\u00f1\u00f3n de alta gama con un maravilloso trabajo artesanal en epoxi y detalles pirogr\u00e1ficos.<br \/>\nEste estilo de Tepi se aplica en ambas fosas nasales de un solo golpe.<\/p>\n<p>&nbsp;<\/p>","protected":false},"featured_media":45380,"template":"","meta":{"_seopress_robots_primary_cat":"none","_seopress_titles_title":"","_seopress_titles_desc":"","_seopress_robots_index":"yes","_kad_blocks_custom_css":"","_kad_blocks_head_custom_js":"","_kad_blocks_body_custom_js":"","_kad_blocks_footer_custom_js":"","_kad_post_transparent":"default","_kad_post_title":"","_kad_post_layout":"default","_kad_post_sidebar_id":"","_kad_post_content_style":"default","_kad_post_vertical_padding":"default","_kad_post_feature":"","_kad_post_feature_position":"","_kad_post_header":false,"_kad_post_footer":false,"_kad_post_classname":""},"product_brand":[],"product_cat":[128,66],"product_tag":[76],"class_list":{"0":"post-45113","1":"product","2":"type-product","3":"status-publish","4":"has-post-thumbnail","6":"product_cat-new","7":"product_cat-tepi","8":"product_tag-tepi","10":"first","11":"instock","12":"taxable","13":"shipping-taxable","14":"purchasable","15":"product-type-simple","16":"entry","17":"content-bg","18":"loop-entry"},"taxonomy_info":{"product_cat":[{"value":128,"label":"New"},{"value":66,"label":"Tepi"}],"product_tag":[{"value":76,"label":"Tepi"}]},"featured_image_src_large":["https:\/\/orisha-ossain.com\/wp-content\/uploads\/2025\/06\/grd01-1024x888.jpg",1024,888,true],"author_info":[],"comment_info":"","_links":{"self":[{"href":"https:\/\/orisha-ossain.com\/es\/wp-json\/wp\/v2\/product\/45113","targetHints":{"allow":["GET"]}}],"collection":[{"href":"https:\/\/orisha-ossain.com\/es\/wp-json\/wp\/v2\/product"}],"about":[{"href":"https:\/\/orisha-ossain.com\/es\/wp-json\/wp\/v2\/types\/product"}],"wp:featuredmedia":[{"embeddable":true,"href":"https:\/\/orisha-ossain.com\/es\/wp-json\/wp\/v2\/media\/45380"}],"wp:attachment":[{"href":"https:\/\/orisha-ossain.com\/es\/wp-json\/wp\/v2\/media?parent=45113"}],"wp:term":[{"taxonomy":"product_brand","embeddable":true,"href":"https:\/\/orisha-ossain.com\/es\/wp-json\/wp\/v2\/product_brand?post=45113"},{"taxonomy":"product_cat","embeddable":true,"href":"https:\/\/orisha-ossain.com\/es\/wp-json\/wp\/v2\/product_cat?post=45113"},{"taxonomy":"product_tag","embeddable":true,"href":"https:\/\/orisha-ossain.com\/es\/wp-json\/wp\/v2\/product_tag?post=45113"}],"curies":[{"name":"wp","href":"https:\/\/api.w.org\/{rel}","templated":true}]}}