{"id":446,"date":"2023-06-30T08:28:12","date_gmt":"2023-06-30T06:28:12","guid":{"rendered":"http:\/\/orisha-ossain.com\/?post_type=product&#038;p=446"},"modified":"2026-03-19T23:13:35","modified_gmt":"2026-03-19T22:13:35","slug":"rape-emburana","status":"publish","type":"product","link":"https:\/\/orisha-ossain.com\/es\/product\/rape-emburana\/","title":{"rendered":"Rap\u00e9 Emburana"},"content":{"rendered":"<h2>Rap\u00e9 Emburana<\/h2>\n<p>El Rap\u00e9 Emburana tiene un aroma agradable y un definido sabor tostado oscuro. El efecto en los senos nasales es suave. Despu\u00e9s del golpe inicial sigue un calor persistente.  Emburana rap\u00e9 dilata los bronquios y bronquiolos, disminuyendo la resistencia en las v\u00edas respiratorias y aumentando el flujo de aire a los pulmones. En peque\u00f1as cantidades, Emburana ayuda en general a la oxigenaci\u00f3n del organismo. Emburana rap\u00e9 es tambi\u00e9n un excelente Rap\u00e9 para actividades meditativas.<\/p>\n<p>El \u00e1rbol Amburana Cearensis, es conocido popularmente como Emburana. Es una planta nativa de Brasil y se presenta como un \u00e1rbol de tama\u00f1o medio. Alcanza unos 10 m de longitud. La corteza del tronco tiene un tono rojizo y las flores son blancas y muy fragantes.<br \/>\nUno de los principales beneficios de la Emburana reside en su eficacia para tratar las enfermedades respiratorias. Asma, bronquitis, resfriados y gripe, tos e infecciones pulmonares.<\/p>\n<p>El uso de las c\u00e1scaras de Amburana Cearensis en la medicina popular es bastante com\u00fan. En la composici\u00f3n qu\u00edmica se encontraron cumarina, isocampfer\u00eddio y trazas de otros flavonoides. Estos compuestos presentan actividad antiinflamatoria y efectos broncodilatadores.<\/p>\n<figure id=\"attachment_160\" aria-describedby=\"caption-attachment-160\" style=\"width: 300px\" class=\"wp-caption aligncenter\"><a href=\"http:\/\/orisha-ossain.com\/wp-content\/uploads\/2023\/06\/Amburana-cearensis.jpg\"><img decoding=\"async\" class=\"wp-image-160 size-medium\" src=\"http:\/\/orisha-ossain.com\/wp-content\/uploads\/2023\/06\/Amburana-cearensis-300x223.jpg\" alt=\"Emburana Rap\u00e9\" width=\"300\" height=\"223\" srcset=\"https:\/\/orisha-ossain.com\/wp-content\/uploads\/2023\/06\/Amburana-cearensis-300x223.jpg 300w, https:\/\/orisha-ossain.com\/wp-content\/uploads\/2023\/06\/Amburana-cearensis-1024x762.jpg 1024w, https:\/\/orisha-ossain.com\/wp-content\/uploads\/2023\/06\/Amburana-cearensis-768x571.jpg 768w, https:\/\/orisha-ossain.com\/wp-content\/uploads\/2023\/06\/Amburana-cearensis-1536x1142.jpg 1536w, https:\/\/orisha-ossain.com\/wp-content\/uploads\/2023\/06\/Amburana-cearensis.jpg 1600w\" sizes=\"(max-width: 300px) 100vw, 300px\" \/><\/a><figcaption id=\"caption-attachment-160\" class=\"wp-caption-text\">Amburana Cearensis<\/figcaption><\/figure>","protected":false},"excerpt":{"rendered":"<p>Este rap\u00e9 Emburana fue hecho por un grupo de amigos cercanos en Brasil.  La emburana tiene un largo uso tradicional en Brasil.  Se puede comprar Emburana producida comercialmente en muchas tiendecitas de Brasil. En esa forma, es m\u00e1s curso y tiene sus propias cualidades. Este rap\u00e9 no debe compararse con \u00e9l por razones obvias.<\/p>","protected":false},"featured_media":35629,"template":"","meta":{"_seopress_robots_primary_cat":"none","_seopress_titles_title":"Rap\u00e9 Emburana - Amburana Cearensis - Orisha Ossain - Quality Only","_seopress_titles_desc":"Rap\u00e9 Emburana is made with the herb Amburana Cearensis. Its deep earthly aroma has a profound effect","_seopress_robots_index":"","_kad_blocks_custom_css":"","_kad_blocks_head_custom_js":"","_kad_blocks_body_custom_js":"","_kad_blocks_footer_custom_js":"","_kad_post_transparent":"default","_kad_post_title":"","_kad_post_layout":"default","_kad_post_sidebar_id":"","_kad_post_content_style":"default","_kad_post_vertical_padding":"default","_kad_post_feature":"","_kad_post_feature_position":"","_kad_post_header":false,"_kad_post_footer":false,"_kad_post_classname":""},"product_brand":[],"product_cat":[50],"product_tag":[69,54],"class_list":{"0":"post-446","1":"product","2":"type-product","3":"status-publish","4":"has-post-thumbnail","6":"product_cat-rape","7":"product_tag-aromatic","8":"product_tag-caboclo","10":"first","11":"instock","12":"taxable","13":"shipping-taxable","14":"purchasable","15":"product-type-variable","16":"entry","17":"content-bg","18":"loop-entry"},"taxonomy_info":{"product_cat":[{"value":50,"label":"Rap\u00e9"}],"product_tag":[{"value":69,"label":"Aromatic"},{"value":54,"label":"Caboclo"}]},"featured_image_src_large":["https:\/\/orisha-ossain.com\/wp-content\/uploads\/2024\/11\/Emburana_Orisha_Ossain.png",736,736,false],"author_info":[],"comment_info":"","_links":{"self":[{"href":"https:\/\/orisha-ossain.com\/es\/wp-json\/wp\/v2\/product\/446","targetHints":{"allow":["GET"]}}],"collection":[{"href":"https:\/\/orisha-ossain.com\/es\/wp-json\/wp\/v2\/product"}],"about":[{"href":"https:\/\/orisha-ossain.com\/es\/wp-json\/wp\/v2\/types\/product"}],"wp:featuredmedia":[{"embeddable":true,"href":"https:\/\/orisha-ossain.com\/es\/wp-json\/wp\/v2\/media\/35629"}],"wp:attachment":[{"href":"https:\/\/orisha-ossain.com\/es\/wp-json\/wp\/v2\/media?parent=446"}],"wp:term":[{"taxonomy":"product_brand","embeddable":true,"href":"https:\/\/orisha-ossain.com\/es\/wp-json\/wp\/v2\/product_brand?post=446"},{"taxonomy":"product_cat","embeddable":true,"href":"https:\/\/orisha-ossain.com\/es\/wp-json\/wp\/v2\/product_cat?post=446"},{"taxonomy":"product_tag","embeddable":true,"href":"https:\/\/orisha-ossain.com\/es\/wp-json\/wp\/v2\/product_tag?post=446"}],"curies":[{"name":"wp","href":"https:\/\/api.w.org\/{rel}","templated":true}]}}