{"id":437,"date":"2023-06-30T08:04:50","date_gmt":"2023-06-30T06:04:50","guid":{"rendered":"http:\/\/orisha-ossain.com\/?post_type=product&#038;p=437"},"modified":"2026-04-12T19:21:06","modified_gmt":"2026-04-12T17:21:06","slug":"rape-pixuri","status":"publish","type":"product","link":"https:\/\/orisha-ossain.com\/es\/product\/rape-pixuri\/","title":{"rendered":"Rap\u00e9 Pixuri"},"content":{"rendered":"<h2>Rap\u00e9 Pixuri<\/h2>\n<ul>\n<li>La tribu Puyanawa ofrece Rap\u00e9 Pixuri, uno de los rap\u00e9s medicinales m\u00e1s antiguos y tradicionales. Este Rap\u00e9 se elabora a partir de corda Moi org\u00e1nico y cenizas de murici, que forman su base. Los Puyanawa utilizan mucho el Pixuri en su Rap\u00e9 por sus propiedades medicinales.<\/li>\n<li>El Rap\u00e9 Pixuri es consistente y equilibrado, utilizado habitualmente en rituales. Combina bien con otras plantas medicinales como la ayahuasca, potenciando sus efectos. Su sabor distintivo proviene de las hojas medicinales pulverizadas del Pixuri. Adem\u00e1s, los puyanawa utilizan las semillas del Pixuri en su cocina por su olor y sabor \u00fanicos.<\/li>\n<\/ul>\n<figure id=\"attachment_34164\" aria-describedby=\"caption-attachment-34164\" style=\"width: 988px\" class=\"wp-caption alignnone\"><img decoding=\"async\" class=\"wp-image-34164 size-full\" src=\"https:\/\/orisha-ossain.com\/wp-content\/uploads\/2024\/10\/image-3.jpg\" alt=\"Mujer Puyanawa sentada en el suelo compartiendo su rap\u00e9, tabaco\" width=\"988\" height=\"649\" srcset=\"https:\/\/orisha-ossain.com\/wp-content\/uploads\/2024\/10\/image-3.jpg 988w, https:\/\/orisha-ossain.com\/wp-content\/uploads\/2024\/10\/image-3-300x197.jpg 300w, https:\/\/orisha-ossain.com\/wp-content\/uploads\/2024\/10\/image-3-768x504.jpg 768w\" sizes=\"(max-width: 988px) 100vw, 988px\" \/><figcaption id=\"caption-attachment-34164\" class=\"wp-caption-text\">Mujer puyanawa compartiendo su rap\u00e9<\/figcaption><\/figure>\n<h2>Acerca de Licaria puchury-major<\/h2>\n<ul>\n<li>Licaria puchury-major es una especie del g\u00e9nero Licaria (familia Lauraceae), originaria de Am\u00e9rica Central y del Sur, en particular de la cuenca amaz\u00f3nica brasile\u00f1a. El pixuri tiene numerosos usos en medicina popular, como actuar como carminativo para el est\u00f3mago y ayudar a tratar el insomnio y la irritabilidad.<\/li>\n<li>Tambi\u00e9n se utiliza en ba\u00f1os de hierbas para la limpieza espiritual. Las hojas de Pixuri contienen safrol, eucaliptol, alfa-terpineol y eugenol, que contribuyen a su sabor caracter\u00edstico.<\/li>\n<\/ul>","protected":false},"excerpt":{"rendered":"<p>Este Rap\u00e9 Pixuri de la tribu Puyanawa utiliza cenizas de corda Moi mapacho y murici combinadas con una hierba llamada Pixuri que le confieren un agradable aroma y un car\u00e1cter especial.<\/p>\n<p>Nombres: Pixuri, Pixurim<br \/>\nTribu: Puyanawa (Poyanawa)<br \/>\nOrigen: Acre, Brasil.<\/p>\n<p>&nbsp;<\/p>","protected":false},"featured_media":35656,"template":"","meta":{"_seopress_robots_primary_cat":"none","_seopress_titles_title":"Rap\u00e9 Pixuri - Puyanawa Tribe - Shamanic Snuff - Orisha Ossain","_seopress_titles_desc":"This Rap\u00e9 Pixuri from the Puyanawa tribe uses Corda Moi and Murici ashes combined with a herb called Pixuri giving it a pleasant scent and a special","_seopress_robots_index":"","_kad_blocks_custom_css":"","_kad_blocks_head_custom_js":"","_kad_blocks_body_custom_js":"","_kad_blocks_footer_custom_js":"","_kad_post_transparent":"default","_kad_post_title":"","_kad_post_layout":"default","_kad_post_sidebar_id":"","_kad_post_content_style":"default","_kad_post_vertical_padding":"default","_kad_post_feature":"","_kad_post_feature_position":"","_kad_post_header":false,"_kad_post_footer":false,"_kad_post_classname":""},"product_brand":[],"product_cat":[50],"product_tag":[59],"class_list":{"0":"post-437","1":"product","2":"type-product","3":"status-publish","4":"has-post-thumbnail","6":"product_cat-rape","7":"product_tag-puyanawa","9":"first","10":"instock","11":"taxable","12":"shipping-taxable","13":"purchasable","14":"product-type-variable","15":"entry","16":"content-bg","17":"loop-entry"},"taxonomy_info":{"product_cat":[{"value":50,"label":"Rap\u00e9"}],"product_tag":[{"value":59,"label":"Puyanawa"}]},"featured_image_src_large":["https:\/\/orisha-ossain.com\/wp-content\/uploads\/2024\/11\/Pixuri_Orisha_Ossain.png",736,736,false],"author_info":[],"comment_info":"","_links":{"self":[{"href":"https:\/\/orisha-ossain.com\/es\/wp-json\/wp\/v2\/product\/437","targetHints":{"allow":["GET"]}}],"collection":[{"href":"https:\/\/orisha-ossain.com\/es\/wp-json\/wp\/v2\/product"}],"about":[{"href":"https:\/\/orisha-ossain.com\/es\/wp-json\/wp\/v2\/types\/product"}],"wp:featuredmedia":[{"embeddable":true,"href":"https:\/\/orisha-ossain.com\/es\/wp-json\/wp\/v2\/media\/35656"}],"wp:attachment":[{"href":"https:\/\/orisha-ossain.com\/es\/wp-json\/wp\/v2\/media?parent=437"}],"wp:term":[{"taxonomy":"product_brand","embeddable":true,"href":"https:\/\/orisha-ossain.com\/es\/wp-json\/wp\/v2\/product_brand?post=437"},{"taxonomy":"product_cat","embeddable":true,"href":"https:\/\/orisha-ossain.com\/es\/wp-json\/wp\/v2\/product_cat?post=437"},{"taxonomy":"product_tag","embeddable":true,"href":"https:\/\/orisha-ossain.com\/es\/wp-json\/wp\/v2\/product_tag?post=437"}],"curies":[{"name":"wp","href":"https:\/\/api.w.org\/{rel}","templated":true}]}}