{"id":433,"date":"2023-06-30T07:55:12","date_gmt":"2023-06-30T05:55:12","guid":{"rendered":"http:\/\/orisha-ossain.com\/?post_type=product&#038;p=433"},"modified":"2026-04-18T23:29:11","modified_gmt":"2026-04-18T21:29:11","slug":"rape-caneleiro-forca","status":"publish","type":"product","link":"https:\/\/orisha-ossain.com\/es\/product\/rape-caneleiro-forca\/","title":{"rendered":"Rap\u00e9 Caneleiro For\u00e7a"},"content":{"rendered":"<h2>Rap\u00e9 Caneleiro For\u00e7a<\/h2>\n<p>Un cham\u00e1n de la tribu Kaxinawa hizo este Rap\u00e9 Caneleiro For\u00e7a.  El cham\u00e1n puso mucha de su energ\u00eda espiritual en este rap\u00e9. Como la palabra for\u00e7a implica, este es un rap\u00e9 poderoso. El Rap\u00e9 Caneleiro conecta con el tercer Chakra.  El Rap\u00e9 Caneleiro es muy completo en sus propiedades. Ayuda mucho en la salud, principalmente en la regeneraci\u00f3n de las c\u00e9lulas y el equilibrio de las hormonas. El fuego es el elemento espiritual con el que conecta este rap\u00e9.<\/p>\n<p>Para el Rap\u00e9 Caneleiro For\u00e7a utilizan las cenizas de la corteza de Cenostigma macrophyllum. Para los indios de Acre, el Caneleiro y la Canela de Velho tienen propiedades muy parecidas y los tratan de forma similar. A\u00fan as\u00ed, son dos \u00e1rboles diferentes pero muy relacionados.<\/p>\n<figure id=\"attachment_169\" aria-describedby=\"caption-attachment-169\" style=\"width: 700px\" class=\"wp-caption aligncenter\"><a href=\"http:\/\/orisha-ossain.com\/wp-content\/uploads\/2023\/06\/Cenostigma-Macrophyllum-used-for-Caneleiro-Rape.jpg\"><img decoding=\"async\" class=\"wp-image-169 size-full\" src=\"http:\/\/orisha-ossain.com\/wp-content\/uploads\/2023\/06\/Cenostigma-Macrophyllum-used-for-Caneleiro-Rape.jpg\" alt=\"Varios grandes \u00e1rboles de Cenostigma Macrophyllum, las cenizas de la corteza se utilizan para Caneleiro Rap\u00e9, kaxinawa\" width=\"700\" height=\"434\" srcset=\"https:\/\/orisha-ossain.com\/wp-content\/uploads\/2023\/06\/Cenostigma-Macrophyllum-used-for-Caneleiro-Rape.jpg 700w, https:\/\/orisha-ossain.com\/wp-content\/uploads\/2023\/06\/Cenostigma-Macrophyllum-used-for-Caneleiro-Rape-300x186.jpg 300w\" sizes=\"(max-width: 700px) 100vw, 700px\" \/><\/a><figcaption id=\"caption-attachment-169\" class=\"wp-caption-text\">El \u00e1rbol Cenostigma Macrophyllum<\/figcaption><\/figure>\n<h2>Acerca de Cenostigma macrophyllum<\/h2>\n<p>El caneleiro (Cenostigma macrophyllum) es un \u00e1rbol de flor perteneciente a la familia Fabaceae\/Leguminosae. Es un \u00e1rbol de gran belleza, especialmente cuando comienza el periodo de floraci\u00f3n de las plantas perennes. El \u00e1rbol es el s\u00edmbolo de <a href=\"https:\/\/en.wikipedia.org\/wiki\/Teresina\" target=\"_blank\" rel=\"noopener noreferrer\">Teresina<\/a>\u00a0 El primer registro de esta especie brasile\u00f1a fue en Mato Grosso, hace m\u00e1s de 150 a\u00f1os. El Caneleiro tres crece en el Norte, Nordeste, Centro-Oeste y Sudeste de Brasil.<br \/>\nDe septiembre a diciembre y de febrero a julio, el \u00e1rbol se cubre de racimos de flores amarillas. Las flores son muy parecidas a las orqu\u00eddeas y atraen a muchos insectos y p\u00e1jaros por el olor que desprenden. El \u00e1rbol de Caneleiro crece de 10 a 20 metros de altura.<\/p>","protected":false},"excerpt":{"rendered":"<p>Un cham\u00e1n de la tribu Kaxinawa hizo este Caneleiro For\u00e7a Rap\u00e9.  El cham\u00e1n puso mucha de su energ\u00eda espiritual en este rap\u00e9. Como indica la palabra for\u00e7a, se trata de un rap\u00e9 fuerte y potente.<\/p>","protected":false},"featured_media":35619,"template":"","meta":{"_seopress_robots_primary_cat":"none","_seopress_titles_title":"Rap\u00e9 Caneleiro For\u00e7a - Kaxinawa - Extra Strong - Orisha Ossain","_seopress_titles_desc":"A shaman of the Kaxinawa tribe made this Caneleiro For\u00e7a Rap\u00e9.\u00a0 The shaman put in a lot of his spiritual energy this rap\u00e9. As the word for\u00e7a implies,","_seopress_robots_index":"","_kad_blocks_custom_css":"","_kad_blocks_head_custom_js":"","_kad_blocks_body_custom_js":"","_kad_blocks_footer_custom_js":"","_kad_post_transparent":"default","_kad_post_title":"","_kad_post_layout":"default","_kad_post_sidebar_id":"","_kad_post_content_style":"default","_kad_post_vertical_padding":"default","_kad_post_feature":"","_kad_post_feature_position":"","_kad_post_header":false,"_kad_post_footer":false,"_kad_post_classname":""},"product_brand":[],"product_cat":[50],"product_tag":[56],"class_list":{"0":"post-433","1":"product","2":"type-product","3":"status-publish","4":"has-post-thumbnail","6":"product_cat-rape","7":"product_tag-kaxinawa","9":"first","10":"instock","11":"taxable","12":"shipping-taxable","13":"purchasable","14":"product-type-variable","15":"entry","16":"content-bg","17":"loop-entry"},"taxonomy_info":{"product_cat":[{"value":50,"label":"Rap\u00e9"}],"product_tag":[{"value":56,"label":"Kaxinawa"}]},"featured_image_src_large":["https:\/\/orisha-ossain.com\/wp-content\/uploads\/2024\/11\/Caneleiro-Forca_Orisha_Ossain.png",736,736,false],"author_info":[],"comment_info":"","_links":{"self":[{"href":"https:\/\/orisha-ossain.com\/es\/wp-json\/wp\/v2\/product\/433","targetHints":{"allow":["GET"]}}],"collection":[{"href":"https:\/\/orisha-ossain.com\/es\/wp-json\/wp\/v2\/product"}],"about":[{"href":"https:\/\/orisha-ossain.com\/es\/wp-json\/wp\/v2\/types\/product"}],"wp:featuredmedia":[{"embeddable":true,"href":"https:\/\/orisha-ossain.com\/es\/wp-json\/wp\/v2\/media\/35619"}],"wp:attachment":[{"href":"https:\/\/orisha-ossain.com\/es\/wp-json\/wp\/v2\/media?parent=433"}],"wp:term":[{"taxonomy":"product_brand","embeddable":true,"href":"https:\/\/orisha-ossain.com\/es\/wp-json\/wp\/v2\/product_brand?post=433"},{"taxonomy":"product_cat","embeddable":true,"href":"https:\/\/orisha-ossain.com\/es\/wp-json\/wp\/v2\/product_cat?post=433"},{"taxonomy":"product_tag","embeddable":true,"href":"https:\/\/orisha-ossain.com\/es\/wp-json\/wp\/v2\/product_tag?post=433"}],"curies":[{"name":"wp","href":"https:\/\/api.w.org\/{rel}","templated":true}]}}